{"id":11803,"date":"2021-09-01T11:17:10","date_gmt":"2021-09-01T14:17:10","guid":{"rendered":"http:\/\/coronelxavierchaves.mg.gov.br\/prefeitura\/?page_id=11803"},"modified":"2026-02-10T09:27:56","modified_gmt":"2026-02-10T12:27:56","slug":"secretaria-de-meio-ambiente","status":"publish","type":"page","link":"https:\/\/coronelxavierchaves.mg.gov.br\/prefeitura\/secretaria-de-meio-ambiente\/","title":{"rendered":"SECRETARIA DE MEIO AMBIENTE E DESENVOLVIMENTO ECON\u00d4MICO"},"content":{"rendered":"<blockquote><p>SECRET\u00c1RIO<\/p><\/blockquote>\n<p><strong>SECRET\u00c1RIO DE MEIO AMBIENTE E DESENVOLVIMENTO ECON\u00d4MICO:<\/strong> T\u00daLIO OT\u00c1VIO DE ARA\u00daJO LIMA NETO<\/p>\n<p>Endere\u00e7o: Avenida C\u00f4nego Ant\u00f4nio Carlos, n\u00b0 105, Centro.<br \/>\nHor\u00e1rio de Funcionamento: 07h \u00e0s 16h<br \/>\nTelefone de Contato: (32) 3216-1053 Ramal 140<br \/>\nEmail: desenvolvimento@coronelxavierchaves.mg.gov.br<br \/>\nmeioambiente@coronelxavierchaves.mg.gov.br<\/p>\n<div class=\"otw-sc-toggle\"><h3 class=\"toggle-trigger widget-title\">PUBLICA\u00c7\u00d5ES<span class=\"icon\"><\/span><\/h3><div class=\"toggle-content\"><p><br \/>\n<div class=\"pt-cv-wrapper\"><div class=\"pt-cv-view pt-cv-collapsible\" id=\"pt-cv-view-2660d3bcg8\"><div data-id=\"pt-cv-page-1\" class=\"pt-cv-page\" data-cvc=\"1\"><div class=\"panel-group\" id=\"79a99165vb\"><div class=\"panel panel-default pt-cv-content-item pt-cv-1-col\" >\r\n<div class=\"panel-heading pt-cv-title\">\r\n    <a class=\"panel-title\" data-toggle=\"cvcollapse\" data-parent=\"#79a99165vb\" data-target=\"#36ec4bdlws\" href='https:\/\/coronelxavierchaves.mg.gov.br\/prefeitura\/2022\/02\/17\/coleta-de-lixo-no-feriado-de-carnaval\/' onclick='event.preventDefault()'>\r\n\t\tColeta de Lixo no feriado de Carnaval\t<\/a>\r\n\t<\/div>\r\n<div id=\"36ec4bdlws\" class=\"panel-collapse collapse in\">\r\n\t<div class=\"panel-body\">\r\n\t\t<div class=\"pt-cv-content\"><p><img loading=\"lazy\" decoding=\"async\" class=\"aligncenter wp-image-13614 size-full\" src=\"http:\/\/coronelxavierchaves.mg.gov.br\/prefeitura\/wp-content\/uploads\/2022\/02\/Coleta-seletiva.jpeg\" alt=\"\" width=\"768\" height=\"768\" srcset=\"https:\/\/coronelxavierchaves.mg.gov.br\/prefeitura\/wp-content\/uploads\/2022\/02\/Coleta-seletiva.jpeg 768w, https:\/\/coronelxavierchaves.mg.gov.br\/prefeitura\/wp-content\/uploads\/2022\/02\/Coleta-seletiva-300x300.jpeg 300w, https:\/\/coronelxavierchaves.mg.gov.br\/prefeitura\/wp-content\/uploads\/2022\/02\/Coleta-seletiva-1024x1024.jpeg 1024w, https:\/\/coronelxavierchaves.mg.gov.br\/prefeitura\/wp-content\/uploads\/2022\/02\/Coleta-seletiva-130x130.jpeg 130w, https:\/\/coronelxavierchaves.mg.gov.br\/prefeitura\/wp-content\/uploads\/2022\/02\/Coleta-seletiva-696x696.jpeg 696w, https:\/\/coronelxavierchaves.mg.gov.br\/prefeitura\/wp-content\/uploads\/2022\/02\/Coleta-seletiva-1068x1068.jpeg 1068w, https:\/\/coronelxavierchaves.mg.gov.br\/prefeitura\/wp-content\/uploads\/2022\/02\/Coleta-seletiva-420x420.jpeg 420w, https:\/\/coronelxavierchaves.mg.gov.br\/prefeitura\/wp-content\/uploads\/2022\/02\/Coleta-seletiva-45x45.jpeg 45w\" sizes=\"auto, (max-width: 768px) 100vw, 768px\" \/><\/p>\n<p>ATEN\u00c7\u00c3O PARA A COLETA DE LIXO NO FERIADO DE CARNAVAL &#x1f6ae;&#x267b;&#xfe0f;<\/p>\n<p>&#x1f5d3;&#xfe0f; 28\/02 &#8211; Org\u00e2nico e Rejeito &#8211; Coleta na zona rural e urbana na parte da manh\u00e3.<br \/>\n&#x26a0;&#xfe0f; Pedimos a todos que coloquem o lixo para fora antes das 7h.<\/p>\n<p>&#x1f5d3;&#xfe0f; 02\/03 &#8211; N\u00c3O HAVER\u00c1 COLETA (ponto facultativo)<br \/>\n&#x26a0;&#xfe0f; A coleta ser\u00e1 feita na quinta-feira (03\/03), no hor\u00e1rio normal.<\/p>\n<p>Prefeitura de Coronel Xavier Chaves<br \/>\nGest\u00e3o 2021\/2024<\/p>\n<\/div>\t<\/div>\r\n<\/div><\/div>\n<div class=\"panel panel-default pt-cv-content-item pt-cv-1-col\" >\r\n<div class=\"panel-heading pt-cv-title\">\r\n    <a class=\"panel-title\" data-toggle=\"cvcollapse\" data-parent=\"#79a99165vb\" data-target=\"#5822ecexws\" href='https:\/\/coronelxavierchaves.mg.gov.br\/prefeitura\/2021\/11\/25\/coleta-seletiva\/' onclick='event.preventDefault()'>\r\n\t\tColeta Seletiva\t<\/a>\r\n\t<\/div>\r\n<div id=\"5822ecexws\" class=\"panel-collapse collapse \">\r\n\t<div class=\"panel-body\">\r\n\t\t<div class=\"pt-cv-content\"><p style=\"text-align: center;\"><strong>Coleta Seletiva<\/strong><\/p>\n<p style=\"text-align: justify;\">Ao contr\u00e1rio dos outros animais que vivem em nosso planeta, n\u00f3s, humanos, somos seres culturais. A capacidade que temos de desenvolver h\u00e1bitos e dar significado a s\u00edmbolos nos fortaleceu como sociedade e nos ajudou a chegar ao posto de maiores consumidores da natureza. Como consequ\u00eancia, somos tamb\u00e9m os maiores produtores de lixo: estima-se que em 2012, apenas no Brasil, tenha sido gerado mais de 64 milh\u00f5es de toneladas de res\u00edduos. Lidar com todo esse volume \u00e9 uma tarefa desafiadora, pois as op\u00e7\u00f5es mais baratas e pr\u00e1ticas de manejo do lixo, como os lix\u00f5es, t\u00eam custos elevad\u00edssimos para a sa\u00fade p\u00fablica e para o meio ambiente. Por isso, em nossa cidade, apostamos na coleta seletiva como uma forma de dar um destino melhor ao lixo que produzimos. Neste texto, iremos lhe explicar como a coleta seletiva funciona aqui em Coronel Xavier Chaves, como o lixo \u00e9 processado em nossa Usina de Triagem e Compostagem e quais os benef\u00edcios de colaborar com esse processo.<\/p>\n<figure id=\"attachment_12918\" aria-describedby=\"caption-attachment-12918\" style=\"width: 300px\" class=\"wp-caption aligncenter\"><img loading=\"lazy\" decoding=\"async\" class=\"size-medium wp-image-12918\" src=\"http:\/\/coronelxavierchaves.mg.gov.br\/prefeitura\/wp-content\/uploads\/2021\/11\/Usina-de-Triagem-e-Compostagem-300x224.jpg\" alt=\"\" width=\"300\" height=\"224\" srcset=\"https:\/\/coronelxavierchaves.mg.gov.br\/prefeitura\/wp-content\/uploads\/2021\/11\/Usina-de-Triagem-e-Compostagem-300x224.jpg 300w, https:\/\/coronelxavierchaves.mg.gov.br\/prefeitura\/wp-content\/uploads\/2021\/11\/Usina-de-Triagem-e-Compostagem-80x60.jpg 80w, https:\/\/coronelxavierchaves.mg.gov.br\/prefeitura\/wp-content\/uploads\/2021\/11\/Usina-de-Triagem-e-Compostagem-265x198.jpg 265w, https:\/\/coronelxavierchaves.mg.gov.br\/prefeitura\/wp-content\/uploads\/2021\/11\/Usina-de-Triagem-e-Compostagem-485x360.jpg 485w, https:\/\/coronelxavierchaves.mg.gov.br\/prefeitura\/wp-content\/uploads\/2021\/11\/Usina-de-Triagem-e-Compostagem-696x521.jpg 696w, https:\/\/coronelxavierchaves.mg.gov.br\/prefeitura\/wp-content\/uploads\/2021\/11\/Usina-de-Triagem-e-Compostagem-561x420.jpg 561w, https:\/\/coronelxavierchaves.mg.gov.br\/prefeitura\/wp-content\/uploads\/2021\/11\/Usina-de-Triagem-e-Compostagem.jpg 743w\" sizes=\"auto, (max-width: 300px) 100vw, 300px\" \/><figcaption id=\"caption-attachment-12918\" class=\"wp-caption-text\">Usina de Triagem e Compostagem de Lixo de Coronel Xavier Chaves<\/figcaption><\/figure>\n<p style=\"text-align: left;\"><strong>O que \u00e9 a coleta seletiva?<\/strong><\/p>\n<p style=\"text-align: justify;\">A coleta seletiva \u00e9 um processo no qual o lixo \u00e9 separado de acordo com o material que o constitui. O objetivo dessa separa\u00e7\u00e3o \u00e9 facilitar o processo de reciclagem, visto que muitos dos materiais que descartamos ainda podem ser recuperados e tratados para que sejam \u00fateis novamente. Dentre os materiais recicl\u00e1veis, podemos citar diversos tipos de pap\u00e9is, pl\u00e1sticos, metais e vidros, al\u00e9m da mat\u00e9ria org\u00e2nica, que pode ser tratada para gerar biocombust\u00edveis e adubos.<\/p>\n<p style=\"text-align: justify;\"><strong>Qual a import\u00e2ncia da coleta seletiva?<\/strong><\/p>\n<p style=\"text-align: justify;\">Nosso ritmo de consumo hoje \u00e9 muito mais acelerado do que a capacidade de regenera\u00e7\u00e3o da natureza. A coleta seletiva, nesse sentido, \u00e9 uma forma de tentar equilibrar um pouco essa rela\u00e7\u00e3o, pois se formos capazes de reaproveitar mais, poderemos extrair menos recursos naturais. Como consequ\u00eancia, a reciclagem diminui o volume de lixo a ser descartado, o que facilita a destina\u00e7\u00e3o correta para aterros sanit\u00e1rios. Isso \u00e9 importante para combater problemas de sa\u00fade p\u00fablica que ainda hoje s\u00e3o graves no Brasil, como a dissemina\u00e7\u00e3o de doen\u00e7as infecciosas por ratos e mosquitos.<br \/>\nPor fim, \u00e9 v\u00e1lido ressaltar que a coleta seletiva otimiza a viabilidade econ\u00f4mica da reciclagem, gerando renda para muitos brasileiros. Res\u00edduos como o vidro, o cobre e o alum\u00ednio s\u00e3o bastante valorizados, e por isso, existem empresas e cooperativas especializadas em reciclar e comercializar esses materiais.<\/p>\n<p style=\"text-align: justify;\"><strong>Pol\u00edtica Nacional de Res\u00edduos S\u00f3lidos (PNRS)<\/strong><\/p>\n<p style=\"text-align: justify;\">A PNRS \u00e9 uma lei que organiza a forma como o pa\u00eds lida com o lixo, integrando o poder p\u00fablico, a iniciativa privada e a sociedade civil como respons\u00e1veis pela gest\u00e3o dos res\u00edduos s\u00f3lidos que geramos. Ela foi institu\u00edda em 2010 e se traduz na prioriza\u00e7\u00e3o da n\u00e3o gera\u00e7\u00e3o de lixo e da redu\u00e7\u00e3o, da reutiliza\u00e7\u00e3o e da reciclagem dos rejeitos antes de se pensar no descarte final. A lei estabelece diretrizes e metas de gerenciamento ambiental, al\u00e9m de puni\u00e7\u00f5es para aqueles que as descumprirem. Em nossa cidade, a coleta seletiva e a Usina de Triagem e Compostagem do Lixo s\u00e3o instrumentos que adotamos para nos adequar \u00e0 PNRS e fazer uma gest\u00e3o respons\u00e1vel dos res\u00edduos que geramos.<\/p>\n<figure id=\"attachment_12919\" aria-describedby=\"caption-attachment-12919\" style=\"width: 300px\" class=\"wp-caption aligncenter\"><img loading=\"lazy\" decoding=\"async\" class=\"wp-image-12919 size-medium\" src=\"http:\/\/coronelxavierchaves.mg.gov.br\/prefeitura\/wp-content\/uploads\/2021\/11\/PNRS-300x175.png\" alt=\"\" width=\"300\" height=\"175\" srcset=\"https:\/\/coronelxavierchaves.mg.gov.br\/prefeitura\/wp-content\/uploads\/2021\/11\/PNRS-300x175.png 300w, https:\/\/coronelxavierchaves.mg.gov.br\/prefeitura\/wp-content\/uploads\/2021\/11\/PNRS.png 655w\" sizes=\"auto, (max-width: 300px) 100vw, 300px\" \/><figcaption id=\"caption-attachment-12919\" class=\"wp-caption-text\">PNRS<\/figcaption><\/figure>\n<p style=\"text-align: justify;\">\n<strong>Mas afinal, como \u00e9 feita a coleta em Coronel Xavier Chaves?<\/strong><\/p>\n<p style=\"text-align: justify;\">Como foi visto, a coleta seletiva \u00e9 um processo que se inicia na separa\u00e7\u00e3o do lixo. Aqui em Coronel, usamos tr\u00eas classifica\u00e7\u00f5es para o lixo dom\u00e9stico:<br \/>\n\u25cf <strong>Lixo org\u00e2nico<\/strong>, composto por restos de alimento, folhas de jardim etc;<br \/>\n\u25cf <strong>Lixo n\u00e3o recicl\u00e1vel<\/strong>, composto por lixo de banheiro, tecidos, isopor e outros materiais que n\u00e3o podem ser reaproveitados;<br \/>\n\u25cf <strong>Lixo recicl\u00e1vel<\/strong>, composto por pl\u00e1sticos, pap\u00e9is, vidros e metais.<\/p>\n<p style=\"text-align: justify;\">A coleta desses materiais \u00e9 feita em alguns dias espec\u00edficos da semana: o lixo org\u00e2nico e o lixo n\u00e3o recicl\u00e1vel s\u00e3o coletados na 2\u00aa e na 6\u00aa feira, enquanto o lixo recicl\u00e1vel \u00e9 coletado apenas na 4\u00aa feira. \u00c9 importante ressaltar que a coleta seletiva \u00e9 obrigat\u00f3ria no munic\u00edpio, e, por esse motivo, o caminh\u00e3o n\u00e3o leva seu lixo para a Usina se os materiais estiverem misturados ou se forem colocados para fora no dia errado.<\/p>\n<figure id=\"attachment_12920\" aria-describedby=\"caption-attachment-12920\" style=\"width: 300px\" class=\"wp-caption aligncenter\"><img loading=\"lazy\" decoding=\"async\" class=\"size-medium wp-image-12920\" src=\"http:\/\/coronelxavierchaves.mg.gov.br\/prefeitura\/wp-content\/uploads\/2021\/11\/Coleta-do-lixo-na-zona-urbana-do-municipio-300x216.jpg\" alt=\"\" width=\"300\" height=\"216\" srcset=\"https:\/\/coronelxavierchaves.mg.gov.br\/prefeitura\/wp-content\/uploads\/2021\/11\/Coleta-do-lixo-na-zona-urbana-do-municipio-300x216.jpg 300w, https:\/\/coronelxavierchaves.mg.gov.br\/prefeitura\/wp-content\/uploads\/2021\/11\/Coleta-do-lixo-na-zona-urbana-do-municipio-768x552.jpg 768w, https:\/\/coronelxavierchaves.mg.gov.br\/prefeitura\/wp-content\/uploads\/2021\/11\/Coleta-do-lixo-na-zona-urbana-do-municipio-696x500.jpg 696w, https:\/\/coronelxavierchaves.mg.gov.br\/prefeitura\/wp-content\/uploads\/2021\/11\/Coleta-do-lixo-na-zona-urbana-do-municipio-585x420.jpg 585w, https:\/\/coronelxavierchaves.mg.gov.br\/prefeitura\/wp-content\/uploads\/2021\/11\/Coleta-do-lixo-na-zona-urbana-do-municipio.jpg 774w\" sizes=\"auto, (max-width: 300px) 100vw, 300px\" \/><figcaption id=\"caption-attachment-12920\" class=\"wp-caption-text\">Coleta do lixo na zona urbana do munic\u00edpio<\/figcaption><\/figure>\n<p style=\"text-align: justify;\"><strong>O que acontece com o lixo depois que ele vai para a Usina?<\/strong><\/p>\n<p style=\"text-align: justify;\">Ao chegar na Usina, o caminh\u00e3o deposita o lixo na \u00e1rea de recebimento. De l\u00e1, os funcion\u00e1rios levam os res\u00edduos para uma banca de triagem, onde o lixo \u00e9 novamente separado. O lixo org\u00e2nico \u00e9 depositado em um p\u00e1tio de compostagem onde fica por 120 dias at\u00e9 ser convertido em adubo. Ao longo do processo, algumas etapas precisam ser cumpridas, como a medi\u00e7\u00e3o da temperatura, o ciclo de revigoramento, a peneiragem e a an\u00e1lise do material, feita pela Universidade Federal de Vi\u00e7osa. O adubo produzido \u00e9 distribu\u00eddo gratuitamente e tamb\u00e9m \u00e9 usado na jardinagem dos espa\u00e7os p\u00fablicos da cidade. O lixo recicl\u00e1vel, por outro lado, \u00e9 prensado, pesado e vendido para empresas de reciclagem em leil\u00f5es p\u00fablicos. J\u00e1 o lixo n\u00e3o recicl\u00e1vel, que corresponde a cerca de 15% do total, \u00e9 encaminhado para o descarte em aterros controlados.<\/p>\n<figure id=\"attachment_12921\" aria-describedby=\"caption-attachment-12921\" style=\"width: 300px\" class=\"wp-caption aligncenter\"><img loading=\"lazy\" decoding=\"async\" class=\"size-medium wp-image-12921\" src=\"http:\/\/coronelxavierchaves.mg.gov.br\/prefeitura\/wp-content\/uploads\/2021\/11\/Etapas-do-processo-de-triagem-e-compostagem-300x263.png\" alt=\"\" width=\"300\" height=\"263\" srcset=\"https:\/\/coronelxavierchaves.mg.gov.br\/prefeitura\/wp-content\/uploads\/2021\/11\/Etapas-do-processo-de-triagem-e-compostagem-300x263.png 300w, https:\/\/coronelxavierchaves.mg.gov.br\/prefeitura\/wp-content\/uploads\/2021\/11\/Etapas-do-processo-de-triagem-e-compostagem-768x673.png 768w, https:\/\/coronelxavierchaves.mg.gov.br\/prefeitura\/wp-content\/uploads\/2021\/11\/Etapas-do-processo-de-triagem-e-compostagem-696x610.png 696w, https:\/\/coronelxavierchaves.mg.gov.br\/prefeitura\/wp-content\/uploads\/2021\/11\/Etapas-do-processo-de-triagem-e-compostagem-480x420.png 480w, https:\/\/coronelxavierchaves.mg.gov.br\/prefeitura\/wp-content\/uploads\/2021\/11\/Etapas-do-processo-de-triagem-e-compostagem.png 853w\" sizes=\"auto, (max-width: 300px) 100vw, 300px\" \/><figcaption id=\"caption-attachment-12921\" class=\"wp-caption-text\">Etapas do processo de triagem e compostagem<\/figcaption><\/figure>\n<p style=\"text-align: justify;\"><strong>Benef\u00edcios para a cidade<\/strong><\/p>\n<p style=\"text-align: justify;\">Como foi visto, a coleta seletiva que fazemos em nossas casas \u00e9 o primeiro passo para que a reciclagem aconte\u00e7a de forma eficiente em nossa cidade. Participar deste processo deve ser motivo de muito orgulho, pois nossa gest\u00e3o de res\u00edduos s\u00f3lidos \u00e9 modelo no Campo das Vertentes e caso raro no Brasil. Mesmo ap\u00f3s a institui\u00e7\u00e3o da PNRS, a maioria dos munic\u00edpios ainda descarta os res\u00edduos recolhidos em lix\u00f5es a c\u00e9u aberto e tendem, nos pr\u00f3ximos anos, a sofrer as puni\u00e7\u00f5es previstas pela lei. Al\u00e9m disso, a Usina de Triagem e Compostagem gera empregos e renda para o munic\u00edpio, promovendo desenvolvimento econ\u00f4mico atrav\u00e9s da preserva\u00e7\u00e3o ambiental. Fique atento aos dias de coleta e colabore com este projeto!<\/p>\n<\/div>\t<\/div>\r\n<\/div><\/div>\n<div class=\"panel panel-default pt-cv-content-item pt-cv-1-col\" >\r\n<div class=\"panel-heading pt-cv-title\">\r\n    <a class=\"panel-title\" data-toggle=\"cvcollapse\" data-parent=\"#79a99165vb\" data-target=\"#a7262a7t9k\" href='https:\/\/coronelxavierchaves.mg.gov.br\/prefeitura\/2021\/10\/25\/reuniao-para-formacao-do-codema\/' onclick='event.preventDefault()'>\r\n\t\tReuni\u00e3o para forma\u00e7\u00e3o do CODEMA\t<\/a>\r\n\t<\/div>\r\n<div id=\"a7262a7t9k\" class=\"panel-collapse collapse \">\r\n\t<div class=\"panel-body\">\r\n\t\t<div class=\"pt-cv-content\"><p style=\"text-align: justify;\"><strong>Participe do CODEMA e colabore com o desenvolvimento ambiental de Coronel Xavier Chaves!<\/strong><\/p>\n<p><img loading=\"lazy\" decoding=\"async\" class=\"aligncenter wp-image-12553 size-large\" src=\"http:\/\/coronelxavierchaves.mg.gov.br\/prefeitura\/wp-content\/uploads\/2021\/10\/26-Convite-reuniao-CODEMA-1024x1024.jpg\" alt=\"\" width=\"696\" height=\"696\" srcset=\"https:\/\/coronelxavierchaves.mg.gov.br\/prefeitura\/wp-content\/uploads\/2021\/10\/26-Convite-reuniao-CODEMA-1024x1024.jpg 1024w, https:\/\/coronelxavierchaves.mg.gov.br\/prefeitura\/wp-content\/uploads\/2021\/10\/26-Convite-reuniao-CODEMA-300x300.jpg 300w, https:\/\/coronelxavierchaves.mg.gov.br\/prefeitura\/wp-content\/uploads\/2021\/10\/26-Convite-reuniao-CODEMA-130x130.jpg 130w, https:\/\/coronelxavierchaves.mg.gov.br\/prefeitura\/wp-content\/uploads\/2021\/10\/26-Convite-reuniao-CODEMA-scaled.jpg 768w, https:\/\/coronelxavierchaves.mg.gov.br\/prefeitura\/wp-content\/uploads\/2021\/10\/26-Convite-reuniao-CODEMA-1536x1536.jpg 1536w, https:\/\/coronelxavierchaves.mg.gov.br\/prefeitura\/wp-content\/uploads\/2021\/10\/26-Convite-reuniao-CODEMA-2048x2048.jpg 2048w, https:\/\/coronelxavierchaves.mg.gov.br\/prefeitura\/wp-content\/uploads\/2021\/10\/26-Convite-reuniao-CODEMA-696x696.jpg 696w, https:\/\/coronelxavierchaves.mg.gov.br\/prefeitura\/wp-content\/uploads\/2021\/10\/26-Convite-reuniao-CODEMA-1068x1068.jpg 1068w, https:\/\/coronelxavierchaves.mg.gov.br\/prefeitura\/wp-content\/uploads\/2021\/10\/26-Convite-reuniao-CODEMA-420x420.jpg 420w, https:\/\/coronelxavierchaves.mg.gov.br\/prefeitura\/wp-content\/uploads\/2021\/10\/26-Convite-reuniao-CODEMA-1920x1920.jpg 1920w, https:\/\/coronelxavierchaves.mg.gov.br\/prefeitura\/wp-content\/uploads\/2021\/10\/26-Convite-reuniao-CODEMA-45x45.jpg 45w\" sizes=\"auto, (max-width: 696px) 100vw, 696px\" \/><\/p>\n<\/div>\t<\/div>\r\n<\/div><\/div>\n<div class=\"panel panel-default pt-cv-content-item pt-cv-1-col\" >\r\n<div class=\"panel-heading pt-cv-title\">\r\n    <a class=\"panel-title\" data-toggle=\"cvcollapse\" data-parent=\"#79a99165vb\" data-target=\"#b31a47doyk\" href='https:\/\/coronelxavierchaves.mg.gov.br\/prefeitura\/2021\/09\/29\/esta-chegando-o-dia-e-campanha-de-recolhimento-de-lixo-eletronico-2\/' onclick='event.preventDefault()'>\r\n\t\tEst\u00e1 chegando o Dia E &#8211; Campanha de Recolhimento de Lixo Eletr\u00f4nico!\t<\/a>\r\n\t<\/div>\r\n<div id=\"b31a47doyk\" class=\"panel-collapse collapse \">\r\n\t<div class=\"panel-body\">\r\n\t\t<div class=\"pt-cv-content\"><p style=\"text-align: center;\">\n<div dir=\"auto\"><img loading=\"lazy\" decoding=\"async\" class=\"aligncenter wp-image-12184 size-large\" src=\"http:\/\/coronelxavierchaves.mg.gov.br\/prefeitura\/wp-content\/uploads\/2021\/09\/20-Dia-E-feed-1-1-819x1024.jpg\" alt=\"\" width=\"696\" height=\"870\" srcset=\"https:\/\/coronelxavierchaves.mg.gov.br\/prefeitura\/wp-content\/uploads\/2021\/09\/20-Dia-E-feed-1-1-819x1024.jpg 819w, https:\/\/coronelxavierchaves.mg.gov.br\/prefeitura\/wp-content\/uploads\/2021\/09\/20-Dia-E-feed-1-1-240x300.jpg 240w, https:\/\/coronelxavierchaves.mg.gov.br\/prefeitura\/wp-content\/uploads\/2021\/09\/20-Dia-E-feed-1-1-768x960.jpg 768w, https:\/\/coronelxavierchaves.mg.gov.br\/prefeitura\/wp-content\/uploads\/2021\/09\/20-Dia-E-feed-1-1-696x870.jpg 696w, https:\/\/coronelxavierchaves.mg.gov.br\/prefeitura\/wp-content\/uploads\/2021\/09\/20-Dia-E-feed-1-1-1068x1335.jpg 1068w, https:\/\/coronelxavierchaves.mg.gov.br\/prefeitura\/wp-content\/uploads\/2021\/09\/20-Dia-E-feed-1-1-336x420.jpg 336w, https:\/\/coronelxavierchaves.mg.gov.br\/prefeitura\/wp-content\/uploads\/2021\/09\/20-Dia-E-feed-1-1.jpg 614w\" sizes=\"auto, (max-width: 696px) 100vw, 696px\" \/><strong>Est\u00e1 chegando o Dia E &#8211; Campanha de Recolhimento de Lixo Eletr\u00f4nico!<\/strong><\/div>\n<div dir=\"auto\" style=\"text-align: justify;\"><strong>Separe seus eletroeletr\u00f4nicos e eletrodom\u00e9sticos que n\u00e3o possuem mais utilidade e descarte corretamente!<\/strong><\/div>\n<div dir=\"auto\"><\/div>\n<div dir=\"auto\">\n<p><iframe loading=\"lazy\" title=\"Todos t\u00eam Direito ao Meio Ambiente Ecologicamente Equilibrado\" width=\"696\" height=\"392\" src=\"https:\/\/www.youtube.com\/embed\/ewwyyZKfEPw?feature=oembed\" frameborder=\"0\" allow=\"accelerometer; autoplay; clipboard-write; encrypted-media; gyroscope; picture-in-picture\" allowfullscreen><\/iframe><\/p>\n<\/div>\n<\/p><\/div>\t<\/div>\r\n<\/div><\/div><\/div><\/div><\/div><\/div><br \/>\n<\/p><\/div><\/div>\n","protected":false},"excerpt":{"rendered":"<p>SECRET\u00c1RIO SECRET\u00c1RIO DE MEIO AMBIENTE E DESENVOLVIMENTO ECON\u00d4MICO: T\u00daLIO OT\u00c1VIO DE ARA\u00daJO LIMA NETO Endere\u00e7o: Avenida C\u00f4nego Ant\u00f4nio Carlos, n\u00b0 105, Centro. Hor\u00e1rio de Funcionamento: 07h \u00e0s 16h Telefone de Contato: (32) 3216-1053 Ramal 140 Email: desenvolvimento@coronelxavierchaves.mg.gov.br meioambiente@coronelxavierchaves.mg.gov.br<\/p>\n","protected":false},"author":3,"featured_media":0,"parent":0,"menu_order":0,"comment_status":"closed","ping_status":"closed","template":"","meta":{"footnotes":"","_links_to":"","_links_to_target":""},"class_list":["post-11803","page","type-page","status-publish"],"_links":{"self":[{"href":"https:\/\/coronelxavierchaves.mg.gov.br\/prefeitura\/wp-json\/wp\/v2\/pages\/11803","targetHints":{"allow":["GET"]}}],"collection":[{"href":"https:\/\/coronelxavierchaves.mg.gov.br\/prefeitura\/wp-json\/wp\/v2\/pages"}],"about":[{"href":"https:\/\/coronelxavierchaves.mg.gov.br\/prefeitura\/wp-json\/wp\/v2\/types\/page"}],"author":[{"embeddable":true,"href":"https:\/\/coronelxavierchaves.mg.gov.br\/prefeitura\/wp-json\/wp\/v2\/users\/3"}],"replies":[{"embeddable":true,"href":"https:\/\/coronelxavierchaves.mg.gov.br\/prefeitura\/wp-json\/wp\/v2\/comments?post=11803"}],"version-history":[{"count":8,"href":"https:\/\/coronelxavierchaves.mg.gov.br\/prefeitura\/wp-json\/wp\/v2\/pages\/11803\/revisions"}],"predecessor-version":[{"id":26681,"href":"https:\/\/coronelxavierchaves.mg.gov.br\/prefeitura\/wp-json\/wp\/v2\/pages\/11803\/revisions\/26681"}],"wp:attachment":[{"href":"https:\/\/coronelxavierchaves.mg.gov.br\/prefeitura\/wp-json\/wp\/v2\/media?parent=11803"}],"curies":[{"name":"wp","href":"https:\/\/api.w.org\/{rel}","templated":true}]}}