{"id":12249,"date":"2021-10-01T15:49:34","date_gmt":"2021-10-01T18:49:34","guid":{"rendered":"http:\/\/coronelxavierchaves.mg.gov.br\/prefeitura\/?page_id=12249"},"modified":"2026-03-25T08:34:05","modified_gmt":"2026-03-25T11:34:05","slug":"secretaria-de-agricultura","status":"publish","type":"page","link":"https:\/\/coronelxavierchaves.mg.gov.br\/prefeitura\/secretaria-de-agricultura\/","title":{"rendered":"SECRETARIA DE DESENVOLVIMENTO RURAL"},"content":{"rendered":"<blockquote><p>SECRET\u00c1RIO<\/p><\/blockquote>\n<p><strong>SECRET\u00c1RIO DE DESENVOLVIMENTO RURAL:<\/strong>\u00a0GUILHERME MELO RESENDE<\/p>\n<p>Endere\u00e7o: Avenida C\u00f4nego Ant\u00f4nio Carlos, n\u00b0 105, Centro.<\/p>\n<p>Hor\u00e1rio de Funcionamento: 08h \u00e0s 16h<\/p>\n<p>Telefone de Contato: (32) 3216-1053 Ramal 141<\/p>\n<p>E-mail: agricultura@coronelxavierchaves.mg.gov.br<\/p>\n<div class=\"otw-sc-toggle\"><h3 class=\"toggle-trigger widget-title\">PUBLICA\u00c7\u00d5ES<span class=\"icon\"><\/span><\/h3><div class=\"toggle-content\"><p><br \/>\n<div class=\"pt-cv-wrapper\"><div class=\"pt-cv-view pt-cv-collapsible\" id=\"pt-cv-view-2bc9bdbgwp\"><div data-id=\"pt-cv-page-1\" class=\"pt-cv-page\" data-cvc=\"1\"><div class=\"panel-group\" id=\"39729cfazd\"><div class=\"panel panel-default pt-cv-content-item pt-cv-1-col\" >\r\n<div class=\"panel-heading pt-cv-title\">\r\n    <a class=\"panel-title\" data-toggle=\"cvcollapse\" data-parent=\"#39729cfazd\" data-target=\"#310a0a41bg\" href='https:\/\/coronelxavierchaves.mg.gov.br\/prefeitura\/2022\/04\/28\/apoio-ao-produtor-e-empreendedor-com-o-selo-simc\/' onclick='event.preventDefault()'>\r\n\t\tApoio ao produtor e empreendedor com o selo SIMC\t<\/a>\r\n\t<\/div>\r\n<div id=\"310a0a41bg\" class=\"panel-collapse collapse in\">\r\n\t<div class=\"panel-body\">\r\n\t\t<div class=\"pt-cv-content\"><p><a href=\"http:\/\/coronelxavierchaves.mg.gov.br\/prefeitura\/secretaria-de-agricultura\/\" target=\"_blank\" rel=\"noopener\"><img loading=\"lazy\" decoding=\"async\" class=\"aligncenter wp-image-14174 size-large\" src=\"http:\/\/coronelxavierchaves.mg.gov.br\/prefeitura\/wp-content\/uploads\/2022\/04\/SELO-SIMC-CXC-Documento-A4_page-0001-724x1024.jpg\" alt=\"\" width=\"696\" height=\"984\" srcset=\"https:\/\/coronelxavierchaves.mg.gov.br\/prefeitura\/wp-content\/uploads\/2022\/04\/SELO-SIMC-CXC-Documento-A4_page-0001-724x1024.jpg 724w, https:\/\/coronelxavierchaves.mg.gov.br\/prefeitura\/wp-content\/uploads\/2022\/04\/SELO-SIMC-CXC-Documento-A4_page-0001-212x300.jpg 212w, https:\/\/coronelxavierchaves.mg.gov.br\/prefeitura\/wp-content\/uploads\/2022\/04\/SELO-SIMC-CXC-Documento-A4_page-0001-768x1086.jpg 768w, https:\/\/coronelxavierchaves.mg.gov.br\/prefeitura\/wp-content\/uploads\/2022\/04\/SELO-SIMC-CXC-Documento-A4_page-0001-1086x1536.jpg 1086w, https:\/\/coronelxavierchaves.mg.gov.br\/prefeitura\/wp-content\/uploads\/2022\/04\/SELO-SIMC-CXC-Documento-A4_page-0001-696x984.jpg 696w, https:\/\/coronelxavierchaves.mg.gov.br\/prefeitura\/wp-content\/uploads\/2022\/04\/SELO-SIMC-CXC-Documento-A4_page-0001-1068x1510.jpg 1068w, https:\/\/coronelxavierchaves.mg.gov.br\/prefeitura\/wp-content\/uploads\/2022\/04\/SELO-SIMC-CXC-Documento-A4_page-0001-297x420.jpg 297w, https:\/\/coronelxavierchaves.mg.gov.br\/prefeitura\/wp-content\/uploads\/2022\/04\/SELO-SIMC-CXC-Documento-A4_page-0001.jpg 543w\" sizes=\"auto, (max-width: 696px) 100vw, 696px\" \/><\/a><\/p>\n<div class=\"rl-gallery-container rl-loading\" id=\"rl-gallery-container-1\" data-gallery_id=\"14169\"> <div class=\"rl-gallery rl-basicgrid-gallery \" id=\"rl-gallery-1\" data-gallery_no=\"1\"> <div class=\"rl-gallery-item\"><a href=\"https:\/\/coronelxavierchaves.mg.gov.br\/prefeitura\/wp-content\/uploads\/2022\/04\/WhatsApp-Image-2022-04-28-at-10.02.38.jpeg\" title=\"\" data-rl_title=\"\" class=\"rl-gallery-link\" data-rl_caption=\"\" data-rel=\"lightbox-gallery-1\"><img loading=\"lazy\" decoding=\"async\" src=\"https:\/\/coronelxavierchaves.mg.gov.br\/prefeitura\/wp-content\/uploads\/2022\/04\/WhatsApp-Image-2022-04-28-at-10.02.38-300x300.jpeg\" width=\"300\" height=\"300\" alt=\"\" \/><\/a><\/div><div class=\"rl-gallery-item\"><a href=\"https:\/\/coronelxavierchaves.mg.gov.br\/prefeitura\/wp-content\/uploads\/2022\/04\/WhatsApp-Image-2022-04-28-at-10.02.37.jpeg\" title=\"\" data-rl_title=\"\" class=\"rl-gallery-link\" data-rl_caption=\"\" data-rel=\"lightbox-gallery-1\"><img loading=\"lazy\" decoding=\"async\" src=\"https:\/\/coronelxavierchaves.mg.gov.br\/prefeitura\/wp-content\/uploads\/2022\/04\/WhatsApp-Image-2022-04-28-at-10.02.37-300x300.jpeg\" width=\"300\" height=\"300\" alt=\"\" \/><\/a><\/div><div class=\"rl-gallery-item\"><a href=\"https:\/\/coronelxavierchaves.mg.gov.br\/prefeitura\/wp-content\/uploads\/2022\/04\/WhatsApp-Image-2022-04-28-at-10.02.37-1.jpeg\" title=\"\" data-rl_title=\"\" class=\"rl-gallery-link\" data-rl_caption=\"\" data-rel=\"lightbox-gallery-1\"><img loading=\"lazy\" decoding=\"async\" src=\"https:\/\/coronelxavierchaves.mg.gov.br\/prefeitura\/wp-content\/uploads\/2022\/04\/WhatsApp-Image-2022-04-28-at-10.02.37-1-300x300.jpeg\" width=\"300\" height=\"300\" alt=\"\" \/><\/a><\/div><div class=\"rl-gallery-item\"><a href=\"https:\/\/coronelxavierchaves.mg.gov.br\/prefeitura\/wp-content\/uploads\/2022\/04\/WhatsApp-Image-2022-04-28-at-10.02.38-1.jpeg\" title=\"\" data-rl_title=\"\" class=\"rl-gallery-link\" data-rl_caption=\"\" data-rel=\"lightbox-gallery-1\"><img loading=\"lazy\" decoding=\"async\" src=\"https:\/\/coronelxavierchaves.mg.gov.br\/prefeitura\/wp-content\/uploads\/2022\/04\/WhatsApp-Image-2022-04-28-at-10.02.38-1-300x300.jpeg\" width=\"300\" height=\"300\" alt=\"\" \/><\/a><\/div> <\/div> <\/div>\n<p>&nbsp;<\/p>\n<p style=\"text-align: justify;\">&#x1f91d; APOIO AO PRODUTOR E EMPREENDEDOR COM O SELO SIMC<\/p>\n<p style=\"text-align: justify;\">Com o Selo SIMC os produtores e empreendedores de Cel. Xavier Chaves tem acesso gratuito a v\u00e1rios benef\u00edcios como:<\/p>\n<p style=\"text-align: justify;\">Equipe t\u00e9cnica especializada para auxiliar, da melhor forma poss\u00edvel, a produzir com qualidade e seguran\u00e7a;<\/p>\n<p style=\"text-align: justify;\">Certifica\u00e7\u00e3o de qualidade garantida nas embalagens e r\u00f3tulos;<\/p>\n<p style=\"text-align: justify;\">Possibilidade de expans\u00e3o de vendas e neg\u00f3cios, podendo comercializar os produtos em supermercados, mercados, mercearias, merenda escolar e em outros estabelecimentos de munic\u00edpios da regi\u00e3o.<\/p>\n<p style=\"text-align: justify;\">\u00c9 mais desenvolvimento e fortalecimento da economia local!<\/p>\n<p style=\"text-align: justify;\">Vamos crescer juntos?<\/p>\n<p style=\"text-align: justify;\">Procure a Secretaria Municipal de Agricultura, Desenvolvimento Econ\u00f4mico e Meio Ambiente para fazer seu cadastro e verificar as condi\u00e7\u00f5es.<\/p>\n<p style=\"text-align: justify;\">Av. C\u00f4nego Ant\u00f4nio Carlos, n\u00b0 105. Centro. (32) 9 8838-1661 (Cl\u00e9lia Soares)<\/p>\n<p style=\"text-align: justify;\">Prefeitura de Cel. Xavier Chaves<br \/>\nGest\u00e3o 2021\/2024<\/p>\n<p>@cigedas<\/p>\n<\/div>\t<\/div>\r\n<\/div><\/div><\/div><\/div><\/div><\/div><br \/>\n<\/p><\/div><\/div>\n","protected":false},"excerpt":{"rendered":"<p>SECRET\u00c1RIO SECRET\u00c1RIO DE DESENVOLVIMENTO RURAL:\u00a0GUILHERME MELO RESENDE Endere\u00e7o: Avenida C\u00f4nego Ant\u00f4nio Carlos, n\u00b0 105, Centro. Hor\u00e1rio de Funcionamento: 08h \u00e0s 16h Telefone de Contato: (32) 3216-1053 Ramal 141 E-mail: agricultura@coronelxavierchaves.mg.gov.br<\/p>\n","protected":false},"author":3,"featured_media":0,"parent":0,"menu_order":0,"comment_status":"closed","ping_status":"closed","template":"","meta":{"footnotes":"","_links_to":"","_links_to_target":""},"class_list":["post-12249","page","type-page","status-publish"],"_links":{"self":[{"href":"https:\/\/coronelxavierchaves.mg.gov.br\/prefeitura\/wp-json\/wp\/v2\/pages\/12249","targetHints":{"allow":["GET"]}}],"collection":[{"href":"https:\/\/coronelxavierchaves.mg.gov.br\/prefeitura\/wp-json\/wp\/v2\/pages"}],"about":[{"href":"https:\/\/coronelxavierchaves.mg.gov.br\/prefeitura\/wp-json\/wp\/v2\/types\/page"}],"author":[{"embeddable":true,"href":"https:\/\/coronelxavierchaves.mg.gov.br\/prefeitura\/wp-json\/wp\/v2\/users\/3"}],"replies":[{"embeddable":true,"href":"https:\/\/coronelxavierchaves.mg.gov.br\/prefeitura\/wp-json\/wp\/v2\/comments?post=12249"}],"version-history":[{"count":8,"href":"https:\/\/coronelxavierchaves.mg.gov.br\/prefeitura\/wp-json\/wp\/v2\/pages\/12249\/revisions"}],"predecessor-version":[{"id":27172,"href":"https:\/\/coronelxavierchaves.mg.gov.br\/prefeitura\/wp-json\/wp\/v2\/pages\/12249\/revisions\/27172"}],"wp:attachment":[{"href":"https:\/\/coronelxavierchaves.mg.gov.br\/prefeitura\/wp-json\/wp\/v2\/media?parent=12249"}],"curies":[{"name":"wp","href":"https:\/\/api.w.org\/{rel}","templated":true}]}}