{"id":14230,"date":"2022-05-04T11:05:19","date_gmt":"2022-05-04T14:05:19","guid":{"rendered":"http:\/\/coronelxavierchaves.mg.gov.br\/prefeitura\/?page_id=14230"},"modified":"2025-05-20T11:48:17","modified_gmt":"2025-05-20T14:48:17","slug":"secretaria-de-obras-e-urbanismo","status":"publish","type":"page","link":"https:\/\/coronelxavierchaves.mg.gov.br\/prefeitura\/secretaria-de-obras-e-urbanismo\/","title":{"rendered":"SECRETARIA DE OBRAS E URBANISMO"},"content":{"rendered":"<blockquote><p>RESPONS\u00c1VEL<\/p><\/blockquote>\n<p>Secret\u00e1rio Municipal de Obras: Romilson Meiro De Sousa<\/p>\n<p>Endere\u00e7o: Rua Padre Reis, n\u00ba 84, Centro.<\/p>\n<p>Hor\u00e1rio de Funcionamento: 08h \u00e0s 16h<\/p>\n<p>Telefone de Contato: (32) 3216-1053 Ramal 123<\/p>\n<p>E-mail: obras@coronelxavierchaves.mg.gov.br<\/p>\n<p>&nbsp;<\/p>\n<blockquote><p>DOWNLOADS<\/p><\/blockquote>\n<ul>\n<li><a href=\"http:\/\/coronelxavierchaves.mg.gov.br\/prefeitura\/modelo_carimbos\/Modelo carimbo PMCXC PDF.pdf\" target=\"_blank\" rel=\"noopener\">MODELO DO CARIMBO &#8211; PDF<\/a><\/li>\n<li><a href=\"http:\/\/coronelxavierchaves.mg.gov.br\/prefeitura\/modelo_carimbos\/Modelo carimbo PMCXC DWG.dwg\">MODELO DO CARIMBO &#8211; DWG<\/a><\/li>\n<\/ul>\n<p>* Para baixar os arquivos basta clicar com o bot\u00e3o direito e clicar em &#8220;Salvar link em&#8230;&#8221;<\/p>\n<blockquote><p>RELAT\u00d3RIO SEMANA DE OBRAS<\/p><\/blockquote>\n<p><a href=\"http:\/\/coronelxavierchaves.mg.gov.br\/prefeitura\/relatorio-semanal-de-obras\/\" target=\"_blank\" rel=\"noopener\">Clique aqui para visualizar os Relat\u00f3rios Semanais de Obras<\/a><\/p>\n","protected":false},"excerpt":{"rendered":"<p>RESPONS\u00c1VEL Secret\u00e1rio Municipal de Obras: Romilson Meiro De Sousa Endere\u00e7o: Rua Padre Reis, n\u00ba 84, Centro. Hor\u00e1rio de Funcionamento: 08h \u00e0s 16h Telefone de Contato: (32) 3216-1053 Ramal 123 E-mail: obras@coronelxavierchaves.mg.gov.br &nbsp; DOWNLOADS MODELO DO CARIMBO &#8211; PDF MODELO DO CARIMBO &#8211; DWG * Para baixar os arquivos basta clicar com o bot\u00e3o direito e [&hellip;]<\/p>\n","protected":false},"author":3,"featured_media":0,"parent":0,"menu_order":0,"comment_status":"closed","ping_status":"closed","template":"","meta":{"footnotes":"","_links_to":"","_links_to_target":""},"class_list":["post-14230","page","type-page","status-publish"],"_links":{"self":[{"href":"https:\/\/coronelxavierchaves.mg.gov.br\/prefeitura\/wp-json\/wp\/v2\/pages\/14230","targetHints":{"allow":["GET"]}}],"collection":[{"href":"https:\/\/coronelxavierchaves.mg.gov.br\/prefeitura\/wp-json\/wp\/v2\/pages"}],"about":[{"href":"https:\/\/coronelxavierchaves.mg.gov.br\/prefeitura\/wp-json\/wp\/v2\/types\/page"}],"author":[{"embeddable":true,"href":"https:\/\/coronelxavierchaves.mg.gov.br\/prefeitura\/wp-json\/wp\/v2\/users\/3"}],"replies":[{"embeddable":true,"href":"https:\/\/coronelxavierchaves.mg.gov.br\/prefeitura\/wp-json\/wp\/v2\/comments?post=14230"}],"version-history":[{"count":18,"href":"https:\/\/coronelxavierchaves.mg.gov.br\/prefeitura\/wp-json\/wp\/v2\/pages\/14230\/revisions"}],"predecessor-version":[{"id":23829,"href":"https:\/\/coronelxavierchaves.mg.gov.br\/prefeitura\/wp-json\/wp\/v2\/pages\/14230\/revisions\/23829"}],"wp:attachment":[{"href":"https:\/\/coronelxavierchaves.mg.gov.br\/prefeitura\/wp-json\/wp\/v2\/media?parent=14230"}],"curies":[{"name":"wp","href":"https:\/\/api.w.org\/{rel}","templated":true}]}}