{"id":14872,"date":"2022-08-08T10:22:46","date_gmt":"2022-08-08T13:22:46","guid":{"rendered":"http:\/\/coronelxavierchaves.mg.gov.br\/prefeitura\/?page_id=14872"},"modified":"2024-08-12T10:08:37","modified_gmt":"2024-08-12T13:08:37","slug":"v-moscoxaves-2023","status":"publish","type":"page","link":"https:\/\/coronelxavierchaves.mg.gov.br\/prefeitura\/v-moscoxaves-2023\/","title":{"rendered":"V MOSCOXAVES &#8211; 2023"},"content":{"rendered":"<p style=\"text-align: left;\"><span style=\"font-size: 18pt;\"><strong>Inscri\u00e7\u00f5es para as atividades do V MOSCOXAVES<\/strong><\/span><\/p>\n<ul>\n<li><strong><a href=\"https:\/\/www.sympla.com.br\/caminhada-ecologica---v-moscoxaves__2105252\" target=\"_blank\" rel=\"noopener\">CAMINHADA ECOL\u00d3GICA<\/a><\/strong><\/li>\n<li><strong><a href=\"https:\/\/www.sympla.com.br\/exposicao-de-carros-antigos---v-moscoxaves__2097578\" target=\"_blank\" rel=\"noopener\">EXPOSI\u00c7\u00c3O DE CARROS ANTIGOS<\/a><\/strong><\/li>\n<li><strong><a href=\"https:\/\/www.sympla.com.br\/pedal---v-moscoxaves__2116962\" target=\"_blank\" rel=\"noopener\">PEDAL<\/a><\/strong><\/li>\n<li><strong><a href=\"https:\/\/www.sympla.com.br\/trilha-de-moto---v-moscoxaves__2116972\" target=\"_blank\" rel=\"noopener\">TRILHA DE MOTO<\/a><\/strong><\/li>\n<\/ul>\n<p><img loading=\"lazy\" decoding=\"async\" class=\"aligncenter wp-image-17576 size-large\" src=\"https:\/\/coronelxavierchaves.mg.gov.br\/prefeitura\/wp-content\/uploads\/2023\/08\/01-Programacao-V-Moscoxaves-1024x1024.jpeg\" alt=\"\" width=\"696\" height=\"696\" srcset=\"https:\/\/coronelxavierchaves.mg.gov.br\/prefeitura\/wp-content\/uploads\/2023\/08\/01-Programacao-V-Moscoxaves-1024x1024.jpeg 1024w, https:\/\/coronelxavierchaves.mg.gov.br\/prefeitura\/wp-content\/uploads\/2023\/08\/01-Programacao-V-Moscoxaves-300x300.jpeg 300w, https:\/\/coronelxavierchaves.mg.gov.br\/prefeitura\/wp-content\/uploads\/2023\/08\/01-Programacao-V-Moscoxaves-130x130.jpeg 130w, https:\/\/coronelxavierchaves.mg.gov.br\/prefeitura\/wp-content\/uploads\/2023\/08\/01-Programacao-V-Moscoxaves-768x768.jpeg 768w, https:\/\/coronelxavierchaves.mg.gov.br\/prefeitura\/wp-content\/uploads\/2023\/08\/01-Programacao-V-Moscoxaves-696x696.jpeg 696w, https:\/\/coronelxavierchaves.mg.gov.br\/prefeitura\/wp-content\/uploads\/2023\/08\/01-Programacao-V-Moscoxaves-1068x1068.jpeg 1068w, https:\/\/coronelxavierchaves.mg.gov.br\/prefeitura\/wp-content\/uploads\/2023\/08\/01-Programacao-V-Moscoxaves-420x420.jpeg 420w, https:\/\/coronelxavierchaves.mg.gov.br\/prefeitura\/wp-content\/uploads\/2023\/08\/01-Programacao-V-Moscoxaves-45x45.jpeg 45w, https:\/\/coronelxavierchaves.mg.gov.br\/prefeitura\/wp-content\/uploads\/2023\/08\/01-Programacao-V-Moscoxaves.jpeg 1080w\" sizes=\"auto, (max-width: 696px) 100vw, 696px\" \/> <img loading=\"lazy\" decoding=\"async\" class=\"aligncenter wp-image-17577 size-large\" src=\"https:\/\/coronelxavierchaves.mg.gov.br\/prefeitura\/wp-content\/uploads\/2023\/08\/02-Programacao-V-Moscoxaves-1024x1024.jpeg\" alt=\"\" width=\"696\" height=\"696\" srcset=\"https:\/\/coronelxavierchaves.mg.gov.br\/prefeitura\/wp-content\/uploads\/2023\/08\/02-Programacao-V-Moscoxaves-1024x1024.jpeg 1024w, https:\/\/coronelxavierchaves.mg.gov.br\/prefeitura\/wp-content\/uploads\/2023\/08\/02-Programacao-V-Moscoxaves-300x300.jpeg 300w, https:\/\/coronelxavierchaves.mg.gov.br\/prefeitura\/wp-content\/uploads\/2023\/08\/02-Programacao-V-Moscoxaves-130x130.jpeg 130w, https:\/\/coronelxavierchaves.mg.gov.br\/prefeitura\/wp-content\/uploads\/2023\/08\/02-Programacao-V-Moscoxaves-768x768.jpeg 768w, https:\/\/coronelxavierchaves.mg.gov.br\/prefeitura\/wp-content\/uploads\/2023\/08\/02-Programacao-V-Moscoxaves-696x696.jpeg 696w, https:\/\/coronelxavierchaves.mg.gov.br\/prefeitura\/wp-content\/uploads\/2023\/08\/02-Programacao-V-Moscoxaves-1068x1068.jpeg 1068w, https:\/\/coronelxavierchaves.mg.gov.br\/prefeitura\/wp-content\/uploads\/2023\/08\/02-Programacao-V-Moscoxaves-420x420.jpeg 420w, https:\/\/coronelxavierchaves.mg.gov.br\/prefeitura\/wp-content\/uploads\/2023\/08\/02-Programacao-V-Moscoxaves-45x45.jpeg 45w, https:\/\/coronelxavierchaves.mg.gov.br\/prefeitura\/wp-content\/uploads\/2023\/08\/02-Programacao-V-Moscoxaves.jpeg 1080w\" sizes=\"auto, (max-width: 696px) 100vw, 696px\" \/> <img loading=\"lazy\" decoding=\"async\" class=\"aligncenter wp-image-17578 size-large\" src=\"https:\/\/coronelxavierchaves.mg.gov.br\/prefeitura\/wp-content\/uploads\/2023\/08\/03-Programacao-V-Moscoxaves-1024x1024.jpeg\" alt=\"\" width=\"696\" height=\"696\" srcset=\"https:\/\/coronelxavierchaves.mg.gov.br\/prefeitura\/wp-content\/uploads\/2023\/08\/03-Programacao-V-Moscoxaves-1024x1024.jpeg 1024w, https:\/\/coronelxavierchaves.mg.gov.br\/prefeitura\/wp-content\/uploads\/2023\/08\/03-Programacao-V-Moscoxaves-300x300.jpeg 300w, https:\/\/coronelxavierchaves.mg.gov.br\/prefeitura\/wp-content\/uploads\/2023\/08\/03-Programacao-V-Moscoxaves-130x130.jpeg 130w, https:\/\/coronelxavierchaves.mg.gov.br\/prefeitura\/wp-content\/uploads\/2023\/08\/03-Programacao-V-Moscoxaves-768x768.jpeg 768w, https:\/\/coronelxavierchaves.mg.gov.br\/prefeitura\/wp-content\/uploads\/2023\/08\/03-Programacao-V-Moscoxaves-696x696.jpeg 696w, https:\/\/coronelxavierchaves.mg.gov.br\/prefeitura\/wp-content\/uploads\/2023\/08\/03-Programacao-V-Moscoxaves-1068x1068.jpeg 1068w, https:\/\/coronelxavierchaves.mg.gov.br\/prefeitura\/wp-content\/uploads\/2023\/08\/03-Programacao-V-Moscoxaves-420x420.jpeg 420w, https:\/\/coronelxavierchaves.mg.gov.br\/prefeitura\/wp-content\/uploads\/2023\/08\/03-Programacao-V-Moscoxaves-45x45.jpeg 45w, https:\/\/coronelxavierchaves.mg.gov.br\/prefeitura\/wp-content\/uploads\/2023\/08\/03-Programacao-V-Moscoxaves.jpeg 1080w\" sizes=\"auto, (max-width: 696px) 100vw, 696px\" \/> <img loading=\"lazy\" decoding=\"async\" class=\"aligncenter wp-image-17580 size-large\" src=\"https:\/\/coronelxavierchaves.mg.gov.br\/prefeitura\/wp-content\/uploads\/2023\/08\/04-Programacao-V-Moscoxaves-1024x1024.jpeg\" alt=\"\" width=\"696\" height=\"696\" srcset=\"https:\/\/coronelxavierchaves.mg.gov.br\/prefeitura\/wp-content\/uploads\/2023\/08\/04-Programacao-V-Moscoxaves-1024x1024.jpeg 1024w, https:\/\/coronelxavierchaves.mg.gov.br\/prefeitura\/wp-content\/uploads\/2023\/08\/04-Programacao-V-Moscoxaves-300x300.jpeg 300w, https:\/\/coronelxavierchaves.mg.gov.br\/prefeitura\/wp-content\/uploads\/2023\/08\/04-Programacao-V-Moscoxaves-130x130.jpeg 130w, https:\/\/coronelxavierchaves.mg.gov.br\/prefeitura\/wp-content\/uploads\/2023\/08\/04-Programacao-V-Moscoxaves-768x768.jpeg 768w, https:\/\/coronelxavierchaves.mg.gov.br\/prefeitura\/wp-content\/uploads\/2023\/08\/04-Programacao-V-Moscoxaves-696x696.jpeg 696w, https:\/\/coronelxavierchaves.mg.gov.br\/prefeitura\/wp-content\/uploads\/2023\/08\/04-Programacao-V-Moscoxaves-1068x1068.jpeg 1068w, https:\/\/coronelxavierchaves.mg.gov.br\/prefeitura\/wp-content\/uploads\/2023\/08\/04-Programacao-V-Moscoxaves-420x420.jpeg 420w, https:\/\/coronelxavierchaves.mg.gov.br\/prefeitura\/wp-content\/uploads\/2023\/08\/04-Programacao-V-Moscoxaves-45x45.jpeg 45w, https:\/\/coronelxavierchaves.mg.gov.br\/prefeitura\/wp-content\/uploads\/2023\/08\/04-Programacao-V-Moscoxaves.jpeg 1080w\" sizes=\"auto, (max-width: 696px) 100vw, 696px\" \/> <img loading=\"lazy\" decoding=\"async\" class=\"aligncenter wp-image-17581 size-large\" src=\"https:\/\/coronelxavierchaves.mg.gov.br\/prefeitura\/wp-content\/uploads\/2023\/08\/05-Programacao-V-Moscoxaves-1024x1024.jpeg\" alt=\"\" width=\"696\" height=\"696\" srcset=\"https:\/\/coronelxavierchaves.mg.gov.br\/prefeitura\/wp-content\/uploads\/2023\/08\/05-Programacao-V-Moscoxaves-1024x1024.jpeg 1024w, https:\/\/coronelxavierchaves.mg.gov.br\/prefeitura\/wp-content\/uploads\/2023\/08\/05-Programacao-V-Moscoxaves-300x300.jpeg 300w, https:\/\/coronelxavierchaves.mg.gov.br\/prefeitura\/wp-content\/uploads\/2023\/08\/05-Programacao-V-Moscoxaves-130x130.jpeg 130w, https:\/\/coronelxavierchaves.mg.gov.br\/prefeitura\/wp-content\/uploads\/2023\/08\/05-Programacao-V-Moscoxaves-768x768.jpeg 768w, https:\/\/coronelxavierchaves.mg.gov.br\/prefeitura\/wp-content\/uploads\/2023\/08\/05-Programacao-V-Moscoxaves-696x696.jpeg 696w, https:\/\/coronelxavierchaves.mg.gov.br\/prefeitura\/wp-content\/uploads\/2023\/08\/05-Programacao-V-Moscoxaves-1068x1068.jpeg 1068w, https:\/\/coronelxavierchaves.mg.gov.br\/prefeitura\/wp-content\/uploads\/2023\/08\/05-Programacao-V-Moscoxaves-420x420.jpeg 420w, https:\/\/coronelxavierchaves.mg.gov.br\/prefeitura\/wp-content\/uploads\/2023\/08\/05-Programacao-V-Moscoxaves-45x45.jpeg 45w, https:\/\/coronelxavierchaves.mg.gov.br\/prefeitura\/wp-content\/uploads\/2023\/08\/05-Programacao-V-Moscoxaves.jpeg 1080w\" sizes=\"auto, (max-width: 696px) 100vw, 696px\" \/> <img loading=\"lazy\" decoding=\"async\" class=\"aligncenter wp-image-17582 size-large\" src=\"https:\/\/coronelxavierchaves.mg.gov.br\/prefeitura\/wp-content\/uploads\/2023\/08\/06-Programacao-V-Moscoxaves-1024x1024.jpeg\" alt=\"\" width=\"696\" height=\"696\" srcset=\"https:\/\/coronelxavierchaves.mg.gov.br\/prefeitura\/wp-content\/uploads\/2023\/08\/06-Programacao-V-Moscoxaves-1024x1024.jpeg 1024w, https:\/\/coronelxavierchaves.mg.gov.br\/prefeitura\/wp-content\/uploads\/2023\/08\/06-Programacao-V-Moscoxaves-300x300.jpeg 300w, https:\/\/coronelxavierchaves.mg.gov.br\/prefeitura\/wp-content\/uploads\/2023\/08\/06-Programacao-V-Moscoxaves-130x130.jpeg 130w, https:\/\/coronelxavierchaves.mg.gov.br\/prefeitura\/wp-content\/uploads\/2023\/08\/06-Programacao-V-Moscoxaves-768x768.jpeg 768w, https:\/\/coronelxavierchaves.mg.gov.br\/prefeitura\/wp-content\/uploads\/2023\/08\/06-Programacao-V-Moscoxaves-696x696.jpeg 696w, https:\/\/coronelxavierchaves.mg.gov.br\/prefeitura\/wp-content\/uploads\/2023\/08\/06-Programacao-V-Moscoxaves-1068x1068.jpeg 1068w, https:\/\/coronelxavierchaves.mg.gov.br\/prefeitura\/wp-content\/uploads\/2023\/08\/06-Programacao-V-Moscoxaves-420x420.jpeg 420w, https:\/\/coronelxavierchaves.mg.gov.br\/prefeitura\/wp-content\/uploads\/2023\/08\/06-Programacao-V-Moscoxaves-45x45.jpeg 45w, https:\/\/coronelxavierchaves.mg.gov.br\/prefeitura\/wp-content\/uploads\/2023\/08\/06-Programacao-V-Moscoxaves.jpeg 1080w\" sizes=\"auto, (max-width: 696px) 100vw, 696px\" \/><\/p>\n","protected":false},"excerpt":{"rendered":"<p>Inscri\u00e7\u00f5es para as atividades do V MOSCOXAVES CAMINHADA ECOL\u00d3GICA EXPOSI\u00c7\u00c3O DE CARROS ANTIGOS PEDAL TRILHA DE MOTO<\/p>\n","protected":false},"author":7,"featured_media":0,"parent":0,"menu_order":0,"comment_status":"closed","ping_status":"closed","template":"","meta":{"footnotes":"","_links_to":"","_links_to_target":""},"class_list":["post-14872","page","type-page","status-publish"],"_links":{"self":[{"href":"https:\/\/coronelxavierchaves.mg.gov.br\/prefeitura\/wp-json\/wp\/v2\/pages\/14872","targetHints":{"allow":["GET"]}}],"collection":[{"href":"https:\/\/coronelxavierchaves.mg.gov.br\/prefeitura\/wp-json\/wp\/v2\/pages"}],"about":[{"href":"https:\/\/coronelxavierchaves.mg.gov.br\/prefeitura\/wp-json\/wp\/v2\/types\/page"}],"author":[{"embeddable":true,"href":"https:\/\/coronelxavierchaves.mg.gov.br\/prefeitura\/wp-json\/wp\/v2\/users\/7"}],"replies":[{"embeddable":true,"href":"https:\/\/coronelxavierchaves.mg.gov.br\/prefeitura\/wp-json\/wp\/v2\/comments?post=14872"}],"version-history":[{"count":29,"href":"https:\/\/coronelxavierchaves.mg.gov.br\/prefeitura\/wp-json\/wp\/v2\/pages\/14872\/revisions"}],"predecessor-version":[{"id":17584,"href":"https:\/\/coronelxavierchaves.mg.gov.br\/prefeitura\/wp-json\/wp\/v2\/pages\/14872\/revisions\/17584"}],"wp:attachment":[{"href":"https:\/\/coronelxavierchaves.mg.gov.br\/prefeitura\/wp-json\/wp\/v2\/media?parent=14872"}],"curies":[{"name":"wp","href":"https:\/\/api.w.org\/{rel}","templated":true}]}}