{"id":20642,"date":"2024-08-01T10:12:24","date_gmt":"2024-08-01T13:12:24","guid":{"rendered":"https:\/\/coronelxavierchaves.mg.gov.br\/prefeitura\/?page_id=20642"},"modified":"2026-03-25T08:33:17","modified_gmt":"2026-03-25T11:33:17","slug":"secretaria-de-administracao","status":"publish","type":"page","link":"https:\/\/coronelxavierchaves.mg.gov.br\/prefeitura\/secretaria-de-administracao\/","title":{"rendered":"SECRETARIA DE ADMINISTRA\u00c7\u00c3O"},"content":{"rendered":"<p><strong>SECRETARIA DE ADMINISTRA\u00c7\u00c3O<\/strong><\/p>\n<p>Endere\u00e7o: Rua Padre Reis, n\u00b0 84, Centro.<br \/>\nHor\u00e1rio de Funcionamento: 08h \u00e0s 16h<br \/>\nTelefone de Contato: (32) 3216-1053 Ramal 105<br \/>\nEmail: administracao@coronelxavierchaves.mg.gov.br<\/p>\n<p><strong>SECRET\u00c1RIO DE ADMINISTRA\u00c7\u00c3O:<\/strong>\u00a0FL\u00c1VIO GERALDO DE OLIVEIRA PINTO<\/p>\n<p><strong>ASSISTENTE DE COMPRAS, CONV\u00caNIO E QUALIDADE:<\/strong>\u00a0MATHEUS GABRIEL JOS\u00c9 DOS SANTOS PAULA<\/p>\n<p><strong>ASSISTENTE DE CONTABILIDADE E TESOURARIA:<\/strong>\u00a0ROSIMARA FERNANDA DE ALMEIDA SILVA<\/p>\n<p><strong>DIRETORA DE COMPRAS, LICITA\u00c7\u00d5ES E CONTRATOS:<\/strong>\u00a0BEATRIZ RAYZE DE RESENDE<\/p>\n<p><strong>ASSISTENTE DE PATRIM\u00d4NIO:<\/strong>\u00a0SEBASTI\u00c3O LU\u00cdS CHAVES DE SOUSA<\/p>\n<p><strong>COORDENADOR DE TRANSPORTE E FROTA:<\/strong>\u00a0WELITON DE SOUSA MAGALHAES<\/p>\n<p><strong>CHEFE DE RECURSOS HUMANOS:<\/strong>\u00a0GEOV\u00c2NIA DE APARECIDA PIO<\/p>\n","protected":false},"excerpt":{"rendered":"<p>SECRETARIA DE ADMINISTRA\u00c7\u00c3O Endere\u00e7o: Rua Padre Reis, n\u00b0 84, Centro. Hor\u00e1rio de Funcionamento: 08h \u00e0s 16h Telefone de Contato: (32) 3216-1053 Ramal 105 Email: administracao@coronelxavierchaves.mg.gov.br SECRET\u00c1RIO DE ADMINISTRA\u00c7\u00c3O:\u00a0FL\u00c1VIO GERALDO DE OLIVEIRA PINTO ASSISTENTE DE COMPRAS, CONV\u00caNIO E QUALIDADE:\u00a0MATHEUS GABRIEL JOS\u00c9 DOS SANTOS PAULA ASSISTENTE DE CONTABILIDADE E TESOURARIA:\u00a0ROSIMARA FERNANDA DE ALMEIDA SILVA DIRETORA DE COMPRAS, [&hellip;]<\/p>\n","protected":false},"author":3,"featured_media":0,"parent":0,"menu_order":0,"comment_status":"closed","ping_status":"closed","template":"","meta":{"footnotes":"","_links_to":"","_links_to_target":""},"class_list":["post-20642","page","type-page","status-publish"],"_links":{"self":[{"href":"https:\/\/coronelxavierchaves.mg.gov.br\/prefeitura\/wp-json\/wp\/v2\/pages\/20642","targetHints":{"allow":["GET"]}}],"collection":[{"href":"https:\/\/coronelxavierchaves.mg.gov.br\/prefeitura\/wp-json\/wp\/v2\/pages"}],"about":[{"href":"https:\/\/coronelxavierchaves.mg.gov.br\/prefeitura\/wp-json\/wp\/v2\/types\/page"}],"author":[{"embeddable":true,"href":"https:\/\/coronelxavierchaves.mg.gov.br\/prefeitura\/wp-json\/wp\/v2\/users\/3"}],"replies":[{"embeddable":true,"href":"https:\/\/coronelxavierchaves.mg.gov.br\/prefeitura\/wp-json\/wp\/v2\/comments?post=20642"}],"version-history":[{"count":4,"href":"https:\/\/coronelxavierchaves.mg.gov.br\/prefeitura\/wp-json\/wp\/v2\/pages\/20642\/revisions"}],"predecessor-version":[{"id":27171,"href":"https:\/\/coronelxavierchaves.mg.gov.br\/prefeitura\/wp-json\/wp\/v2\/pages\/20642\/revisions\/27171"}],"wp:attachment":[{"href":"https:\/\/coronelxavierchaves.mg.gov.br\/prefeitura\/wp-json\/wp\/v2\/media?parent=20642"}],"curies":[{"name":"wp","href":"https:\/\/api.w.org\/{rel}","templated":true}]}}