{"id":20644,"date":"2024-08-01T10:13:05","date_gmt":"2024-08-01T13:13:05","guid":{"rendered":"https:\/\/coronelxavierchaves.mg.gov.br\/prefeitura\/?page_id=20644"},"modified":"2026-03-25T08:34:54","modified_gmt":"2026-03-25T11:34:54","slug":"secretaria-de-financas","status":"publish","type":"page","link":"https:\/\/coronelxavierchaves.mg.gov.br\/prefeitura\/secretaria-de-financas\/","title":{"rendered":"SECRETARIA DE FINAN\u00c7AS"},"content":{"rendered":"<p><span style=\"font-size: 12pt;\"><strong>SECRETARIA DE FINAN\u00c7AS<\/strong><\/span><\/p>\n<p><strong>SECRET\u00c1RIO DE FINAN\u00c7AS E PLANEJAMENTO:<\/strong>\u00a0WELTON ALEXANDRE DA SILVA<\/p>\n<p><strong>ASSESSOR DE FINAN\u00c7AS:<\/strong>\u00a0LUIZ ANT\u00d4NIO XAVIER<\/p>\n<p>Endere\u00e7o: Rua Padre Reis, n\u00b0 84, Centro.<br \/>\nHor\u00e1rio de Funcionamento: 08h \u00e0s 16h<br \/>\nTelefone de Contato: (32) 3216-1053 Ramal 119<br \/>\nEmail: financa2@coronelxavierchaves.mg.gov.br<\/p>\n<ul>\n<li><a href=\"https:\/\/coronelxavierchaves.mg.gov.br\/prefeitura\/wp-content\/uploads\/2025\/08\/Plano-de-Fiscalizacao-Bianual-2025-2026.pdf\">Plano de Fiscaliza\u00e7\u00e3o Bianual 2025-2026<\/a><\/li>\n<\/ul>\n","protected":false},"excerpt":{"rendered":"<p>SECRETARIA DE FINAN\u00c7AS SECRET\u00c1RIO DE FINAN\u00c7AS E PLANEJAMENTO:\u00a0WELTON ALEXANDRE DA SILVA ASSESSOR DE FINAN\u00c7AS:\u00a0LUIZ ANT\u00d4NIO XAVIER Endere\u00e7o: Rua Padre Reis, n\u00b0 84, Centro. Hor\u00e1rio de Funcionamento: 08h \u00e0s 16h Telefone de Contato: (32) 3216-1053 Ramal 119 Email: financa2@coronelxavierchaves.mg.gov.br Plano de Fiscaliza\u00e7\u00e3o Bianual 2025-2026<\/p>\n","protected":false},"author":3,"featured_media":0,"parent":0,"menu_order":0,"comment_status":"closed","ping_status":"closed","template":"","meta":{"footnotes":"","_links_to":"","_links_to_target":""},"class_list":["post-20644","page","type-page","status-publish"],"_links":{"self":[{"href":"https:\/\/coronelxavierchaves.mg.gov.br\/prefeitura\/wp-json\/wp\/v2\/pages\/20644","targetHints":{"allow":["GET"]}}],"collection":[{"href":"https:\/\/coronelxavierchaves.mg.gov.br\/prefeitura\/wp-json\/wp\/v2\/pages"}],"about":[{"href":"https:\/\/coronelxavierchaves.mg.gov.br\/prefeitura\/wp-json\/wp\/v2\/types\/page"}],"author":[{"embeddable":true,"href":"https:\/\/coronelxavierchaves.mg.gov.br\/prefeitura\/wp-json\/wp\/v2\/users\/3"}],"replies":[{"embeddable":true,"href":"https:\/\/coronelxavierchaves.mg.gov.br\/prefeitura\/wp-json\/wp\/v2\/comments?post=20644"}],"version-history":[{"count":7,"href":"https:\/\/coronelxavierchaves.mg.gov.br\/prefeitura\/wp-json\/wp\/v2\/pages\/20644\/revisions"}],"predecessor-version":[{"id":27173,"href":"https:\/\/coronelxavierchaves.mg.gov.br\/prefeitura\/wp-json\/wp\/v2\/pages\/20644\/revisions\/27173"}],"wp:attachment":[{"href":"https:\/\/coronelxavierchaves.mg.gov.br\/prefeitura\/wp-json\/wp\/v2\/media?parent=20644"}],"curies":[{"name":"wp","href":"https:\/\/api.w.org\/{rel}","templated":true}]}}