{"id":20707,"date":"2024-08-07T11:27:34","date_gmt":"2024-08-07T14:27:34","guid":{"rendered":"https:\/\/coronelxavierchaves.mg.gov.br\/prefeitura\/?page_id=20707"},"modified":"2025-05-20T14:19:58","modified_gmt":"2025-05-20T17:19:58","slug":"lgpd-lei-geral-de-protecao-de-dados-pessoais","status":"publish","type":"page","link":"https:\/\/coronelxavierchaves.mg.gov.br\/prefeitura\/lgpd-lei-geral-de-protecao-de-dados-pessoais\/","title":{"rendered":"LGPD &#8211; LEI GERAL DE PROTE\u00c7\u00c3O DE DADOS PESSOAIS"},"content":{"rendered":"<p style=\"text-align: justify;\">\u00a0A\u00a0<a href=\"http:\/\/www.planalto.gov.br\/ccivil_03\/_ato2015-2018\/2018\/lei\/L13709.htm\" target=\"_blank\" rel=\"noopener\">Lei n\u00ba 13.709, de 14 de agosto de 2018, Lei Geral de Prote\u00e7\u00e3o de Dados Pessoais (LGPD)<\/a>,\u00a0entrou em vigor visando \u00e0 prote\u00e7\u00e3o dos dados relativos a qualquer pessoa f\u00edsica que se encontre no territ\u00f3rio brasileiro.<\/p>\n<p style=\"text-align: justify;\">\u00a0\u00a0\u00a0\u00a0\u00a0\u00a0\u00a0Seguindo uma tend\u00eancia global, a nova legisla\u00e7\u00e3o objetiva proteger os direitos fundamentais de liberdade e de privacidade e o livre desenvolvimento da personalidade da pessoa natural, promovendo o correto tratamento de dados pessoais, em meios f\u00edsicos ou digitais, no \u00e2mbito de institui\u00e7\u00f5es p\u00fablicas e privadas.<\/p>\n<p style=\"text-align: justify;\">\u00a0\u00a0\u00a0\u00a0\u00a0\u00a0\u00a0\u00a0\u00a0 Nesse contexto, a Prefeitura Municipal de Coronel Xavier Chaves est\u00e1 desenvolvendo o seu Programa de Prote\u00e7\u00e3o de Dados Pessoais, com o fim de regulamentar internamente as disposi\u00e7\u00f5es contidas na LGPD, de modo a adequar o tratamento de dados pessoais em seus processos de trabalho, naquilo que for necess\u00e1rio.<\/p>\n<p>&#8211;\u00a0DECRETO<\/p>\n<p>&#8211;\u00a0Cartilha Lei Geral de Prote\u00e7\u00e3o de Dados.<\/p>\n<p><a href=\"https:\/\/coronelxavierchaves.mg.gov.br\/prefeitura\/wp-content\/uploads\/2024\/09\/Politica-de-Privacidade-Site-Oficial-PDF.pdf\" target=\"_blank\" rel=\"noopener\">&#8211; Pol\u00edtica de Privacidade da Prefeitura Municipal de Coronel Xavier Chaves<\/a><\/p>\n<p>&nbsp;<\/p>\n<p>Encarregada: Geovania Pio<\/p>\n<p>Contato: encarregado@coronelxavierchaves.mg.gov.br<\/p>\n<p>Telefone: (32) 3216-1053 Ramal 102<\/p>\n","protected":false},"excerpt":{"rendered":"<p>\u00a0A\u00a0Lei n\u00ba 13.709, de 14 de agosto de 2018, Lei Geral de Prote\u00e7\u00e3o de Dados Pessoais (LGPD),\u00a0entrou em vigor visando \u00e0 prote\u00e7\u00e3o dos dados relativos a qualquer pessoa f\u00edsica que se encontre no territ\u00f3rio brasileiro. \u00a0\u00a0\u00a0\u00a0\u00a0\u00a0\u00a0Seguindo uma tend\u00eancia global, a nova legisla\u00e7\u00e3o objetiva proteger os direitos fundamentais de liberdade e de privacidade e o livre [&hellip;]<\/p>\n","protected":false},"author":3,"featured_media":0,"parent":0,"menu_order":0,"comment_status":"closed","ping_status":"closed","template":"","meta":{"footnotes":"","_links_to":"","_links_to_target":""},"class_list":["post-20707","page","type-page","status-publish"],"_links":{"self":[{"href":"https:\/\/coronelxavierchaves.mg.gov.br\/prefeitura\/wp-json\/wp\/v2\/pages\/20707","targetHints":{"allow":["GET"]}}],"collection":[{"href":"https:\/\/coronelxavierchaves.mg.gov.br\/prefeitura\/wp-json\/wp\/v2\/pages"}],"about":[{"href":"https:\/\/coronelxavierchaves.mg.gov.br\/prefeitura\/wp-json\/wp\/v2\/types\/page"}],"author":[{"embeddable":true,"href":"https:\/\/coronelxavierchaves.mg.gov.br\/prefeitura\/wp-json\/wp\/v2\/users\/3"}],"replies":[{"embeddable":true,"href":"https:\/\/coronelxavierchaves.mg.gov.br\/prefeitura\/wp-json\/wp\/v2\/comments?post=20707"}],"version-history":[{"count":8,"href":"https:\/\/coronelxavierchaves.mg.gov.br\/prefeitura\/wp-json\/wp\/v2\/pages\/20707\/revisions"}],"predecessor-version":[{"id":23869,"href":"https:\/\/coronelxavierchaves.mg.gov.br\/prefeitura\/wp-json\/wp\/v2\/pages\/20707\/revisions\/23869"}],"wp:attachment":[{"href":"https:\/\/coronelxavierchaves.mg.gov.br\/prefeitura\/wp-json\/wp\/v2\/media?parent=20707"}],"curies":[{"name":"wp","href":"https:\/\/api.w.org\/{rel}","templated":true}]}}