{"id":20748,"date":"2024-08-12T10:02:48","date_gmt":"2024-08-12T13:02:48","guid":{"rendered":"https:\/\/coronelxavierchaves.mg.gov.br\/prefeitura\/?page_id=20748"},"modified":"2024-08-14T09:51:45","modified_gmt":"2024-08-14T12:51:45","slug":"vi-moscoxaves-2024","status":"publish","type":"page","link":"https:\/\/coronelxavierchaves.mg.gov.br\/prefeitura\/vi-moscoxaves-2024\/","title":{"rendered":"VI MOSCOXAVES &#8211; 2024"},"content":{"rendered":"<p style=\"text-align: left;\"><span style=\"font-size: 18pt;\"><strong>Inscri\u00e7\u00f5es para as atividades do VI MOSCOXAVES<\/strong><\/span><\/p>\n<ul>\n<li><a href=\"https:\/\/www.sympla.com.br\/caminhada-ecologica---vi-moscoxaves__2566979\" target=\"_blank\" rel=\"noopener\"><strong>CAMINHADA ECOL\u00d3GICA<\/strong><\/a><\/li>\n<li><a href=\"https:\/\/www.sympla.com.br\/exposicao-de-carros-antigos---vi-moscoxaves__2588685\" target=\"_blank\" rel=\"noopener\"><strong>EXPOSI\u00c7\u00c3O DE CARROS ANTIGOS<\/strong><\/a><\/li>\n<li><a href=\"https:\/\/www.sympla.com.br\/pedal---vi-moscoxaves__2588661\" target=\"_blank\" rel=\"noopener\"><strong>PEDAL<\/strong><\/a><\/li>\n<\/ul>\n<hr \/>\n<p><img loading=\"lazy\" decoding=\"async\" class=\"aligncenter wp-image-20770 size-full\" src=\"https:\/\/coronelxavierchaves.mg.gov.br\/prefeitura\/wp-content\/uploads\/2024\/08\/MOSCOXAVES-CARTAZ-A3_1.jpg\" alt=\"\" width=\"1123\" height=\"1587\" srcset=\"https:\/\/coronelxavierchaves.mg.gov.br\/prefeitura\/wp-content\/uploads\/2024\/08\/MOSCOXAVES-CARTAZ-A3_1.jpg 1123w, https:\/\/coronelxavierchaves.mg.gov.br\/prefeitura\/wp-content\/uploads\/2024\/08\/MOSCOXAVES-CARTAZ-A3_1-212x300.jpg 212w, https:\/\/coronelxavierchaves.mg.gov.br\/prefeitura\/wp-content\/uploads\/2024\/08\/MOSCOXAVES-CARTAZ-A3_1-725x1024.jpg 725w, https:\/\/coronelxavierchaves.mg.gov.br\/prefeitura\/wp-content\/uploads\/2024\/08\/MOSCOXAVES-CARTAZ-A3_1-768x1085.jpg 768w, https:\/\/coronelxavierchaves.mg.gov.br\/prefeitura\/wp-content\/uploads\/2024\/08\/MOSCOXAVES-CARTAZ-A3_1-1087x1536.jpg 1087w, https:\/\/coronelxavierchaves.mg.gov.br\/prefeitura\/wp-content\/uploads\/2024\/08\/MOSCOXAVES-CARTAZ-A3_1-297x420.jpg 297w, https:\/\/coronelxavierchaves.mg.gov.br\/prefeitura\/wp-content\/uploads\/2024\/08\/MOSCOXAVES-CARTAZ-A3_1-696x984.jpg 696w, https:\/\/coronelxavierchaves.mg.gov.br\/prefeitura\/wp-content\/uploads\/2024\/08\/MOSCOXAVES-CARTAZ-A3_1-1068x1509.jpg 1068w\" sizes=\"auto, (max-width: 1123px) 100vw, 1123px\" \/><\/p>\n<hr \/>\n<p>&nbsp;<\/p>\n","protected":false},"excerpt":{"rendered":"<p>Inscri\u00e7\u00f5es para as atividades do VI MOSCOXAVES CAMINHADA ECOL\u00d3GICA EXPOSI\u00c7\u00c3O DE CARROS ANTIGOS PEDAL &nbsp;<\/p>\n","protected":false},"author":3,"featured_media":0,"parent":0,"menu_order":0,"comment_status":"closed","ping_status":"closed","template":"","meta":{"footnotes":"","_links_to":"","_links_to_target":""},"class_list":["post-20748","page","type-page","status-publish"],"_links":{"self":[{"href":"https:\/\/coronelxavierchaves.mg.gov.br\/prefeitura\/wp-json\/wp\/v2\/pages\/20748","targetHints":{"allow":["GET"]}}],"collection":[{"href":"https:\/\/coronelxavierchaves.mg.gov.br\/prefeitura\/wp-json\/wp\/v2\/pages"}],"about":[{"href":"https:\/\/coronelxavierchaves.mg.gov.br\/prefeitura\/wp-json\/wp\/v2\/types\/page"}],"author":[{"embeddable":true,"href":"https:\/\/coronelxavierchaves.mg.gov.br\/prefeitura\/wp-json\/wp\/v2\/users\/3"}],"replies":[{"embeddable":true,"href":"https:\/\/coronelxavierchaves.mg.gov.br\/prefeitura\/wp-json\/wp\/v2\/comments?post=20748"}],"version-history":[{"count":5,"href":"https:\/\/coronelxavierchaves.mg.gov.br\/prefeitura\/wp-json\/wp\/v2\/pages\/20748\/revisions"}],"predecessor-version":[{"id":20772,"href":"https:\/\/coronelxavierchaves.mg.gov.br\/prefeitura\/wp-json\/wp\/v2\/pages\/20748\/revisions\/20772"}],"wp:attachment":[{"href":"https:\/\/coronelxavierchaves.mg.gov.br\/prefeitura\/wp-json\/wp\/v2\/media?parent=20748"}],"curies":[{"name":"wp","href":"https:\/\/api.w.org\/{rel}","templated":true}]}}