{"id":23281,"date":"2025-04-03T10:58:34","date_gmt":"2025-04-03T13:58:34","guid":{"rendered":"https:\/\/coronelxavierchaves.mg.gov.br\/prefeitura\/?page_id=23281"},"modified":"2025-04-10T07:53:04","modified_gmt":"2025-04-10T10:53:04","slug":"3o-festival-do-queijo-e-da-cachaca-das-vertentes","status":"publish","type":"page","link":"https:\/\/coronelxavierchaves.mg.gov.br\/prefeitura\/3o-festival-do-queijo-e-da-cachaca-das-vertentes\/","title":{"rendered":"3\u00ba Festival do Queijo e da Cacha\u00e7a das Vertentes"},"content":{"rendered":"<p><img loading=\"lazy\" decoding=\"async\" class=\"alignnone size-full wp-image-23284\" src=\"https:\/\/coronelxavierchaves.mg.gov.br\/prefeitura\/wp-content\/uploads\/2025\/04\/Capa-3-Festival-Queijo.jpg\" alt=\"\" width=\"1600\" height=\"1026\" srcset=\"https:\/\/coronelxavierchaves.mg.gov.br\/prefeitura\/wp-content\/uploads\/2025\/04\/Capa-3-Festival-Queijo.jpg 1600w, https:\/\/coronelxavierchaves.mg.gov.br\/prefeitura\/wp-content\/uploads\/2025\/04\/Capa-3-Festival-Queijo-300x192.jpg 300w, https:\/\/coronelxavierchaves.mg.gov.br\/prefeitura\/wp-content\/uploads\/2025\/04\/Capa-3-Festival-Queijo-1024x657.jpg 1024w, https:\/\/coronelxavierchaves.mg.gov.br\/prefeitura\/wp-content\/uploads\/2025\/04\/Capa-3-Festival-Queijo-768x492.jpg 768w, https:\/\/coronelxavierchaves.mg.gov.br\/prefeitura\/wp-content\/uploads\/2025\/04\/Capa-3-Festival-Queijo-1536x985.jpg 1536w, https:\/\/coronelxavierchaves.mg.gov.br\/prefeitura\/wp-content\/uploads\/2025\/04\/Capa-3-Festival-Queijo-655x420.jpg 655w, https:\/\/coronelxavierchaves.mg.gov.br\/prefeitura\/wp-content\/uploads\/2025\/04\/Capa-3-Festival-Queijo-696x446.jpg 696w, https:\/\/coronelxavierchaves.mg.gov.br\/prefeitura\/wp-content\/uploads\/2025\/04\/Capa-3-Festival-Queijo-1068x685.jpg 1068w\" sizes=\"auto, (max-width: 1600px) 100vw, 1600px\" \/><\/p>\n<p><strong><a href=\"https:\/\/www.sympla.com.br\/evento\/3-festival-do-queijo-e-da-cachaca-das-vertentes---cursos\/2898661\" target=\"_blank\" rel=\"noopener\">Link para inscri\u00e7\u00f5es dos Cursos<\/a><\/strong><\/p>\n<p><strong><a href=\"https:\/\/www.sympla.com.br\/evento\/3-festival-do-queijo-e-da-cachaca-das-vertentes---workshops\/2898676\" target=\"_blank\" rel=\"noopener\">Link para inscri\u00e7\u00f5es dos Workshops<\/a><\/strong><\/p>\n","protected":false},"excerpt":{"rendered":"<p>Link para inscri\u00e7\u00f5es dos Cursos Link para inscri\u00e7\u00f5es dos Workshops<\/p>\n","protected":false},"author":3,"featured_media":0,"parent":0,"menu_order":0,"comment_status":"closed","ping_status":"closed","template":"","meta":{"footnotes":"","_links_to":"","_links_to_target":""},"class_list":["post-23281","page","type-page","status-publish"],"_links":{"self":[{"href":"https:\/\/coronelxavierchaves.mg.gov.br\/prefeitura\/wp-json\/wp\/v2\/pages\/23281","targetHints":{"allow":["GET"]}}],"collection":[{"href":"https:\/\/coronelxavierchaves.mg.gov.br\/prefeitura\/wp-json\/wp\/v2\/pages"}],"about":[{"href":"https:\/\/coronelxavierchaves.mg.gov.br\/prefeitura\/wp-json\/wp\/v2\/types\/page"}],"author":[{"embeddable":true,"href":"https:\/\/coronelxavierchaves.mg.gov.br\/prefeitura\/wp-json\/wp\/v2\/users\/3"}],"replies":[{"embeddable":true,"href":"https:\/\/coronelxavierchaves.mg.gov.br\/prefeitura\/wp-json\/wp\/v2\/comments?post=23281"}],"version-history":[{"count":5,"href":"https:\/\/coronelxavierchaves.mg.gov.br\/prefeitura\/wp-json\/wp\/v2\/pages\/23281\/revisions"}],"predecessor-version":[{"id":23433,"href":"https:\/\/coronelxavierchaves.mg.gov.br\/prefeitura\/wp-json\/wp\/v2\/pages\/23281\/revisions\/23433"}],"wp:attachment":[{"href":"https:\/\/coronelxavierchaves.mg.gov.br\/prefeitura\/wp-json\/wp\/v2\/media?parent=23281"}],"curies":[{"name":"wp","href":"https:\/\/api.w.org\/{rel}","templated":true}]}}