{"id":23718,"date":"2025-05-12T08:25:05","date_gmt":"2025-05-12T11:25:05","guid":{"rendered":"https:\/\/coronelxavierchaves.mg.gov.br\/prefeitura\/?page_id=23718"},"modified":"2026-04-22T10:01:27","modified_gmt":"2026-04-22T13:01:27","slug":"transparencia-de-eventos","status":"publish","type":"page","link":"https:\/\/coronelxavierchaves.mg.gov.br\/prefeitura\/transparencia-de-eventos\/","title":{"rendered":"TRANSPAR\u00caNCIA DE EVENTOS"},"content":{"rendered":"<p style=\"text-align: justify;\"><strong>De acordo com a Lei Municipal n\u00b0 1.516, de 04 de abril de 2025, o Poder Executivo Municipal deve divulgar os valores investidos em eventos realizados, apoiados os patrocinados, garantindo a transpar\u00eancia e responsabilidade fiscal.<\/strong><\/p>\n<div class=\"su-tabs su-tabs-style-default su-tabs-mobile-stack\" data-active=\"1\" data-scroll-offset=\"0\" data-anchor-in-url=\"no\"><div class=\"su-tabs-nav\"><span class=\"\" data-url=\"\" data-target=\"blank\" tabindex=\"0\" role=\"button\">2026<\/span><span class=\"\" data-url=\"\" data-target=\"blank\" tabindex=\"0\" role=\"button\">2025<\/span><\/div><div class=\"su-tabs-panes\"><div class=\"su-tabs-pane su-u-clearfix su-u-trim\" data-title=\"2026\">\n<ul>\n<li><a href=\"https:\/\/coronelxavierchaves.mg.gov.br\/prefeitura\/wp-content\/uploads\/2026\/04\/2a-Etapa-do-Circuito-RTR-Trail-Run.pdf\" target=\"_blank\" rel=\"noopener\">2\u00aa Etapa do Circuito RTR Trail Run<\/a><\/li>\n<li><a href=\"https:\/\/coronelxavierchaves.mg.gov.br\/prefeitura\/wp-content\/uploads\/2026\/04\/Feira-na-Praca-Abril.pdf\" target=\"_blank\" rel=\"noopener\">Feira na Pra\u00e7a &#8211; Abril<\/a><\/li>\n<li><a href=\"https:\/\/coronelxavierchaves.mg.gov.br\/prefeitura\/wp-content\/uploads\/2026\/04\/Semana-Santa.pdf\" target=\"_blank\" rel=\"noopener\">Semana Santa<\/a><\/li>\n<li><a href=\"https:\/\/coronelxavierchaves.mg.gov.br\/prefeitura\/wp-content\/uploads\/2026\/04\/Feira-na-Praca-Marco.pdf\" target=\"_blank\" rel=\"noopener\">Feira na Pra\u00e7a &#8211; Mar\u00e7o<\/a><\/li>\n<li><a href=\"https:\/\/coronelxavierchaves.mg.gov.br\/prefeitura\/wp-content\/uploads\/2026\/02\/CXC-Folia-2026.pdf\" target=\"_blank\" rel=\"noopener\">CXC Folia 2026<\/a><\/li>\n<li><a href=\"https:\/\/coronelxavierchaves.mg.gov.br\/prefeitura\/wp-content\/uploads\/2026\/02\/Festa-de-Sao-Sebastiao.pdf\" target=\"_blank\" rel=\"noopener\">Festa de S\u00e3o Sebasti\u00e3o<\/a><\/li>\n<li><a href=\"https:\/\/coronelxavierchaves.mg.gov.br\/prefeitura\/wp-content\/uploads\/2026\/01\/Natal-Encantado-2025-e-Reveillon-2026.pdf\" target=\"_blank\" rel=\"noopener\">Natal Encantado 2025 e R\u00e9veillon 2026<\/a><\/li>\n<\/ul>\n<\/div>\n<div class=\"su-tabs-pane su-u-clearfix su-u-trim\" data-title=\"2025\">\n<ul>\n<li><a href=\"https:\/\/coronelxavierchaves.mg.gov.br\/prefeitura\/wp-content\/uploads\/2025\/12\/Festa-de-Nossa-Senhora-da-Conceicao.pdf\" target=\"_blank\" rel=\"noopener\">Festa de Nossa Senhora da Concei\u00e7\u00e3o<\/a><\/li>\n<li><a href=\"https:\/\/coronelxavierchaves.mg.gov.br\/prefeitura\/wp-content\/uploads\/2025\/12\/XVI-Campeonato-Bola-a-Cesta.pdf\" target=\"_blank\" rel=\"noopener\">XVI Campeonato Bola \u00e0 Cesta<\/a><\/li>\n<li><a href=\"https:\/\/coronelxavierchaves.mg.gov.br\/prefeitura\/wp-content\/uploads\/2025\/12\/Semana-da-Consciencia-Negra.pdf\" target=\"_blank\" rel=\"noopener\">Semana da Consci\u00eancia Negra<\/a><\/li>\n<li><a href=\"https:\/\/coronelxavierchaves.mg.gov.br\/prefeitura\/wp-content\/uploads\/2025\/12\/Festa-de-Santa-Luzia-Olhos-Dagua.pdf\" target=\"_blank\" rel=\"noopener\">Festa de Santa Luzia &#8211; Olhos D&#8217;\u00e1gua<\/a><\/li>\n<li><a href=\"https:\/\/coronelxavierchaves.mg.gov.br\/prefeitura\/wp-content\/uploads\/2025\/11\/4a-Copa-Nucave-CCAACEL-e-6o-Poeirao.pdf\" target=\"_blank\" rel=\"noopener\">4\u00aa Copa Nucave CCAACEL e 6\u00ba Poeir\u00e3o<\/a><\/li>\n<li><a href=\"https:\/\/coronelxavierchaves.mg.gov.br\/prefeitura\/wp-content\/uploads\/2025\/11\/Trilhao-Cava-Amarela.pdf\" target=\"_blank\" rel=\"noopener\">Trilh\u00e3o Cava Amarela<\/a><\/li>\n<li><a href=\"https:\/\/coronelxavierchaves.mg.gov.br\/prefeitura\/wp-content\/uploads\/2025\/10\/Festa-de-Sao-Judas-Tadeu.pdf\" target=\"_blank\" rel=\"noopener\">Festa de S\u00e3o Judas Tadeu<\/a><\/li>\n<li><a href=\"https:\/\/coronelxavierchaves.mg.gov.br\/prefeitura\/wp-content\/uploads\/2025\/10\/Semana-da-Terceira-Idade-1.pdf\" target=\"_blank\" rel=\"noopener\">Semana da Terceira Idade<\/a><\/li>\n<li><a href=\"https:\/\/coronelxavierchaves.mg.gov.br\/prefeitura\/wp-content\/uploads\/2025\/10\/Encontro-e-Louvor-da-Igreja-Assembleia-de-Deus.pdf\" target=\"_blank\" rel=\"noopener\">Encontro e Louvor da Igreja Assembleia de Deus<\/a><\/li>\n<li><a href=\"https:\/\/coronelxavierchaves.mg.gov.br\/prefeitura\/wp-content\/uploads\/2025\/10\/Missa-de-Nossa-Senhora-Aparecida.pdf\" target=\"_blank\" rel=\"noopener\">Missa de Nossa Senhora Aparecida<\/a><\/li>\n<li><a href=\"https:\/\/coronelxavierchaves.mg.gov.br\/prefeitura\/wp-content\/uploads\/2025\/10\/Festa-de-Nossa-Senhora-Aparecida-Sao-Caetano.pdf\" target=\"_blank\" rel=\"noopener\">Festa de Nossa Senhora Aparecida &#8211; S\u00e3o Caetano<\/a><\/li>\n<li><a href=\"https:\/\/coronelxavierchaves.mg.gov.br\/prefeitura\/wp-content\/uploads\/2025\/10\/Feira-na-Praca-Outubro.pdf\" target=\"_blank\" rel=\"noopener\">Feira na Pra\u00e7a &#8211; Outubro<\/a><\/li>\n<li><a href=\"https:\/\/coronelxavierchaves.mg.gov.br\/prefeitura\/wp-content\/uploads\/2025\/10\/Festa-do-Dia-das-Criancas.pdf\" target=\"_blank\" rel=\"noopener\">Festa do Dia das Crian\u00e7as<\/a><\/li>\n<li><a href=\"https:\/\/coronelxavierchaves.mg.gov.br\/prefeitura\/wp-content\/uploads\/2025\/10\/Festa-de-Nossa-Senhora-do-Rosario.pdf\">Festa de Nossa Senhora do Ros\u00e1rio<\/a><\/li>\n<li><a href=\"https:\/\/coronelxavierchaves.mg.gov.br\/prefeitura\/wp-content\/uploads\/2025\/10\/Festa-de-Santa-Cruz-Cachoeira.pdf\">Festa de Santa Cruz &#8211; Cachoeira<\/a><\/li>\n<li><a href=\"https:\/\/coronelxavierchaves.mg.gov.br\/prefeitura\/wp-content\/uploads\/2025\/10\/III-Copa-Coronel-Xavier-Chaves-de-Jiu-Jitsu.pdf\" target=\"_blank\" rel=\"noopener\">III Copa Coronel Xavier Chaves de Jiu-Jitsu<\/a><\/li>\n<li><a href=\"https:\/\/coronelxavierchaves.mg.gov.br\/prefeitura\/wp-content\/uploads\/2025\/10\/VII-Moscoxaves-Mostra-Cultural-de-Desenvolvimento-Economico-e-Turistico-de-Coronel-Xavier-Chaves-1.pdf\" target=\"_blank\" rel=\"noopener\">VII Moscoxaves &#8211; Mostra Cultural de Desenvolvimento Econ\u00f4mico e Tur\u00edstico de Coronel Xavier Chaves<\/a><\/li>\n<li><a href=\"https:\/\/coronelxavierchaves.mg.gov.br\/prefeitura\/wp-content\/uploads\/2025\/09\/Festa-de-Nossa-Senhora-da-Gloria-Invernada.pdf\" target=\"_blank\" rel=\"noopener\">Festa de Nossa Senhora da Gl\u00f3ria &#8211; Invernada<\/a><\/li>\n<li><a href=\"https:\/\/coronelxavierchaves.mg.gov.br\/prefeitura\/wp-content\/uploads\/2025\/09\/Caminhada-da-Cooperacao-e-Feira-na-Praca-Agosto-1.pdf\" target=\"_blank\" rel=\"noopener\">Caminhada da Coopera\u00e7\u00e3o e Feira na Pra\u00e7a &#8211; Agosto<\/a><\/li>\n<li><a href=\"https:\/\/coronelxavierchaves.mg.gov.br\/prefeitura\/wp-content\/uploads\/2025\/09\/Festa-de-Sao-Caetano.pdf\" target=\"_blank\" rel=\"noopener\">Festa de S\u00e3o Caetano<\/a><\/li>\n<li><a href=\"https:\/\/coronelxavierchaves.mg.gov.br\/prefeitura\/wp-content\/uploads\/2025\/09\/Seminario-Municipal-de-Educacao.pdf\" target=\"_blank\" rel=\"noopener\">Semin\u00e1rio Municipal de Educa\u00e7\u00e3o<\/a><\/li>\n<li><a href=\"https:\/\/coronelxavierchaves.mg.gov.br\/prefeitura\/wp-content\/uploads\/2025\/08\/Festa-de-Sao-Jose-e-Sao-Vicente.pdf\" target=\"_blank\" rel=\"noopener\">Festa de S\u00e3o Jos\u00e9 e S\u00e3o Vicente &#8211; Olhos D&#8217;\u00e1gua<\/a><\/li>\n<li><a href=\"https:\/\/coronelxavierchaves.mg.gov.br\/prefeitura\/wp-content\/uploads\/2025\/08\/Ferias-na-Praca.pdf\" target=\"_blank\" rel=\"noopener\">F\u00e9rias na Pra\u00e7a<\/a><\/li>\n<li><a href=\"https:\/\/coronelxavierchaves.mg.gov.br\/prefeitura\/wp-content\/uploads\/2025\/08\/Leilao-em-Virtude-da-Obra-da-Capela-do-Barreiro.pdf\" target=\"_blank\" rel=\"noopener\">Leil\u00e3o em Virtude da Obra da Capela do Barreiro<\/a><\/li>\n<li><a href=\"https:\/\/coronelxavierchaves.mg.gov.br\/prefeitura\/wp-content\/uploads\/2025\/08\/Feira-na-Praca-Julho.pdf\" target=\"_blank\" rel=\"noopener\">Feira na Pra\u00e7a &#8211; Julho<\/a><\/li>\n<li><a href=\"https:\/\/coronelxavierchaves.mg.gov.br\/prefeitura\/wp-content\/uploads\/2025\/08\/197a-Assembleia-Itinerante-da-AMVER.pdf\" target=\"_blank\" rel=\"noopener\">197\u00aa Assembleia Itinerante da AMVER<\/a><\/li>\n<li><a href=\"https:\/\/coronelxavierchaves.mg.gov.br\/prefeitura\/wp-content\/uploads\/2025\/07\/33a-Exposicao-Agropecuaria-e-41o-Concurso-Leiteiro-de-Morfologia.pdf\" target=\"_blank\" rel=\"noopener\">33\u00aa Exposi\u00e7\u00e3o Agropecu\u00e1ria e 41\u00ba Concurso Leiteiro de Morfologia<\/a><\/li>\n<li><a href=\"https:\/\/coronelxavierchaves.mg.gov.br\/prefeitura\/wp-content\/uploads\/2025\/07\/Festa-Junina-da-Comunidade-do-Sao-Caetano.pdf\" target=\"_blank\" rel=\"noopener\">Festa Junina da Comunidade do S\u00e3o Caetano<\/a><\/li>\n<li><a href=\"https:\/\/coronelxavierchaves.mg.gov.br\/prefeitura\/wp-content\/uploads\/2025\/07\/Festa-de-Santo-Antonio-Sumidouro.pdf\" target=\"_blank\" rel=\"noopener\">Festa de Santo Ant\u00f4nio &#8211; Sumidouro<\/a><\/li>\n<li><a href=\"https:\/\/coronelxavierchaves.mg.gov.br\/prefeitura\/wp-content\/uploads\/2025\/07\/Festa-Junina-da-Escola-Municipal-Sebastiao-Patricio-Pinto.pdf\" target=\"_blank\" rel=\"noopener\">Festa Junina da Escola Municipal Sebasti\u00e3o Patr\u00edcio Pinto<\/a><\/li>\n<li><a href=\"https:\/\/coronelxavierchaves.mg.gov.br\/prefeitura\/wp-content\/uploads\/2025\/07\/XII-Conferencia-Municipal-de-Assistencia-Social-2.pdf\" target=\"_blank\" rel=\"noopener\">XII Confer\u00eancia Municipal de Assist\u00eancia Social<\/a><\/li>\n<li><a href=\"https:\/\/coronelxavierchaves.mg.gov.br\/prefeitura\/wp-content\/uploads\/2025\/06\/Cavalgada-de-Nossa-Senhora-de-Lourdes.pdf\" target=\"_blank\" rel=\"noopener\">Cavalgada de Nossa Senhora de Lourdes<\/a><\/li>\n<li><a href=\"https:\/\/coronelxavierchaves.mg.gov.br\/prefeitura\/wp-content\/uploads\/2025\/06\/Festa-de-Nossa-Senhora-de-Fatima-Planalto-de-Fatima.pdf\" target=\"_blank\" rel=\"noopener\">Festa de Nossa Senhora de F\u00e1tima &#8211; Planalto de F\u00e1tima<\/a><\/li>\n<li><a href=\"https:\/\/coronelxavierchaves.mg.gov.br\/prefeitura\/wp-content\/uploads\/2025\/06\/Caminhada-Contra-o-Abuso-Sexual-de-Criancas-e-Adolescentes.pdf\" target=\"_blank\" rel=\"noopener\">Caminhada Contra o Abuso Sexual de Crian\u00e7as e Adolescentes<\/a><\/li>\n<li><a href=\"https:\/\/coronelxavierchaves.mg.gov.br\/prefeitura\/wp-content\/uploads\/2025\/06\/Festa-de-Nossa-Senhora-de-Fatima-Vila-Fatima.pdf\" target=\"_blank\" rel=\"noopener\">Festa de Nossa Senhora de F\u00e1tima &#8211; Vila F\u00e1tima<\/a><\/li>\n<li><a href=\"https:\/\/coronelxavierchaves.mg.gov.br\/prefeitura\/wp-content\/uploads\/2025\/05\/3\u00b0-Festival-do-Queijo-e-da-Cachaca-das-Vertentes.pdf\" target=\"_blank\" rel=\"noopener\">3\u00b0 Festival do Queijo e da Cacha\u00e7a das Vertentes<\/a><\/li>\n<li><a href=\"https:\/\/coronelxavierchaves.mg.gov.br\/prefeitura\/wp-content\/uploads\/2025\/05\/Dia-de-Campo-de-Gado-de-Corte.pdf\" target=\"_blank\" rel=\"noopener\">Dia de Campo de Gado de Corte<\/a><\/li>\n<li><a href=\"https:\/\/coronelxavierchaves.mg.gov.br\/prefeitura\/wp-content\/uploads\/2025\/05\/Feira-de-Negocios.pdf\" target=\"_blank\" rel=\"noopener\">Feira de Neg\u00f3cios<\/a><\/li>\n<li><a href=\"https:\/\/coronelxavierchaves.mg.gov.br\/prefeitura\/wp-content\/uploads\/2025\/05\/Semana-Santa-1.pdf\" target=\"_blank\" rel=\"noopener\">Semana Santa<\/a><\/li>\n<li><a href=\"https:\/\/coronelxavierchaves.mg.gov.br\/prefeitura\/wp-content\/uploads\/2025\/05\/XII-Conferencia-Municipal-de-Saude-2.pdf\" target=\"_blank\" rel=\"noopener\">XII Confer\u00eancia Municipal de Sa\u00fade<\/a><\/li>\n<li><a href=\"https:\/\/coronelxavierchaves.mg.gov.br\/prefeitura\/wp-content\/uploads\/2025\/05\/Festa-da-Familia-na-Escola.pdf\" target=\"_blank\" rel=\"noopener\">Festa da Fam\u00edlia na Escola<\/a><\/li>\n<li><a href=\"https:\/\/coronelxavierchaves.mg.gov.br\/prefeitura\/wp-content\/uploads\/2025\/05\/1a-Etapa-do-RTR-Trail-Run.pdf\" target=\"_blank\" rel=\"noopener\">1\u00aa Etapa do RTR Trail Run<\/a><\/li>\n<\/ul>\n<\/div><\/div><\/div>\n","protected":false},"excerpt":{"rendered":"<p>De acordo com a Lei Municipal n\u00b0 1.516, de 04 de abril de 2025, o Poder Executivo Municipal deve divulgar os valores investidos em eventos realizados, apoiados os patrocinados, garantindo a transpar\u00eancia e responsabilidade fiscal.<\/p>\n","protected":false},"author":3,"featured_media":0,"parent":0,"menu_order":0,"comment_status":"closed","ping_status":"closed","template":"","meta":{"footnotes":"","_links_to":"","_links_to_target":""},"class_list":["post-23718","page","type-page","status-publish"],"_links":{"self":[{"href":"https:\/\/coronelxavierchaves.mg.gov.br\/prefeitura\/wp-json\/wp\/v2\/pages\/23718","targetHints":{"allow":["GET"]}}],"collection":[{"href":"https:\/\/coronelxavierchaves.mg.gov.br\/prefeitura\/wp-json\/wp\/v2\/pages"}],"about":[{"href":"https:\/\/coronelxavierchaves.mg.gov.br\/prefeitura\/wp-json\/wp\/v2\/types\/page"}],"author":[{"embeddable":true,"href":"https:\/\/coronelxavierchaves.mg.gov.br\/prefeitura\/wp-json\/wp\/v2\/users\/3"}],"replies":[{"embeddable":true,"href":"https:\/\/coronelxavierchaves.mg.gov.br\/prefeitura\/wp-json\/wp\/v2\/comments?post=23718"}],"version-history":[{"count":33,"href":"https:\/\/coronelxavierchaves.mg.gov.br\/prefeitura\/wp-json\/wp\/v2\/pages\/23718\/revisions"}],"predecessor-version":[{"id":27497,"href":"https:\/\/coronelxavierchaves.mg.gov.br\/prefeitura\/wp-json\/wp\/v2\/pages\/23718\/revisions\/27497"}],"wp:attachment":[{"href":"https:\/\/coronelxavierchaves.mg.gov.br\/prefeitura\/wp-json\/wp\/v2\/media?parent=23718"}],"curies":[{"name":"wp","href":"https:\/\/api.w.org\/{rel}","templated":true}]}}