{"id":23906,"date":"2025-05-23T14:36:05","date_gmt":"2025-05-23T17:36:05","guid":{"rendered":"https:\/\/coronelxavierchaves.mg.gov.br\/prefeitura\/?page_id=23906"},"modified":"2025-05-23T14:36:05","modified_gmt":"2025-05-23T17:36:05","slug":"relatorios-e-instrumentos-de-gestao","status":"publish","type":"page","link":"https:\/\/coronelxavierchaves.mg.gov.br\/prefeitura\/relatorios-e-instrumentos-de-gestao\/","title":{"rendered":"Relat\u00f3rios e Instrumentos de Gest\u00e3o"},"content":{"rendered":"<blockquote><p>planoS municipaIS de sa\u00fade<\/p><\/blockquote>\n<ul>\n<li><a href=\"https:\/\/coronelxavierchaves.mg.gov.br\/prefeitura\/wp-content\/uploads\/2025\/05\/Plano-Municipal-de-Saude-2022-2025.pdf\">Plano Municipal de Sa\u00fade 2022-2025<\/a><\/li>\n<li><a href=\"https:\/\/coronelxavierchaves.mg.gov.br\/prefeitura\/wp-content\/uploads\/2025\/05\/Plano-Municipal-de-Saude-2018-2021.pdf\">Plano Municipal de Sa\u00fade 2018-2021<\/a><\/li>\n<\/ul>\n<blockquote><p>programa\u00e7\u00d5ES anuaIS de sa\u00fade<\/p><\/blockquote>\n<ul>\n<li><a href=\"https:\/\/coronelxavierchaves.mg.gov.br\/prefeitura\/wp-content\/uploads\/2025\/05\/Programacao-Anual-de-Saude-2025.pdf\">Programa\u00e7\u00e3o Anual de Sa\u00fade 2025<\/a><\/li>\n<li><a href=\"https:\/\/coronelxavierchaves.mg.gov.br\/prefeitura\/wp-content\/uploads\/2025\/05\/Programacao-Anual-de-Saude-2024.pdf\">Programa\u00e7\u00e3o Anual de Sa\u00fade 2024<\/a><\/li>\n<li><a href=\"https:\/\/coronelxavierchaves.mg.gov.br\/prefeitura\/wp-content\/uploads\/2025\/05\/Programacao-Anual-de-Saude-2023.pdf\">Programa\u00e7\u00e3o Anual de Sa\u00fade 2023<\/a><\/li>\n<li><a href=\"https:\/\/coronelxavierchaves.mg.gov.br\/prefeitura\/wp-content\/uploads\/2025\/05\/Programacao-Anual-de-Saude-2022.pdf\">Programa\u00e7\u00e3o Anual de Sa\u00fade 2022<\/a><\/li>\n<li><a href=\"https:\/\/coronelxavierchaves.mg.gov.br\/prefeitura\/wp-content\/uploads\/2025\/05\/Programacao-Anual-de-Saude-2021.pdf\">Programa\u00e7\u00e3o Anual de Sa\u00fade 2021<\/a><\/li>\n<li><a href=\"https:\/\/coronelxavierchaves.mg.gov.br\/prefeitura\/wp-content\/uploads\/2025\/05\/Programacao-Anual-de-Saude-2020.pdf\">Programa\u00e7\u00e3o Anual de Sa\u00fade 2020<\/a><\/li>\n<li><a href=\"https:\/\/coronelxavierchaves.mg.gov.br\/prefeitura\/wp-content\/uploads\/2025\/05\/Programacao-Anual-de-Saude-2019.pdf\">Programa\u00e7\u00e3o Anual de Sa\u00fade 2019<\/a><\/li>\n<li><a href=\"https:\/\/coronelxavierchaves.mg.gov.br\/prefeitura\/wp-content\/uploads\/2025\/05\/Programacao-Anual-de-Saude-2018.pdf\">Programa\u00e7\u00e3o Anual de Sa\u00fade 2018<\/a><\/li>\n<\/ul>\n<blockquote><p>RELAT\u00d3RIOS ANUAIS DE GEST\u00c3O<\/p><\/blockquote>\n<ul>\n<li><a href=\"https:\/\/coronelxavierchaves.mg.gov.br\/prefeitura\/wp-content\/uploads\/2025\/05\/Relatorio-Anual-de-Gestao-2024.pdf\">Relat\u00f3rio Anual de Gest\u00e3o 2024<\/a><\/li>\n<li><a href=\"https:\/\/coronelxavierchaves.mg.gov.br\/prefeitura\/wp-content\/uploads\/2025\/05\/Relatorio-Anual-de-Gestao-2023.pdf\">Relat\u00f3rio Anual de Gest\u00e3o 2023<\/a><\/li>\n<li><a href=\"https:\/\/coronelxavierchaves.mg.gov.br\/prefeitura\/wp-content\/uploads\/2025\/05\/Relatorio-Anual-de-Gestao-2022.pdf\">Relat\u00f3rio Anual de Gest\u00e3o 2022<\/a><\/li>\n<li><a href=\"https:\/\/coronelxavierchaves.mg.gov.br\/prefeitura\/wp-content\/uploads\/2025\/05\/Relatorio-Anual-de-Gestao-2021.pdf\">Relat\u00f3rio Anual de Gest\u00e3o 2021<\/a><\/li>\n<li><a href=\"https:\/\/coronelxavierchaves.mg.gov.br\/prefeitura\/wp-content\/uploads\/2025\/05\/Relatorio-Anual-de-Gestao-2020.pdf\">Relat\u00f3rio Anual de Gest\u00e3o 2020<\/a><\/li>\n<li><a href=\"https:\/\/coronelxavierchaves.mg.gov.br\/prefeitura\/wp-content\/uploads\/2025\/05\/Relatorio-Anual-de-Gestao-2019.pdf\">Relat\u00f3rio Anual de Gest\u00e3o 2019<\/a><\/li>\n<li><a href=\"https:\/\/coronelxavierchaves.mg.gov.br\/prefeitura\/wp-content\/uploads\/2025\/05\/Relatorio-Anual-de-Gestao-2018.pdf\">Relat\u00f3rio Anual de Gest\u00e3o 2018<\/a><\/li>\n<\/ul>\n<blockquote><p>RELAT\u00d3RIOS DETALHADOS DO QUADRIMESTRE ANTERIOR<\/p><\/blockquote>\n<ul>\n<li><a href=\"https:\/\/coronelxavierchaves.mg.gov.br\/prefeitura\/wp-content\/uploads\/2025\/05\/Relatorio-Detalhado-do-Quadrimestre-Anterior-3o-Quadrimestre-2024.pdf\">Relat\u00f3rio Detalhado do Quadrimestre Anterior &#8211; 3\u00ba Quadrimestre 2024<\/a><\/li>\n<li><a href=\"https:\/\/coronelxavierchaves.mg.gov.br\/prefeitura\/wp-content\/uploads\/2025\/05\/Relatorio-Detalhado-do-Quadrimestre-Anterior-2o-Quadrimestre-2024.pdf\">Relat\u00f3rio Detalhado do Quadrimestre Anterior &#8211; 2\u00ba Quadrimestre 2024<\/a><\/li>\n<li><a href=\"https:\/\/coronelxavierchaves.mg.gov.br\/prefeitura\/wp-content\/uploads\/2025\/05\/Relatorio-Detalhado-do-Quadrimestre-Anterior-1o-Quadrimestre-2024.pdf\">Relat\u00f3rio Detalhado do Quadrimestre Anterior &#8211; 1\u00ba Quadrimestre 2024<\/a><\/li>\n<li><a href=\"https:\/\/coronelxavierchaves.mg.gov.br\/prefeitura\/wp-content\/uploads\/2025\/05\/Relatorio-Detalhado-do-Quadrimestre-Anterior-3o-Quadrimestre-2023.pdf\">Relat\u00f3rio Detalhado do Quadrimestre Anterior &#8211; 3\u00ba Quadrimestre 2023<\/a><\/li>\n<li><a href=\"https:\/\/coronelxavierchaves.mg.gov.br\/prefeitura\/wp-content\/uploads\/2025\/05\/Relatorio-Detalhado-do-Quadrimestre-Anterior-2o-Quadrimestre-2023.pdf\">Relat\u00f3rio Detalhado do Quadrimestre Anterior &#8211; 2\u00ba Quadrimestre 2023<\/a><\/li>\n<li><a href=\"https:\/\/coronelxavierchaves.mg.gov.br\/prefeitura\/wp-content\/uploads\/2025\/05\/Relatorio-Detalhado-do-Quadrimestre-Anterior-1o-Quadrimestre-2023.pdf\">Relat\u00f3rio Detalhado do Quadrimestre Anterior &#8211; 1\u00ba Quadrimestre 2023<\/a><\/li>\n<li><a href=\"https:\/\/coronelxavierchaves.mg.gov.br\/prefeitura\/wp-content\/uploads\/2025\/05\/Relatorio-Detalhado-do-Quadrimestre-Anterior-3o-Quadrimestre-2022.pdf\">Relat\u00f3rio Detalhado do Quadrimestre Anterior &#8211; 3\u00ba Quadrimestre 2022<\/a><\/li>\n<li><a href=\"https:\/\/coronelxavierchaves.mg.gov.br\/prefeitura\/wp-content\/uploads\/2025\/05\/Relatorio-Detalhado-do-Quadrimestre-Anterior-2o-Quadrimestre-2022.pdf\">Relat\u00f3rio Detalhado do Quadrimestre Anterior &#8211; 2\u00ba Quadrimestre 2022<\/a><\/li>\n<li><a href=\"https:\/\/coronelxavierchaves.mg.gov.br\/prefeitura\/wp-content\/uploads\/2025\/05\/Relatorio-Detalhado-do-Quadrimestre-Anterior-1o-Quadrimestre-2022.pdf\">Relat\u00f3rio Detalhado do Quadrimestre Anterior &#8211; 1\u00ba Quadrimestre 2022<\/a><\/li>\n<li><a href=\"https:\/\/coronelxavierchaves.mg.gov.br\/prefeitura\/wp-content\/uploads\/2025\/05\/Relatorio-Detalhado-do-Quadrimestre-Anterior-3o-Quadrimestre-2021.pdf\">Relat\u00f3rio Detalhado do Quadrimestre Anterior &#8211; 3\u00ba Quadrimestre 2021<\/a><\/li>\n<li><a href=\"https:\/\/coronelxavierchaves.mg.gov.br\/prefeitura\/wp-content\/uploads\/2025\/05\/Relatorio-Detalhado-do-Quadrimestre-Anterior-2o-Quadrimestre-2021.pdf\">Relat\u00f3rio Detalhado do Quadrimestre Anterior &#8211; 2\u00ba Quadrimestre 2021<\/a><\/li>\n<li><a href=\"https:\/\/coronelxavierchaves.mg.gov.br\/prefeitura\/wp-content\/uploads\/2025\/05\/Relatorio-Detalhado-do-Quadrimestre-Anterior-1o-Quadrimestre-2021.pdf\">Relat\u00f3rio Detalhado do Quadrimestre Anterior &#8211; 1\u00ba Quadrimestre 2021<\/a><\/li>\n<li><a href=\"https:\/\/coronelxavierchaves.mg.gov.br\/prefeitura\/wp-content\/uploads\/2025\/05\/Relatorio-Detalhado-do-Quadrimestre-Anterior-3o-Quadrimestre-2020.pdf\">Relat\u00f3rio Detalhado do Quadrimestre Anterior &#8211; 3\u00ba Quadrimestre 2020<\/a><\/li>\n<li><a href=\"https:\/\/coronelxavierchaves.mg.gov.br\/prefeitura\/wp-content\/uploads\/2025\/05\/Relatorio-Detalhado-do-Quadrimestre-Anterior-2o-Quadrimestre-2020.pdf\">Relat\u00f3rio Detalhado do Quadrimestre Anterior &#8211; 2\u00ba Quadrimestre 2020<\/a><\/li>\n<li><a href=\"https:\/\/coronelxavierchaves.mg.gov.br\/prefeitura\/wp-content\/uploads\/2025\/05\/Relatorio-Detalhado-do-Quadrimestre-Anterior-1o-Quadrimestre-2020.pdf\">Relat\u00f3rio Detalhado do Quadrimestre Anterior &#8211; 1\u00ba Quadrimestre 2020<\/a><\/li>\n<li><a href=\"https:\/\/coronelxavierchaves.mg.gov.br\/prefeitura\/wp-content\/uploads\/2025\/05\/Relatorio-Detalhado-do-Quadrimestre-Anterior-3o-Quadrimestre-2019.pdf\">Relat\u00f3rio Detalhado do Quadrimestre Anterior &#8211; 3\u00ba Quadrimestre 2019<\/a><\/li>\n<li><a href=\"https:\/\/coronelxavierchaves.mg.gov.br\/prefeitura\/wp-content\/uploads\/2025\/05\/Relatorio-Detalhado-do-Quadrimestre-Anterior-2o-Quadrimestre-2019.pdf\">Relat\u00f3rio Detalhado do Quadrimestre Anterior &#8211; 2\u00ba Quadrimestre 2019<\/a><\/li>\n<li><a href=\"https:\/\/coronelxavierchaves.mg.gov.br\/prefeitura\/wp-content\/uploads\/2025\/05\/Relatorio-Detalhado-do-Quadrimestre-Anterior-1o-Quadrimestre-2019.pdf\">Relat\u00f3rio Detalhado do Quadrimestre Anterior &#8211; 1\u00ba Quadrimestre 2019<\/a><\/li>\n<li><a href=\"https:\/\/coronelxavierchaves.mg.gov.br\/prefeitura\/wp-content\/uploads\/2025\/05\/Relatorio-Detalhado-do-Quadrimestre-Anterior-3o-Quadrimestre-2018.pdf\">Relat\u00f3rio Detalhado do Quadrimestre Anterior &#8211; 3\u00ba Quadrimestre 2018<\/a><\/li>\n<li><a href=\"https:\/\/coronelxavierchaves.mg.gov.br\/prefeitura\/wp-content\/uploads\/2025\/05\/Relatorio-Detalhado-do-Quadrimestre-Anterior-2o-Quadrimestre-2018.pdf\">Relat\u00f3rio Detalhado do Quadrimestre Anterior &#8211; 2\u00ba Quadrimestre 2018<\/a><\/li>\n<li><a href=\"https:\/\/coronelxavierchaves.mg.gov.br\/prefeitura\/wp-content\/uploads\/2025\/05\/Relatorio-Detalhado-do-Quadrimestre-Anterior-1o-Quadrimestre-2018.pdf\">Relat\u00f3rio Detalhado do Quadrimestre Anterior &#8211; 1\u00ba Quadrimestre 2018<\/a><\/li>\n<\/ul>\n","protected":false},"excerpt":{"rendered":"<p>planoS municipaIS de sa\u00fade Plano Municipal de Sa\u00fade 2022-2025 Plano Municipal de Sa\u00fade 2018-2021 programa\u00e7\u00d5ES anuaIS de sa\u00fade Programa\u00e7\u00e3o Anual de Sa\u00fade 2025 Programa\u00e7\u00e3o Anual de Sa\u00fade 2024 Programa\u00e7\u00e3o Anual de Sa\u00fade 2023 Programa\u00e7\u00e3o Anual de Sa\u00fade 2022 Programa\u00e7\u00e3o Anual de Sa\u00fade 2021 Programa\u00e7\u00e3o Anual de Sa\u00fade 2020 Programa\u00e7\u00e3o Anual de Sa\u00fade 2019 Programa\u00e7\u00e3o Anual [&hellip;]<\/p>\n","protected":false},"author":10,"featured_media":0,"parent":0,"menu_order":0,"comment_status":"closed","ping_status":"closed","template":"","meta":{"footnotes":"","_links_to":"","_links_to_target":""},"class_list":["post-23906","page","type-page","status-publish"],"_links":{"self":[{"href":"https:\/\/coronelxavierchaves.mg.gov.br\/prefeitura\/wp-json\/wp\/v2\/pages\/23906","targetHints":{"allow":["GET"]}}],"collection":[{"href":"https:\/\/coronelxavierchaves.mg.gov.br\/prefeitura\/wp-json\/wp\/v2\/pages"}],"about":[{"href":"https:\/\/coronelxavierchaves.mg.gov.br\/prefeitura\/wp-json\/wp\/v2\/types\/page"}],"author":[{"embeddable":true,"href":"https:\/\/coronelxavierchaves.mg.gov.br\/prefeitura\/wp-json\/wp\/v2\/users\/10"}],"replies":[{"embeddable":true,"href":"https:\/\/coronelxavierchaves.mg.gov.br\/prefeitura\/wp-json\/wp\/v2\/comments?post=23906"}],"version-history":[{"count":1,"href":"https:\/\/coronelxavierchaves.mg.gov.br\/prefeitura\/wp-json\/wp\/v2\/pages\/23906\/revisions"}],"predecessor-version":[{"id":23945,"href":"https:\/\/coronelxavierchaves.mg.gov.br\/prefeitura\/wp-json\/wp\/v2\/pages\/23906\/revisions\/23945"}],"wp:attachment":[{"href":"https:\/\/coronelxavierchaves.mg.gov.br\/prefeitura\/wp-json\/wp\/v2\/media?parent=23906"}],"curies":[{"name":"wp","href":"https:\/\/api.w.org\/{rel}","templated":true}]}}