{"id":24017,"date":"2025-06-06T15:17:59","date_gmt":"2025-06-06T18:17:59","guid":{"rendered":"https:\/\/coronelxavierchaves.mg.gov.br\/prefeitura\/?page_id=24017"},"modified":"2026-04-24T16:31:47","modified_gmt":"2026-04-24T19:31:47","slug":"emendas-parlamentares-estaduais","status":"publish","type":"page","link":"https:\/\/coronelxavierchaves.mg.gov.br\/prefeitura\/emendas-parlamentares-estaduais\/","title":{"rendered":"EMENDAS PARLAMENTARES ESTADUAIS"},"content":{"rendered":"<div class=\"su-tabs su-tabs-style-default su-tabs-mobile-stack\" data-active=\"1\" data-scroll-offset=\"0\" data-anchor-in-url=\"no\"><div class=\"su-tabs-nav\"><span class=\"\" data-url=\"\" data-target=\"blank\" tabindex=\"0\" role=\"button\">2026<\/span><span class=\"\" data-url=\"\" data-target=\"blank\" tabindex=\"0\" role=\"button\">2025<\/span><span class=\"\" data-url=\"\" data-target=\"blank\" tabindex=\"0\" role=\"button\">2024<\/span><span class=\"\" data-url=\"\" data-target=\"blank\" tabindex=\"0\" role=\"button\">2023<\/span><span class=\"\" data-url=\"\" data-target=\"blank\" tabindex=\"0\" role=\"button\">2022<\/span><span class=\"\" data-url=\"\" data-target=\"blank\" tabindex=\"0\" role=\"button\">2021<\/span><span class=\"\" data-url=\"\" data-target=\"blank\" tabindex=\"0\" role=\"button\">2020<\/span><\/div><div class=\"su-tabs-panes\"><div class=\"su-tabs-pane su-u-clearfix su-u-trim\" data-title=\"2026\">\n<ul>\n<li><\/li>\n<\/ul>\n<\/div>\n<div class=\"su-tabs-pane su-u-clearfix su-u-trim\" data-title=\"2025\">\n<ul>\n<li><a href=\"https:\/\/coronelxavierchaves.mg.gov.br\/prefeitura\/wp-content\/uploads\/2026\/01\/TRANSPARENCIA-EMENDA-ESTADUAL-160175-2025.pdf\">Transpar\u00eancia &#8211; Indica\u00e7\u00e3o 160175<\/a><\/li>\n<li><a href=\"https:\/\/coronelxavierchaves.mg.gov.br\/prefeitura\/wp-content\/uploads\/2026\/01\/TRANSPARENCIA-EMENDA-ESTADUAL-162609-2025.pdf\">Transpar\u00eancia &#8211; Indica\u00e7\u00e3o 162609<\/a><\/li>\n<li><a href=\"https:\/\/coronelxavierchaves.mg.gov.br\/prefeitura\/wp-content\/uploads\/2026\/01\/TRANSPARENCIA-EMENDA-ESTADUAL-162614-2025.pdf\">Transpar\u00eancia &#8211; Indica\u00e7\u00e3o 162614<\/a><\/li>\n<li><a href=\"https:\/\/coronelxavierchaves.mg.gov.br\/prefeitura\/wp-content\/uploads\/2026\/01\/TRANSPARENCIA-EMENDA-ESTADUAL-163444-2025.pdf\">Transpar\u00eancia &#8211; Indica\u00e7\u00e3o 163444<\/a><\/li>\n<li><a href=\"https:\/\/coronelxavierchaves.mg.gov.br\/prefeitura\/wp-content\/uploads\/2026\/01\/TRANSPARENCIA-EMENDA-ESTADUAL-165137-2025_1.pdf\">Transpar\u00eancia &#8211; Indica\u00e7\u00e3o 165137<\/a><\/li>\n<li><a href=\"https:\/\/coronelxavierchaves.mg.gov.br\/prefeitura\/wp-content\/uploads\/2026\/01\/TRANSPARENCIA-EMENDA-ESTADUAL-165615-2025.pdf\">Transpar\u00eancia &#8211; Indica\u00e7\u00e3o 165615<\/a><\/li>\n<li><a href=\"https:\/\/coronelxavierchaves.mg.gov.br\/prefeitura\/wp-content\/uploads\/2026\/01\/TRANSPARENCIA-EMENDA-ESTADUAL-173630-2025.pdf\">Transpar\u00eancia &#8211; Indica\u00e7\u00e3o 173630<\/a><\/li>\n<li><a href=\"https:\/\/coronelxavierchaves.mg.gov.br\/prefeitura\/wp-content\/uploads\/2026\/01\/TRANSPARENCIA-EMENDA-ESTADUAL-173632-2025.pdf\">Transpar\u00eancia &#8211; Indica\u00e7\u00e3o 173632<\/a><\/li>\n<\/ul>\n<\/div>\n<div class=\"su-tabs-pane su-u-clearfix su-u-trim\" data-title=\"2024\">\n<ul>\n<li><a href=\"https:\/\/coronelxavierchaves.mg.gov.br\/prefeitura\/wp-content\/uploads\/2026\/01\/TRANSPARENCIA-EMENDA-ESTADUAL-142889-2024.pdf\">Transpar\u00eancia &#8211; Indica\u00e7\u00e3o 142889<\/a><\/li>\n<li><a href=\"https:\/\/coronelxavierchaves.mg.gov.br\/prefeitura\/wp-content\/uploads\/2026\/01\/TRANSPARENCIA-EMENDA-ESTADUAL-144889-2024.pdf\">Transpar\u00eancia &#8211; Indica\u00e7\u00e3o 144889<\/a><\/li>\n<li><a href=\"https:\/\/coronelxavierchaves.mg.gov.br\/prefeitura\/wp-content\/uploads\/2026\/01\/TRANSPARENCIA-EMENDA-ESTADUAL-139908-2024.pdf\">Transpar\u00eancia &#8211; Indica\u00e7\u00e3o 139908<\/a><\/li>\n<li><a href=\"https:\/\/coronelxavierchaves.mg.gov.br\/prefeitura\/wp-content\/uploads\/2026\/01\/TRANSPARENCIA-EMENDA-ESTADUAL-144839-2024.pdf\">Transpar\u00eancia &#8211; Indica\u00e7\u00e3o 144839<\/a><\/li>\n<\/ul>\n<\/div>\n<div class=\"su-tabs-pane su-u-clearfix su-u-trim\" data-title=\"2023\">\n<ul>\n<li><a href=\"https:\/\/coronelxavierchaves.mg.gov.br\/prefeitura\/wp-content\/uploads\/2026\/01\/TRANSPARENCIA-EMENDA-ESTADUAL-120383-2023.pdf\">Transpar\u00eancia &#8211; Indica\u00e7\u00e3o 120383<\/a><\/li>\n<\/ul>\n<\/div>\n<div class=\"su-tabs-pane su-u-clearfix su-u-trim\" data-title=\"2022\">\n<ul>\n<li><a href=\"https:\/\/coronelxavierchaves.mg.gov.br\/prefeitura\/wp-content\/uploads\/2026\/01\/TRANSPARENCIA-EMENDA-ESTADUAL-97548-2022.pdf\">Transpar\u00eancia &#8211; Indica\u00e7\u00e3o 97548<\/a><\/li>\n<\/ul>\n<\/div>\n<div class=\"su-tabs-pane su-u-clearfix su-u-trim\" data-title=\"2021\">\n<ul>\n<li><a href=\"https:\/\/coronelxavierchaves.mg.gov.br\/prefeitura\/wp-content\/uploads\/2026\/01\/TRANSPARENCIA-EMENDA-ESTADUAL-64873-2021.pdf\">Transpar\u00eancia &#8211; Indica\u00e7\u00e3o 64873<\/a><\/li>\n<li><a href=\"https:\/\/coronelxavierchaves.mg.gov.br\/prefeitura\/wp-content\/uploads\/2026\/01\/TRANSPARENCIA-EMENDA-ESTADUAL-65150-2021.pdf\">Transpar\u00eancia &#8211; Indica\u00e7\u00e3o 65150<\/a><\/li>\n<li><a href=\"https:\/\/coronelxavierchaves.mg.gov.br\/prefeitura\/wp-content\/uploads\/2026\/01\/TRANSPARENCIA-EMENDA-ESTADUAL-69657-2021.pdf\">Transpar\u00eancia &#8211; Indica\u00e7\u00e3o 69657<\/a><\/li>\n<\/ul>\n<\/div>\n<div class=\"su-tabs-pane su-u-clearfix su-u-trim\" data-title=\"2020\">\n<ul>\n<li><a href=\"https:\/\/coronelxavierchaves.mg.gov.br\/prefeitura\/wp-content\/uploads\/2026\/01\/TRANSPARENCIA-EMENDA-ESTADUAL-58590-2020.pdf\">Transpar\u00eancia &#8211; Indica\u00e7\u00e3o 58590<\/a><\/li>\n<\/ul>\n<\/div><\/div><\/div>\n","protected":false},"excerpt":{"rendered":"","protected":false},"author":10,"featured_media":0,"parent":0,"menu_order":0,"comment_status":"closed","ping_status":"closed","template":"","meta":{"footnotes":"","_links_to":"","_links_to_target":""},"class_list":["post-24017","page","type-page","status-publish"],"_links":{"self":[{"href":"https:\/\/coronelxavierchaves.mg.gov.br\/prefeitura\/wp-json\/wp\/v2\/pages\/24017","targetHints":{"allow":["GET"]}}],"collection":[{"href":"https:\/\/coronelxavierchaves.mg.gov.br\/prefeitura\/wp-json\/wp\/v2\/pages"}],"about":[{"href":"https:\/\/coronelxavierchaves.mg.gov.br\/prefeitura\/wp-json\/wp\/v2\/types\/page"}],"author":[{"embeddable":true,"href":"https:\/\/coronelxavierchaves.mg.gov.br\/prefeitura\/wp-json\/wp\/v2\/users\/10"}],"replies":[{"embeddable":true,"href":"https:\/\/coronelxavierchaves.mg.gov.br\/prefeitura\/wp-json\/wp\/v2\/comments?post=24017"}],"version-history":[{"count":23,"href":"https:\/\/coronelxavierchaves.mg.gov.br\/prefeitura\/wp-json\/wp\/v2\/pages\/24017\/revisions"}],"predecessor-version":[{"id":27541,"href":"https:\/\/coronelxavierchaves.mg.gov.br\/prefeitura\/wp-json\/wp\/v2\/pages\/24017\/revisions\/27541"}],"wp:attachment":[{"href":"https:\/\/coronelxavierchaves.mg.gov.br\/prefeitura\/wp-json\/wp\/v2\/media?parent=24017"}],"curies":[{"name":"wp","href":"https:\/\/api.w.org\/{rel}","templated":true}]}}