{"id":24019,"date":"2025-06-06T15:18:37","date_gmt":"2025-06-06T18:18:37","guid":{"rendered":"https:\/\/coronelxavierchaves.mg.gov.br\/prefeitura\/?page_id=24019"},"modified":"2026-03-17T12:51:20","modified_gmt":"2026-03-17T15:51:20","slug":"emendas-parlamentares-federais","status":"publish","type":"page","link":"https:\/\/coronelxavierchaves.mg.gov.br\/prefeitura\/emendas-parlamentares-federais\/","title":{"rendered":"EMENDAS PARLAMENTARES FEDERAIS"},"content":{"rendered":"<div class=\"su-tabs su-tabs-style-default su-tabs-mobile-stack\" data-active=\"1\" data-scroll-offset=\"0\" data-anchor-in-url=\"no\"><div class=\"su-tabs-nav\"><span class=\"\" data-url=\"\" data-target=\"blank\" tabindex=\"0\" role=\"button\">2026<\/span><span class=\"\" data-url=\"\" data-target=\"blank\" tabindex=\"0\" role=\"button\">2025<\/span><span class=\"\" data-url=\"\" data-target=\"blank\" tabindex=\"0\" role=\"button\">2024<\/span><span class=\"\" data-url=\"\" data-target=\"blank\" tabindex=\"0\" role=\"button\">2023<\/span><span class=\"\" data-url=\"\" data-target=\"blank\" tabindex=\"0\" role=\"button\">2022<\/span><span class=\"\" data-url=\"\" data-target=\"blank\" tabindex=\"0\" role=\"button\">2021<\/span><span class=\"\" data-url=\"\" data-target=\"blank\" tabindex=\"0\" role=\"button\">2020<\/span><\/div><div class=\"su-tabs-panes\"><div class=\"su-tabs-pane su-u-clearfix su-u-trim\" data-title=\"2026\">\n<p>&nbsp;<\/p>\n<\/div>\n<div class=\"su-tabs-pane su-u-clearfix su-u-trim\" data-title=\"2025\">\n<ul>\n<li><a href=\"https:\/\/coronelxavierchaves.mg.gov.br\/prefeitura\/wp-content\/uploads\/2026\/03\/TRANSPARENCIA-FINAL-202514110003.pdf\">Transpar\u00eancia &#8211; Indica\u00e7\u00e3o 202514110003<\/a><\/li>\n<li><a href=\"https:\/\/coronelxavierchaves.mg.gov.br\/prefeitura\/wp-content\/uploads\/2026\/03\/TRANSPARENCIA-FINAL-202513490006.pdf\">Transpar\u00eancia &#8211; Indica\u00e7\u00e3o 202513490006<\/a><\/li>\n<li><a href=\"https:\/\/coronelxavierchaves.mg.gov.br\/prefeitura\/wp-content\/uploads\/2026\/03\/TRANSPARENCIA-EMENDA-FEDERAL-202524820002.pdf\">Transpar\u00eancia &#8211; Indica\u00e7\u00e3o 202524820002<\/a><\/li>\n<li><a href=\"https:\/\/coronelxavierchaves.mg.gov.br\/prefeitura\/wp-content\/uploads\/2026\/03\/TRANSPARENCIA-EMENDA-FEDERAL-202539600006.pdf\">Transpar\u00eancia &#8211; Indica\u00e7\u00e3o 202539600006<\/a><\/li>\n<li><a href=\"https:\/\/coronelxavierchaves.mg.gov.br\/prefeitura\/wp-content\/uploads\/2026\/03\/TRANSPARENCIA-EMENDA-FEDERAL-202550410001.pdf\">Transpar\u00eancia &#8211; Indica\u00e7\u00e3o 202550410001<\/a><\/li>\n<\/ul>\n<\/div>\n<div class=\"su-tabs-pane su-u-clearfix su-u-trim\" data-title=\"2024\">\n<ul>\n<li><a href=\"https:\/\/coronelxavierchaves.mg.gov.br\/prefeitura\/wp-content\/uploads\/2026\/01\/TRANSPARENCIA-EMENDA-FEDERAL-202439600001.pdf\">Transpar\u00eancia\u00a0&#8211; Indica\u00e7\u00e3o 202439600001<\/a><\/li>\n<li><a href=\"https:\/\/coronelxavierchaves.mg.gov.br\/prefeitura\/wp-content\/uploads\/2026\/01\/TRANSPARENCIA-EMENDA-FEDERAL-202439600006.pdf\">Transpar\u00eancia &#8211; Indica\u00e7\u00e3o 202439240011<\/a><\/li>\n<li><a href=\"https:\/\/coronelxavierchaves.mg.gov.br\/prefeitura\/wp-content\/uploads\/2026\/03\/TRANSPARENCIA-EMENDA-FEDERAL-202439600012.pdf\">Transpar\u00eancia &#8211; Indica\u00e7\u00e3o 202439600012<\/a><\/li>\n<li><a href=\"https:\/\/coronelxavierchaves.mg.gov.br\/prefeitura\/wp-content\/uploads\/2026\/01\/TRANSPARENCIA-EMENDA-FEDERAL-202450410001.pdf\">Transpar\u00eancia &#8211; Indica\u00e7\u00e3o 202450410001<\/a><\/li>\n<\/ul>\n<\/div>\n<div class=\"su-tabs-pane su-u-clearfix su-u-trim\" data-title=\"2023\">\n<ul>\n<li><a href=\"https:\/\/coronelxavierchaves.mg.gov.br\/prefeitura\/wp-content\/uploads\/2026\/01\/TRANSPARENCIA-EMENDA-FEDERAL-202313490001.pdf\">Transpar\u00eancia &#8211; Indica\u00e7\u00e3o 202313490001<\/a><\/li>\n<li><a href=\"https:\/\/coronelxavierchaves.mg.gov.br\/prefeitura\/wp-content\/uploads\/2026\/01\/TRANSPARENCIA-EMENDA-FEDERAL-202339600001.pdf\">Transpar\u00eancia &#8211; Indica\u00e7\u00e3o 202339600001<\/a><\/li>\n<li><a href=\"https:\/\/coronelxavierchaves.mg.gov.br\/prefeitura\/wp-content\/uploads\/2026\/03\/TRANSPARENCIA-FINAL-202339240006.pdf\">Transpar\u00eancia &#8211; Indica\u00e7\u00e3o 202339240006<\/a><\/li>\n<li><a href=\"https:\/\/coronelxavierchaves.mg.gov.br\/prefeitura\/wp-content\/uploads\/2026\/01\/TRANSPARENCIA-EMENDA-FEDERAL-202339600009_1.pdf\">Transpar\u00eancia \u2013 Indica\u00e7\u00e3o 202339600009<\/a><\/li>\n<\/ul>\n<\/div>\n<div class=\"su-tabs-pane su-u-clearfix su-u-trim\" data-title=\"2022\">\n<ul>\n<li><a href=\"https:\/\/coronelxavierchaves.mg.gov.br\/prefeitura\/wp-content\/uploads\/2026\/01\/TRANSPARENCIA-EMENDA-FEDERAL-202227560001.pdf\">Transpar\u00eancia &#8211; Indica\u00e7\u00e3o 202227560001<\/a><\/li>\n<li><a href=\"https:\/\/coronelxavierchaves.mg.gov.br\/prefeitura\/wp-content\/uploads\/2026\/01\/TRANSPARENCIA-EMENDA-FEDERAL-202213490002.pdf\" target=\"_blank\" rel=\"noopener\">Transpar\u00eancia &#8211; Indica\u00e7\u00e3o 202213490002<\/a><\/li>\n<\/ul>\n<\/div>\n<div class=\"su-tabs-pane su-u-clearfix su-u-trim\" data-title=\"2021\">\n<ul>\n<li><a href=\"https:\/\/coronelxavierchaves.mg.gov.br\/prefeitura\/wp-content\/uploads\/2026\/01\/TRANSPARENCIA-EMENDA-FEDERAL-202139600001.pdf\" target=\"_blank\" rel=\"noopener\">Transpar\u00eancia &#8211; Indica\u00e7\u00e3o 202139600001<\/a><\/li>\n<\/ul>\n<\/div>\n<div class=\"su-tabs-pane su-u-clearfix su-u-trim\" data-title=\"2020\">\n<ul>\n<li><a href=\"https:\/\/coronelxavierchaves.mg.gov.br\/prefeitura\/wp-content\/uploads\/2026\/01\/TRANSPARENCIA-EMENDA-FEDERAL-202013490003.pdf\" target=\"_blank\" rel=\"noopener\">Transpar\u00eancia &#8211; Indica\u00e7\u00e3o 202013490003<\/a><\/li>\n<\/ul>\n<\/div><\/div><\/div>\n","protected":false},"excerpt":{"rendered":"","protected":false},"author":10,"featured_media":0,"parent":0,"menu_order":0,"comment_status":"closed","ping_status":"closed","template":"","meta":{"footnotes":"","_links_to":"","_links_to_target":""},"class_list":["post-24019","page","type-page","status-publish"],"_links":{"self":[{"href":"https:\/\/coronelxavierchaves.mg.gov.br\/prefeitura\/wp-json\/wp\/v2\/pages\/24019","targetHints":{"allow":["GET"]}}],"collection":[{"href":"https:\/\/coronelxavierchaves.mg.gov.br\/prefeitura\/wp-json\/wp\/v2\/pages"}],"about":[{"href":"https:\/\/coronelxavierchaves.mg.gov.br\/prefeitura\/wp-json\/wp\/v2\/types\/page"}],"author":[{"embeddable":true,"href":"https:\/\/coronelxavierchaves.mg.gov.br\/prefeitura\/wp-json\/wp\/v2\/users\/10"}],"replies":[{"embeddable":true,"href":"https:\/\/coronelxavierchaves.mg.gov.br\/prefeitura\/wp-json\/wp\/v2\/comments?post=24019"}],"version-history":[{"count":20,"href":"https:\/\/coronelxavierchaves.mg.gov.br\/prefeitura\/wp-json\/wp\/v2\/pages\/24019\/revisions"}],"predecessor-version":[{"id":27137,"href":"https:\/\/coronelxavierchaves.mg.gov.br\/prefeitura\/wp-json\/wp\/v2\/pages\/24019\/revisions\/27137"}],"wp:attachment":[{"href":"https:\/\/coronelxavierchaves.mg.gov.br\/prefeitura\/wp-json\/wp\/v2\/media?parent=24019"}],"curies":[{"name":"wp","href":"https:\/\/api.w.org\/{rel}","templated":true}]}}