{"id":24050,"date":"2025-06-09T09:30:50","date_gmt":"2025-06-09T12:30:50","guid":{"rendered":"https:\/\/coronelxavierchaves.mg.gov.br\/prefeitura\/?page_id=24050"},"modified":"2025-06-09T11:10:56","modified_gmt":"2025-06-09T14:10:56","slug":"convenios","status":"publish","type":"page","link":"https:\/\/coronelxavierchaves.mg.gov.br\/prefeitura\/convenios\/","title":{"rendered":"CONV\u00caNIOS"},"content":{"rendered":"<h5 class=\"card-title\" style=\"text-align: justify;\"><span style=\"font-family: verdana, geneva, sans-serif; font-size: 12pt;\">Espa\u00e7o para informar os conv\u00eanios recebidos, contendo informa\u00e7\u00f5es sobre a origem, o tipo do conv\u00eanio, o n\u00famero do conv\u00eanio, a autoria, o valor recebido e realizado, o objeto e os fornecedores envolvidos.<\/span><\/h5>\n<ul>\n<li><a href=\"https:\/\/coronelxavierchaves.mg.gov.br\/prefeitura\/convenios-estaduais\/\" target=\"_blank\" rel=\"noopener\">Conv\u00eanios Estaduais<\/a><\/li>\n<li><a href=\"https:\/\/coronelxavierchaves.mg.gov.br\/prefeitura\/convenios-federais\/\" target=\"_blank\" rel=\"noopener\">Conv\u00eanios Federais<\/a><\/li>\n<\/ul>\n","protected":false},"excerpt":{"rendered":"<p>Espa\u00e7o para informar os conv\u00eanios recebidos, contendo informa\u00e7\u00f5es sobre a origem, o tipo do conv\u00eanio, o n\u00famero do conv\u00eanio, a autoria, o valor recebido e realizado, o objeto e os fornecedores envolvidos. Conv\u00eanios Estaduais Conv\u00eanios Federais<\/p>\n","protected":false},"author":10,"featured_media":0,"parent":0,"menu_order":0,"comment_status":"closed","ping_status":"closed","template":"","meta":{"footnotes":"","_links_to":"","_links_to_target":""},"class_list":["post-24050","page","type-page","status-publish"],"_links":{"self":[{"href":"https:\/\/coronelxavierchaves.mg.gov.br\/prefeitura\/wp-json\/wp\/v2\/pages\/24050","targetHints":{"allow":["GET"]}}],"collection":[{"href":"https:\/\/coronelxavierchaves.mg.gov.br\/prefeitura\/wp-json\/wp\/v2\/pages"}],"about":[{"href":"https:\/\/coronelxavierchaves.mg.gov.br\/prefeitura\/wp-json\/wp\/v2\/types\/page"}],"author":[{"embeddable":true,"href":"https:\/\/coronelxavierchaves.mg.gov.br\/prefeitura\/wp-json\/wp\/v2\/users\/10"}],"replies":[{"embeddable":true,"href":"https:\/\/coronelxavierchaves.mg.gov.br\/prefeitura\/wp-json\/wp\/v2\/comments?post=24050"}],"version-history":[{"count":4,"href":"https:\/\/coronelxavierchaves.mg.gov.br\/prefeitura\/wp-json\/wp\/v2\/pages\/24050\/revisions"}],"predecessor-version":[{"id":24059,"href":"https:\/\/coronelxavierchaves.mg.gov.br\/prefeitura\/wp-json\/wp\/v2\/pages\/24050\/revisions\/24059"}],"wp:attachment":[{"href":"https:\/\/coronelxavierchaves.mg.gov.br\/prefeitura\/wp-json\/wp\/v2\/media?parent=24050"}],"curies":[{"name":"wp","href":"https:\/\/api.w.org\/{rel}","templated":true}]}}