{"id":24474,"date":"2025-07-11T10:45:08","date_gmt":"2025-07-11T13:45:08","guid":{"rendered":"https:\/\/coronelxavierchaves.mg.gov.br\/prefeitura\/?page_id=24474"},"modified":"2026-01-20T15:17:17","modified_gmt":"2026-01-20T18:17:17","slug":"licitacoes-2021","status":"publish","type":"page","link":"https:\/\/coronelxavierchaves.mg.gov.br\/prefeitura\/licitacoes-2021\/","title":{"rendered":"LICITA\u00c7\u00d5ES 2021"},"content":{"rendered":"<p><strong><span style=\"color: #ff0000;\">Aten\u00e7\u00e3o! Os itens dos anos 2021 e anteriores est\u00e3o passando por manuten\u00e7\u00e3o e podem n\u00e3o estar acess\u00edveis, caso precise de algum documento destes anos, favor entrar em contato com a prefeitura.<\/span><\/strong><\/p>\n<div class=\"otw-sc-toggle\"><h3 class=\"toggle-trigger widget-title closed\">CONTRATOS, ADITIVOS E ATAS DE LICITA\u00c7\u00d5ES<span class=\"icon\"><\/span><\/h3><div class=\"toggle-content\"><p><br \/>\n<p>&nbsp;<\/p><br \/>\n<\/p><\/div><\/div>\n<div class=\"otw-sc-toggle\"><h3 class=\"toggle-trigger widget-title closed\">EDITAIS DE LICITA\u00c7\u00c3O<span class=\"icon\"><\/span><\/h3><div class=\"toggle-content\"><p><br \/>\n<p>&nbsp;<\/p><br \/>\n<\/p><\/div><\/div>\n<div class=\"otw-sc-toggle\"><h3 class=\"toggle-trigger widget-title closed\">OUTRAS PUBLICA\u00c7\u00d5ES<span class=\"icon\"><\/span><\/h3><div class=\"toggle-content\"><p><br \/>\n<p>&nbsp;<\/p><br \/>\n<\/p><\/div><\/div>\n<div class=\"otw-sc-toggle\"><h3 class=\"toggle-trigger widget-title closed\">SOBRE PROPOSTA EM ARQUIVO XML<span class=\"icon\"><\/span><\/h3><div class=\"toggle-content\"><p><br \/>\n<p>A partir do dia 13 de Maio de 2013 as propostas para algumas\u00a0licita\u00e7\u00f5es ser\u00e3o feitas atrav\u00e9s de meio eletr\u00f4nico (obrigatoriedade estar\u00e1 indicado no edital), o licitante dever\u00e1 fazer download do software abaixo assim como do arquivo XML, cujos links estar\u00e3o presente pr\u00f3ximo ao link de seu respectivo edital.<\/p><br \/>\n<p>O software em quest\u00e3o deve ser utilizado para leitura do arquivo XML e posteriormente deve ser feito o preenchido da proposta atrav\u00e9s do software.<\/p><br \/>\n<p>Ap\u00f3s preenchimento da proposta o licitante dever\u00e1 clicar em RELAT\u00d3RIO e imprimir, logo ap\u00f3s dever\u00e1 clicar em GERAR ARQUIVO e salvar o arquivo gerado. Tanto o relat\u00f3rio impresso quanto o arquivo gerado dever\u00e3o ser apresentados no dia da abertura dos envelopes.<\/p><br \/>\n<p>Obs.: Os links abaixo s\u00e3o para o mesmo software, um em EXE e outro compactado em ZIP, ambos s\u00e3o id\u00eanticos.<\/p><br \/>\n<p>Caso seu navegador seja o Internet Explorer, para salvar o arquivo XML dos editais, clique com o bot\u00e3o direito do mouse sobre o link e escolha a op\u00e7\u00e3o &#8220;Salvar link como&#8221;.<\/p><br \/>\n<ul><br \/>\n<li><a href=\"http:\/\/www.coronelxavierchaves.mg.gov.br\/site\/proposta.exe\" target=\"_blank\" rel=\"noopener noreferrer\">BAIXAR SOFTWARE PARA PROPOSTA<\/a><\/li><br \/>\n<li><a href=\"http:\/\/www.coronelxavierchaves.mg.gov.br\/site\/proposta.zip\" target=\"_blank\" rel=\"noopener noreferrer\">BAIXAR VERS\u00c3O ZIP<\/a><\/li><br \/>\n<\/ul><br \/>\n<p>D\u00favidas devem ser encaminhadas ao email informatica@coronelxavierchaves.mg.gov.br.<\/p><br \/>\n<\/p><\/div><\/div>\n","protected":false},"excerpt":{"rendered":"<p>Aten\u00e7\u00e3o! Os itens dos anos 2021 e anteriores est\u00e3o passando por manuten\u00e7\u00e3o e podem n\u00e3o estar acess\u00edveis, caso precise de algum documento destes anos, favor entrar em contato com a prefeitura.<\/p>\n","protected":false},"author":3,"featured_media":0,"parent":0,"menu_order":0,"comment_status":"closed","ping_status":"closed","template":"","meta":{"footnotes":"","_links_to":"","_links_to_target":""},"class_list":["post-24474","page","type-page","status-publish"],"_links":{"self":[{"href":"https:\/\/coronelxavierchaves.mg.gov.br\/prefeitura\/wp-json\/wp\/v2\/pages\/24474","targetHints":{"allow":["GET"]}}],"collection":[{"href":"https:\/\/coronelxavierchaves.mg.gov.br\/prefeitura\/wp-json\/wp\/v2\/pages"}],"about":[{"href":"https:\/\/coronelxavierchaves.mg.gov.br\/prefeitura\/wp-json\/wp\/v2\/types\/page"}],"author":[{"embeddable":true,"href":"https:\/\/coronelxavierchaves.mg.gov.br\/prefeitura\/wp-json\/wp\/v2\/users\/3"}],"replies":[{"embeddable":true,"href":"https:\/\/coronelxavierchaves.mg.gov.br\/prefeitura\/wp-json\/wp\/v2\/comments?post=24474"}],"version-history":[{"count":4,"href":"https:\/\/coronelxavierchaves.mg.gov.br\/prefeitura\/wp-json\/wp\/v2\/pages\/24474\/revisions"}],"predecessor-version":[{"id":24503,"href":"https:\/\/coronelxavierchaves.mg.gov.br\/prefeitura\/wp-json\/wp\/v2\/pages\/24474\/revisions\/24503"}],"wp:attachment":[{"href":"https:\/\/coronelxavierchaves.mg.gov.br\/prefeitura\/wp-json\/wp\/v2\/media?parent=24474"}],"curies":[{"name":"wp","href":"https:\/\/api.w.org\/{rel}","templated":true}]}}