{"id":24489,"date":"2025-07-11T11:04:27","date_gmt":"2025-07-11T14:04:27","guid":{"rendered":"https:\/\/coronelxavierchaves.mg.gov.br\/prefeitura\/?page_id=24489"},"modified":"2026-01-20T15:17:14","modified_gmt":"2026-01-20T18:17:14","slug":"licitacoes-2020-e-anteriores","status":"publish","type":"page","link":"https:\/\/coronelxavierchaves.mg.gov.br\/prefeitura\/licitacoes-2020-e-anteriores\/","title":{"rendered":"LICITA\u00c7\u00d5ES 2020 E ANTERIORES"},"content":{"rendered":"<p><strong><span style=\"color: #ff0000;\">Aten\u00e7\u00e3o! Os itens dos anos 2021 e anteriores est\u00e3o passando por manuten\u00e7\u00e3o e podem n\u00e3o estar acess\u00edveis, caso precise de algum documento destes anos, favor entrar em contato com a prefeitura.<\/span><\/strong><\/p>\n<div class=\"su-tabs su-tabs-style-default su-tabs-mobile-stack\" data-active=\"1\" data-scroll-offset=\"0\" data-anchor-in-url=\"no\"><div class=\"su-tabs-nav\"><span class=\"\" data-url=\"\" data-target=\"blank\" tabindex=\"0\" role=\"button\">2020<\/span><span class=\"\" data-url=\"\" data-target=\"blank\" tabindex=\"0\" role=\"button\">2019<\/span><span class=\"\" data-url=\"\" data-target=\"blank\" tabindex=\"0\" role=\"button\">2018<\/span><span class=\"\" data-url=\"\" data-target=\"blank\" tabindex=\"0\" role=\"button\">2017<\/span><span class=\"\" data-url=\"\" data-target=\"blank\" tabindex=\"0\" role=\"button\">ANTERIORES<\/span><\/div><div class=\"su-tabs-panes\"><div class=\"su-tabs-pane su-u-clearfix su-u-trim\" data-title=\"2020\">\n\n<div class=\"otw-sc-toggle\"><h3 class=\"toggle-trigger widget-title closed\">CONTRATOS, ADITIVOS, ATAS E OUTROS<span class=\"icon\"><\/span><\/h3><div class=\"toggle-content\"><p><br \/>\n<p>&nbsp;<\/p><br \/>\n<\/p><\/div><\/div>\n<div class=\"otw-sc-toggle\"><h3 class=\"toggle-trigger widget-title closed\">EDITAIS DE AUDI\u00caNCIA P\u00daBLICA<span class=\"icon\"><\/span><\/h3><div class=\"toggle-content\"><p><br \/>\n<div class=\"pt-cv-wrapper\"><div class=\"pt-cv-view pt-cv-collapsible\" id=\"pt-cv-view-a6cc851472\"><div data-id=\"pt-cv-page-1\" class=\"pt-cv-page\" data-cvc=\"1\"><div class=\"panel-group\" id=\"e04d872mw5\"><div class=\"panel panel-default pt-cv-content-item pt-cv-1-col\" >\r\n<div class=\"panel-heading pt-cv-title\">\r\n    <a class=\"panel-title\" data-toggle=\"cvcollapse\" data-parent=\"#e04d872mw5\" data-target=\"#3686778afp\" href='http:\/\/coronelxavierchaves.mg.gov.br\/prefeitura\/wp-content\/uploads\/2020\/04\/Convite-LDO.pdf' onclick='event.preventDefault()'>\r\n\t\tEdital de convite para realiza\u00e7\u00e3o de audi\u00eancia p\u00fablica eletr\u00f4nica &#8211; LDO 2021\t<\/a>\r\n\t<\/div>\r\n<div id=\"3686778afp\" class=\"panel-collapse collapse \">\r\n\t<div class=\"panel-body\">\r\n\t\t<div class=\"pt-cv-content\"><ul>\n<li style=\"list-style-type: none;\">\n<ul style=\"list-style-type: disc;\">\n<li><a href=\"http:\/\/coronelxavierchaves.mg.gov.br\/prefeitura\/wp-content\/uploads\/2020\/04\/Convite-LDO.pdf\">EDITAL<\/a>, publicado em 02\/04\/2020 \u00e0s 18:06h.<\/li>\n<\/ul>\n<\/li>\n<\/ul>\n<p style=\"text-align: justify;\">F\u00daVIO OL\u00cdMPIO DE OLIVEIRA PINTO, Prefeito Municipal de Coronel Xavier Chaves, em cumprimento ao disposto no inciso I, \u00a7 1\u00ba, do art. 48 da Lei Complementar n.\u00ba 101, de 4 de maio de 2000, inciso II do art. 9\u00ba da Lei Federal n.\u00ba 12.527, de 18 de novembro de 2011 e Decreto Municipal n\u00ba 3.282 de 31 de Mar\u00e7o de 2020, CONVIDA os mun\u00edcipes e entidades civis organizadas a participarem de Audi\u00eancia P\u00fablica Eletr\u00f4nica para discuss\u00e3o e elabora\u00e7\u00e3o do Projeto de Lei de Diretrizes Or\u00e7ament\u00e1rias para o exerc\u00edcio de 2021.<\/p>\n<\/div>\t<\/div>\r\n<\/div><\/div><\/div><\/div><\/div><\/div><br \/>\n<\/p><\/div><\/div>\n<div class=\"otw-sc-toggle\"><h3 class=\"toggle-trigger widget-title closed\">EDITAIS DE LICITA\u00c7\u00c3O<span class=\"icon\"><\/span><\/h3><div class=\"toggle-content\"><p><br \/>\n<p>&nbsp;<\/p><br \/>\n<\/p><\/div><\/div>\n<div class=\"otw-sc-toggle\"><h3 class=\"toggle-trigger widget-title closed\">OUTRAS PUBLICA\u00c7\u00d5ES<span class=\"icon\"><\/span><\/h3><div class=\"toggle-content\"><p><br \/>\n<p>&nbsp;<\/p><br \/>\n<\/p><\/div><\/div>\n<div class=\"otw-sc-toggle\"><h3 class=\"toggle-trigger widget-title closed\">SOBRE PROPOSTA EM ARQUIVO XML<span class=\"icon\"><\/span><\/h3><div class=\"toggle-content\"><p><br \/>\n<p>A partir do dia 13 de Maio de 2013 as propostas para algumas\u00a0licita\u00e7\u00f5es ser\u00e3o feitas atrav\u00e9s de meio eletr\u00f4nico (obrigatoriedade estar\u00e1 indicado no edital), o licitante dever\u00e1 fazer download do software abaixo assim como do arquivo XML, cujos links estar\u00e3o presente pr\u00f3ximo ao link de seu respectivo edital.<\/p><br \/>\n<p>O software em quest\u00e3o deve ser utilizado para leitura do arquivo XML e posteriormente deve ser feito o preenchido da proposta atrav\u00e9s do software.<\/p><br \/>\n<p>Ap\u00f3s preenchimento da proposta o licitante dever\u00e1 clicar em RELAT\u00d3RIO e imprimir, logo ap\u00f3s dever\u00e1 clicar em GERAR ARQUIVO e salvar o arquivo gerado. Tanto o relat\u00f3rio impresso quanto o arquivo gerado dever\u00e3o ser apresentados no dia da abertura dos envelopes.<\/p><br \/>\n<p>Obs.: Os links abaixo s\u00e3o para o mesmo software, um em EXE e outro compactado em ZIP, ambos s\u00e3o id\u00eanticos.<\/p><br \/>\n<p>Caso seu navegador seja o Internet Explorer, para salvar o arquivo XML dos editais, clique com o bot\u00e3o direito do mouse sobre o link e escolha a op\u00e7\u00e3o &#8220;Salvar link como&#8221;.<\/p><br \/>\n<ul><br \/>\n<li><a href=\"http:\/\/www.coronelxavierchaves.mg.gov.br\/site\/proposta.exe\" target=\"_blank\" rel=\"noopener noreferrer\">BAIXAR SOFTWARE PARA PROPOSTA<\/a><\/li><br \/>\n<li><a href=\"http:\/\/www.coronelxavierchaves.mg.gov.br\/site\/proposta.zip\" target=\"_blank\" rel=\"noopener noreferrer\">BAIXAR VERS\u00c3O ZIP<\/a><\/li><br \/>\n<\/ul><br \/>\n<p>D\u00favidas devem ser encaminhadas ao email informatica@coronelxavierchaves.mg.gov.br.<\/p><br \/>\n<\/p><\/div><\/div>\n<\/div>\n<div class=\"su-tabs-pane su-u-clearfix su-u-trim\" data-title=\"2019\">\n<div class=\"otw-sc-toggle\"><h3 class=\"toggle-trigger widget-title closed\">CONTRATOS, ADITIVOS E ATAS DE LICITA\u00c7\u00d5ES<span class=\"icon\"><\/span><\/h3><div class=\"toggle-content\"><p><br \/>\n<p>&nbsp;<\/p><br \/>\n<\/p><\/div><\/div>\n<div class=\"otw-sc-toggle\"><h3 class=\"toggle-trigger widget-title closed\">EDITAIS DE LICITA\u00c7\u00c3O<span class=\"icon\"><\/span><\/h3><div class=\"toggle-content\"><p><br \/>\n<p>&nbsp;<\/p><br \/>\n<\/p><\/div><\/div>\n<div class=\"otw-sc-toggle\"><h3 class=\"toggle-trigger widget-title closed\">OUTRAS PUBLICA\u00c7\u00d5ES<span class=\"icon\"><\/span><\/h3><div class=\"toggle-content\"><p><br \/>\n<p>&nbsp;<\/p><br \/>\n<\/p><\/div><\/div>\n<div class=\"otw-sc-toggle\"><h3 class=\"toggle-trigger widget-title closed\">SOBRE PROPOSTA EM ARQUIVO XML<span class=\"icon\"><\/span><\/h3><div class=\"toggle-content\"><p><br \/>\n<p>A partir do dia 13 de Maio de 2013 as propostas para algumas\u00a0licita\u00e7\u00f5es ser\u00e3o feitas atrav\u00e9s de meio eletr\u00f4nico (obrigatoriedade estar\u00e1 indicado no edital), o licitante dever\u00e1 fazer download do software abaixo assim como do arquivo XML, cujos links estar\u00e3o presente pr\u00f3ximo ao link de seu respectivo edital.<\/p><br \/>\n<p>O software em quest\u00e3o deve ser utilizado para leitura do arquivo XML e posteriormente deve ser feito o preenchido da proposta atrav\u00e9s do software.<\/p><br \/>\n<p>Ap\u00f3s preenchimento da proposta o licitante dever\u00e1 clicar em RELAT\u00d3RIO e imprimir, logo ap\u00f3s dever\u00e1 clicar em GERAR ARQUIVO e salvar o arquivo gerado. Tanto o relat\u00f3rio impresso quanto o arquivo gerado dever\u00e3o ser apresentados no dia da abertura dos envelopes.<\/p><br \/>\n<p>Obs.: Os links abaixo s\u00e3o para o mesmo software, um em EXE e outro compactado em ZIP, ambos s\u00e3o id\u00eanticos.<\/p><br \/>\n<p>Caso seu navegador seja o Internet Explorer, para salvar o arquivo XML dos editais, clique com o bot\u00e3o direito do mouse sobre o link e escolha a op\u00e7\u00e3o &#8220;Salvar link como&#8221;.<\/p><br \/>\n<ul><br \/>\n<li><a href=\"http:\/\/www.coronelxavierchaves.mg.gov.br\/site\/proposta.exe\" target=\"_blank\" rel=\"noopener noreferrer\">BAIXAR SOFTWARE PARA PROPOSTA<\/a><\/li><br \/>\n<li><a href=\"http:\/\/www.coronelxavierchaves.mg.gov.br\/site\/proposta.zip\" target=\"_blank\" rel=\"noopener noreferrer\">BAIXAR VERS\u00c3O ZIP<\/a><\/li><br \/>\n<\/ul><br \/>\n<p>D\u00favidas devem ser encaminhadas ao email informatica@coronelxavierchaves.mg.gov.br.<\/p><br \/>\n<\/p><\/div><\/div>\n<\/div>\n<div class=\"su-tabs-pane su-u-clearfix su-u-trim\" data-title=\"2018\">\n<div class=\"otw-sc-toggle\"><h3 class=\"toggle-trigger widget-title closed\">EDITAIS DE LICITA\u00c7\u00c3O<span class=\"icon\"><\/span><\/h3><div class=\"toggle-content\"><p><br \/>\n<p>&nbsp;<\/p><br \/>\n<\/p><\/div><\/div>\n<div class=\"otw-sc-toggle\"><h3 class=\"toggle-trigger widget-title closed\">PUBLICA\u00c7\u00d5ES 2018<span class=\"icon\"><\/span><\/h3><div class=\"toggle-content\"><p><br \/>\n<p>&nbsp;<\/p><br \/>\n<\/p><\/div><\/div>\n<div class=\"otw-sc-toggle\"><h3 class=\"toggle-trigger widget-title closed\">SOBRE PROPOSTA EM ARQUIVO XML<span class=\"icon\"><\/span><\/h3><div class=\"toggle-content\"><p><br \/>\n<p>A partir do dia 13 de Maio de 2013 as propostas para algumas\u00a0licita\u00e7\u00f5es ser\u00e3o feitas atrav\u00e9s de meio eletr\u00f4nico (obrigatoriedade estar\u00e1 indicado no edital), o licitante dever\u00e1 fazer download do software abaixo assim como do arquivo XML, cujos links estar\u00e3o presente pr\u00f3ximo ao link de seu respectivo edital.<\/p><br \/>\n<p>O software em quest\u00e3o deve ser utilizado para leitura do arquivo XML e posteriormente deve ser feito o preenchido da proposta atrav\u00e9s do software.<\/p><br \/>\n<p>Ap\u00f3s preenchimento da proposta o licitante dever\u00e1 clicar em RELAT\u00d3RIO e imprimir, logo ap\u00f3s dever\u00e1 clicar em GERAR ARQUIVO e salvar o arquivo gerado. Tanto o relat\u00f3rio impresso quanto o arquivo gerado dever\u00e3o ser apresentados no dia da abertura dos envelopes.<\/p><br \/>\n<p>Obs.: Os links abaixo s\u00e3o para o mesmo software, um em EXE e outro compactado em ZIP, ambos s\u00e3o id\u00eanticos.<\/p><br \/>\n<p>Caso seu navegador seja o Internet Explorer, para salvar o arquivo XML dos editais, clique com o bot\u00e3o direito do mouse sobre o link e escolha a op\u00e7\u00e3o &#8220;Salvar link como&#8221;.<\/p><br \/>\n<ul><br \/>\n<li><a href=\"http:\/\/www.coronelxavierchaves.mg.gov.br\/site\/proposta.exe\" target=\"_blank\" rel=\"noopener noreferrer\">BAIXAR SOFTWARE PARA PROPOSTA<\/a><\/li><br \/>\n<li><a href=\"http:\/\/www.coronelxavierchaves.mg.gov.br\/site\/proposta.zip\" target=\"_blank\" rel=\"noopener noreferrer\">BAIXAR VERS\u00c3O ZIP<\/a><\/li><br \/>\n<\/ul><br \/>\n<p>D\u00favidas devem ser encaminhadas ao email informatica@coronelxavierchaves.mg.gov.br.<\/p><br \/>\n<\/p><\/div><\/div>\n<\/div>\n<div class=\"su-tabs-pane su-u-clearfix su-u-trim\" data-title=\"2017\">\n<div class=\"otw-sc-toggle\"><h3 class=\"toggle-trigger widget-title closed\">EDITAIS DE LICITA\u00c7\u00c3O<span class=\"icon\"><\/span><\/h3><div class=\"toggle-content\"><p><br \/>\n<p>&nbsp;<\/p><br \/>\n<\/p><\/div><\/div>\n<div class=\"otw-sc-toggle\"><h3 class=\"toggle-trigger widget-title closed\">PUBLICA\u00c7\u00d5ES 2017<span class=\"icon\"><\/span><\/h3><div class=\"toggle-content\"><p><br \/>\n<p>&nbsp;<\/p><br \/>\n<\/p><\/div><\/div>\n<div class=\"otw-sc-toggle\"><h3 class=\"toggle-trigger widget-title closed\">SOBRE PROPOSTA EM ARQUIVO XML<span class=\"icon\"><\/span><\/h3><div class=\"toggle-content\"><p><br \/>\n<p>A partir do dia 13 de Maio de 2013 as propostas para algumas\u00a0licita\u00e7\u00f5es ser\u00e3o feitas atrav\u00e9s de meio eletr\u00f4nico (obrigatoriedade estar\u00e1 indicado no edital), o licitante dever\u00e1 fazer download do software abaixo assim como do arquivo XML, cujos links estar\u00e3o presente pr\u00f3ximo ao link de seu respectivo edital.<\/p><br \/>\n<p>O software em quest\u00e3o deve ser utilizado para leitura do arquivo XML e posteriormente deve ser feito o preenchido da proposta atrav\u00e9s do software.<\/p><br \/>\n<p>Ap\u00f3s preenchimento da proposta o licitante dever\u00e1 clicar em RELAT\u00d3RIO e imprimir, logo ap\u00f3s dever\u00e1 clicar em GERAR ARQUIVO e salvar o arquivo gerado. Tanto o relat\u00f3rio impresso quanto o arquivo gerado dever\u00e3o ser apresentados no dia da abertura dos envelopes.<\/p><br \/>\n<p>Obs.: Os links abaixo s\u00e3o para o mesmo software, um em EXE e outro compactado em ZIP, ambos s\u00e3o id\u00eanticos.<\/p><br \/>\n<p>Caso seu navegador seja o Internet Explorer, para salvar o arquivo XML dos editais, clique com o bot\u00e3o direito do mouse sobre o link e escolha a op\u00e7\u00e3o &#8220;Salvar link como&#8221;.<\/p><br \/>\n<ul><br \/>\n<li><a href=\"http:\/\/www.coronelxavierchaves.mg.gov.br\/site\/proposta.exe\" target=\"_blank\" rel=\"noopener noreferrer\">BAIXAR SOFTWARE PARA PROPOSTA<\/a><\/li><br \/>\n<li><a href=\"http:\/\/www.coronelxavierchaves.mg.gov.br\/site\/proposta.zip\" target=\"_blank\" rel=\"noopener noreferrer\">BAIXAR VERS\u00c3O ZIP<\/a><\/li><br \/>\n<\/ul><br \/>\n<p>D\u00favidas devem ser encaminhadas ao email informatica@coronelxavierchaves.mg.gov.br.<\/p><br \/>\n<\/p><\/div><\/div>\n<\/div>\n<div class=\"su-tabs-pane su-u-clearfix su-u-trim\" data-title=\"ANTERIORES\">\n<p>O site foi atualizado em 2017, publica\u00e7\u00f5es anteriores podem ser encontradas no link:<\/p>\n<p><a href=\"http:\/\/www.coronelxavierchaves.mg.gov.br\/site\/?p=editais\">http:\/\/www.coronelxavierchaves.mg.gov.br\/site\/?p=editais<\/a><\/p>\n<p>&nbsp;<\/p>\n<p>Entre em\u00a0<a href=\".\/contato\">CONTATO<\/a> para maiores informa\u00e7\u00f5es.<\/p>\n<\/div><\/div><\/div>\n","protected":false},"excerpt":{"rendered":"<p>Aten\u00e7\u00e3o! Os itens dos anos 2021 e anteriores est\u00e3o passando por manuten\u00e7\u00e3o e podem n\u00e3o estar acess\u00edveis, caso precise de algum documento destes anos, favor entrar em contato com a prefeitura.<\/p>\n","protected":false},"author":3,"featured_media":0,"parent":0,"menu_order":0,"comment_status":"closed","ping_status":"closed","template":"","meta":{"footnotes":"","_links_to":"","_links_to_target":""},"class_list":["post-24489","page","type-page","status-publish"],"_links":{"self":[{"href":"https:\/\/coronelxavierchaves.mg.gov.br\/prefeitura\/wp-json\/wp\/v2\/pages\/24489","targetHints":{"allow":["GET"]}}],"collection":[{"href":"https:\/\/coronelxavierchaves.mg.gov.br\/prefeitura\/wp-json\/wp\/v2\/pages"}],"about":[{"href":"https:\/\/coronelxavierchaves.mg.gov.br\/prefeitura\/wp-json\/wp\/v2\/types\/page"}],"author":[{"embeddable":true,"href":"https:\/\/coronelxavierchaves.mg.gov.br\/prefeitura\/wp-json\/wp\/v2\/users\/3"}],"replies":[{"embeddable":true,"href":"https:\/\/coronelxavierchaves.mg.gov.br\/prefeitura\/wp-json\/wp\/v2\/comments?post=24489"}],"version-history":[{"count":3,"href":"https:\/\/coronelxavierchaves.mg.gov.br\/prefeitura\/wp-json\/wp\/v2\/pages\/24489\/revisions"}],"predecessor-version":[{"id":24502,"href":"https:\/\/coronelxavierchaves.mg.gov.br\/prefeitura\/wp-json\/wp\/v2\/pages\/24489\/revisions\/24502"}],"wp:attachment":[{"href":"https:\/\/coronelxavierchaves.mg.gov.br\/prefeitura\/wp-json\/wp\/v2\/media?parent=24489"}],"curies":[{"name":"wp","href":"https:\/\/api.w.org\/{rel}","templated":true}]}}