{"id":26682,"date":"2026-02-10T09:35:46","date_gmt":"2026-02-10T12:35:46","guid":{"rendered":"https:\/\/coronelxavierchaves.mg.gov.br\/prefeitura\/?page_id=26682"},"modified":"2026-02-10T10:11:09","modified_gmt":"2026-02-10T13:11:09","slug":"secretaria-municipal-de-cultura-turismo-esporte-e-lazer","status":"publish","type":"page","link":"https:\/\/coronelxavierchaves.mg.gov.br\/prefeitura\/secretaria-municipal-de-cultura-turismo-esporte-e-lazer\/","title":{"rendered":"SECRETARIA MUNICIPAL DE CULTURA, TURISMO, ESPORTE E LAZER"},"content":{"rendered":"<p><strong>SECRET\u00c1RIA:<\/strong> Joelma Concei\u00e7\u00e3o Resende<\/p>\n<p style=\"text-align: left;\"><span style=\"font-family: verdana, geneva, sans-serif; color: #000000; font-size: 10pt;\">Endere\u00e7o: Rua Padre Reis, n\u00b0 84, Centro<br \/>\nHor\u00e1rio de Funcionamento: 08h \u00e0s 16h<br \/>\nTelefone de Contato: (32) 3216-1053 Ramal 117<br \/>\nEmail: cultura@coronelxavierchaves.mg.gov.br<\/span><\/p>\n<ul>\n<li><a href=\"https:\/\/coronelxavierchaves.mg.gov.br\/prefeitura\/secretaria-de-cultura\/\" target=\"_blank\" rel=\"noopener\">Setor de Cultura e Turismo<\/a><\/li>\n<li><a href=\"https:\/\/coronelxavierchaves.mg.gov.br\/prefeitura\/secretaria-municipal-de-esporte-e-lazer\/\" target=\"_blank\" rel=\"noopener\">Setor de Esporte e Lazer<\/a><\/li>\n<\/ul>\n","protected":false},"excerpt":{"rendered":"<p>SECRET\u00c1RIA: Joelma Concei\u00e7\u00e3o Resende Endere\u00e7o: Rua Padre Reis, n\u00b0 84, Centro Hor\u00e1rio de Funcionamento: 08h \u00e0s 16h Telefone de Contato: (32) 3216-1053 Ramal 117 Email: cultura@coronelxavierchaves.mg.gov.br Setor de Cultura e Turismo Setor de Esporte e Lazer<\/p>\n","protected":false},"author":10,"featured_media":0,"parent":0,"menu_order":0,"comment_status":"closed","ping_status":"closed","template":"","meta":{"footnotes":"","_links_to":"","_links_to_target":""},"class_list":["post-26682","page","type-page","status-publish"],"_links":{"self":[{"href":"https:\/\/coronelxavierchaves.mg.gov.br\/prefeitura\/wp-json\/wp\/v2\/pages\/26682","targetHints":{"allow":["GET"]}}],"collection":[{"href":"https:\/\/coronelxavierchaves.mg.gov.br\/prefeitura\/wp-json\/wp\/v2\/pages"}],"about":[{"href":"https:\/\/coronelxavierchaves.mg.gov.br\/prefeitura\/wp-json\/wp\/v2\/types\/page"}],"author":[{"embeddable":true,"href":"https:\/\/coronelxavierchaves.mg.gov.br\/prefeitura\/wp-json\/wp\/v2\/users\/10"}],"replies":[{"embeddable":true,"href":"https:\/\/coronelxavierchaves.mg.gov.br\/prefeitura\/wp-json\/wp\/v2\/comments?post=26682"}],"version-history":[{"count":4,"href":"https:\/\/coronelxavierchaves.mg.gov.br\/prefeitura\/wp-json\/wp\/v2\/pages\/26682\/revisions"}],"predecessor-version":[{"id":26689,"href":"https:\/\/coronelxavierchaves.mg.gov.br\/prefeitura\/wp-json\/wp\/v2\/pages\/26682\/revisions\/26689"}],"wp:attachment":[{"href":"https:\/\/coronelxavierchaves.mg.gov.br\/prefeitura\/wp-json\/wp\/v2\/media?parent=26682"}],"curies":[{"name":"wp","href":"https:\/\/api.w.org\/{rel}","templated":true}]}}