{"id":314,"date":"2017-02-04T22:39:37","date_gmt":"2017-02-05T00:39:37","guid":{"rendered":"http:\/\/coronelxavierchaves.mg.gov.br\/prefeitura\/?page_id=314"},"modified":"2026-04-22T15:35:57","modified_gmt":"2026-04-22T18:35:57","slug":"prefeitura","status":"publish","type":"page","link":"https:\/\/coronelxavierchaves.mg.gov.br\/prefeitura\/prefeitura\/","title":{"rendered":"A PREFEITURA"},"content":{"rendered":"<blockquote><p>Endere\u00e7o, Prefeito e Vice-Prefeito<\/p><\/blockquote>\n<table>\n<tbody>\n<tr>\n<td>Rua Padre Reis, 84 &#8211; Centro. CEP: 36330-000<\/p>\n<p>Telefone: (32) 3216-1053<\/p>\n<p><b>PREFEITO<\/b>: SIDINEI RESENDE PAIVA<\/p>\n<p><b>VICE-PREFEITO<\/b>: JOS\u00c9 GUILHERME JAQUES<\/td>\n<td><img loading=\"lazy\" decoding=\"async\" class=\"alignnone wp-image-20003\" src=\"https:\/\/coronelxavierchaves.mg.gov.br\/prefeitura\/wp-content\/uploads\/2024\/06\/Prefeitura_Fachada.png\" alt=\"\" width=\"238\" height=\"239\" srcset=\"https:\/\/coronelxavierchaves.mg.gov.br\/prefeitura\/wp-content\/uploads\/2024\/06\/Prefeitura_Fachada.png 665w, https:\/\/coronelxavierchaves.mg.gov.br\/prefeitura\/wp-content\/uploads\/2024\/06\/Prefeitura_Fachada-300x300.png 300w, https:\/\/coronelxavierchaves.mg.gov.br\/prefeitura\/wp-content\/uploads\/2024\/06\/Prefeitura_Fachada-130x130.png 130w, https:\/\/coronelxavierchaves.mg.gov.br\/prefeitura\/wp-content\/uploads\/2024\/06\/Prefeitura_Fachada-418x420.png 418w, https:\/\/coronelxavierchaves.mg.gov.br\/prefeitura\/wp-content\/uploads\/2024\/06\/Prefeitura_Fachada-45x45.png 45w\" sizes=\"auto, (max-width: 238px) 100vw, 238px\" \/><\/td>\n<\/tr>\n<\/tbody>\n<\/table>\n<p>&nbsp;<\/p>\n<blockquote><p>Organograma<\/p><\/blockquote>\n<ul>\n<li><a href=\"https:\/\/coronelxavierchaves.mg.gov.br\/prefeitura\/wp-content\/uploads\/2026\/04\/Organograma.pdf\" target=\"_blank\" rel=\"noopener\">Organograma<\/a>, conforme <a href=\"https:\/\/coronelxavierchaves.mg.gov.br\/prefeitura\/wp-content\/uploads\/2026\/04\/Lei-Complementar-n\u00b0-1.559-de-30-de-dezembro-de-2025.pdf\" target=\"_blank\" rel=\"noopener\">Lei Complementar n\u00b0 1.559, de 30 de dezembro de 2025<\/a>, atualizado em 22\/04\/2026.<\/li>\n<\/ul>\n<p>&nbsp;<\/p>\n<blockquote><p>Secretarias da Administra\u00e7\u00e3o<\/p><\/blockquote>\n<p><span style=\"text-decoration: underline;\"><strong>GABINETE DO PREFEITO<\/strong><\/span><\/p>\n<p style=\"padding-left: 30px;\"><strong>CHEFE DE GABINETE:<\/strong> EMANUEL PEREIRA DE ANDRADE<\/p>\n<p>&nbsp;<\/p>\n<p><span style=\"text-decoration: underline;\"><strong>CONTROLADORIA GERAL<\/strong><\/span><\/p>\n<p style=\"padding-left: 30px;\"><strong>CONTROLADOR GERAL:<\/strong> TOBIAS EDUARDO CHAVES RESENDE SANTOS<\/p>\n<p><strong>\u00a0<\/strong><\/p>\n<p><strong><span style=\"text-decoration: underline;\">PROCURADORIA GERAL<\/span><\/strong><\/p>\n<p style=\"padding-left: 30px;\"><strong>PROCURADOR GERAL:<\/strong> JO\u00c3O PEDRO SOUSA CAMARGOS<\/p>\n<p>&nbsp;<\/p>\n<p><strong><span style=\"text-decoration: underline;\">ASSESSORIA DE FINAN\u00c7AS<\/span><\/strong><\/p>\n<p style=\"padding-left: 30px;\"><strong>ASSESSOR DE FINAN\u00c7AS:<\/strong> LUIZ ANT\u00d4NIO XAVIER<\/p>\n<p>&nbsp;<\/p>\n<p><span style=\"text-decoration: underline;\"><strong>SECRETARIA DE ADMINISTRA\u00c7\u00c3O<\/strong><\/span><\/p>\n<p style=\"padding-left: 30px;\"><strong>SECRET\u00c1RIO DE ADMINISTRA\u00c7\u00c3O:<\/strong>\u00a0FL\u00c1VIO GERALDO DE OLIVEIRA PINTO<\/p>\n<p style=\"padding-left: 30px;\"><strong>ASSISTENTE DE COMPRAS, CONV\u00caNIO E QUALIDADE:<\/strong> MATHEUS GABRIEL JOS\u00c9 DOS SANTOS PAULA<\/p>\n<p style=\"padding-left: 30px;\"><strong>DIRETORA DE COMPRAS, LICITA\u00c7\u00d5ES E CONTRATOS:<\/strong> BEATRIZ RAYZE DE RESENDE<\/p>\n<p style=\"padding-left: 30px;\"><strong>ASSISTENTE DE PATRIM\u00d4NIO:<\/strong> SEBASTI\u00c3O LU\u00cdS CHAVES DE SOUSA<\/p>\n<p style=\"padding-left: 30px;\"><strong>CHEFE DE RECURSOS HUMANOS:<\/strong> GEOV\u00c2NIA DE APARECIDA PIO<\/p>\n<p>&nbsp;<\/p>\n<p><span style=\"text-decoration: underline;\"><strong>SECRETARIA MUNICIPAL DE FINAN\u00c7AS E PLANEJAMENTO<\/strong><\/span><\/p>\n<p style=\"padding-left: 30px;\"><strong>SECRET\u00c1RIO DE FINAN\u00c7AS E PLANEJAMENTO:<\/strong> WELTON ALEXANDRE DA SILVA<\/p>\n<p style=\"padding-left: 30px;\"><strong>ASSISTENTE DE CONTABILIDADE E TESOURARIA:<\/strong>ROSIMARA FERNANDA DE ALMEIDA SILVA<\/p>\n<p>&nbsp;<\/p>\n<p><strong><span style=\"text-decoration: underline;\">SECRETARIA DE EDUCA\u00c7\u00c3O<\/span><\/strong><\/p>\n<p style=\"padding-left: 30px;\"><strong>SECRET\u00c1RIA DE EDUCA\u00c7\u00c3O:<\/strong> MARIA DE F\u00c1TIMA VIEIRA VALE SOUSA<\/p>\n<p style=\"padding-left: 30px;\"><strong>DIRETORA ESCOLAR:<\/strong> LIGIA DAYSE DE RESENDE FERREIRA<\/p>\n<p>\u00a0 \u00a0 \u00a0<strong>DIRETORA DA UNIDADE DE EDUCA\u00c7\u00c3O INFANTIL:<\/strong> CLAUDIA MIRANDA CARVALHO\u00a0 \u00a0 \u00a0 \u00a0DE PASSOS<\/p>\n<p style=\"padding-left: 30px;\"><strong>VICE DIRETORA ESCOLAR:<\/strong> LILIANE DOS SANTOS BERALDO<\/p>\n<p style=\"padding-left: 30px;\"><strong>ASSISTENTE DE EDUCA\u00c7\u00c3O: <\/strong>JUSSARA APARECIDA DOS SANTOS NASCIMENTO<\/p>\n<p><strong>\u00a0 \u00a0 \u00a0ASSISTENTE DE EDUCA\u00c7\u00c3O: <\/strong>ADRIANA DO NASCIMENTO MENDON\u00c7A<\/p>\n<p>&nbsp;<\/p>\n<p><strong><span style=\"text-decoration: underline;\">SECRETARIA DE SA\u00daDE<\/span><\/strong><\/p>\n<p style=\"padding-left: 30px;\"><strong>SECRET\u00c1RIA DE SA\u00daDE: <\/strong>RITA DE CASSIA AGUIAR BARBOSA<\/p>\n<p style=\"padding-left: 30px;\"><strong>DIRETORA DE REGULA\u00c7\u00c3O, CONTROLE E AVALIA\u00c7\u00c3O DO SUS:<\/strong>\u00a0MARIA LET\u00cdCIA DO CARMO RESENDE SOUSA<\/p>\n<p><strong>\u00a0 \u00a0 \u00a0 DIRETORA DE ATEN\u00c7\u00c3O PRIM\u00c1RIA A SA\u00daDE:<\/strong> REGINA APARECIDA DE MELO\u00a0 \u00a0 \u00a0 \u00a0 \u00a0 \u00a0 \u00a0 \u00a0 BAGNOLLI<\/p>\n<p><strong>\u00a0 \u00a0 \u00a0 DIRETOR DE SA\u00daDE INTEGRADA URBANA E RURAL: <\/strong>ANT\u00d4NIO JOS\u00c9 DE SOUZA<\/p>\n<p style=\"padding-left: 30px;\"><strong>CHEFE DO SETOR DE SA\u00daDE BUCAL: <\/strong>MARILLAC DE F\u00c1TIMA SILVA<\/p>\n<p style=\"padding-left: 30px;\"><strong>CHEFE DO SETOR DE VIGIL\u00c2NCIA EM SA\u00daDE:<\/strong> TERESA CRISTINA DE RESENDE CHAVES CES\u00c1RIO<\/p>\n<p><strong>\u00a0 \u00a0 \u00a0 CHEFE DE ZOONOSES E ENDEMIAS: <\/strong>BERNARDO SOUSA RESENDE<\/p>\n<p style=\"padding-left: 30px;\"><strong>ASSISTENTE DE REGULA\u00c7\u00c3O EM SA\u00daDE: <\/strong>ANDREIA APARECIDA CIRO<\/p>\n<p>&nbsp;<\/p>\n<p><strong><span style=\"text-decoration: underline;\">SECRETARIA DE ASSIST\u00caNCIA SOCIAL<\/span><\/strong><\/p>\n<p style=\"padding-left: 30px;\"><strong>SECRET\u00c1RIA DE ASSIST\u00caNCIA SOCIAL:<\/strong> MAURA CHAVES SOUSA PINTO<\/p>\n<p style=\"padding-left: 30px;\"><strong>ASSISTENTE DE POL\u00cdTICAS SOCIAIS:<\/strong> PAULA CRISTIANE DOS SANTOS RODRIGUES<\/p>\n<p>&nbsp;<\/p>\n<p><span style=\"text-decoration: underline;\"><strong>SECRETARIA MUNICIPAL DE OBRAS, URBANISMO E TRANSPORTES<\/strong><\/span><\/p>\n<p style=\"padding-left: 30px;\"><strong>SECRET\u00c1RIO DE OBRAS E URBANISMO E TRANSPORTE:<\/strong>\u00a0ROMILSON MEIRO DE SOUSA<\/p>\n<p style=\"padding-left: 30px;\"><strong>COORDENADOR DE URBANISMO:<\/strong> REGIANE DE LOURDES GUILHERME<\/p>\n<p><strong>\u00a0 \u00a0 \u00a0COORDENADOR DE TRANSPORTE E FROTA:<\/strong> WELITON DE SOUSA MAGALHAES<\/p>\n<p>&nbsp;<\/p>\n<p><span style=\"text-decoration: underline;\"><strong>SECRETARIA MUNICIPAL DE CULTURA, TURISMO, ESPORTE E LAZER<\/strong><\/span><\/p>\n<p style=\"padding-left: 30px;\"><strong>SECRET\u00c1RIA DE CULTURA, TURISMO, ESPORTE E LAZER:<\/strong> JOELMA CONCEI\u00c7\u00c3O RESENDE<\/p>\n<p style=\"padding-left: 30px;\"><strong>ASSISTENTE DE ESPORTE E LAZER:<\/strong> J\u00daLIO C\u00c9SAR MARTINS<\/p>\n<p style=\"padding-left: 30px;\"><strong>DIRETOR DA BANDA DE M\u00daSICA:<\/strong>\u00a0JAIME LUIZ DE MENDON\u00c7A<\/p>\n<p style=\"padding-left: 30px;\"><strong>ASSISTENTE DE CULTURA E TURISMO:<\/strong> EVERTON JOS\u00c9 DE SOUSA<\/p>\n<p>&nbsp;<\/p>\n<p><span style=\"text-decoration: underline;\"><strong>SECRETARIA DE MEIO AMBIENTE E DESENVOLVIMENTO ECON\u00d4MICO<\/strong><\/span><\/p>\n<p style=\"padding-left: 30px;\"><strong>SECRET\u00c1RIO DE MEIO AMBIENTE E DESENVOLVIMENTO ECON\u00d4MICO:<\/strong> T\u00daLIO OT\u00c1VIO DE ARA\u00daJO LIMA NETO<\/p>\n<p style=\"padding-left: 30px;\"><strong>COORDENADORA DE MEIO AMBIENTE E SERVI\u00c7O DE TRIAGEM E COMPOSTAGEM DE RES\u00cdDUOS:<\/strong> CATIUCIA LUCIANA DE CASTRO<\/p>\n<p style=\"padding-left: 30px;\"><strong>COORDENADORA DE SANEAMENTO B\u00c1SICO E TRATAMENTO DE ESGOTO:<\/strong> CHAMBERLAINI EDUARDA VALE DE RESENDE SANTOS<\/p>\n<p>&nbsp;<\/p>\n<p><span style=\"text-decoration: underline;\"><strong>SECRETARIA DE DESENVOLVIMENTO RURAL<\/strong><\/span><\/p>\n<p style=\"padding-left: 30px;\"><strong>SECRET\u00c1RIO DE DESENVOLVIMENTO RURAL:<\/strong> GUILHERME MELO RESENDE<\/p>\n<p style=\"padding-left: 30px;\">\n","protected":false},"excerpt":{"rendered":"<p>Endere\u00e7o, Prefeito e Vice-Prefeito Rua Padre Reis, 84 &#8211; Centro. CEP: 36330-000 Telefone: (32) 3216-1053 PREFEITO: SIDINEI RESENDE PAIVA VICE-PREFEITO: JOS\u00c9 GUILHERME JAQUES &nbsp; Organograma Organograma, conforme Lei Complementar n\u00b0 1.559, de 30 de dezembro de 2025, atualizado em 22\/04\/2026. &nbsp; Secretarias da Administra\u00e7\u00e3o GABINETE DO PREFEITO CHEFE DE GABINETE: EMANUEL PEREIRA DE ANDRADE &nbsp; [&hellip;]<\/p>\n","protected":false},"author":1,"featured_media":20003,"parent":0,"menu_order":0,"comment_status":"closed","ping_status":"closed","template":"","meta":{"footnotes":"","_links_to":"","_links_to_target":""},"class_list":["post-314","page","type-page","status-publish","has-post-thumbnail"],"_links":{"self":[{"href":"https:\/\/coronelxavierchaves.mg.gov.br\/prefeitura\/wp-json\/wp\/v2\/pages\/314","targetHints":{"allow":["GET"]}}],"collection":[{"href":"https:\/\/coronelxavierchaves.mg.gov.br\/prefeitura\/wp-json\/wp\/v2\/pages"}],"about":[{"href":"https:\/\/coronelxavierchaves.mg.gov.br\/prefeitura\/wp-json\/wp\/v2\/types\/page"}],"author":[{"embeddable":true,"href":"https:\/\/coronelxavierchaves.mg.gov.br\/prefeitura\/wp-json\/wp\/v2\/users\/1"}],"replies":[{"embeddable":true,"href":"https:\/\/coronelxavierchaves.mg.gov.br\/prefeitura\/wp-json\/wp\/v2\/comments?post=314"}],"version-history":[{"count":36,"href":"https:\/\/coronelxavierchaves.mg.gov.br\/prefeitura\/wp-json\/wp\/v2\/pages\/314\/revisions"}],"predecessor-version":[{"id":27511,"href":"https:\/\/coronelxavierchaves.mg.gov.br\/prefeitura\/wp-json\/wp\/v2\/pages\/314\/revisions\/27511"}],"wp:featuredmedia":[{"embeddable":true,"href":"https:\/\/coronelxavierchaves.mg.gov.br\/prefeitura\/wp-json\/wp\/v2\/media\/20003"}],"wp:attachment":[{"href":"https:\/\/coronelxavierchaves.mg.gov.br\/prefeitura\/wp-json\/wp\/v2\/media?parent=314"}],"curies":[{"name":"wp","href":"https:\/\/api.w.org\/{rel}","templated":true}]}}