{"id":319,"date":"2017-02-04T22:44:18","date_gmt":"2017-02-05T00:44:18","guid":{"rendered":"http:\/\/coronelxavierchaves.mg.gov.br\/prefeitura\/?page_id=319"},"modified":"2017-03-29T15:58:33","modified_gmt":"2017-03-29T18:58:33","slug":"associacoes","status":"publish","type":"page","link":"https:\/\/coronelxavierchaves.mg.gov.br\/prefeitura\/associacoes\/","title":{"rendered":"ASSOCIA\u00c7\u00d5ES"},"content":{"rendered":"<div class=\"otw-sc-toggle\"><h3 class=\"toggle-trigger widget-title closed\">Grupo de Atividades e Apoio \u00e0 Terceira Idade - GAATI<span class=\"icon\"><\/span><\/h3><div class=\"toggle-content\"><p>O GAATI &#8211; Grupo de Atividades e Apoio \u00e0 Terceira Idade teve in\u00edcio no dia 16 de Outubro de 1996 por iniciativa de Geralda de Maria de Jesus Chaves, artes\u00e3 e coordenadora do grupo e sua filha psic\u00f3loga Maria Margarete Pinto Chaves.<\/p><br \/>\n<p>O grupo foi formado com o objetivo de se criar um espa\u00e7o onde as senhoras da comunidade de Coronel Xavier Chaves pudessem se reunir para aprenderem e realizarem atividades artesanais e, atrav\u00e9s desses encontros, conversar e fazer amizades.<\/p><br \/>\n<p>J\u00e1 foram realizadas diversas exposi\u00e7\u00f5es dos trabalhos do grupo, onde cada uma tem a oportunidade de vender seus trabalhos ou somente coloc\u00e1-los \u00e0 mostra. A venda dos trabalhos \u00e9 de inteira responsabilidade de cada senhora, que coloca o pre\u00e7o e o negocia. O material \u00e9 quase todo de sucatas recebidas de doa\u00e7\u00f5es de pessoas da comunidade e de fora.<\/p><br \/>\n<p>O GAATI \u00e9 tamb\u00e9m um coral, Damas da Noite, que faz serenatas por ocasi\u00e3o dos anivers\u00e1rios das integrantes do grupo ou quando solicitadas pela comunidade.<\/p><br \/>\n<p><a href=\"https:\/\/plus.google.com\/photos\/102413166252206861210\/albums\/6145455168184446785\" target=\"blank\"> &gt; FOTOS <\/a><\/p><br \/>\n<\/p><\/div><\/div>\n<p>&nbsp;<\/p>\n<p><strong>Associa\u00e7\u00e3o de Pequenos Produtores Rurais Moradores de S\u00e3o Caetano<\/strong><\/p>\n<p>&nbsp;<\/p>\n<p><strong>Associa\u00e7\u00e3o Atl\u00e9tica Coroense<\/strong><\/p>\n<p>&nbsp;<\/p>\n<p><strong>Associa\u00e7\u00e3o dos Moradores da Vila Mendes \u2013 AMOVIM<\/strong><\/p>\n<p>&nbsp;<\/p>\n<p><strong>Associa\u00e7\u00e3o Protetora das Aves Silvestres do Munic. Cel. X. Chaves \u2013 APASIL<\/strong><\/p>\n<p>&nbsp;<\/p>\n<p><strong>Movimento Infantil Xavierense \u2013 MIX<\/strong><\/p>\n<p>&nbsp;<\/p>\n<p><strong>Associa\u00e7\u00e3o dos Moradores da Vila F\u00e1tima \u2013 AMOVIFA<\/strong><\/p>\n<p>&nbsp;<\/p>\n<p><strong>Banda de Congado Nossa Senhora do Ros\u00e1rio e S\u00e3o Benedito<\/strong><\/p>\n<p>&nbsp;<\/p>\n<p><strong>Assoc. de Moradores e Amigos das com. do Sumidouro, Capoeirinha e C\u00f4rreias &#8211; AMASCC<\/strong><\/p>\n<p>&nbsp;<\/p>\n<p><strong>Associa\u00e7\u00e3o de Amigos do Acervo Cultural Geraldo Argela Rodrigues<\/strong><\/p>\n<p>&nbsp;<\/p>\n<p><strong>Associa\u00e7\u00e3o Comunit\u00e1ria e Cultural dos Artes\u00f5es de Estrada &#8211; ACAE<\/strong><\/p>\n<p>&nbsp;<\/p>\n<p><strong>Associa\u00e7\u00e3o Grupo de Atividade e Apoio a 3\u00aa Idade<\/strong><\/p>\n<p>&nbsp;<\/p>\n<p><strong>Associa\u00e7\u00e3o Rural e Comunit\u00e1ria de Cel. Xavier Chaves &#8211; ARCEL<\/strong><\/p>\n<p>&nbsp;<\/p>\n<p><strong>Associa\u00e7\u00e3o dos Moradores do Planalto de F\u00e1tima &#8211; AMPLAF<\/strong><\/p>\n<p>&nbsp;<\/p>\n<p><strong>Grupo Cultural da Consci\u00eancia Negra &#8211; COSNEC<\/strong><\/p>\n<p>&nbsp;<\/p>\n<p><strong>Conselho de Desenvolvimento da Comunidade da Cachoeira<\/strong><\/p>\n<p>&nbsp;<\/p>\n<p><strong>Associa\u00e7\u00e3o dos Moradores da \u00c1gua Limpa<\/strong><\/p>\n<p>&nbsp;<\/p>\n<p><strong>Conselho Municipal de Desenvolvimento Rural Sustent\u00e1vel<\/strong><\/p>\n","protected":false},"excerpt":{"rendered":"<p>&nbsp; Associa\u00e7\u00e3o de Pequenos Produtores Rurais Moradores de S\u00e3o Caetano &nbsp; Associa\u00e7\u00e3o Atl\u00e9tica Coroense &nbsp; Associa\u00e7\u00e3o dos Moradores da Vila Mendes \u2013 AMOVIM &nbsp; Associa\u00e7\u00e3o Protetora das Aves Silvestres do Munic. Cel. X. Chaves \u2013 APASIL &nbsp; Movimento Infantil Xavierense \u2013 MIX &nbsp; Associa\u00e7\u00e3o dos Moradores da Vila F\u00e1tima \u2013 AMOVIFA &nbsp; Banda de Congado [&hellip;]<\/p>\n","protected":false},"author":1,"featured_media":0,"parent":0,"menu_order":0,"comment_status":"closed","ping_status":"closed","template":"","meta":{"footnotes":"","_links_to":"","_links_to_target":""},"class_list":["post-319","page","type-page","status-publish"],"_links":{"self":[{"href":"https:\/\/coronelxavierchaves.mg.gov.br\/prefeitura\/wp-json\/wp\/v2\/pages\/319","targetHints":{"allow":["GET"]}}],"collection":[{"href":"https:\/\/coronelxavierchaves.mg.gov.br\/prefeitura\/wp-json\/wp\/v2\/pages"}],"about":[{"href":"https:\/\/coronelxavierchaves.mg.gov.br\/prefeitura\/wp-json\/wp\/v2\/types\/page"}],"author":[{"embeddable":true,"href":"https:\/\/coronelxavierchaves.mg.gov.br\/prefeitura\/wp-json\/wp\/v2\/users\/1"}],"replies":[{"embeddable":true,"href":"https:\/\/coronelxavierchaves.mg.gov.br\/prefeitura\/wp-json\/wp\/v2\/comments?post=319"}],"version-history":[{"count":0,"href":"https:\/\/coronelxavierchaves.mg.gov.br\/prefeitura\/wp-json\/wp\/v2\/pages\/319\/revisions"}],"wp:attachment":[{"href":"https:\/\/coronelxavierchaves.mg.gov.br\/prefeitura\/wp-json\/wp\/v2\/media?parent=319"}],"curies":[{"name":"wp","href":"https:\/\/api.w.org\/{rel}","templated":true}]}}