{"id":326,"date":"2017-02-04T22:59:37","date_gmt":"2017-02-05T00:59:37","guid":{"rendered":"http:\/\/coronelxavierchaves.mg.gov.br\/prefeitura\/?page_id=326"},"modified":"2017-04-01T15:51:27","modified_gmt":"2017-04-01T18:51:27","slug":"galeria-de-ex-prefeitos","status":"publish","type":"page","link":"https:\/\/coronelxavierchaves.mg.gov.br\/prefeitura\/galeria-de-ex-prefeitos\/","title":{"rendered":"GALERIA DE EX-PREFEITOS"},"content":{"rendered":"<table>\n<tbody>\n<tr>\n<td style=\"width: 200px;\"><a href=\"http:\/\/coronelxavierchaves.mg.gov.br\/prefeitura\/wp-content\/uploads\/2017\/02\/01.jpg\" data-rel=\"lightbox-image-0\" data-rl_title=\"\" data-rl_caption=\"\" title=\"\"><img loading=\"lazy\" decoding=\"async\" class=\"alignnone size-full wp-image-327\" src=\"http:\/\/coronelxavierchaves.mg.gov.br\/prefeitura\/wp-content\/uploads\/2017\/02\/01.jpg\" alt=\"\" width=\"150\" height=\"225\" \/><\/a><\/td>\n<td>\n<p class=\"style16\"><strong>Jos\u00e9 On\u00e9simo<\/strong> <strong>Vale<\/strong><\/p>\n<p class=\"style27\">de<strong> 01\/03\/63 <\/strong>a<strong> 29\/08\/63<\/strong><\/p>\n<\/td>\n<\/tr>\n<tr>\n<td>\u00a0<a href=\"http:\/\/coronelxavierchaves.mg.gov.br\/prefeitura\/wp-content\/uploads\/2017\/02\/07.jpg\" data-rel=\"lightbox-image-1\" data-rl_title=\"\" data-rl_caption=\"\" title=\"\"><img loading=\"lazy\" decoding=\"async\" class=\"alignnone size-full wp-image-328\" src=\"http:\/\/coronelxavierchaves.mg.gov.br\/prefeitura\/wp-content\/uploads\/2017\/02\/07.jpg\" alt=\"\" width=\"150\" height=\"225\" \/><\/a><\/td>\n<td>\n<p class=\"style16\"><strong>Jo\u00e3o Batista Assun\u00e7\u00e3o<\/strong><\/p>\n<p class=\"style27\">de<strong> 30\/08\/63 <\/strong>a<strong> 30\/01\/67<\/strong><\/p>\n<p class=\"style27\">de <strong>31\/01\/73<\/strong> a<strong> 31\/01\/77<\/strong><\/p>\n<\/td>\n<\/tr>\n<tr>\n<td>\u00a0<a href=\"http:\/\/coronelxavierchaves.mg.gov.br\/prefeitura\/wp-content\/uploads\/2017\/02\/02.jpg\" data-rel=\"lightbox-image-2\" data-rl_title=\"\" data-rl_caption=\"\" title=\"\"><img loading=\"lazy\" decoding=\"async\" class=\"alignnone size-full wp-image-329\" src=\"http:\/\/coronelxavierchaves.mg.gov.br\/prefeitura\/wp-content\/uploads\/2017\/02\/02.jpg\" alt=\"\" width=\"150\" height=\"225\" \/><\/a><\/td>\n<td>\n<p class=\"style16\"><strong>Cipriano Chaves<\/strong><\/p>\n<p class=\"style27\">de<strong> 31\/01\/67 <\/strong>a<strong> 30\/01\/71<\/strong><\/p>\n<\/td>\n<\/tr>\n<tr>\n<td>\u00a0<a href=\"http:\/\/coronelxavierchaves.mg.gov.br\/prefeitura\/wp-content\/uploads\/2017\/02\/08.jpg\" data-rel=\"lightbox-image-3\" data-rl_title=\"\" data-rl_caption=\"\" title=\"\"><img loading=\"lazy\" decoding=\"async\" class=\"alignnone size-full wp-image-330\" src=\"http:\/\/coronelxavierchaves.mg.gov.br\/prefeitura\/wp-content\/uploads\/2017\/02\/08.jpg\" alt=\"\" width=\"150\" height=\"225\" \/><\/a><\/td>\n<td>\n<p class=\"style16\"><strong>Geraldo de Sousa<\/strong><\/p>\n<p class=\"style27\">de<strong> 31\/01\/71 <\/strong>a<strong> 30\/01\/73<\/strong><\/p>\n<\/td>\n<\/tr>\n<tr>\n<td>\u00a0<a href=\"http:\/\/coronelxavierchaves.mg.gov.br\/prefeitura\/wp-content\/uploads\/2017\/02\/03.jpg\" data-rel=\"lightbox-image-4\" data-rl_title=\"\" data-rl_caption=\"\" title=\"\"><img loading=\"lazy\" decoding=\"async\" class=\"alignnone size-full wp-image-331\" src=\"http:\/\/coronelxavierchaves.mg.gov.br\/prefeitura\/wp-content\/uploads\/2017\/02\/03.jpg\" alt=\"\" width=\"150\" height=\"225\" \/><\/a><\/td>\n<td>\n<p class=\"style16\"><strong>Jo\u00e3o Batista de Resende<\/strong><\/p>\n<p class=\"style27\">de<strong> 01\/02\/77 <\/strong>a<strong> 31\/01\/83<\/strong><\/p>\n<\/td>\n<\/tr>\n<tr>\n<td>\u00a0<a href=\"http:\/\/coronelxavierchaves.mg.gov.br\/prefeitura\/wp-content\/uploads\/2017\/02\/06.jpg\" data-rel=\"lightbox-image-5\" data-rl_title=\"\" data-rl_caption=\"\" title=\"\"><img loading=\"lazy\" decoding=\"async\" class=\"alignnone size-full wp-image-332\" src=\"http:\/\/coronelxavierchaves.mg.gov.br\/prefeitura\/wp-content\/uploads\/2017\/02\/06.jpg\" alt=\"\" width=\"150\" height=\"225\" \/><\/a><\/td>\n<td>\n<p class=\"style25\"><strong>Francisco<\/strong> <strong>de Assis Pinto<\/strong><\/p>\n<p class=\"style27\">de <strong>01\/01\/83<\/strong> a<strong> 31\/12\/88<\/strong><\/p>\n<p class=\"style27\">de <strong>01\/01\/93<\/strong> a<strong> 31\/12\/96<\/strong><\/p>\n<\/td>\n<\/tr>\n<tr>\n<td>\u00a0<a href=\"http:\/\/coronelxavierchaves.mg.gov.br\/prefeitura\/wp-content\/uploads\/2017\/02\/04.jpg\" data-rel=\"lightbox-image-6\" data-rl_title=\"\" data-rl_caption=\"\" title=\"\"><img loading=\"lazy\" decoding=\"async\" class=\"alignnone size-full wp-image-333\" src=\"http:\/\/coronelxavierchaves.mg.gov.br\/prefeitura\/wp-content\/uploads\/2017\/02\/04.jpg\" alt=\"\" width=\"150\" height=\"225\" \/><\/a><\/td>\n<td>\n<p class=\"style25\"><strong>D\u00e9lcio Jos\u00e9 de Resende<\/strong><\/p>\n<p class=\"style27\">de <strong>01\/01\/89<\/strong> a<strong> 31\/12\/92<\/strong><\/p>\n<\/td>\n<\/tr>\n<tr>\n<td>\u00a0<a href=\"http:\/\/coronelxavierchaves.mg.gov.br\/prefeitura\/wp-content\/uploads\/2017\/02\/05.jpg\" data-rel=\"lightbox-image-7\" data-rl_title=\"\" data-rl_caption=\"\" title=\"\"><img loading=\"lazy\" decoding=\"async\" class=\"alignnone size-full wp-image-334\" src=\"http:\/\/coronelxavierchaves.mg.gov.br\/prefeitura\/wp-content\/uploads\/2017\/02\/05.jpg\" alt=\"\" width=\"150\" height=\"225\" \/><\/a><\/td>\n<td>\n<p class=\"style16\"><strong>Helder S\u00e1vio Silva<\/strong><\/p>\n<p class=\"style27\">de<strong> 01\/01\/97 <\/strong>a<strong> 31\/12\/00<\/strong><\/p>\n<p class=\"style27\">de <strong>01\/01\/01<\/strong> a<strong> 31\/12\/04<\/strong><\/p>\n<p class=\"style27\">de\u00a0<strong>01\/01\/09<\/strong>\u00a0a<strong>\u00a031\/12\/12<\/strong><\/p>\n<\/td>\n<\/tr>\n<tr>\n<td>\u00a0<a href=\"http:\/\/coronelxavierchaves.mg.gov.br\/prefeitura\/wp-content\/uploads\/2017\/02\/26.jpg\" data-rel=\"lightbox-image-8\" data-rl_title=\"\" data-rl_caption=\"\" title=\"\"><img loading=\"lazy\" decoding=\"async\" class=\"alignnone size-full wp-image-335\" src=\"http:\/\/coronelxavierchaves.mg.gov.br\/prefeitura\/wp-content\/uploads\/2017\/02\/26.jpg\" alt=\"\" width=\"150\" height=\"225\" \/><\/a><\/td>\n<td>\n<p class=\"style25\"><strong>Jos\u00e9 Guilherme Jaques<\/strong><\/p>\n<p class=\"style27\">de <strong>01\/01\/05<\/strong>\u00a0a<strong> 31\/12\/08<\/strong><\/p>\n<\/td>\n<\/tr>\n<\/tbody>\n<\/table>\n","protected":false},"excerpt":{"rendered":"<p>Jos\u00e9 On\u00e9simo Vale de 01\/03\/63 a 29\/08\/63 \u00a0 Jo\u00e3o Batista Assun\u00e7\u00e3o de 30\/08\/63 a 30\/01\/67 de 31\/01\/73 a 31\/01\/77 \u00a0 Cipriano Chaves de 31\/01\/67 a 30\/01\/71 \u00a0 Geraldo de Sousa de 31\/01\/71 a 30\/01\/73 \u00a0 Jo\u00e3o Batista de Resende de 01\/02\/77 a 31\/01\/83 \u00a0 Francisco de Assis Pinto de 01\/01\/83 a 31\/12\/88 de 01\/01\/93 a [&hellip;]<\/p>\n","protected":false},"author":1,"featured_media":15,"parent":0,"menu_order":0,"comment_status":"closed","ping_status":"closed","template":"","meta":{"footnotes":"","_links_to":"","_links_to_target":""},"class_list":["post-326","page","type-page","status-publish","has-post-thumbnail"],"_links":{"self":[{"href":"https:\/\/coronelxavierchaves.mg.gov.br\/prefeitura\/wp-json\/wp\/v2\/pages\/326","targetHints":{"allow":["GET"]}}],"collection":[{"href":"https:\/\/coronelxavierchaves.mg.gov.br\/prefeitura\/wp-json\/wp\/v2\/pages"}],"about":[{"href":"https:\/\/coronelxavierchaves.mg.gov.br\/prefeitura\/wp-json\/wp\/v2\/types\/page"}],"author":[{"embeddable":true,"href":"https:\/\/coronelxavierchaves.mg.gov.br\/prefeitura\/wp-json\/wp\/v2\/users\/1"}],"replies":[{"embeddable":true,"href":"https:\/\/coronelxavierchaves.mg.gov.br\/prefeitura\/wp-json\/wp\/v2\/comments?post=326"}],"version-history":[{"count":0,"href":"https:\/\/coronelxavierchaves.mg.gov.br\/prefeitura\/wp-json\/wp\/v2\/pages\/326\/revisions"}],"wp:featuredmedia":[{"embeddable":true,"href":"https:\/\/coronelxavierchaves.mg.gov.br\/prefeitura\/wp-json\/wp\/v2\/media\/15"}],"wp:attachment":[{"href":"https:\/\/coronelxavierchaves.mg.gov.br\/prefeitura\/wp-json\/wp\/v2\/media?parent=326"}],"curies":[{"name":"wp","href":"https:\/\/api.w.org\/{rel}","templated":true}]}}