{"id":339,"date":"2017-02-04T23:03:03","date_gmt":"2017-02-05T01:03:03","guid":{"rendered":"http:\/\/coronelxavierchaves.mg.gov.br\/prefeitura\/?page_id=339"},"modified":"2025-06-17T10:33:13","modified_gmt":"2025-06-17T13:33:13","slug":"secretaria-de-educacao","status":"publish","type":"page","link":"https:\/\/coronelxavierchaves.mg.gov.br\/prefeitura\/secretaria-de-educacao\/","title":{"rendered":"SECRETARIA DE EDUCA\u00c7\u00c3O"},"content":{"rendered":"<blockquote><p>SECRET\u00c1RIA<\/p><\/blockquote>\n<p>Secret\u00e1ria Municipal de Educa\u00e7\u00e3o: Maria de F\u00e1tima Vieira Vale Sousa<\/p>\n<p>Endere\u00e7o: Rua Padre Reis, n\u00ba 84, Centro.<\/p>\n<p>Hor\u00e1rio de Funcionamento: 08h \u00e0s 16h<\/p>\n<p>Telefone de Contato: (32) 3216-1053 Ramal 101<\/p>\n<p>E-mail: educacao@coronelxavierchaves.mg.gov.br<\/p>\n<p>&nbsp;<\/p>\n<blockquote><p>HIST\u00d3RICO<\/p><\/blockquote>\n<p style=\"text-align: justify;\">O Servi\u00e7o Municipal de Educa\u00e7\u00e3o de Coronel Xavier Chaves foi institu\u00eddo pela Lei N\u00ba 07 de 1\u00ba de junho de 1977.<\/p>\n<p style=\"text-align: justify;\">O Servi\u00e7o Municipal de Educa\u00e7\u00e3o \u00e9 respons\u00e1vel pela Gest\u00e3o das Pol\u00edticas P\u00fablicas voltadas para a \u00e1rea da educa\u00e7\u00e3o do munic\u00edpio de Coronel Xavier Chaves e por administrar, organizar, planejar o sistema educacional da Rede Municipal em articula\u00e7\u00e3o com os demais \u00f3rg\u00e3os da Administra\u00e7\u00e3o Municipal, integrando-os \u00e0s Pol\u00edticas e Planos Educacionais da Uni\u00e3o e do Estado.<\/p>\n<p style=\"text-align: justify;\">Tem como diretrizes pedag\u00f3gicas a concretiza\u00e7\u00e3o de a\u00e7\u00f5es b\u00e1sicas que visam garantir a perman\u00eancia do aluno na escola e o sucesso de sua forma\u00e7\u00e3o escolar, de modo a contribuir para a inclus\u00e3o social e o exerc\u00edcio da cidadania, em conformidade com as diretrizes curriculares nacionais e com as normas legais locais, definindo pressupostos que garantem a eq\u00fcidade e a melhoria da qualidade do ensino e da aprendizagem.<\/p>\n<p>Com a nuclea\u00e7\u00e3o das escolas rurais em 1998 e no ano 2000, o Servi\u00e7o Municipal de Educa\u00e7\u00e3o administra somente uma escola na sede do munic\u00edpio (E.M.\u201dSebasti\u00e3o Patr\u00edcio Pinto\u201d), que atende a um total de 407 alunos.<\/p>\n<p>&nbsp;<\/p>\n<blockquote><p>PLANO MUNICIPAL DE EDUCA\u00c7\u00c3O<\/p><\/blockquote>\n<p><a href=\"https:\/\/coronelxavierchaves.mg.gov.br\/prefeitura\/wp-content\/uploads\/2025\/05\/Plano-Municipal-de-Educacao-2015-2024.pdf\">Plano Municipal de Educa\u00e7\u00e3o (2015-2024)<\/a><\/p>\n<p><a href=\"https:\/\/coronelxavierchaves.mg.gov.br\/prefeitura\/wp-content\/uploads\/2025\/05\/Relatorio-de-Monitoramento-2023.pdf\">Relat\u00f3rio de Monitoramento (2023)<\/a><\/p>\n<blockquote><p>Publica\u00e7\u00f5es<\/p><\/blockquote>\n<div class=\"pt-cv-wrapper\"><div class=\"pt-cv-view pt-cv-collapsible\" id=\"pt-cv-view-7ad301eb13\"><div data-id=\"pt-cv-page-1\" class=\"pt-cv-page\" data-cvc=\"1\"><div class=\"panel-group\" id=\"f7eabd2ipd\"><div class=\"panel panel-default pt-cv-content-item pt-cv-1-col\" >\r\n<div class=\"panel-heading pt-cv-title\">\r\n    <a class=\"panel-title\" data-toggle=\"cvcollapse\" data-parent=\"#f7eabd2ipd\" data-target=\"#49a33earaj\" href='https:\/\/coronelxavierchaves.mg.gov.br\/prefeitura\/2026\/04\/06\/resolucao-002-2026-institui-a-sala-multidisciplinar-no-ambito-da-secretaria-municipal-de-educacao-e-da-outras-providencias\/' onclick='event.preventDefault()'>\r\n\t\tResolu\u00e7\u00e3o 002\/2026 &#8211; &#8220;Institui a Sala Multidisciplinar no \u00e2mbito da Secretaria Municipal de Educa\u00e7\u00e3o e d\u00e1 outras provid\u00eancias.&#8221;&#8211;\t<\/a>\r\n\t<\/div>\r\n<div id=\"49a33earaj\" class=\"panel-collapse collapse \">\r\n\t<div class=\"panel-body\">\r\n\t\t<div class=\"pt-cv-content\"><blockquote><p>DOWNLOADS<\/p><\/blockquote>\n<ul>\n<li><a href=\"https:\/\/coronelxavierchaves.mg.gov.br\/prefeitura\/wp-content\/uploads\/2026\/04\/Resolucao-SME-no-02.pdf\">RESOLU\u00c7\u00c3O<\/a>, publicado em 06\/04\/2026 \u00e0s 14:35h.<\/li>\n<\/ul>\n<p>&nbsp;<\/p>\n<p>Resolu\u00e7\u00e3o 002\/2026 &#8211; &#8220;Institui a Sala Multidisciplinar no \u00e2mbito da Secretaria Municipal de Educa\u00e7\u00e3o e d\u00e1 outras provid\u00eancias.&#8221;<\/p>\n<\/div>\t<\/div>\r\n<\/div><\/div>\n<div class=\"panel panel-default pt-cv-content-item pt-cv-1-col\" >\r\n<div class=\"panel-heading pt-cv-title\">\r\n    <a class=\"panel-title\" data-toggle=\"cvcollapse\" data-parent=\"#f7eabd2ipd\" data-target=\"#62cf686m1s\" href='https:\/\/coronelxavierchaves.mg.gov.br\/prefeitura\/2026\/04\/06\/resolucao-001-2026-dispoe-sobre-a-adequacao-curricular-a-bncc-com-a-inclusao-da-computacao-na-rede-municipal-de-ensino-e-estabelece-diretrizes-para-atendimento-dos-criterios-de-acesso-aos-recurs\/' onclick='event.preventDefault()'>\r\n\t\tResolu\u00e7\u00e3o 001\/2026 &#8211; &#8220;Disp\u00f5e sobre a adequa\u00e7\u00e3o curricular \u00e0 BNCC, com a inclus\u00e3o da Computa\u00e7\u00e3o na Rede Municipal de Ensino, e estabelece diretrizes para atendimento dos crit\u00e9rios de acesso aos recursos do Fundeb, especialmente quanto ao VAAR &#8211; Valor Aluno Ano Resultado.&#8221;&#8211;\t<\/a>\r\n\t<\/div>\r\n<div id=\"62cf686m1s\" class=\"panel-collapse collapse \">\r\n\t<div class=\"panel-body\">\r\n\t\t<div class=\"pt-cv-content\"><p style=\"text-align: justify;\">\n<blockquote><p>DOWNLOADS<\/p><\/blockquote>\n<ul>\n<li><a href=\"https:\/\/coronelxavierchaves.mg.gov.br\/prefeitura\/wp-content\/uploads\/2026\/04\/Resolucao-CME-no-001.pdf\">RESOLU\u00c7\u00c3O<\/a>, publicado em 06\/04\/2026 \u00e0s 14:29h.<\/li>\n<\/ul>\n<\/p><p>&nbsp;<\/p>\n<p>&nbsp;<\/p>\n<p>Resolu\u00e7\u00e3o 001\/2026 &#8211; &#8220;Disp\u00f5e sobre a adequa\u00e7\u00e3o curricular \u00e0 BNCC, com a inclus\u00e3o da Computa\u00e7\u00e3o na Rede Municipal de Ensino, e estabelece diretrizes para atendimento dos crit\u00e9rios de acesso aos recursos do Fundeb, especialmente quanto ao VAAR &#8211; Valor Aluno Ano Resultado.&#8221;<\/p>\n<\/div>\t<\/div>\r\n<\/div><\/div>\n<div class=\"panel panel-default pt-cv-content-item pt-cv-1-col\" >\r\n<div class=\"panel-heading pt-cv-title\">\r\n    <a class=\"panel-title\" data-toggle=\"cvcollapse\" data-parent=\"#f7eabd2ipd\" data-target=\"#bb80095tla\" href='https:\/\/coronelxavierchaves.mg.gov.br\/prefeitura\/2025\/12\/12\/resolucao-002-2025-institui-as-diretrizes-para-a-implementacao-da-politica-da-educacao-em-tempo-integral\/' onclick='event.preventDefault()'>\r\n\t\tResolu\u00e7\u00e3o 002\/2025 &#8211; &#8220;Institui as diretrizes para a implementa\u00e7\u00e3o da pol\u00edtica da Educa\u00e7\u00e3o em Tempo Integral&#8221;\t<\/a>\r\n\t<\/div>\r\n<div id=\"bb80095tla\" class=\"panel-collapse collapse \">\r\n\t<div class=\"panel-body\">\r\n\t\t<div class=\"pt-cv-content\"><p style=\"text-align: justify;\">Resolu\u00e7\u00e3o 002\/2025 &#8211; &#8220;\u201cInstitui as diretrizes para a implementa\u00e7\u00e3o da Pol\u00edtica da Educa\u00e7\u00e3o em Tempo Integral na Rede Municipal de Ensino, e d\u00e1 outras provid\u00eancias\u201d.<\/p>\n<blockquote><p>DOWNLOADS<\/p><\/blockquote>\n<ul>\n<li><a href=\"https:\/\/coronelxavierchaves.mg.gov.br\/prefeitura\/wp-content\/uploads\/2025\/12\/Resolucao-CME-002.pdf\">RESOLU\u00c7\u00c3O<\/a>, publicado em 12\/12\/2025 \u00e0s 09:03h.<\/li>\n<\/ul>\n<\/div>\t<\/div>\r\n<\/div><\/div>\n<div class=\"panel panel-default pt-cv-content-item pt-cv-1-col\" >\r\n<div class=\"panel-heading pt-cv-title\">\r\n    <a class=\"panel-title\" data-toggle=\"cvcollapse\" data-parent=\"#f7eabd2ipd\" data-target=\"#2bfb05aiq0\" href='https:\/\/coronelxavierchaves.mg.gov.br\/prefeitura\/2025\/11\/19\/resolucao-001-2025-dispoe-sobre-os-procedimentos-para-p-desenvolvimento-das-diretrizes-curriculares-nacionais-relativas-a-educacao\/' onclick='event.preventDefault()'>\r\n\t\tResolu\u00e7\u00e3o 001\/2025 &#8211; &#8220;disp\u00f5e sobre os procedimentos para p desenvolvimento das Diretrizes Curriculares Nacionais relativas \u00e0 Educa\u00e7\u00e3o&#8230;&#8221;\t<\/a>\r\n\t<\/div>\r\n<div id=\"2bfb05aiq0\" class=\"panel-collapse collapse \">\r\n\t<div class=\"panel-body\">\r\n\t\t<div class=\"pt-cv-content\"><p style=\"text-align: justify;\">Resolu\u00e7\u00e3o 001\/2025: &#8220;Disp\u00f5e sobre os procedimentos para o desenvolvimento das Diretrizes Curriculares Nacionais relativas \u00e0 Educa\u00e7\u00e3o das Rela\u00e7\u00f5es \u00c9tnico raciais e ao Ensino da Hist\u00f3ria e Cultura Afro-brasileira, Africana e Ind\u00edgena, no Sistema Municipal de Ensino de Coronel Xavier Chaves&#8221;.<\/p>\n<blockquote><p>DOWNLOADS<\/p><\/blockquote>\n<ul>\n<li><a href=\"https:\/\/coronelxavierchaves.mg.gov.br\/prefeitura\/wp-content\/uploads\/2025\/11\/Resolucao-001.pdf\">RESOLU\u00c7\u00c3O<\/a>, publicado em 19\/11\/2025 \u00e0s 10:08h.<\/li>\n<\/ul>\n<\/div>\t<\/div>\r\n<\/div><\/div>\n<div class=\"panel panel-default pt-cv-content-item pt-cv-1-col\" >\r\n<div class=\"panel-heading pt-cv-title\">\r\n    <a class=\"panel-title\" data-toggle=\"cvcollapse\" data-parent=\"#f7eabd2ipd\" data-target=\"#8310628re5\" href='https:\/\/coronelxavierchaves.mg.gov.br\/prefeitura\/2025\/06\/17\/politica-publica-de-educacao-em-tempo-integral-parecer-e-ata-de-reuniao\/' onclick='event.preventDefault()'>\r\n\t\tPol\u00edtica P\u00fablica de Educa\u00e7\u00e3o em Tempo Integral, Parecer e Ata de Reuni\u00e3o\t<\/a>\r\n\t<\/div>\r\n<div id=\"8310628re5\" class=\"panel-collapse collapse \">\r\n\t<div class=\"panel-body\">\r\n\t\t<div class=\"pt-cv-content\"><ul>\n<li style=\"list-style-type: none;\">\n<ul>\n<li><a href=\"https:\/\/coronelxavierchaves.mg.gov.br\/prefeitura\/wp-content\/uploads\/2025\/06\/Poitica-Municipal-de-Educacao-emTempo-Integral-2025.pdf\">POL\u00cdTICA MUNICIPAL DE EDUCA\u00c7\u00c3O EM TEMPO INTREGAL<\/a>, publicado em 17\/06\/2025 \u00e0s 10:37h.<\/li>\n<li><a href=\"https:\/\/coronelxavierchaves.mg.gov.br\/prefeitura\/wp-content\/uploads\/2025\/06\/Ata-de-reuniao-para-aprovacao-da-Politica-do-tempo-Integral-2025.pdf\">ATA DE REUNI\u00c3O DO CONELHO MUNICIPAL DE EDUCA\u00c7\u00c3O N\u00ba. 29<\/a>, publicado em 17\/06\/2025 \u00e0s 10:37h.<\/li>\n<li><a href=\"https:\/\/coronelxavierchaves.mg.gov.br\/prefeitura\/wp-content\/uploads\/2025\/06\/Parecer-CME-acerca-da-Politica-de-Tempo-Integral-2025.pdf\">PARECER N\u00ba. 001\/2025 &#8211; CONSELHO MUNICIPAL DE EDUCA\u00c7\u00c3O<\/a>, publicado em 17\/06\/2025 \u00e0s 10:37h.<\/li>\n<\/ul>\n<\/li>\n<\/ul>\n<\/div>\t<\/div>\r\n<\/div><\/div><\/div><\/div><\/div><\/div>\n","protected":false},"excerpt":{"rendered":"<p>SECRET\u00c1RIA Secret\u00e1ria Municipal de Educa\u00e7\u00e3o: Maria de F\u00e1tima Vieira Vale Sousa Endere\u00e7o: Rua Padre Reis, n\u00ba 84, Centro. Hor\u00e1rio de Funcionamento: 08h \u00e0s 16h Telefone de Contato: (32) 3216-1053 Ramal 101 E-mail: educacao@coronelxavierchaves.mg.gov.br &nbsp; HIST\u00d3RICO O Servi\u00e7o Municipal de Educa\u00e7\u00e3o de Coronel Xavier Chaves foi institu\u00eddo pela Lei N\u00ba 07 de 1\u00ba de junho de [&hellip;]<\/p>\n","protected":false},"author":1,"featured_media":0,"parent":0,"menu_order":0,"comment_status":"closed","ping_status":"closed","template":"","meta":{"footnotes":"","_links_to":"","_links_to_target":""},"class_list":["post-339","page","type-page","status-publish"],"_links":{"self":[{"href":"https:\/\/coronelxavierchaves.mg.gov.br\/prefeitura\/wp-json\/wp\/v2\/pages\/339","targetHints":{"allow":["GET"]}}],"collection":[{"href":"https:\/\/coronelxavierchaves.mg.gov.br\/prefeitura\/wp-json\/wp\/v2\/pages"}],"about":[{"href":"https:\/\/coronelxavierchaves.mg.gov.br\/prefeitura\/wp-json\/wp\/v2\/types\/page"}],"author":[{"embeddable":true,"href":"https:\/\/coronelxavierchaves.mg.gov.br\/prefeitura\/wp-json\/wp\/v2\/users\/1"}],"replies":[{"embeddable":true,"href":"https:\/\/coronelxavierchaves.mg.gov.br\/prefeitura\/wp-json\/wp\/v2\/comments?post=339"}],"version-history":[{"count":7,"href":"https:\/\/coronelxavierchaves.mg.gov.br\/prefeitura\/wp-json\/wp\/v2\/pages\/339\/revisions"}],"predecessor-version":[{"id":24149,"href":"https:\/\/coronelxavierchaves.mg.gov.br\/prefeitura\/wp-json\/wp\/v2\/pages\/339\/revisions\/24149"}],"wp:attachment":[{"href":"https:\/\/coronelxavierchaves.mg.gov.br\/prefeitura\/wp-json\/wp\/v2\/media?parent=339"}],"curies":[{"name":"wp","href":"https:\/\/api.w.org\/{rel}","templated":true}]}}