{"id":344,"date":"2017-02-04T23:10:26","date_gmt":"2017-02-05T01:10:26","guid":{"rendered":"http:\/\/coronelxavierchaves.mg.gov.br\/prefeitura\/?page_id=344"},"modified":"2017-04-01T15:54:03","modified_gmt":"2017-04-01T18:54:03","slug":"emater","status":"publish","type":"page","link":"https:\/\/coronelxavierchaves.mg.gov.br\/prefeitura\/emater\/","title":{"rendered":"EMATER"},"content":{"rendered":"<blockquote><p>EMATER EM CORONEL XAVIER CHAVES<\/p><\/blockquote>\n<div class=\"otw-sc-toggle\"><h3 class=\"toggle-trigger widget-title closed\">HIST\u00d3RIA<span class=\"icon\"><\/span><\/h3><div class=\"toggle-content\"><p><br \/>\n<p>A Associa\u00e7\u00e3o de Cr\u00e9dito e Assist\u00eancia Rural &#8211; ACAR, fundada em 1948, foi a primeira experi\u00eancia brasileira direcionada para a introdu\u00e7\u00e3o de novas t\u00e9cnicas de agricultura e economia dom\u00e9stica, de incentivo \u00e0 organiza\u00e7\u00e3o e de aproxima\u00e7\u00e3o do conhecimento gerado nos centros de ensino e de pesquisa aos produtores rurais. Essa Associa\u00e7\u00e3o, que tinha como s\u00edmbolo o jipe, possu\u00eda equipes de trabalho em munic\u00edpios de Minas Gerais, que prestavam assist\u00eancia t\u00e9cnica aos agricultores que a solicitassem.<\/p><br \/>\n<p>Em 1974 o servi\u00e7o de extens\u00e3o coordenado pela ABCAR foi estatizado, com a cria\u00e7\u00e3o da Empresa Brasileira de Assist\u00eancia T\u00e9cnica e Extens\u00e3o Rural &#8211; EMBRATER, respons\u00e1vel pela coordena\u00e7\u00e3o de todas as Emateres, empresas p\u00fablicas estaduais vinculadas \u00e0s Secretarias de Agricultura dos Estados, criadas em substitui\u00e7\u00e3o \u00e0s ACARES.<\/p><br \/>\n<p>A EMATER-MG foi criada em 1975, ao mesmo tempo em que era extinta a ACAR, com o objetivo de planejar, coordenar e executar programas de assist\u00eancia t\u00e9cnica e extens\u00e3o rural, buscando difundir conhecimentos de natureza t\u00e9cnica, econ\u00f4mica e social, para aumento da produ\u00e7\u00e3o e produtividade agr\u00edcolas e melhoria das condi\u00e7\u00f5es de vida no meio rural do Estado de Minas Gerais, de acordo com as pol\u00edticas de a\u00e7\u00e3o do Governo estadual e federal.<\/p><br \/>\n<p>Entretanto, com a crise econ\u00f4mica iniciada em 1979 e a conseq\u00fcente redu\u00e7\u00e3o de recursos, aconteceram mudan\u00e7as com rela\u00e7\u00e3o ao p\u00fablico atendido. A assist\u00eancia t\u00e9cnica se volta para pequenos e m\u00e9dios produtores e produ\u00e7\u00e3o de alimentos b\u00e1sicos. A responsabilidade de assistir os grandes produtores foi direcionada para as empresas privadas de assist\u00eancia t\u00e9cnica.<\/p><br \/>\n<p>Em 1990, com a extin\u00e7\u00e3o da EMBRATER, a coordena\u00e7\u00e3o do Sistema passa para a Empresa Brasileira de Pesquisa Agropecu\u00e1ria &#8211; EMBRAPA, em seguida para a Associa\u00e7\u00e3o Brasileira das Empresas de Assist\u00eancia T\u00e9cnica e Extens\u00e3o Rural &#8211; ASBRAER e, recentemente, para o Minist\u00e9rio do Desenvolvimento e Reforma Agr\u00e1ria &#8211; MDA.<\/p><br \/>\n<p>Ainda na d\u00e9cada de 90, como forma de sobreviver em meio \u00e0 turbul\u00eancia, a EMATER-MG passa por um processo de moderniza\u00e7\u00e3o, incorporando a vis\u00e3o de foco no cliente e nos resultados desejados, definindo sua miss\u00e3o e objetivos estrat\u00e9gicos. Al\u00e9m disso, oferece servi\u00e7os aos m\u00e9dios e grandes produtores, com o objetivo de gerar recursos adicionais, para ampliar e melhorar o atendimento aos produtores rurais de agricultura familiar.<\/p><br \/>\n<p>A partir de 2003 a EMATER-MG come\u00e7a a consolidar a sua atua\u00e7\u00e3o como Empresa de Desenvolvimento Sustent\u00e1vel, tendo um papel destacado na constru\u00e7\u00e3o e implementa\u00e7\u00e3o de pol\u00edticas p\u00fablicas.<\/p><br \/>\n<p>A EMATER-MG atua como um dos principais instrumentos do Governo de Minas Gerais para a a\u00e7\u00e3o operacional e de planejamento no setor agr\u00edcola do Estado, especialmente para desenvolver a\u00e7\u00f5es de extens\u00e3o rural junto aos produtores de agricultura familiar. Constitui \u00e1rea espec\u00edfica de atua\u00e7\u00e3o o territ\u00f3rio mineiro, buscando resultados como a melhoria da qualidade de vida e condi\u00e7\u00f5es de produ\u00e7\u00e3o dos produtores de agricultura familiar, a inclus\u00e3o social de grupos e comunidades rurais, por meio de programas geradores de emprego e renda, e as a\u00e7\u00f5es de organiza\u00e7\u00e3o rural para o desenvolvimento com sustentabilidade e atendimento aos direitos de cidadania.<\/p><br \/>\n<p>O apoio \u00e0 agricultura familiar \u00e9 conseq\u00fc\u00eancia de uma pol\u00edtica estrat\u00e9gica para garantir seguran\u00e7a alimentar e nutricional, proporcionar a inclus\u00e3o social de grupos marginalizados e permitir o desenvolvimento sustentado de toda a sociedade mineira. Para tanto a EMATER-MG desenvolve suas a\u00e7\u00f5es em parceria e de forma integrada com o Sistema Operacional da Agricultura de Minas Gerais; os produtores rurais, suas formas associativas e suas entidades de classe; as diversas organiza\u00e7\u00f5es e empresas do setor privado e p\u00fablico; e, especialmente, com o Poder P\u00fablico Municipal.<\/p><br \/>\n<\/p><\/div><\/div>\n<div class=\"otw-sc-toggle\"><h3 class=\"toggle-trigger widget-title closed\">EQUIPE<span class=\"icon\"><\/span><\/h3><div class=\"toggle-content\"><p><br \/>\n<p><b><u>Leonardo Henrique Ferreira Calsavara<\/u><\/b><\/p><br \/>\n<p>Possui gradua\u00e7\u00e3o em Administra\u00e7\u00e3o pela Universidade Federal de S\u00e3o Jo\u00e3o Del &#8211; Rei (2009) e curso T\u00e9cnico em Agropecu\u00e1ria pela Escola Agrot\u00e9cnica Federal de Barbacena (2000). Atualmente \u00e9 extensionista agropecu\u00e1rio da Empresa de Assist\u00eancia T\u00e9cnica e Extens\u00e3o Rural do Estado de Minas Gerais (EMATER-MG). Tem experi\u00eancia na \u00e1rea de Integra\u00e7\u00e3o Lavoura Pecu\u00e1ria e Integra\u00e7\u00e3o Lavoura, Pecu\u00e1ria e Floresta, com \u00eanfase na produ\u00e7\u00e3o de leite, atuando principalmente nos seguintes temas: sustentabilidade, produ\u00e7\u00e3o e mercado.<\/p><br \/>\n<p>Curr\u00edculo Lattes <a href=\"http:\/\/buscatextual.cnpq.br\/buscatextual\/visualizacv.do?id=K4332518P7\" target=\"_blank\">http:\/\/buscatextual.cnpq.br\/buscatextual\/visualizacv.do?id=K4332518P7<\/a><\/p><br \/>\n<\/p><\/div><\/div>\n<div class=\"otw-sc-toggle\"><h3 class=\"toggle-trigger widget-title closed\">PROGRAMAS<span class=\"icon\"><\/span><\/h3><div class=\"toggle-content\"><p><br \/>\n<p><b>Objetivo<\/b>: Promover a qualidade de vida dos agricultores familiares por meio da constru\u00e7\u00e3o t\u00e9cnica, da organiza\u00e7\u00e3o e da gest\u00e3o dos seus sistemas de produ\u00e7\u00e3o na pecu\u00e1ria bovina, propiciando sua integra\u00e7\u00e3o nas cadeias produtivas vinculadas \u00e0 atividade, com foco no incremento da renda familiar proveniente dos produtos da bovinocultura \u2013 venda de leite e animais.<\/p><br \/>\n<p>&nbsp;<\/p><br \/>\n<p><b>P\u00fablico Alvo<\/b>: Pecuaristas familiares com produ\u00e7\u00e3o m\u00e9dia di\u00e1ria de at\u00e9 200 litros de leite, tendo na atividade leiteira a sua principal base econ\u00f4mica-financeira.<\/p><br \/>\n<p>&nbsp;<\/p><br \/>\n<p><b>Parceiros<\/b>:<\/p><br \/>\n<p style=\"text-align: center;\"><a href=\"http:\/\/coronelxavierchaves.mg.gov.br\/prefeitura\/wp-content\/uploads\/2017\/02\/programas_parceiros.png\" data-rel=\"lightbox-image-0\" data-rl_title=\"\" data-rl_caption=\"\" title=\"\"><img loading=\"lazy\" decoding=\"async\" class=\"alignnone size-full wp-image-345\" src=\"http:\/\/coronelxavierchaves.mg.gov.br\/prefeitura\/wp-content\/uploads\/2017\/02\/programas_parceiros.png\" alt=\"\" width=\"703\" height=\"359\" srcset=\"https:\/\/coronelxavierchaves.mg.gov.br\/prefeitura\/wp-content\/uploads\/2017\/02\/programas_parceiros.png 703w, https:\/\/coronelxavierchaves.mg.gov.br\/prefeitura\/wp-content\/uploads\/2017\/02\/programas_parceiros-300x153.png 300w\" sizes=\"auto, (max-width: 703px) 100vw, 703px\" \/><\/a><\/p><br \/>\n<p style=\"text-align: left;\">Eixos:<\/p><br \/>\n<p style=\"text-align: center;\"><a href=\"http:\/\/coronelxavierchaves.mg.gov.br\/prefeitura\/wp-content\/uploads\/2017\/02\/programas_eixos.png\" data-rel=\"lightbox-image-1\" data-rl_title=\"\" data-rl_caption=\"\" title=\"\"><img loading=\"lazy\" decoding=\"async\" class=\"alignnone size-full wp-image-347\" src=\"http:\/\/coronelxavierchaves.mg.gov.br\/prefeitura\/wp-content\/uploads\/2017\/02\/programas_eixos.png\" alt=\"\" width=\"699\" height=\"439\" srcset=\"https:\/\/coronelxavierchaves.mg.gov.br\/prefeitura\/wp-content\/uploads\/2017\/02\/programas_eixos.png 699w, https:\/\/coronelxavierchaves.mg.gov.br\/prefeitura\/wp-content\/uploads\/2017\/02\/programas_eixos-300x188.png 300w\" sizes=\"auto, (max-width: 699px) 100vw, 699px\" \/><\/a><\/p><br \/>\n<blockquote><br \/>\n<p style=\"text-align: left;\">Minas sem fome<\/p><br \/>\n<\/blockquote><br \/>\n<p>Visa melhorar as condi\u00e7\u00f5es de seguran\u00e7a alimentar e nutricional das popula\u00e7\u00f5es de comunidade rural e urbana, em situa\u00e7\u00e3o de vulnerabilidade social, organizadas por meio de entidades comunit\u00e1rias, sem fins lucrativos e legalmente constitu\u00eddas. Traz como estrat\u00e9gia a implanta\u00e7\u00e3o de projetos produtivos coletivos e de agrega\u00e7\u00e3o de valor \u00e0 produ\u00e7\u00e3o, como forma de inclus\u00e3o produtiva e social e de resgate dos direitos de cidadania.<\/p><br \/>\n<p><b>P\u00fablico Alvo<\/b>: Popula\u00e7\u00e3o rural ou urbana, em situa\u00e7\u00e3o de vulnerabilidade social, organizada por meio de associa\u00e7\u00f5es comunit\u00e1rias, sem fins lucrativos e legalmente constitu\u00eddas, com projetos de interesse coletivo. Escolas, creches, asilos e entidades assistenciais tamb\u00e9m s\u00e3o atendidas.<\/p><br \/>\n<p><b>A\u00e7\u00f5es Desenvolvidas:<\/b><\/p><br \/>\n<ul><br \/>\n<li>Cria\u00e7\u00e3o de Pequenos Animais (avicultura\/cria\u00e7\u00e3o de galinhas)<\/li><br \/>\n<li>Cria\u00e7\u00e3o de Pequenos Animais (apicultura\/cria\u00e7\u00e3o de abelhas)<\/li><br \/>\n<li>Lavouras Comunit\u00e1rias, Pr\u00f3-Horta, Pr\u00f3-pomar<\/li><br \/>\n<li>Agroind\u00fastria<\/li><br \/>\n<li>Melhoria da Qualidade do Leite<\/li><br \/>\n<li>Capacita\u00e7\u00e3o em Seguran\u00e7a Alimentar e Nutricional e T\u00e9cnicas de Produ\u00e7\u00e3o de Alimentos<\/li><br \/>\n<li>Capacita\u00e7\u00e3o de Jovens Rurais<\/li><br \/>\n<li>Sistemas de Capta\u00e7\u00e3o e Abastecimento de \u00c1gua<\/li><br \/>\n<\/ul><br \/>\n<p>&nbsp;<\/p><br \/>\n<blockquote><p>Integra\u00e7\u00e3o lavoura, pecu\u00e1ria e floresta (iLPF)<\/p><\/blockquote><br \/>\n<p>O sistema de iLPF, tamb\u00e9m denominado de Agrossilvipastoril, \u00e9 uma modalidade dos Sistemas Agroflorestais (SAF). O sistema de iLPF \u00e9 o cons\u00f3rcio de sistemas de uso do solo, onde a atividade agr\u00edcola, a pecu\u00e1ria e a silvicultura s\u00e3o combinadas no mesmo tempo e espa\u00e7o.<\/p><br \/>\n<p>&nbsp;<\/p><br \/>\n<p><b>Objetivo<\/b>:<\/p><br \/>\n<ul><br \/>\n<li>recuperar ou renovar pastagens degradadas;<\/li><br \/>\n<li>diversificar as fontes de renda;<\/li><br \/>\n<li>maior efici\u00eancia da terra (otimiza\u00e7\u00e3o);<\/li><br \/>\n<li>promover o conforto t\u00e9rmico dos animais;<\/li><br \/>\n<li>reduzir a press\u00e3o por madeira de matas nativas;<\/li><br \/>\n<li>sequestro de CO\u00b2.<\/li><br \/>\n<\/ul><br \/>\n<p><b>Vantagens da iLPF:<\/b><\/p><br \/>\n<ul><br \/>\n<li>menor custo de implanta\u00e7\u00e3o;<\/li><br \/>\n<li>sinergismo entre as culturas;<\/li><br \/>\n<li>obten\u00e7\u00e3o de cobertura morta (palhada) para o plantio direto;<\/li><br \/>\n<li>produ\u00e7\u00e3o de forragem para a entressafra;<\/li><br \/>\n<li>redu\u00e7\u00e3o dos custos e da vulnerabilidade (clima e mercados);<\/li><br \/>\n<li>aumento da taxa de ocupa\u00e7\u00e3o (UA\/ha);<\/li><br \/>\n<li>aumento da MO e ciclagem de nutrientes no solo;<\/li><br \/>\n<li>cerca viva;Paisagismo;Quebra vento;<\/li><br \/>\n<li>valoriza\u00e7\u00e3o da propriedade;<\/li><br \/>\n<li>viabiliza o plantio direto;<\/li><br \/>\n<li>Independ\u00eancia do mercado externo\/auto-sufici\u00eancia.<\/li><br \/>\n<\/ul><br \/>\n<p>&nbsp;<\/p><br \/>\n<blockquote><p>Queijo Minas Artesanal<\/p><\/blockquote><br \/>\n<p>O Programa Queijo Minas Artesanal, executado pela EMATER-MG, contempla, entre outros aspectos, a organiza\u00e7\u00e3o dos produtores, padroniza\u00e7\u00e3o de produtores, padroniza\u00e7\u00e3o de produtos, normatiza\u00e7\u00e3o de processos de produtos, normatiza\u00e7\u00e3o de procesos de produ\u00e7\u00e3o, embalagens, comercializa\u00e7\u00e3o e, finalmente, certifica\u00e7\u00e3o da origem e qualidade de seus queijos.<\/p><br \/>\n<p>A realiza\u00e7\u00e3o de Programa assegura principalmente aos pequenos produtores de leite mais uma alternativa para a comercializa\u00e7\u00e3o de seu produto, com maior valor agregado, gerando mais emprego e melhorando sua qualidade de vida.<\/p><br \/>\n<p><b>Os principais objetivos s\u00e3o:<\/b><\/p><br \/>\n<ul><br \/>\n<li>Garantir a seguran\u00e7a alimentar, por meio do controle sanit\u00e1rio no processo de produ\u00e7\u00e3o.<\/li><br \/>\n<li>Incentivar e fortalecer a organiza\u00e7\u00e3o dos produtores.<\/li><br \/>\n<li>Cadastrar os produtores e buscar a certifica\u00e7\u00e3o de origem.<\/li><br \/>\n<li>Definir a cadeia produtiva.<\/li><br \/>\n<\/ul><br \/>\n<p>Para que o produtor rural das regi\u00f5es caracterizadas atenda \u00e0 legisla\u00e7\u00e3o e se cadastre no Instituto Mineiro de Agropecu\u00e1ria- IMA, \u00e9 necess\u00e1rio que ele procure a EMATER-MG do seu munic\u00edpio e fa\u00e7a parte do Programa de Melhoria do Queijo Minas Artesanal.<\/p><br \/>\n<p>&nbsp;<\/p><br \/>\n<\/p><\/div><\/div>\n<div class=\"otw-sc-toggle\"><h3 class=\"toggle-trigger widget-title closed\">PARCEIROS<span class=\"icon\"><\/span><\/h3><div class=\"toggle-content\"><p><br \/>\n<p><a href=\"http:\/\/coronelxavierchaves.mg.gov.br\/prefeitura\/wp-content\/uploads\/2017\/02\/EMATER.png\" data-rel=\"lightbox-image-2\" data-rl_title=\"\" data-rl_caption=\"\" title=\"\"><img loading=\"lazy\" decoding=\"async\" class=\"alignnone size-full wp-image-350\" src=\"http:\/\/coronelxavierchaves.mg.gov.br\/prefeitura\/wp-content\/uploads\/2017\/02\/EMATER.png\" alt=\"\" width=\"952\" height=\"1248\" srcset=\"https:\/\/coronelxavierchaves.mg.gov.br\/prefeitura\/wp-content\/uploads\/2017\/02\/EMATER.png 586w, https:\/\/coronelxavierchaves.mg.gov.br\/prefeitura\/wp-content\/uploads\/2017\/02\/EMATER-229x300.png 229w, https:\/\/coronelxavierchaves.mg.gov.br\/prefeitura\/wp-content\/uploads\/2017\/02\/EMATER-768x1007.png 768w, https:\/\/coronelxavierchaves.mg.gov.br\/prefeitura\/wp-content\/uploads\/2017\/02\/EMATER-781x1024.png 781w\" sizes=\"auto, (max-width: 952px) 100vw, 952px\" \/><\/a><\/p><br \/>\n<\/p><\/div><\/div>\n<div class=\"otw-sc-toggle\"><h3 class=\"toggle-trigger widget-title closed\">LINKS<span class=\"icon\"><\/span><\/h3><div class=\"toggle-content\"><p><br \/>\n<p><b>EMATER\/MG<\/b> &#8211; <a href=\"http:\/\/www.emater.mg.gov.br\/\" target=\"_blank\">http:\/\/www.emater.mg.gov.br\/<\/a><\/p><br \/>\n<p>&nbsp;<\/p><br \/>\n<p><b>EMBRAPA GADO DE LEITE<\/b> &#8211; <a href=\"http:\/\/www.cnpgl.embrapa.br\/\" target=\"_blank\">http:\/\/www.cnpgl.embrapa.br\/<\/a><\/p><br \/>\n<p>&nbsp;<\/p><br \/>\n<p><b>EMBRAPA MILHO E SORGO<\/b> &#8211; <a href=\"http:\/\/www.cnpms.embrapa.br\/\" target=\"_blank\">http:\/\/www.cnpms.embrapa.br\/<\/a><\/p><br \/>\n<p>&nbsp;<\/p><br \/>\n<p><b>EMBRABA HORTALI\u00c7AS<\/b> &#8211; <a href=\"http:\/\/www.cnph.embrapa.br\/\" target=\"_blank\">http:\/\/www.cnph.embrapa.br\/<\/a><\/p><br \/>\n<p>&nbsp;<\/p><br \/>\n<p><b>EPAMIG<\/b> &#8211; <a href=\"http:\/\/www.epamig.br\/\" target=\"_blank\">http:\/\/www.epamig.br\/<\/a><\/p><br \/>\n<p>&nbsp;<\/p><br \/>\n<p><b>MINIST\u00c9RIO DO DESENVOLVIMENTO AGR\u00c1RIO &#8211; PRONAF<\/b><br \/><br \/>\n<a href=\"http:\/\/portal.mda.gov.br\/portal\/saf\/programas\/pronaf\" target=\"_blank\">http:\/\/portal.mda.gov.br\/portal\/saf\/programas\/pronaf<\/a><\/p><br \/>\n<p>&nbsp;<\/p><br \/>\n<p><b>MINIST\u00c9RIO DO DESENVOLVIMENTO AGR\u00c1RIO &#8211; MAIS ALIMENTO<\/b><br \/><br \/>\n<a href=\"http:\/\/www.mda.gov.br\/portal\/saf\/institucional\/maisalimentos\" target=\"_blank\">http:\/\/www.mda.gov.br\/portal\/saf\/institucional\/maisalimentos<\/a><\/p><br \/>\n<\/p><\/div><\/div>\n<div class=\"otw-sc-toggle\"><h3 class=\"toggle-trigger widget-title closed\">MAT\u00c9RIAS PUBLICADAS<span class=\"icon\"><\/span><\/h3><div class=\"toggle-content\"><p><br \/>\n<p><strong>2013<\/strong><\/p><br \/>\n<p>Integra\u00e7\u00e3o lavoura, pecu\u00e1ria e floresta \u00e9 a aposta para o desenvolvimento das atividades de produtores rurais.<br \/><br \/>\n<a href=\"http:\/\/www.credivertentes.com.br\/?pagina=integra&amp;cd_noticia=186\" target=\"_blank\">http:\/\/www.credivertentes.com.br\/?pagina=integra&amp;cd_noticia=186<\/a><\/p><br \/>\n<p>&nbsp;<\/p><br \/>\n<div class=\"title\"><strong>2011<\/strong><\/div><br \/>\n<p>An\u00e1lise de Solo \u00e9 medida que ajuda aumentar produtividade<br \/><br \/>\n<a href=\"http:\/\/www.agenciaminas.mg.gov.br\/noticias\/agricultura\/35680-analise-de-solo-e-medida-simples-que-ajuda-a-aumentar-produtividade-analise-de-solo-e-medida-simples-que-ajuda-a-aumentar-produtividade\" target=\"_blank\">http:\/\/www.agenciaminas.mg.gov.br\/noticias\/agricultura\/35680-analise-de-solo-e-medida-simples-que-ajuda-a-aumentar-produtividade-analise-de-solo-e-medida-simples-que-ajuda-a-aumentar-produtividade<\/a><\/p><br \/>\n<p>Cultivo consorciado cresceu em 80% em minas<br \/><br \/>\n<a href=\"http:\/\/www.agricultura.mg.gov.br\/noticias\/1944-cultivo-consorciado-cresceu-80-em-minas\" target=\"_blank\">http:\/\/www.agricultura.mg.gov.br\/noticias\/1944-cultivo-consorciado-cresceu-80-em-minas<\/a><\/p><br \/>\n<p>&nbsp;<\/p><br \/>\n<div class=\"title\"><strong>2009<\/strong><\/div><br \/>\n<p>Produtores que preservam recursos naturais s\u00e3o premiados pela EMATER-MG<br \/><br \/>\n<a href=\"http:\/\/www.emater.mg.gov.br\/portal.cgi?flagweb=site_tpl_paginas_internas&amp;id=4228\" target=\"_blank\">http:\/\/www.emater.mg.gov.br\/portal.cgi?flagweb=site_tpl_paginas_internas&amp;id=4228<\/a><\/p><br \/>\n<p>&nbsp;<\/p><br \/>\n<div class=\"title\"><strong>2008<\/strong><\/div><br \/>\n<p>Preserva\u00e7\u00e3o de nascentes render\u00e1 pr\u00eamios em Coronel Xavier Chaves<br \/><br \/>\n<a href=\"http:\/\/www.emater.mg.gov.br\/portal.cgi?flagweb=site_tpl_paginas_internas&amp;id=4228\" target=\"_blank\">http:\/\/www.emater.mg.gov.br\/portal.cgi?flagweb=site_tpl_paginas_internas&amp;id=4228<\/a><\/p><br \/>\n<p>&nbsp;<\/p><br \/>\n<\/p><\/div><\/div>\n<p>&nbsp;<\/p>\n<p>&nbsp;<\/p>\n<blockquote><p>IDENTIDADE ORGANIZACIONAL DA EMATER \/ MG<\/p><\/blockquote>\n<p><b>Qual \u00e9 o neg\u00f3cio?<\/b><\/p>\n<p>Desenvolvimento Sustent\u00e1vel.<\/p>\n<p>&nbsp;<\/p>\n<p><b>P\u00fablico<\/b><\/p>\n<p>Agricultores familiares, m\u00e9dios e grandes agricultores e p\u00fablico urbano.<\/p>\n<p>&nbsp;<\/p>\n<p><b>Miss\u00e3o<\/b><\/p>\n<p>Promover o Desenvolvimento Sustent\u00e1vel, por meio da Assist\u00eancia T\u00e9cnica e Extens\u00e3o Rural, assegurando a melhoria da qualidade de vida da sociedade mineira.<\/p>\n<p>&nbsp;<\/p>\n<p><b>Vis\u00e3o<\/b><\/p>\n<p>Ser reconhecida pela sociedade como a melhor empresa de assist\u00eancia t\u00e9cnica e extens\u00e3o rural na promo\u00e7\u00e3o do Desenvolvimento Sustent\u00e1vel.<\/p>\n<p>Os valores s\u00e3o princ\u00edpios, normas ou padr\u00f5es de conduta que devem ser respeitados. Eles representam como a Empresa deve atuar nos mercados definidos para cumprir a sua miss\u00e3o.<\/p>\n<p>&nbsp;<\/p>\n<p><b>Foco da A\u00e7\u00e3o<\/b><\/p>\n<p>Implementar pol\u00edticas p\u00fablicas que promovam o desenvolvimento sustent\u00e1vel, com foco na agricultura familiar, alinhadas ao Plano Mineiro de Desenvolvimento Integrado do Governo de Minas Gerais, \u00e0 Pol\u00edtica Estadual de Agricultura, Pecu\u00e1ria e Abastecimento e \u00e0 Pol\u00edtica Nacional de Assist\u00eancia T\u00e9cnica e Extens\u00e3o Rural.<\/p>\n","protected":false},"excerpt":{"rendered":"<p>EMATER EM CORONEL XAVIER CHAVES &nbsp; &nbsp; IDENTIDADE ORGANIZACIONAL DA EMATER \/ MG Qual \u00e9 o neg\u00f3cio? Desenvolvimento Sustent\u00e1vel. &nbsp; P\u00fablico Agricultores familiares, m\u00e9dios e grandes agricultores e p\u00fablico urbano. &nbsp; Miss\u00e3o Promover o Desenvolvimento Sustent\u00e1vel, por meio da Assist\u00eancia T\u00e9cnica e Extens\u00e3o Rural, assegurando a melhoria da qualidade de vida da sociedade mineira. &nbsp; [&hellip;]<\/p>\n","protected":false},"author":1,"featured_media":0,"parent":0,"menu_order":0,"comment_status":"closed","ping_status":"closed","template":"","meta":{"footnotes":"","_links_to":"","_links_to_target":""},"class_list":["post-344","page","type-page","status-publish"],"_links":{"self":[{"href":"https:\/\/coronelxavierchaves.mg.gov.br\/prefeitura\/wp-json\/wp\/v2\/pages\/344","targetHints":{"allow":["GET"]}}],"collection":[{"href":"https:\/\/coronelxavierchaves.mg.gov.br\/prefeitura\/wp-json\/wp\/v2\/pages"}],"about":[{"href":"https:\/\/coronelxavierchaves.mg.gov.br\/prefeitura\/wp-json\/wp\/v2\/types\/page"}],"author":[{"embeddable":true,"href":"https:\/\/coronelxavierchaves.mg.gov.br\/prefeitura\/wp-json\/wp\/v2\/users\/1"}],"replies":[{"embeddable":true,"href":"https:\/\/coronelxavierchaves.mg.gov.br\/prefeitura\/wp-json\/wp\/v2\/comments?post=344"}],"version-history":[{"count":0,"href":"https:\/\/coronelxavierchaves.mg.gov.br\/prefeitura\/wp-json\/wp\/v2\/pages\/344\/revisions"}],"wp:attachment":[{"href":"https:\/\/coronelxavierchaves.mg.gov.br\/prefeitura\/wp-json\/wp\/v2\/media?parent=344"}],"curies":[{"name":"wp","href":"https:\/\/api.w.org\/{rel}","templated":true}]}}