{"id":374,"date":"2017-02-04T23:38:29","date_gmt":"2017-02-05T01:38:29","guid":{"rendered":"http:\/\/coronelxavierchaves.mg.gov.br\/prefeitura\/?page_id=374"},"modified":"2025-05-23T15:20:22","modified_gmt":"2025-05-23T18:20:22","slug":"secretaria-de-saude","status":"publish","type":"page","link":"https:\/\/coronelxavierchaves.mg.gov.br\/prefeitura\/secretaria-de-saude\/","title":{"rendered":"SECRETARIA DE SA\u00daDE"},"content":{"rendered":"<p style=\"padding-left: 40px;\">Secretaria Municipal de Sa\u00fade<br \/>\nEndere\u00e7o: Rua Capit\u00e3o Anselmo, n\u00b0 400, Vila Mendes.<br \/>\nHor\u00e1rio de Funcionamento: 08h \u00e0s 16h<br \/>\nTelefone de Contato: (32) 3216-1053 Ramal 135<br \/>\nEmail: saude@coronelxavierchaves.mg.gov.br<br \/>\nSecret\u00e1ria: Rita de C\u00e1ssia Aguiar Barboza<\/p>\n<blockquote><p>PSF (Programa de Sa\u00fade da Fam\u00edlia)<\/p><\/blockquote>\n<p data-start=\"1457\" data-end=\"1618\">Endere\u00e7o: Largo Gon\u00e7alves Lara, n\u00b0 17, Centro.<br \/>\nTelefone de contato: (32) 3216-1053 Ramal 148<\/p>\n<p>Atendimento m\u00e9dico e de enfermagem, vacina\u00e7\u00e3o, monitoramento de doen\u00e7as cr\u00f4nicas, sa\u00fade da mulher e da crian\u00e7a, educa\u00e7\u00e3o em sa\u00fade, servi\u00e7os de apoio.<\/p>\n<p>&nbsp;<\/p>\n<blockquote><p>Unidade B\u00e1sica de Sa\u00fade Geraldo Sousa<\/p><\/blockquote>\n<div>Endere\u00e7o: Rua Dom Lara, n\u00b0 10, Centro.<br \/>\nTelefone de contato: (32) 3216-1053 Ramal 149<\/div>\n<div><\/div>\n<div><\/div>\n<div class=\"title\" style=\"text-align: justify;\">Servi\u00e7os de consultas ambulatoriais na \u00e1rea de pediatria, cl\u00ednica geral e ginecologia; curativos; inje\u00e7\u00f5es; nebuliza\u00e7\u00f5es; testes do pezinho; eletrocardiograma e pequenas cirurgias.<\/div>\n<div class=\"title\">\u00a0<span style=\"color: #ffffff;\">.<\/span><\/div>\n<div class=\"title\"><span style=\"color: #ffffff;\">\u00a0.<\/span><\/div>\n<blockquote><p>Parceriais<\/p><\/blockquote>\n<div class=\"title\">\n<p style=\"text-align: justify;\">Cisver, Escolas Municipal E Estadual, Emater, Pastoral Da Crian\u00e7a, Centro Ambiental e com a R\u00e1dio S\u00e3o Francisco Fm.<\/p>\n<p>&nbsp;<\/p>\n<\/div>\n<blockquote><p>Projeto Bem-Viver<\/p><\/blockquote>\n<div class=\"title\">\n<p>Endere\u00e7o: Rua Capit\u00e3o Anselmo, n\u00b0 400, Vila Mendes.<br \/>\nTelefone de Contato: (32) 3216-1053 Ramal 133<\/p>\n<p style=\"text-align: justify;\">Consiste na sa\u00fade mental do mun\u00edcipio. Com atendimento psicol\u00f3gico, neurol\u00f3gico e psiquiatrico. Contando com servi\u00e7os de relaxamentos e visitas domiciliares.<\/p>\n<p><a><br \/>\nclique aqui e confira o slide sobre Reflex\u00f5es Sobre Sa\u00fade Mental<br \/>\n<\/a><\/p>\n<blockquote><p>RELA\u00c7\u00c3O MUNICIPAL DE MEDICAMENTOS<\/p><\/blockquote>\n<p><a href=\"https:\/\/coronelxavierchaves.mg.gov.br\/prefeitura\/wp-content\/uploads\/2025\/05\/REMUME-CEL-X.-CHAVES.pdf\">REMUME &#8211; CEL X. CHAVES<\/a><\/p>\n<\/div>\n<blockquote><p>Servi\u00e7o de Odontologia<\/p><\/blockquote>\n<div class=\"title\">\n<p>Endere\u00e7o: Rua S\u00e3o Francisco de Assis, n\u00b0 231, Nossa Senhora da Concei\u00e7\u00e3o.<br \/>\nTelefone de Contato: (32) 3216-1053 Ramal 147<\/p>\n<p style=\"text-align: justify;\">O servi\u00e7o odontol\u00f3gico municipal , presente \u00e4 dezenove anos , vem contribuindo para a redu\u00e7\u00e3o no \u00edndice de doen\u00e7as bucais na popula\u00e7\u00e3o. Neste per\u00edodo, nos escolares do munic\u00edpio foi observado o decl\u00ednio em cerca de 90,25% de incid\u00eancia de c\u00e1rie. Para demonstrar a magnitude deste feito, pode-se citar como exemplo a faixa et\u00e1ria dos doze anos. Faixa et\u00e1ria esta adotada pela OMS ( Organiza\u00e7\u00e3o Mundial de Sa\u00fade ) para a divulga\u00e7\u00e3o de \u00edndices a serem referenciados para programas de sa\u00fade bucal em todo o mundo. Nesta faixa et\u00e1ria, em 1989, os escolares obtiveram o \u00edndice de 8,59 dentes comprometidos por c\u00e1rie e em 2008 este \u00edndice \u00e9 de 0,84. Em igual propor\u00e7\u00e3o de redu\u00e7\u00e3o, as demais faixas tem sido contempladas , comprovando que a\u00e7\u00f5es de preven\u00e7\u00e3o , orienta\u00e7\u00e3o e t\u00e9cnicas de higieniza\u00e7\u00e3o, associadas a um tratamento curativo eficiente trazem melhorias significativas na qualidade de sa\u00fade bucal.<\/p>\n<p style=\"text-align: justify;\">Comprovando este fato, a OMS atrav\u00e9s de seus dados e estudos coloca para a popula\u00e7\u00e3o mundial, que para o ano de 2010 os pa\u00edses que possuam programas de sa\u00fade bucal em andamento, obtenham como \u00edndice de efetividade destes o \u00edndice de 01 (um) dente comprometido p\u00f4r indiv\u00edduo na faixa et\u00e1ria dos doze anos. E para tranq\u00fcilidade da popula\u00e7\u00e3o Xavierense este \u00edndice foi alcan\u00e7ado com sete anos de anteced\u00eancia , no ano de 2003.<\/p>\n<p style=\"text-align: justify;\">Utilizados como meios para se conseguir tal objetivo , pode-se citar a fluoreta\u00e7\u00e3oo das \u00e1guas de abastecimento urbano ( ocorrido em 1993 ), fluoreta\u00e7\u00e3o dos cremes dentais produzidos pela ind\u00fastria nacional e consumidos pela popula\u00e7\u00e3o, envolvimento dos diversos setores da comunidade &#8211; administra\u00e7\u00e3o p\u00fablica, educa\u00e7\u00e3o, sa\u00fade (destacando-se a interatividade entre as sub-\u00e1reas da sa\u00fade, entre elas o PSF).<\/p>\n<p style=\"text-align: justify;\">\u00c9 importante mencionar tamb\u00e9m a realiza\u00e7\u00e3o da &#8220;Semana da Preven\u00e7\u00e3o Bucal&#8221; , evento anual onde v\u00e1rias atividades educativo-preventivas s\u00e3o levadas at\u00e9 a popula\u00e7\u00e3o , servindo de incremento para o combate \u00e0s doen\u00e7as bucais.<\/p>\n<p style=\"text-align: center;\"><a href=\"http:\/\/coronelxavierchaves.mg.gov.br\/prefeitura\/wp-content\/uploads\/2017\/02\/01-1.jpg\" data-rel=\"lightbox-image-0\" data-rl_title=\"\" data-rl_caption=\"\" title=\"\"><img loading=\"lazy\" decoding=\"async\" class=\"alignnone size-thumbnail wp-image-375\" src=\"http:\/\/coronelxavierchaves.mg.gov.br\/prefeitura\/wp-content\/uploads\/2017\/02\/01-1-150x150.jpg\" alt=\"\" width=\"150\" height=\"150\" \/><\/a> <a href=\"http:\/\/coronelxavierchaves.mg.gov.br\/prefeitura\/wp-content\/uploads\/2017\/02\/02-1.jpg\" data-rel=\"lightbox-image-1\" data-rl_title=\"\" data-rl_caption=\"\" title=\"\"><img loading=\"lazy\" decoding=\"async\" class=\"alignnone size-thumbnail wp-image-376\" src=\"http:\/\/coronelxavierchaves.mg.gov.br\/prefeitura\/wp-content\/uploads\/2017\/02\/02-1-150x150.jpg\" alt=\"\" width=\"150\" height=\"150\" \/><\/a> <a href=\"http:\/\/coronelxavierchaves.mg.gov.br\/prefeitura\/wp-content\/uploads\/2017\/02\/03-1.jpg\" data-rel=\"lightbox-image-2\" data-rl_title=\"\" data-rl_caption=\"\" title=\"\"><img loading=\"lazy\" decoding=\"async\" class=\"alignnone size-thumbnail wp-image-377\" src=\"http:\/\/coronelxavierchaves.mg.gov.br\/prefeitura\/wp-content\/uploads\/2017\/02\/03-1-150x150.jpg\" alt=\"\" width=\"150\" height=\"150\" \/><\/a> <a href=\"http:\/\/coronelxavierchaves.mg.gov.br\/prefeitura\/wp-content\/uploads\/2017\/02\/04-1.jpg\" data-rel=\"lightbox-image-3\" data-rl_title=\"\" data-rl_caption=\"\" title=\"\"><img loading=\"lazy\" decoding=\"async\" class=\"alignnone size-thumbnail wp-image-378\" src=\"http:\/\/coronelxavierchaves.mg.gov.br\/prefeitura\/wp-content\/uploads\/2017\/02\/04-1-150x150.jpg\" alt=\"\" width=\"150\" height=\"150\" \/><\/a> <a href=\"http:\/\/coronelxavierchaves.mg.gov.br\/prefeitura\/wp-content\/uploads\/2017\/02\/06-1.jpg\" data-rel=\"lightbox-image-4\" data-rl_title=\"\" data-rl_caption=\"\" title=\"\"><img loading=\"lazy\" decoding=\"async\" class=\"alignnone size-thumbnail wp-image-379\" src=\"http:\/\/coronelxavierchaves.mg.gov.br\/prefeitura\/wp-content\/uploads\/2017\/02\/06-1-150x150.jpg\" alt=\"\" width=\"150\" height=\"150\" \/><\/a><\/p>\n<\/div>\n","protected":false},"excerpt":{"rendered":"<p>Secretaria Municipal de Sa\u00fade Endere\u00e7o: Rua Capit\u00e3o Anselmo, n\u00b0 400, Vila Mendes. Hor\u00e1rio de Funcionamento: 08h \u00e0s 16h Telefone de Contato: (32) 3216-1053 Ramal 135 Email: saude@coronelxavierchaves.mg.gov.br Secret\u00e1ria: Rita de C\u00e1ssia Aguiar Barboza PSF (Programa de Sa\u00fade da Fam\u00edlia) Endere\u00e7o: Largo Gon\u00e7alves Lara, n\u00b0 17, Centro. Telefone de contato: (32) 3216-1053 Ramal 148 Atendimento m\u00e9dico [&hellip;]<\/p>\n","protected":false},"author":1,"featured_media":0,"parent":0,"menu_order":0,"comment_status":"closed","ping_status":"closed","template":"","meta":{"footnotes":"","_links_to":"","_links_to_target":""},"class_list":["post-374","page","type-page","status-publish"],"_links":{"self":[{"href":"https:\/\/coronelxavierchaves.mg.gov.br\/prefeitura\/wp-json\/wp\/v2\/pages\/374","targetHints":{"allow":["GET"]}}],"collection":[{"href":"https:\/\/coronelxavierchaves.mg.gov.br\/prefeitura\/wp-json\/wp\/v2\/pages"}],"about":[{"href":"https:\/\/coronelxavierchaves.mg.gov.br\/prefeitura\/wp-json\/wp\/v2\/types\/page"}],"author":[{"embeddable":true,"href":"https:\/\/coronelxavierchaves.mg.gov.br\/prefeitura\/wp-json\/wp\/v2\/users\/1"}],"replies":[{"embeddable":true,"href":"https:\/\/coronelxavierchaves.mg.gov.br\/prefeitura\/wp-json\/wp\/v2\/comments?post=374"}],"version-history":[{"count":11,"href":"https:\/\/coronelxavierchaves.mg.gov.br\/prefeitura\/wp-json\/wp\/v2\/pages\/374\/revisions"}],"predecessor-version":[{"id":23948,"href":"https:\/\/coronelxavierchaves.mg.gov.br\/prefeitura\/wp-json\/wp\/v2\/pages\/374\/revisions\/23948"}],"wp:attachment":[{"href":"https:\/\/coronelxavierchaves.mg.gov.br\/prefeitura\/wp-json\/wp\/v2\/media?parent=374"}],"curies":[{"name":"wp","href":"https:\/\/api.w.org\/{rel}","templated":true}]}}