{"id":440,"date":"2017-02-18T08:33:58","date_gmt":"2017-02-18T10:33:58","guid":{"rendered":"http:\/\/coronelxavierchaves.mg.gov.br\/prefeitura\/?page_id=440"},"modified":"2017-04-01T15:44:47","modified_gmt":"2017-04-01T18:44:47","slug":"como-chegar","status":"publish","type":"page","link":"https:\/\/coronelxavierchaves.mg.gov.br\/prefeitura\/como-chegar\/","title":{"rendered":"COMO CHEGAR"},"content":{"rendered":"<blockquote><p>\u00d4NIBUS: S\u00c3O JO\u00c3O DEL REI x CORONEL XAVIER CHAVES<\/p><\/blockquote>\n<p>Confira no site da Via\u00e7\u00e3o Presidente:\u00a0<a href=\"http:\/\/www.presidentesjdr.com.br\/linhas\/3134.pdf\">http:\/\/www.presidentesjdr.com.br\/linhas\/3134.pdf<\/a><\/p>\n<p>&nbsp;<\/p>\n<blockquote><p>CORONEL XAVIER CHAVES NA REGI\u00c3O<\/p><\/blockquote>\n<p><a href=\"http:\/\/coronelxavierchaves.mg.gov.br\/prefeitura\/wp-content\/uploads\/2017\/02\/chegar.jpg\" data-rel=\"lightbox-image-0\" data-rl_title=\"\" data-rl_caption=\"\" title=\"\"><img loading=\"lazy\" decoding=\"async\" class=\"size-full wp-image-441 aligncenter\" src=\"http:\/\/coronelxavierchaves.mg.gov.br\/prefeitura\/wp-content\/uploads\/2017\/02\/chegar.jpg\" alt=\"\" width=\"500\" height=\"380\" srcset=\"https:\/\/coronelxavierchaves.mg.gov.br\/prefeitura\/wp-content\/uploads\/2017\/02\/chegar.jpg 500w, https:\/\/coronelxavierchaves.mg.gov.br\/prefeitura\/wp-content\/uploads\/2017\/02\/chegar-300x228.jpg 300w\" sizes=\"auto, (max-width: 500px) 100vw, 500px\" \/><\/a><\/p>\n<p>&nbsp;<\/p>\n<blockquote><p>\u00a0MAPS<\/p><\/blockquote>\n<p style=\"text-align: center;\"><iframe loading=\"lazy\" src=\"https:\/\/maps.google.com.br\/maps?f=q&amp;source=s_q&amp;hl=en&amp;geocode=&amp;q=Coronel+Xavier+Chaves+-+Minas+Gerais&amp;aq=0&amp;oq=coronel+xa&amp;sll=-14.239424,-53.186502&amp;sspn=50.293231,86.572266&amp;ie=UTF8&amp;hq=&amp;hnear=Coronel+Xavier+Chaves+-+Minas+Gerais&amp;t=m&amp;z=14&amp;ll=-21.02821,-44.221018&amp;output=embed\" width=\"500\" height=\"350\" frameborder=\"0\" marginwidth=\"0\" marginheight=\"0\" scrolling=\"no\"><\/iframe><br \/>\n<small><a style=\"color: #0000ff; text-align: left;\" href=\"https:\/\/maps.google.com.br\/maps?f=q&amp;source=embed&amp;hl=en&amp;geocode=&amp;q=Coronel+Xavier+Chaves+-+Minas+Gerais&amp;aq=0&amp;oq=coronel+xa&amp;sll=-14.239424,-53.186502&amp;sspn=50.293231,86.572266&amp;ie=UTF8&amp;hq=&amp;hnear=Coronel+Xavier+Chaves+-+Minas+Gerais&amp;t=m&amp;z=14&amp;ll=-21.02821,-44.221018\">Ver mapa completo<\/a><\/small><\/p>\n","protected":false},"excerpt":{"rendered":"<p>\u00d4NIBUS: S\u00c3O JO\u00c3O DEL REI x CORONEL XAVIER CHAVES Confira no site da Via\u00e7\u00e3o Presidente:\u00a0http:\/\/www.presidentesjdr.com.br\/linhas\/3134.pdf &nbsp; CORONEL XAVIER CHAVES NA REGI\u00c3O &nbsp; \u00a0MAPS Ver mapa completo<\/p>\n","protected":false},"author":1,"featured_media":441,"parent":0,"menu_order":0,"comment_status":"closed","ping_status":"closed","template":"","meta":{"footnotes":"","_links_to":"","_links_to_target":""},"class_list":["post-440","page","type-page","status-publish","has-post-thumbnail"],"_links":{"self":[{"href":"https:\/\/coronelxavierchaves.mg.gov.br\/prefeitura\/wp-json\/wp\/v2\/pages\/440","targetHints":{"allow":["GET"]}}],"collection":[{"href":"https:\/\/coronelxavierchaves.mg.gov.br\/prefeitura\/wp-json\/wp\/v2\/pages"}],"about":[{"href":"https:\/\/coronelxavierchaves.mg.gov.br\/prefeitura\/wp-json\/wp\/v2\/types\/page"}],"author":[{"embeddable":true,"href":"https:\/\/coronelxavierchaves.mg.gov.br\/prefeitura\/wp-json\/wp\/v2\/users\/1"}],"replies":[{"embeddable":true,"href":"https:\/\/coronelxavierchaves.mg.gov.br\/prefeitura\/wp-json\/wp\/v2\/comments?post=440"}],"version-history":[{"count":0,"href":"https:\/\/coronelxavierchaves.mg.gov.br\/prefeitura\/wp-json\/wp\/v2\/pages\/440\/revisions"}],"wp:featuredmedia":[{"embeddable":true,"href":"https:\/\/coronelxavierchaves.mg.gov.br\/prefeitura\/wp-json\/wp\/v2\/media\/441"}],"wp:attachment":[{"href":"https:\/\/coronelxavierchaves.mg.gov.br\/prefeitura\/wp-json\/wp\/v2\/media?parent=440"}],"curies":[{"name":"wp","href":"https:\/\/api.w.org\/{rel}","templated":true}]}}