{"id":5501,"date":"2019-01-01T00:00:00","date_gmt":"2019-01-01T02:00:00","guid":{"rendered":"http:\/\/coronelxavierchaves.mg.gov.br\/prefeitura\/?page_id=5501"},"modified":"2026-03-25T08:33:41","modified_gmt":"2026-03-25T11:33:41","slug":"secretaria-de-assistencia-social","status":"publish","type":"page","link":"https:\/\/coronelxavierchaves.mg.gov.br\/prefeitura\/secretaria-de-assistencia-social\/","title":{"rendered":"SECRETARIA DE ASSIST\u00caNCIA SOCIAL"},"content":{"rendered":"<p><strong>SECRETARIA DE ASSIST\u00caNCIA SOCIAL<\/strong><\/p>\n<p>Endere\u00e7o: Rua Dom Lara, n\u00b0 20, Centro.<br \/>\nHor\u00e1rio de Funcionamento: 07h30 \u00e0s 16h30<br \/>\nTelefone de Contato: (32) 3216-1053 Ramal 127<br \/>\nEmail: social@coronelxavierchaves.mg.gov.br<\/p>\n<p><strong>SECRET\u00c1RIA DE ASSIST\u00caNCIA SOCIAL:<\/strong>\u00a0MAURA CHAVES SOUSA PINTO<\/p>\n<p><strong>ASSISTENTE DE POL\u00cdTICAS SOCIAIS:<\/strong>\u00a0PAULA CRISTIANE DOS SANTOS RODRIGUES<\/p>\n","protected":false},"excerpt":{"rendered":"<p>SECRETARIA DE ASSIST\u00caNCIA SOCIAL Endere\u00e7o: Rua Dom Lara, n\u00b0 20, Centro. Hor\u00e1rio de Funcionamento: 07h30 \u00e0s 16h30 Telefone de Contato: (32) 3216-1053 Ramal 127 Email: social@coronelxavierchaves.mg.gov.br SECRET\u00c1RIA DE ASSIST\u00caNCIA SOCIAL:\u00a0MAURA CHAVES SOUSA PINTO ASSISTENTE DE POL\u00cdTICAS SOCIAIS:\u00a0PAULA CRISTIANE DOS SANTOS RODRIGUES<\/p>\n","protected":false},"author":3,"featured_media":0,"parent":0,"menu_order":0,"comment_status":"closed","ping_status":"closed","template":"","meta":{"footnotes":"","_links_to":"","_links_to_target":""},"class_list":["post-5501","page","type-page","status-publish"],"_links":{"self":[{"href":"https:\/\/coronelxavierchaves.mg.gov.br\/prefeitura\/wp-json\/wp\/v2\/pages\/5501","targetHints":{"allow":["GET"]}}],"collection":[{"href":"https:\/\/coronelxavierchaves.mg.gov.br\/prefeitura\/wp-json\/wp\/v2\/pages"}],"about":[{"href":"https:\/\/coronelxavierchaves.mg.gov.br\/prefeitura\/wp-json\/wp\/v2\/types\/page"}],"author":[{"embeddable":true,"href":"https:\/\/coronelxavierchaves.mg.gov.br\/prefeitura\/wp-json\/wp\/v2\/users\/3"}],"replies":[{"embeddable":true,"href":"https:\/\/coronelxavierchaves.mg.gov.br\/prefeitura\/wp-json\/wp\/v2\/comments?post=5501"}],"version-history":[{"count":7,"href":"https:\/\/coronelxavierchaves.mg.gov.br\/prefeitura\/wp-json\/wp\/v2\/pages\/5501\/revisions"}],"predecessor-version":[{"id":23816,"href":"https:\/\/coronelxavierchaves.mg.gov.br\/prefeitura\/wp-json\/wp\/v2\/pages\/5501\/revisions\/23816"}],"wp:attachment":[{"href":"https:\/\/coronelxavierchaves.mg.gov.br\/prefeitura\/wp-json\/wp\/v2\/media?parent=5501"}],"curies":[{"name":"wp","href":"https:\/\/api.w.org\/{rel}","templated":true}]}}