{"id":640,"date":"2017-04-01T10:58:11","date_gmt":"2017-04-01T13:58:11","guid":{"rendered":"http:\/\/coronelxavierchaves.mg.gov.br\/prefeitura\/?page_id=640"},"modified":"2023-04-14T11:42:14","modified_gmt":"2023-04-14T14:42:14","slug":"historia-da-cidade","status":"publish","type":"page","link":"https:\/\/coronelxavierchaves.mg.gov.br\/prefeitura\/historia-da-cidade\/","title":{"rendered":"HIST\u00d3RIA DA CIDADE"},"content":{"rendered":"<p style=\"text-align: center;\"><strong>Breve Hist\u00f3ria de Coronel Xavier Chaves<\/strong><\/p>\n<p style=\"text-align: justify;\">Segundo relatos orais, j\u00e1 em 1700 se tinha not\u00edcias de moradores na regi\u00e3o, os primeiros foram os da fam\u00edlia de Jo\u00e3o Gon\u00e7alves de Faria G\u00f3es e Lara. O capit\u00e3o portugu\u00eas Pedro Bernardes Caminha, av\u00f4 de Jo\u00e3o Gon\u00e7alves, casou-se em Lagoa Dourada em 1730 com \u00c2ngela de G\u00f3es Cardoso, nascida na regi\u00e3o, exemplificando os casamentos entre portugueses e mineiras. Tiveram oito filhos, dentre os quais Maria Bernardes, m\u00e3e de Jo\u00e3o. O capit\u00e3o de ordenan\u00e7as da vila de S\u00e3o Jo\u00e3o del Rei, Pedro Bernardes Caminha, deve ter sido o respons\u00e1vel pela constru\u00e7\u00e3o da capela de Nossa Senhora da Concei\u00e7\u00e3o do Mosquito, muitas vezes chamada de Mosquito do Mato Dentro ou de capela de Pedro Bernardes na documenta\u00e7\u00e3o eclesi\u00e1stica do s\u00e9culo XVIII. O mais antigo registro que encontramos com men\u00e7\u00e3o \u00e0 capela data de 1745, como Capela de Nossa Senhora da Concei\u00e7\u00e3o da Freguesia da Vila de S\u00e3o Jos\u00e9, num batismo de um escravo de Maria Madalena do Sacramento. Em 1752, o registro de Concei\u00e7\u00e3o do Mato Dentro come\u00e7a a aparecer e, em 1757, como pertencente a Pedro Bernardes Caminha. A partir da d\u00e9cada de 1770, o registro consolida-se como Concei\u00e7\u00e3o do Mosquito ou do Ribeir\u00e3o do Mosquito, sendo muitas vezes chamada apenas de Capela do Mosquito ao longo do s\u00e9culo XIX (Registros Paroquiais de batismo, \u00f3bito e casamento \u2013 Arquivo Eclesi\u00e1stico da Diocese de S\u00e3o Jo\u00e3o del Rei). Segundo o c\u00f4nego Raimundo Trindade, em 1748, a capela de Concei\u00e7\u00e3o do Mato Dentro, filial da Vila de S\u00e3o Jos\u00e9 era assistida pelo capel\u00e3o Bernardo Jos\u00e9 de Faria, conforme anotou o frei Manuel da Cruz sobre o clero que encontrou no bispado de Mariana na referida data (TRINDADE, 1945, p. 360). Hoje \u00e9 a capela de Nossa Senhora do Ros\u00e1rio, na cidade de Coronel Xavier Chaves, Minas Gerais. O t\u00edtulo do Ros\u00e1rio foi adotado em 1920, quando foi constru\u00edda uma nova igreja matriz com a invoca\u00e7\u00e3o de Nossa Senhora da Concei\u00e7\u00e3o. Originalmente, a capela era rebocada e pintada de branco e azul. \u00c9 a mais antiga constru\u00e7\u00e3o ainda existente da antiga fazenda do Mosquito e a tradi\u00e7\u00e3o oral da cidade, atribui a ela a data de 1717, o que n\u00e3o pudemos verificar em nenhum documento pesquisado. A igrejinha era rebocada e pintada de azul e branco at\u00e9 a d\u00e9cada de 1970, quando o p\u00e1roco Padre Francisco Rodrigues Lustosa, numa reforma, percebeu que a igreja era toda de pedras e resolveu deix\u00e1-las \u00e0 mostra.<a href=\"#_ftn1\" name=\"_ftnref1\">[1]<\/a><\/p>\n<p style=\"text-align: justify;\">A mais antiga sesmaria (documento de doa\u00e7\u00e3o de terras pelo governo portugu\u00eas) que encontramos \u00e9 datada de 1718, sendo doa\u00e7\u00e3o da regi\u00e3o do Brumado, subordinada a Lagoa Dourada, a Guilherme de Oliveira Lara. Esta regi\u00e3o far\u00e1 parte do munic\u00edpio posteriormente. O documento faz men\u00e7\u00e3o \u00e0 ocupa\u00e7\u00e3o das terras h\u00e1 pelo menos quatro anos, o que nos coloca o ano de 1714 como marco inicial para a ocupa\u00e7\u00e3o da regi\u00e3o, conforme os documentos encontrados. Os filhos e netos da fam\u00edlia Faria G\u00f3es e Lara fixam moradia nas fazendas pr\u00f3ximas: Dois C\u00f3rregos, Ro\u00e7a Grande e Retiro. Entrando o s\u00e9culo XIX, s\u00e3o empreendidos casamentos com outras fam\u00edlias tamb\u00e9m: Gon\u00e7alves de Melo, Parreiras, Valad\u00e3o, Mendon\u00e7a, Resende e Chaves.<\/p>\n<p style=\"text-align: justify;\">A antiga Fazenda do Mosquito, presente em documenta\u00e7\u00e3o cartorial e eclesi\u00e1stica desde o s\u00e9culo XVIII, \u00e9 um exemplo de ocupa\u00e7\u00e3o das terras mineiras sem liga\u00e7\u00e3o direta com a atividade mineradora. A fazenda destacava-se na regi\u00e3o, sendo que no s\u00e9culo XIX, segundo a lista nominativa de 1838, encabe\u00e7ava um dos quatro quarteir\u00f5es do Arraial da Lage, englobando uma s\u00e9rie de fazendas vizinhas. Subordinado ao termo da Vila de S\u00e3o Jos\u00e9 Del Rei, o povoado do Mosquito cresceu no fim do s\u00e9culo XIX e, em 1911, foi transformado em distrito, sob o nome de S\u00e3o Francisco Xavier, sendo incorporado ao munic\u00edpio de Prados. Em 1943, recebeu o nome de Coroas, ap\u00f3s um abaixo assinado pedir a mudan\u00e7a do nome de S\u00e3o Francisco Xavier para \u201cCanoas\u201d, nome de uma fazenda vizinha, mas por mal-entendido por ter sido grafado em letra tosca, o edital traz o nome de \u201cCoroas\u201d, como \u00e9 chamada a cidade at\u00e9 hoje em toda a regi\u00e3o. Com a Lei n\u00ba 2764, de 1962, tornou-se um novo munic\u00edpio, com o nome de Coronel Xavier Chaves. Comemora-se seu anivers\u00e1rio em 1\u00ba de mar\u00e7o de 1963.<\/p>\n<p style=\"text-align: justify;\">Vindo do Rio de Janeiro, o Major Matheus Mendon\u00e7a se casa na fam\u00edlia j\u00e1 existente e se estabelece no \u201cRetiro\u201d. Torna-se um personagem pol\u00edtico influente no s\u00e9culo XIX, sendo vereador na Vila de S\u00e3o Jos\u00e9 Del Rei (atual Tiradentes) j\u00e1 na d\u00e9cada de 1830, durante o Per\u00edodo Regencial e no Segundo Reinado, at\u00e9 a d\u00e9cada de 1860.<\/p>\n<p style=\"text-align: justify;\">Da fazenda do Jacar\u00e9, munic\u00edpio vizinho de Lagoa Dourada, vem o Coronel Francisco Rodrigues Xavier Chaves que se casa na fam\u00edlia Mendon\u00e7a e herda a Fazenda do Mosquito. Sua esposa era Joana de Mendon\u00e7a Chaves e o Coronel Xavier Chaves era bisneto de Ant\u00f4nia Rita de Jesus Xavier, irm\u00e3 ca\u00e7ula de Tiradentes.<\/p>\n<p style=\"text-align: justify;\">Deve-se registrar que a Fazenda do Pombal, onde nasceu Tiradentes, embora pertencendo ao munic\u00edpio vizinho de Rit\u00e1polis, dista apenas 8 Km da sede do munic\u00edpio de Coronel Xavier Chaves.<\/p>\n<p style=\"text-align: justify;\">A Fazenda do Mosquito foi dividida entre os filhos do Coronel Xavier Chaves e nos lotes foram constru\u00eddas casas para os familiares. Acredita-se que o pr\u00f3prio coronel fez um tra\u00e7ado urban\u00edstico onde foram constru\u00eddas 20 moradias, para familiares, padres e outros. Estas casas foram constru\u00eddas pr\u00f3ximas \u00e0 atual igrejinha de pedra. Mandou construir na chamada Rua de Cima (hoje Rua Major Mendon\u00e7a), moradias para os trabalhadores em suas propriedades.<\/p>\n<p style=\"text-align: justify;\">O tra\u00e7ado atual da cidade se expandiu tendo o tra\u00e7ado original como refer\u00eancia. Pode-se concluir que a cidade nasceu planejada.<\/p>\n<p style=\"text-align: justify;\">N\u00e3o se conhece a data exata destes acontecimentos, mas presume-se que seja a \u00faltima d\u00e9cada do s\u00e9culo XIX. As casas mandadas construir pelo Coronel foram todas de sua propriedade at\u00e9 1912. Esta hist\u00f3ria origina o bairro Centro.<\/p>\n<p style=\"text-align: justify;\">Desde 1908, o Estado de Minas Gerais pagava professores para o povoado. A escola funcionava onde hoje \u00e9 a C\u00e2mara Municipal e possu\u00eda 2 turmas mistas do 1\u00ba ao 4\u00ba Ano (hoje 2\u00ba ao 5\u00ba), uma de meninos e outra de meninas. Depois tornou-se Escolas Reunidas de Coroas e, finalmente no final da d\u00e9cada de 1970, foi inaugurada a atual Escola Estadual Coronel Xavier Chaves.<\/p>\n<p style=\"text-align: justify;\">O bairro Vila F\u00e1tima relaciona-se ao final da escravid\u00e3o. Com a Lei \u00c1urea, de 13 de maio de 1888, assinada pela princesa Isabel, os ex-escravizados receberam da fam\u00edlia do Coronel Xavier Chaves o direito de erguer suas casas no territ\u00f3rio que hoje forma o bairro e j\u00e1 foi chamado de Tanque.<\/p>\n<p style=\"text-align: justify;\">O Cosnec \u2013 Grupo de Consci\u00eancia Negra de Coronel Xavier Chaves, fundado em 2009, tem sua sede na Vila F\u00e1tima, onde encontra-se o Centro Afro-Descendente. Hoje, o bairro cresceu mais, com a constru\u00e7\u00e3o do Conjunto Habitacional S\u00e3o Francisco de Assis, inaugurado em 2011\/2012. Tamb\u00e9m foi criada recentemente (2021) uma \u00e1rea de lazer extensa no bairro, o Espa\u00e7o Municipal de Lazer e Conviv\u00eancia.<\/p>\n<p style=\"text-align: justify;\">J\u00e1 o bairro Vila Mendes originou-se de um loteamento organizado pelo senhor Jos\u00e9 Mendes, que facilitou a aquisi\u00e7\u00e3o das terras para as primeiras fam\u00edlias, atrav\u00e9s de uma esp\u00e9cie de sistema de cr\u00e9ditos para a compra. O primeiro morador foi o senhor Jos\u00e9 Valentim, popularmente conhecido como Tirica. Uma grande empresa j\u00e1 teve sua sede l\u00e1, a Semenge. Recentemente, as terras da empresa foram adquiridas pela Prefeitura Municipal. O bairro tamb\u00e9m est\u00e1 em amplia\u00e7\u00e3o com o loteamento chamado Canoas.<\/p>\n<p style=\"text-align: justify;\">O mais novo bairro da cidade, Nossa Senhora da Concei\u00e7\u00e3o, surgiu do loteamento da Igreja Cat\u00f3lica, organizado pelo Padre Francisco. Nos anos 1980 iniciou-se a urbaniza\u00e7\u00e3o, conclu\u00edda na d\u00e9cada de 1990. A Escola Municipal Sebasti\u00e3o Patr\u00edcio Pinto, inaugurada em 1998, localiza-se neste bairro, que tamb\u00e9m sediou a R\u00e1dio S\u00e3o Francisco FM. O Residencial Passaredo \u00e9 um prolongamento urbano que se encontra em processo de obras.<\/p>\n<p style=\"text-align: justify;\">As \u00e1reas rurais do munic\u00edpio est\u00e3o relacionadas \u00e0s primeiras ocupa\u00e7\u00f5es de fazendas que datam do in\u00edcio do s\u00e9culo XVIII, mesma \u00e9poca da forma\u00e7\u00e3o da Fazenda do Mosquito. J\u00e1 h\u00e1 duas regi\u00f5es urbanizadas: Acquaville (Planalto de F\u00e1tima) e Parque dos Ip\u00eas.<\/p>\n<p style=\"text-align: justify;\">Regi\u00e3o de intensa tradi\u00e7\u00e3o cultural, especialmente m\u00fasica, o munic\u00edpio conta com banda de m\u00fasica, artes\u00e3os v\u00e1rios e pintores cujos trabalhos s\u00e3o comercializados nos grandes centros. Integrante do roteiro tur\u00edstico da Estrada Real (Circuito Trilha dos Inconfidentes) e do rec\u00e9m-criado \u201cTrilha de S\u00e3o Tiago\u201d, o munic\u00edpio espera desenvolver atividades tur\u00edsticas mais consistentes.<\/p>\n<p style=\"text-align: justify;\"><strong>Refer\u00eancias Bibliogr\u00e1ficas:<\/strong><\/p>\n<p style=\"text-align: justify;\">BARBOSA, Waldemar de Almeida. <strong>Dicion\u00e1rio Hist\u00f3rico-Geogr\u00e1fico de Minas Gerais<\/strong>. Belo Horizonte, Rio de Janeiro: Itatiaia, 1995, p. 103<\/p>\n<p style=\"text-align: justify;\">PINTO, F\u00e1bio Carlos Vieira. <strong>O Quarteir\u00e3o do Mosquito:<\/strong> Fam\u00edlias, Fazendas e a Economia Agropastoril das Minas Gerais (S\u00e9culos XVIII e XIX). Jundia\u00ed-SP: Paco Editorial, 2022.<\/p>\n<p style=\"text-align: justify;\">TRINDADE, C\u00f4nego Raimundo. <strong>Institui\u00e7\u00f5es de Igrejas no Bispado de Mariana<\/strong><em>. <\/em>Rio de Janeiro: Servi\u00e7o do Patrim\u00f4nio Hist\u00f3rico e Art\u00edstico Nacional\/Minist\u00e9rio da Educa\u00e7\u00e3o e Sa\u00fade, 1945.<\/p>\n<p style=\"text-align: left;\"><a href=\"#_ftnref1\" name=\"_ftn1\">[1]<\/a> Dados retirados de &lt;<a href=\"http:\/\/coronelxavierchaves.mg.gov.br\/prefeitura\/2017\/04\/01\/igreja-de-nossa-senhora-do-rosario\/\">http:\/\/coronelxavierchaves.mg.gov.br\/prefeitura\/2017\/04\/01\/igreja-de-nossa-senhora-do-rosario\/<\/a>&gt;. Acesso em 06\/05\/2020.<\/p>\n<p>&nbsp;<\/p>\n<p><strong><a href=\"http:\/\/coronelxavierchaves.mg.gov.br\/prefeitura\/wp-content\/uploads\/2022\/08\/Quarteirao-do-Mosquito-origens-de-CXC.pdf\" target=\"_blank\" rel=\"noopener\">Leia aqui o artigo: &#8220;Quarteir\u00e3o do Mosquito: as origens da cidade de Coronel Xavier Chaves&#8221; &#8211; F\u00e1bio Carlos Vieira Pinto.<\/a><\/strong><\/p>\n<p><center><br \/>\n<a href=\"http:\/\/coronelxavierchaves.mg.gov.br\/prefeitura\/wp-content\/uploads\/2017\/04\/01.jpg\" data-rel=\"lightbox-image-0\" data-rl_title=\"\" data-rl_caption=\"\" title=\"\"><img loading=\"lazy\" decoding=\"async\" class=\"alignnone size-thumbnail wp-image-643\" src=\"http:\/\/coronelxavierchaves.mg.gov.br\/prefeitura\/wp-content\/uploads\/2017\/04\/01-150x150.jpg\" alt=\"\" width=\"150\" height=\"150\" \/><\/a> <a href=\"http:\/\/coronelxavierchaves.mg.gov.br\/prefeitura\/wp-content\/uploads\/2017\/04\/02.jpg\" data-rel=\"lightbox-image-1\" data-rl_title=\"\" data-rl_caption=\"\" title=\"\"><img loading=\"lazy\" decoding=\"async\" class=\"alignnone size-thumbnail wp-image-644\" src=\"http:\/\/coronelxavierchaves.mg.gov.br\/prefeitura\/wp-content\/uploads\/2017\/04\/02-150x150.jpg\" alt=\"\" width=\"150\" height=\"150\" \/><\/a> <a href=\"http:\/\/coronelxavierchaves.mg.gov.br\/prefeitura\/wp-content\/uploads\/2017\/04\/03.jpg\" data-rel=\"lightbox-image-2\" data-rl_title=\"\" data-rl_caption=\"\" title=\"\"><img loading=\"lazy\" decoding=\"async\" class=\"alignnone size-thumbnail wp-image-645\" src=\"http:\/\/coronelxavierchaves.mg.gov.br\/prefeitura\/wp-content\/uploads\/2017\/04\/03-150x150.jpg\" alt=\"\" width=\"150\" height=\"150\" \/><\/a> <a href=\"http:\/\/coronelxavierchaves.mg.gov.br\/prefeitura\/wp-content\/uploads\/2017\/04\/04.jpg\" data-rel=\"lightbox-image-3\" data-rl_title=\"\" data-rl_caption=\"\" title=\"\"><img loading=\"lazy\" decoding=\"async\" class=\"alignnone size-thumbnail wp-image-646\" src=\"http:\/\/coronelxavierchaves.mg.gov.br\/prefeitura\/wp-content\/uploads\/2017\/04\/04-150x150.jpg\" alt=\"\" width=\"150\" height=\"150\" \/><\/a> <a href=\"http:\/\/coronelxavierchaves.mg.gov.br\/prefeitura\/wp-content\/uploads\/2017\/04\/05.jpg\" data-rel=\"lightbox-image-4\" data-rl_title=\"\" data-rl_caption=\"\" title=\"\"><img loading=\"lazy\" decoding=\"async\" class=\"alignnone size-thumbnail wp-image-647\" src=\"http:\/\/coronelxavierchaves.mg.gov.br\/prefeitura\/wp-content\/uploads\/2017\/04\/05-150x150.jpg\" alt=\"\" width=\"150\" height=\"150\" \/><\/a> <a href=\"http:\/\/coronelxavierchaves.mg.gov.br\/prefeitura\/wp-content\/uploads\/2017\/04\/06.jpg\" data-rel=\"lightbox-image-5\" data-rl_title=\"\" data-rl_caption=\"\" title=\"\"><img loading=\"lazy\" decoding=\"async\" class=\"alignnone size-thumbnail wp-image-648\" src=\"http:\/\/coronelxavierchaves.mg.gov.br\/prefeitura\/wp-content\/uploads\/2017\/04\/06-150x150.jpg\" alt=\"\" width=\"150\" height=\"150\" \/><\/a> <a href=\"http:\/\/coronelxavierchaves.mg.gov.br\/prefeitura\/wp-content\/uploads\/2017\/04\/07.jpg\" data-rel=\"lightbox-image-6\" data-rl_title=\"\" data-rl_caption=\"\" title=\"\"><img loading=\"lazy\" decoding=\"async\" class=\"alignnone size-thumbnail wp-image-649\" src=\"http:\/\/coronelxavierchaves.mg.gov.br\/prefeitura\/wp-content\/uploads\/2017\/04\/07-150x150.jpg\" alt=\"\" width=\"150\" height=\"150\" \/><\/a> <a href=\"http:\/\/coronelxavierchaves.mg.gov.br\/prefeitura\/wp-content\/uploads\/2017\/04\/08.jpg\" data-rel=\"lightbox-image-7\" data-rl_title=\"\" data-rl_caption=\"\" title=\"\"><img loading=\"lazy\" decoding=\"async\" class=\"alignnone size-thumbnail wp-image-650\" src=\"http:\/\/coronelxavierchaves.mg.gov.br\/prefeitura\/wp-content\/uploads\/2017\/04\/08-150x150.jpg\" alt=\"\" width=\"150\" height=\"150\" \/><\/a> <a href=\"http:\/\/coronelxavierchaves.mg.gov.br\/prefeitura\/wp-content\/uploads\/2017\/04\/09.jpg\" data-rel=\"lightbox-image-8\" data-rl_title=\"\" data-rl_caption=\"\" title=\"\"><img loading=\"lazy\" decoding=\"async\" class=\"alignnone size-thumbnail wp-image-651\" src=\"http:\/\/coronelxavierchaves.mg.gov.br\/prefeitura\/wp-content\/uploads\/2017\/04\/09-150x150.jpg\" alt=\"\" width=\"150\" height=\"150\" \/><\/a> <a href=\"http:\/\/coronelxavierchaves.mg.gov.br\/prefeitura\/wp-content\/uploads\/2017\/04\/10.jpg\" data-rel=\"lightbox-image-9\" data-rl_title=\"\" data-rl_caption=\"\" title=\"\"><img loading=\"lazy\" decoding=\"async\" class=\"alignnone size-thumbnail wp-image-652\" src=\"http:\/\/coronelxavierchaves.mg.gov.br\/prefeitura\/wp-content\/uploads\/2017\/04\/10-150x150.jpg\" alt=\"\" width=\"150\" height=\"150\" \/><\/a> <a href=\"http:\/\/coronelxavierchaves.mg.gov.br\/prefeitura\/wp-content\/uploads\/2017\/04\/11.jpg\" data-rel=\"lightbox-image-10\" data-rl_title=\"\" data-rl_caption=\"\" title=\"\"><img loading=\"lazy\" decoding=\"async\" class=\"alignnone size-thumbnail wp-image-653\" src=\"http:\/\/coronelxavierchaves.mg.gov.br\/prefeitura\/wp-content\/uploads\/2017\/04\/11-150x150.jpg\" alt=\"\" width=\"150\" height=\"150\" \/><\/a> <a href=\"http:\/\/coronelxavierchaves.mg.gov.br\/prefeitura\/wp-content\/uploads\/2017\/04\/12.jpg\" data-rel=\"lightbox-image-11\" data-rl_title=\"\" data-rl_caption=\"\" title=\"\"><img loading=\"lazy\" decoding=\"async\" class=\"alignnone size-thumbnail wp-image-654\" src=\"http:\/\/coronelxavierchaves.mg.gov.br\/prefeitura\/wp-content\/uploads\/2017\/04\/12-150x150.jpg\" alt=\"\" width=\"150\" height=\"150\" \/><\/a> <a href=\"http:\/\/coronelxavierchaves.mg.gov.br\/prefeitura\/wp-content\/uploads\/2017\/04\/13.jpg\" data-rel=\"lightbox-image-12\" data-rl_title=\"\" data-rl_caption=\"\" title=\"\"><img loading=\"lazy\" decoding=\"async\" class=\"alignnone size-thumbnail wp-image-655\" src=\"http:\/\/coronelxavierchaves.mg.gov.br\/prefeitura\/wp-content\/uploads\/2017\/04\/13-150x150.jpg\" alt=\"\" width=\"150\" height=\"150\" \/><\/a> <a href=\"http:\/\/coronelxavierchaves.mg.gov.br\/prefeitura\/wp-content\/uploads\/2017\/04\/14.jpg\" data-rel=\"lightbox-image-13\" data-rl_title=\"\" data-rl_caption=\"\" title=\"\"><img loading=\"lazy\" decoding=\"async\" class=\"alignnone size-thumbnail wp-image-656\" src=\"http:\/\/coronelxavierchaves.mg.gov.br\/prefeitura\/wp-content\/uploads\/2017\/04\/14-150x150.jpg\" alt=\"\" width=\"150\" height=\"150\" \/><\/a><\/center><\/p>\n","protected":false},"excerpt":{"rendered":"<p>Breve Hist\u00f3ria de Coronel Xavier Chaves Segundo relatos orais, j\u00e1 em 1700 se tinha not\u00edcias de moradores na regi\u00e3o, os primeiros foram os da fam\u00edlia de Jo\u00e3o Gon\u00e7alves de Faria G\u00f3es e Lara. O capit\u00e3o portugu\u00eas Pedro Bernardes Caminha, av\u00f4 de Jo\u00e3o Gon\u00e7alves, casou-se em Lagoa Dourada em 1730 com \u00c2ngela de G\u00f3es Cardoso, nascida [&hellip;]<\/p>\n","protected":false},"author":1,"featured_media":0,"parent":0,"menu_order":0,"comment_status":"closed","ping_status":"closed","template":"","meta":{"footnotes":"","_links_to":"","_links_to_target":""},"class_list":["post-640","page","type-page","status-publish"],"_links":{"self":[{"href":"https:\/\/coronelxavierchaves.mg.gov.br\/prefeitura\/wp-json\/wp\/v2\/pages\/640","targetHints":{"allow":["GET"]}}],"collection":[{"href":"https:\/\/coronelxavierchaves.mg.gov.br\/prefeitura\/wp-json\/wp\/v2\/pages"}],"about":[{"href":"https:\/\/coronelxavierchaves.mg.gov.br\/prefeitura\/wp-json\/wp\/v2\/types\/page"}],"author":[{"embeddable":true,"href":"https:\/\/coronelxavierchaves.mg.gov.br\/prefeitura\/wp-json\/wp\/v2\/users\/1"}],"replies":[{"embeddable":true,"href":"https:\/\/coronelxavierchaves.mg.gov.br\/prefeitura\/wp-json\/wp\/v2\/comments?post=640"}],"version-history":[{"count":4,"href":"https:\/\/coronelxavierchaves.mg.gov.br\/prefeitura\/wp-json\/wp\/v2\/pages\/640\/revisions"}],"predecessor-version":[{"id":16720,"href":"https:\/\/coronelxavierchaves.mg.gov.br\/prefeitura\/wp-json\/wp\/v2\/pages\/640\/revisions\/16720"}],"wp:attachment":[{"href":"https:\/\/coronelxavierchaves.mg.gov.br\/prefeitura\/wp-json\/wp\/v2\/media?parent=640"}],"curies":[{"name":"wp","href":"https:\/\/api.w.org\/{rel}","templated":true}]}}