{"id":660,"date":"2017-04-01T11:13:36","date_gmt":"2017-04-01T14:13:36","guid":{"rendered":"http:\/\/coronelxavierchaves.mg.gov.br\/prefeitura\/?page_id=660"},"modified":"2024-06-24T13:50:09","modified_gmt":"2024-06-24T16:50:09","slug":"guia-turistico","status":"publish","type":"page","link":"https:\/\/coronelxavierchaves.mg.gov.br\/prefeitura\/guia-turistico\/","title":{"rendered":"GUIA TUR\u00cdSTICO"},"content":{"rendered":"<div class=\"otw-sc-toggle\"><h3 class=\"toggle-trigger widget-title closed\">PONTOS TUR\u00cdSTICOS<span class=\"icon\"><\/span><\/h3><div class=\"toggle-content\"><p><br \/>\n<div class=\"pt-cv-wrapper\"><div class=\"pt-cv-view pt-cv-grid pt-cv-colsys\" id=\"pt-cv-view-9fbf39aibx\"><div data-id=\"pt-cv-page-1\" class=\"pt-cv-page\" data-cvc=\"2\"><div class=\"col-md-6 col-sm-6 col-xs-12 pt-cv-content-item pt-cv-2-col\" ><div class='pt-cv-ifield'><a href=\"https:\/\/coronelxavierchaves.mg.gov.br\/prefeitura\/2017\/04\/01\/igreja-de-nossa-senhora-do-rosario\/\" class=\"_self pt-cv-href-thumbnail pt-cv-thumb-left\" target=\"_self\" ><img loading=\"lazy\" decoding=\"async\" width=\"300\" height=\"225\" src=\"https:\/\/coronelxavierchaves.mg.gov.br\/prefeitura\/wp-content\/uploads\/2017\/04\/Capa-Igreja-do-Rosario-nova-300x225.jpg\" class=\"pt-cv-thumbnail pull-left\" alt=\"\" srcset=\"https:\/\/coronelxavierchaves.mg.gov.br\/prefeitura\/wp-content\/uploads\/2017\/04\/Capa-Igreja-do-Rosario-nova-300x225.jpg 300w, https:\/\/coronelxavierchaves.mg.gov.br\/prefeitura\/wp-content\/uploads\/2017\/04\/Capa-Igreja-do-Rosario-nova-scaled.jpg 1024w, https:\/\/coronelxavierchaves.mg.gov.br\/prefeitura\/wp-content\/uploads\/2017\/04\/Capa-Igreja-do-Rosario-nova-768x576.jpg 768w, https:\/\/coronelxavierchaves.mg.gov.br\/prefeitura\/wp-content\/uploads\/2017\/04\/Capa-Igreja-do-Rosario-nova-1536x1152.jpg 1536w, https:\/\/coronelxavierchaves.mg.gov.br\/prefeitura\/wp-content\/uploads\/2017\/04\/Capa-Igreja-do-Rosario-nova-2048x1536.jpg 2048w, https:\/\/coronelxavierchaves.mg.gov.br\/prefeitura\/wp-content\/uploads\/2017\/04\/Capa-Igreja-do-Rosario-nova-80x60.jpg 80w, https:\/\/coronelxavierchaves.mg.gov.br\/prefeitura\/wp-content\/uploads\/2017\/04\/Capa-Igreja-do-Rosario-nova-265x198.jpg 265w, https:\/\/coronelxavierchaves.mg.gov.br\/prefeitura\/wp-content\/uploads\/2017\/04\/Capa-Igreja-do-Rosario-nova-696x522.jpg 696w, https:\/\/coronelxavierchaves.mg.gov.br\/prefeitura\/wp-content\/uploads\/2017\/04\/Capa-Igreja-do-Rosario-nova-1068x801.jpg 1068w, https:\/\/coronelxavierchaves.mg.gov.br\/prefeitura\/wp-content\/uploads\/2017\/04\/Capa-Igreja-do-Rosario-nova-560x420.jpg 560w, https:\/\/coronelxavierchaves.mg.gov.br\/prefeitura\/wp-content\/uploads\/2017\/04\/Capa-Igreja-do-Rosario-nova-1920x1440.jpg 1920w\" sizes=\"auto, (max-width: 300px) 100vw, 300px\" \/><\/a>\n<h4 class=\"pt-cv-title\"><a href=\"https:\/\/coronelxavierchaves.mg.gov.br\/prefeitura\/2017\/04\/01\/igreja-de-nossa-senhora-do-rosario\/\" class=\"_self\" target=\"_self\" >IGREJA DE NOSSA SENHORA DO ROS\u00c1RIO<\/a><\/h4>\n<div class=\"pt-cv-content\">IGREJA DE NOSSA SENHORA DO ROS\u00c1RIO A Igreja de Nossa Senhora do Ros\u00e1rio, mais conhecida como \u201cIgrejinha de pedra\u201d se ...<br \/><div class=\"pt-cv-rmwrap\"><a href=\"https:\/\/coronelxavierchaves.mg.gov.br\/prefeitura\/2017\/04\/01\/igreja-de-nossa-senhora-do-rosario\/\" class=\"_self pt-cv-readmore btn btn-success\" target=\"_self\">Leia Mais<\/a><\/div><\/div><\/div><\/div>\n<div class=\"col-md-6 col-sm-6 col-xs-12 pt-cv-content-item pt-cv-2-col\" ><div class='pt-cv-ifield'><a href=\"https:\/\/coronelxavierchaves.mg.gov.br\/prefeitura\/2017\/04\/01\/trilha-do-carteiro\/\" class=\"_self pt-cv-href-thumbnail pt-cv-thumb-left\" target=\"_self\" ><img loading=\"lazy\" decoding=\"async\" width=\"300\" height=\"225\" src=\"https:\/\/coronelxavierchaves.mg.gov.br\/prefeitura\/wp-content\/uploads\/2017\/04\/10-CEL-XAVIER-CHAVES-MG-TRILHA-DO-CARTEIRO-PMCXC-300x225.jpg\" class=\"pt-cv-thumbnail pull-left\" alt=\"\" srcset=\"https:\/\/coronelxavierchaves.mg.gov.br\/prefeitura\/wp-content\/uploads\/2017\/04\/10-CEL-XAVIER-CHAVES-MG-TRILHA-DO-CARTEIRO-PMCXC-300x225.jpg 300w, https:\/\/coronelxavierchaves.mg.gov.br\/prefeitura\/wp-content\/uploads\/2017\/04\/10-CEL-XAVIER-CHAVES-MG-TRILHA-DO-CARTEIRO-PMCXC.jpg 640w\" sizes=\"auto, (max-width: 300px) 100vw, 300px\" \/><\/a>\n<h4 class=\"pt-cv-title\"><a href=\"https:\/\/coronelxavierchaves.mg.gov.br\/prefeitura\/2017\/04\/01\/trilha-do-carteiro\/\" class=\"_self\" target=\"_self\" >TRILHA DO CARTEIRO<\/a><\/h4>\n<div class=\"pt-cv-content\">A Trilha do Carteiro \u00e9 um caminho para pedestres e cavaleiros que fazia a liga\u00e7\u00e3o das povoa\u00e7\u00f5es a norte da ...<br \/><div class=\"pt-cv-rmwrap\"><a href=\"https:\/\/coronelxavierchaves.mg.gov.br\/prefeitura\/2017\/04\/01\/trilha-do-carteiro\/\" class=\"_self pt-cv-readmore btn btn-success\" target=\"_self\">Leia Mais<\/a><\/div><\/div><\/div><\/div>\n<div class=\"col-md-6 col-sm-6 col-xs-12 pt-cv-content-item pt-cv-2-col\" ><div class='pt-cv-ifield'><a href=\"https:\/\/coronelxavierchaves.mg.gov.br\/prefeitura\/2017\/04\/01\/engenho-boa-vista\/\" class=\"_self pt-cv-href-thumbnail pt-cv-thumb-left\" target=\"_self\" ><img loading=\"lazy\" decoding=\"async\" width=\"300\" height=\"225\" src=\"https:\/\/coronelxavierchaves.mg.gov.br\/prefeitura\/wp-content\/uploads\/2017\/04\/z2-300x225.jpg\" class=\"pt-cv-thumbnail pull-left\" alt=\"\" srcset=\"https:\/\/coronelxavierchaves.mg.gov.br\/prefeitura\/wp-content\/uploads\/2017\/04\/z2-300x225.jpg 300w, https:\/\/coronelxavierchaves.mg.gov.br\/prefeitura\/wp-content\/uploads\/2017\/04\/z2-768x576.jpg 768w, https:\/\/coronelxavierchaves.mg.gov.br\/prefeitura\/wp-content\/uploads\/2017\/04\/z2.jpg 1024w\" sizes=\"auto, (max-width: 300px) 100vw, 300px\" \/><\/a>\n<h4 class=\"pt-cv-title\"><a href=\"https:\/\/coronelxavierchaves.mg.gov.br\/prefeitura\/2017\/04\/01\/engenho-boa-vista\/\" class=\"_self\" target=\"_self\" >ENGENHO BOA VISTA<\/a><\/h4>\n<div class=\"pt-cv-content\">O engenho Boa Vista \u00e9 uma refer\u00eancia em Coronel Xavier Chaves. Situado a menos de 1 Km da pra\u00e7a principal, ...<br \/><div class=\"pt-cv-rmwrap\"><a href=\"https:\/\/coronelxavierchaves.mg.gov.br\/prefeitura\/2017\/04\/01\/engenho-boa-vista\/\" class=\"_self pt-cv-readmore btn btn-success\" target=\"_self\">Leia Mais<\/a><\/div><\/div><\/div><\/div>\n<div class=\"col-md-6 col-sm-6 col-xs-12 pt-cv-content-item pt-cv-2-col\" ><div class='pt-cv-ifield'><a href=\"https:\/\/coronelxavierchaves.mg.gov.br\/prefeitura\/2017\/04\/01\/arvore-de-jequitiba\/\" class=\"_self pt-cv-href-thumbnail pt-cv-thumb-left\" target=\"_self\" ><img loading=\"lazy\" decoding=\"async\" width=\"300\" height=\"225\" src=\"https:\/\/coronelxavierchaves.mg.gov.br\/prefeitura\/wp-content\/uploads\/2017\/04\/Arvore-Jequitiba-300x225.jpg\" class=\"pt-cv-thumbnail pull-left\" alt=\"\" srcset=\"https:\/\/coronelxavierchaves.mg.gov.br\/prefeitura\/wp-content\/uploads\/2017\/04\/Arvore-Jequitiba-300x225.jpg 300w, https:\/\/coronelxavierchaves.mg.gov.br\/prefeitura\/wp-content\/uploads\/2017\/04\/Arvore-Jequitiba-scaled.jpg 1024w, https:\/\/coronelxavierchaves.mg.gov.br\/prefeitura\/wp-content\/uploads\/2017\/04\/Arvore-Jequitiba-768x576.jpg 768w, https:\/\/coronelxavierchaves.mg.gov.br\/prefeitura\/wp-content\/uploads\/2017\/04\/Arvore-Jequitiba-1536x1152.jpg 1536w, https:\/\/coronelxavierchaves.mg.gov.br\/prefeitura\/wp-content\/uploads\/2017\/04\/Arvore-Jequitiba-2048x1536.jpg 2048w, https:\/\/coronelxavierchaves.mg.gov.br\/prefeitura\/wp-content\/uploads\/2017\/04\/Arvore-Jequitiba-80x60.jpg 80w, https:\/\/coronelxavierchaves.mg.gov.br\/prefeitura\/wp-content\/uploads\/2017\/04\/Arvore-Jequitiba-265x198.jpg 265w, https:\/\/coronelxavierchaves.mg.gov.br\/prefeitura\/wp-content\/uploads\/2017\/04\/Arvore-Jequitiba-696x522.jpg 696w, https:\/\/coronelxavierchaves.mg.gov.br\/prefeitura\/wp-content\/uploads\/2017\/04\/Arvore-Jequitiba-1068x801.jpg 1068w, https:\/\/coronelxavierchaves.mg.gov.br\/prefeitura\/wp-content\/uploads\/2017\/04\/Arvore-Jequitiba-560x420.jpg 560w, https:\/\/coronelxavierchaves.mg.gov.br\/prefeitura\/wp-content\/uploads\/2017\/04\/Arvore-Jequitiba-1920x1440.jpg 1920w\" sizes=\"auto, (max-width: 300px) 100vw, 300px\" \/><\/a>\n<h4 class=\"pt-cv-title\"><a href=\"https:\/\/coronelxavierchaves.mg.gov.br\/prefeitura\/2017\/04\/01\/arvore-de-jequitiba\/\" class=\"_self\" target=\"_self\" >\u00c1RVORE DE JEQUITIB\u00c1<\/a><\/h4>\n<div class=\"pt-cv-content\">O Jequitib\u00e1 branco, cujo nome cient\u00edfico \u00e9 Cariniana Lecythidaceae Estrellensis \u00e9 uma \u00e1rvore da fam\u00edlia Lecythidacea que produz madeira de ...<br \/><div class=\"pt-cv-rmwrap\"><a href=\"https:\/\/coronelxavierchaves.mg.gov.br\/prefeitura\/2017\/04\/01\/arvore-de-jequitiba\/\" class=\"_self pt-cv-readmore btn btn-success\" target=\"_self\">Leia Mais<\/a><\/div><\/div><\/div><\/div><\/div><\/div><\/div><br \/>\n<\/p><\/div><\/div>\n<div class=\"otw-sc-toggle\"><h3 class=\"toggle-trigger widget-title opened\">POUSADAS E HOT\u00c9IS<span class=\"icon\"><\/span><\/h3><div class=\"toggle-content\"><p><br \/>\n<div class=\"pt-cv-wrapper\"><div class=\"pt-cv-view pt-cv-grid pt-cv-colsys\" id=\"pt-cv-view-79cc197i47\"><div data-id=\"pt-cv-page-1\" class=\"pt-cv-page\" data-cvc=\"3\"><div class=\"col-md-4 col-sm-12 col-xs-12 pt-cv-content-item pt-cv-1-col\" ><div class='pt-cv-ifield'><a href=\"https:\/\/coronelxavierchaves.mg.gov.br\/prefeitura\/2024\/07\/09\/hotel-fazenda-bela-vista\/\" class=\"_self pt-cv-href-thumbnail pt-cv-thumb-default\" target=\"_self\" ><img loading=\"lazy\" decoding=\"async\" width=\"300\" height=\"300\" src=\"https:\/\/coronelxavierchaves.mg.gov.br\/prefeitura\/wp-content\/uploads\/2024\/07\/Hotel-Fazenda-Bela-Vista-300x300.png\" class=\"pt-cv-thumbnail\" alt=\"\" srcset=\"https:\/\/coronelxavierchaves.mg.gov.br\/prefeitura\/wp-content\/uploads\/2024\/07\/Hotel-Fazenda-Bela-Vista-300x300.png 300w, https:\/\/coronelxavierchaves.mg.gov.br\/prefeitura\/wp-content\/uploads\/2024\/07\/Hotel-Fazenda-Bela-Vista-130x130.png 130w, https:\/\/coronelxavierchaves.mg.gov.br\/prefeitura\/wp-content\/uploads\/2024\/07\/Hotel-Fazenda-Bela-Vista-768x768.png 768w, https:\/\/coronelxavierchaves.mg.gov.br\/prefeitura\/wp-content\/uploads\/2024\/07\/Hotel-Fazenda-Bela-Vista-420x420.png 420w, https:\/\/coronelxavierchaves.mg.gov.br\/prefeitura\/wp-content\/uploads\/2024\/07\/Hotel-Fazenda-Bela-Vista-696x696.png 696w, https:\/\/coronelxavierchaves.mg.gov.br\/prefeitura\/wp-content\/uploads\/2024\/07\/Hotel-Fazenda-Bela-Vista-45x45.png 45w, https:\/\/coronelxavierchaves.mg.gov.br\/prefeitura\/wp-content\/uploads\/2024\/07\/Hotel-Fazenda-Bela-Vista.png 800w\" sizes=\"auto, (max-width: 300px) 100vw, 300px\" \/><\/a>\n<h4 class=\"pt-cv-title\"><a href=\"https:\/\/coronelxavierchaves.mg.gov.br\/prefeitura\/2024\/07\/09\/hotel-fazenda-bela-vista\/\" class=\"_self\" target=\"_self\" >Hotel Fazenda Bela Vista<\/a><\/h4><\/div><\/div>\n<div class=\"col-md-4 col-sm-12 col-xs-12 pt-cv-content-item pt-cv-1-col\" ><div class='pt-cv-ifield'><a href=\"https:\/\/coronelxavierchaves.mg.gov.br\/prefeitura\/2024\/06\/21\/o-sobrado\/\" class=\"_self pt-cv-href-thumbnail pt-cv-thumb-default\" target=\"_self\" ><img loading=\"lazy\" decoding=\"async\" width=\"300\" height=\"300\" src=\"https:\/\/coronelxavierchaves.mg.gov.br\/prefeitura\/wp-content\/uploads\/2024\/06\/Sobrado-capa-300x300.jpeg\" class=\"pt-cv-thumbnail\" alt=\"\" srcset=\"https:\/\/coronelxavierchaves.mg.gov.br\/prefeitura\/wp-content\/uploads\/2024\/06\/Sobrado-capa-300x300.jpeg 300w, https:\/\/coronelxavierchaves.mg.gov.br\/prefeitura\/wp-content\/uploads\/2024\/06\/Sobrado-capa-130x130.jpeg 130w, https:\/\/coronelxavierchaves.mg.gov.br\/prefeitura\/wp-content\/uploads\/2024\/06\/Sobrado-capa-768x768.jpeg 768w, https:\/\/coronelxavierchaves.mg.gov.br\/prefeitura\/wp-content\/uploads\/2024\/06\/Sobrado-capa-420x420.jpeg 420w, https:\/\/coronelxavierchaves.mg.gov.br\/prefeitura\/wp-content\/uploads\/2024\/06\/Sobrado-capa-696x696.jpeg 696w, https:\/\/coronelxavierchaves.mg.gov.br\/prefeitura\/wp-content\/uploads\/2024\/06\/Sobrado-capa-45x45.jpeg 45w, https:\/\/coronelxavierchaves.mg.gov.br\/prefeitura\/wp-content\/uploads\/2024\/06\/Sobrado-capa.jpeg 800w\" sizes=\"auto, (max-width: 300px) 100vw, 300px\" \/><\/a>\n<h4 class=\"pt-cv-title\"><a href=\"https:\/\/coronelxavierchaves.mg.gov.br\/prefeitura\/2024\/06\/21\/o-sobrado\/\" class=\"_self\" target=\"_self\" >O Sobrado<\/a><\/h4><\/div><\/div>\n<div class=\"col-md-4 col-sm-12 col-xs-12 pt-cv-content-item pt-cv-1-col\" ><div class='pt-cv-ifield'><a href=\"https:\/\/coronelxavierchaves.mg.gov.br\/prefeitura\/2024\/06\/21\/pousada-calma-real\/\" class=\"_self pt-cv-href-thumbnail pt-cv-thumb-default\" target=\"_self\" ><img loading=\"lazy\" decoding=\"async\" width=\"300\" height=\"300\" src=\"https:\/\/coronelxavierchaves.mg.gov.br\/prefeitura\/wp-content\/uploads\/2024\/06\/Calma-Real-capa-300x300.jpeg\" class=\"pt-cv-thumbnail\" alt=\"\" srcset=\"https:\/\/coronelxavierchaves.mg.gov.br\/prefeitura\/wp-content\/uploads\/2024\/06\/Calma-Real-capa-300x300.jpeg 300w, https:\/\/coronelxavierchaves.mg.gov.br\/prefeitura\/wp-content\/uploads\/2024\/06\/Calma-Real-capa-130x130.jpeg 130w, https:\/\/coronelxavierchaves.mg.gov.br\/prefeitura\/wp-content\/uploads\/2024\/06\/Calma-Real-capa-768x768.jpeg 768w, https:\/\/coronelxavierchaves.mg.gov.br\/prefeitura\/wp-content\/uploads\/2024\/06\/Calma-Real-capa-420x420.jpeg 420w, https:\/\/coronelxavierchaves.mg.gov.br\/prefeitura\/wp-content\/uploads\/2024\/06\/Calma-Real-capa-696x696.jpeg 696w, https:\/\/coronelxavierchaves.mg.gov.br\/prefeitura\/wp-content\/uploads\/2024\/06\/Calma-Real-capa-45x45.jpeg 45w, https:\/\/coronelxavierchaves.mg.gov.br\/prefeitura\/wp-content\/uploads\/2024\/06\/Calma-Real-capa.jpeg 800w\" sizes=\"auto, (max-width: 300px) 100vw, 300px\" \/><\/a>\n<h4 class=\"pt-cv-title\"><a href=\"https:\/\/coronelxavierchaves.mg.gov.br\/prefeitura\/2024\/06\/21\/pousada-calma-real\/\" class=\"_self\" target=\"_self\" >Pousada Calma Real<\/a><\/h4><\/div><\/div>\n<div class=\"col-md-4 col-sm-12 col-xs-12 pt-cv-content-item pt-cv-1-col\" ><div class='pt-cv-ifield'><a href=\"https:\/\/coronelxavierchaves.mg.gov.br\/prefeitura\/2024\/06\/14\/pousada-cantinho-xavierense\/\" class=\"_self pt-cv-href-thumbnail pt-cv-thumb-default\" target=\"_self\" ><img loading=\"lazy\" decoding=\"async\" width=\"300\" height=\"300\" src=\"https:\/\/coronelxavierchaves.mg.gov.br\/prefeitura\/wp-content\/uploads\/2024\/06\/Cantinho-Xavierense-capa-300x300.jpg\" class=\"pt-cv-thumbnail\" alt=\"\" srcset=\"https:\/\/coronelxavierchaves.mg.gov.br\/prefeitura\/wp-content\/uploads\/2024\/06\/Cantinho-Xavierense-capa-300x300.jpg 300w, https:\/\/coronelxavierchaves.mg.gov.br\/prefeitura\/wp-content\/uploads\/2024\/06\/Cantinho-Xavierense-capa-130x130.jpg 130w, https:\/\/coronelxavierchaves.mg.gov.br\/prefeitura\/wp-content\/uploads\/2024\/06\/Cantinho-Xavierense-capa-768x768.jpg 768w, https:\/\/coronelxavierchaves.mg.gov.br\/prefeitura\/wp-content\/uploads\/2024\/06\/Cantinho-Xavierense-capa-420x420.jpg 420w, https:\/\/coronelxavierchaves.mg.gov.br\/prefeitura\/wp-content\/uploads\/2024\/06\/Cantinho-Xavierense-capa-696x696.jpg 696w, https:\/\/coronelxavierchaves.mg.gov.br\/prefeitura\/wp-content\/uploads\/2024\/06\/Cantinho-Xavierense-capa-45x45.jpg 45w, https:\/\/coronelxavierchaves.mg.gov.br\/prefeitura\/wp-content\/uploads\/2024\/06\/Cantinho-Xavierense-capa.jpg 800w\" sizes=\"auto, (max-width: 300px) 100vw, 300px\" \/><\/a>\n<h4 class=\"pt-cv-title\"><a href=\"https:\/\/coronelxavierchaves.mg.gov.br\/prefeitura\/2024\/06\/14\/pousada-cantinho-xavierense\/\" class=\"_self\" target=\"_self\" >Pousada Cantinho Xavierense<\/a><\/h4><\/div><\/div>\n<div class=\"col-md-4 col-sm-12 col-xs-12 pt-cv-content-item pt-cv-1-col\" ><div class='pt-cv-ifield'><a href=\"https:\/\/coronelxavierchaves.mg.gov.br\/prefeitura\/2024\/06\/14\/hospedagem-magalhaes\/\" class=\"_self pt-cv-href-thumbnail pt-cv-thumb-default\" target=\"_self\" ><img loading=\"lazy\" decoding=\"async\" width=\"300\" height=\"300\" src=\"https:\/\/coronelxavierchaves.mg.gov.br\/prefeitura\/wp-content\/uploads\/2024\/06\/Hospedagem-Magalhaes-capa-300x300.jpeg\" class=\"pt-cv-thumbnail\" alt=\"\" srcset=\"https:\/\/coronelxavierchaves.mg.gov.br\/prefeitura\/wp-content\/uploads\/2024\/06\/Hospedagem-Magalhaes-capa-300x300.jpeg 300w, https:\/\/coronelxavierchaves.mg.gov.br\/prefeitura\/wp-content\/uploads\/2024\/06\/Hospedagem-Magalhaes-capa-130x130.jpeg 130w, https:\/\/coronelxavierchaves.mg.gov.br\/prefeitura\/wp-content\/uploads\/2024\/06\/Hospedagem-Magalhaes-capa-768x768.jpeg 768w, https:\/\/coronelxavierchaves.mg.gov.br\/prefeitura\/wp-content\/uploads\/2024\/06\/Hospedagem-Magalhaes-capa-420x420.jpeg 420w, https:\/\/coronelxavierchaves.mg.gov.br\/prefeitura\/wp-content\/uploads\/2024\/06\/Hospedagem-Magalhaes-capa-696x696.jpeg 696w, https:\/\/coronelxavierchaves.mg.gov.br\/prefeitura\/wp-content\/uploads\/2024\/06\/Hospedagem-Magalhaes-capa-45x45.jpeg 45w, https:\/\/coronelxavierchaves.mg.gov.br\/prefeitura\/wp-content\/uploads\/2024\/06\/Hospedagem-Magalhaes-capa.jpeg 800w\" sizes=\"auto, (max-width: 300px) 100vw, 300px\" \/><\/a>\n<h4 class=\"pt-cv-title\"><a href=\"https:\/\/coronelxavierchaves.mg.gov.br\/prefeitura\/2024\/06\/14\/hospedagem-magalhaes\/\" class=\"_self\" target=\"_self\" >Hospedagem Magalh\u00e3es<\/a><\/h4><\/div><\/div>\n<div class=\"col-md-4 col-sm-12 col-xs-12 pt-cv-content-item pt-cv-1-col\" ><div class='pt-cv-ifield'><a href=\"https:\/\/coronelxavierchaves.mg.gov.br\/prefeitura\/2024\/06\/14\/sitio-canela\/\" class=\"_self pt-cv-href-thumbnail pt-cv-thumb-default\" target=\"_self\" ><img loading=\"lazy\" decoding=\"async\" width=\"300\" height=\"300\" src=\"https:\/\/coronelxavierchaves.mg.gov.br\/prefeitura\/wp-content\/uploads\/2024\/06\/Sitio-Canela-capa-300x300.jpg\" class=\"pt-cv-thumbnail\" alt=\"\" srcset=\"https:\/\/coronelxavierchaves.mg.gov.br\/prefeitura\/wp-content\/uploads\/2024\/06\/Sitio-Canela-capa-300x300.jpg 300w, https:\/\/coronelxavierchaves.mg.gov.br\/prefeitura\/wp-content\/uploads\/2024\/06\/Sitio-Canela-capa-130x130.jpg 130w, https:\/\/coronelxavierchaves.mg.gov.br\/prefeitura\/wp-content\/uploads\/2024\/06\/Sitio-Canela-capa-768x768.jpg 768w, https:\/\/coronelxavierchaves.mg.gov.br\/prefeitura\/wp-content\/uploads\/2024\/06\/Sitio-Canela-capa-420x420.jpg 420w, https:\/\/coronelxavierchaves.mg.gov.br\/prefeitura\/wp-content\/uploads\/2024\/06\/Sitio-Canela-capa-696x696.jpg 696w, https:\/\/coronelxavierchaves.mg.gov.br\/prefeitura\/wp-content\/uploads\/2024\/06\/Sitio-Canela-capa-45x45.jpg 45w, https:\/\/coronelxavierchaves.mg.gov.br\/prefeitura\/wp-content\/uploads\/2024\/06\/Sitio-Canela-capa.jpg 800w\" sizes=\"auto, (max-width: 300px) 100vw, 300px\" \/><\/a>\n<h4 class=\"pt-cv-title\"><a href=\"https:\/\/coronelxavierchaves.mg.gov.br\/prefeitura\/2024\/06\/14\/sitio-canela\/\" class=\"_self\" target=\"_self\" >S\u00edtio Canela<\/a><\/h4><\/div><\/div>\n<div class=\"col-md-4 col-sm-12 col-xs-12 pt-cv-content-item pt-cv-1-col\" ><div class='pt-cv-ifield'><a href=\"https:\/\/coronelxavierchaves.mg.gov.br\/prefeitura\/2024\/06\/14\/hospedagem-da-ilza\/\" class=\"_self pt-cv-href-thumbnail pt-cv-thumb-default\" target=\"_self\" ><img loading=\"lazy\" decoding=\"async\" width=\"300\" height=\"300\" src=\"https:\/\/coronelxavierchaves.mg.gov.br\/prefeitura\/wp-content\/uploads\/2024\/06\/Hospedagem-da-Ilza-capa-300x300.jpg\" class=\"pt-cv-thumbnail\" alt=\"\" srcset=\"https:\/\/coronelxavierchaves.mg.gov.br\/prefeitura\/wp-content\/uploads\/2024\/06\/Hospedagem-da-Ilza-capa-300x300.jpg 300w, https:\/\/coronelxavierchaves.mg.gov.br\/prefeitura\/wp-content\/uploads\/2024\/06\/Hospedagem-da-Ilza-capa-130x130.jpg 130w, https:\/\/coronelxavierchaves.mg.gov.br\/prefeitura\/wp-content\/uploads\/2024\/06\/Hospedagem-da-Ilza-capa-768x768.jpg 768w, https:\/\/coronelxavierchaves.mg.gov.br\/prefeitura\/wp-content\/uploads\/2024\/06\/Hospedagem-da-Ilza-capa-420x420.jpg 420w, https:\/\/coronelxavierchaves.mg.gov.br\/prefeitura\/wp-content\/uploads\/2024\/06\/Hospedagem-da-Ilza-capa-696x696.jpg 696w, https:\/\/coronelxavierchaves.mg.gov.br\/prefeitura\/wp-content\/uploads\/2024\/06\/Hospedagem-da-Ilza-capa-45x45.jpg 45w, https:\/\/coronelxavierchaves.mg.gov.br\/prefeitura\/wp-content\/uploads\/2024\/06\/Hospedagem-da-Ilza-capa.jpg 800w\" sizes=\"auto, (max-width: 300px) 100vw, 300px\" \/><\/a>\n<h4 class=\"pt-cv-title\"><a href=\"https:\/\/coronelxavierchaves.mg.gov.br\/prefeitura\/2024\/06\/14\/hospedagem-da-ilza\/\" class=\"_self\" target=\"_self\" >Hospedagem da Ilza<\/a><\/h4><\/div><\/div><\/div><\/div><\/div><br \/>\n<\/p><\/div><\/div>\n<div class=\"otw-sc-toggle\"><h3 class=\"toggle-trigger widget-title closed\">RESTAURANTES E LANCHONETES<span class=\"icon\"><\/span><\/h3><div class=\"toggle-content\"><p><br \/>\n<p><b>RESTAURANTE SABORES DE MINAS<\/b><br \/><br \/>\nRua Jo\u00e3o XXIII, 221 &#8211; Vila F\u00e1tima<br \/><br \/>\nTel.: (32) 9906-4963<br \/><br \/>\n<a href=\"http:\/\/www.iminas.com\/saboresdeminas\" target=\"_blank\" rel=\"noopener\">www.iminas.com\/saboresdeminas<\/a><\/p><br \/>\n<p>&nbsp;<\/p><br \/>\n<p><b>RESTAURANTE YARA&#8217;S<\/b><br \/><br \/>\nAv. C\u00f4nego Ant\u00f4nio Carlos, N 8 &#8211; Centro<br \/><br \/>\nTel.: (32) 3357-1306 \u00a0ou\u00a0\u00a0(32) 9937-5537<br \/><br \/>\n<a href=\"http:\/\/www.yaras.iminas.com\/\" target=\"_blank\" rel=\"noopener\">www.yaras.iminas.com<\/a><\/p><br \/>\n<p>&nbsp;<\/p><br \/>\n<p><b>CASABURGUER<\/b><br \/><br \/>\nRua Major Mendonja, N 37 &#8211; Centro<br \/><br \/>\nTel.: (32) 3357-1476<br \/><br \/>\n<a href=\"http:\/\/www.casaburguer.iminas.com\/\" target=\"_blank\" rel=\"noopener\">www.casaburguer.iminas.com<\/a><\/p><br \/>\n<p>&nbsp;<\/p><br \/>\n<p><b>PADARIA, LANCHONETE E PIZZARIA YARA&#8217;S<\/b><br \/><br \/>\nAv. C\u00f4nego Ant\u00f4nio Carlos, N 8 &#8211; Centro<br \/><br \/>\nTel.: (32) 3357-1306<br \/><br \/>\n<a href=\"http:\/\/www.yaras.iminas.com\/\" target=\"_blank\" rel=\"noopener\">www.yaras.iminas.com<\/a><\/p><br \/>\n<\/p><\/div><\/div>\n<div class=\"otw-sc-toggle\"><h3 class=\"toggle-trigger widget-title closed\">COMPRAR<span class=\"icon\"><\/span><\/h3><div class=\"toggle-content\"><p><br \/>\n<p><b>CACHA\u00c7A JACUBA<\/b><br \/><br \/>\nRodovia Vereador Jo\u00e3o Vicente Camargo, Km1, Zona Rural.<br \/><br \/>\nTel: (32) 3372-3087<\/p><br \/>\n<p>&nbsp;<\/p><br \/>\n<p><b>CACHA\u00c7A S\u00c9CULO XVIII<\/b><br \/><br \/>\n<a href=\"http:\/\/www.cachacaseculoxviii.com.br\/\" target=\"_blank\" rel=\"noopener\">www.cachacaseculoxviii.com.br<\/a><\/p><br \/>\n<p>&nbsp;<\/p><br \/>\n<p><b>AGHAZALHO TRICOT<\/b><br \/><br \/>\nPra\u00e7a Eduardo Chaves, 176 &#8211; Centro<br \/><br \/>\nTel.: (32) 3357-1265<\/p><br \/>\n<p>&nbsp;<\/p><br \/>\n<p><b>DEP\u00d3SITO DO VILMAR<\/b><br \/><br \/>\nRua Capit\u00e3o Anselmo, N 71<br \/><br \/>\nTel.: (32) 3357-1240<\/p><br \/>\n<p>&nbsp;<\/p><br \/>\n<p><b>DEP\u00d3SITO XAVIERENSE<\/b><br \/><br \/>\nRua Capit\u00e3o Milit\u00e3o, N 22<br \/><br \/>\nTel.: (32) 3357-1254<\/p><br \/>\n<p>&nbsp;<\/p><br \/>\n<p><b>DROGARIA CHAVES<\/b><br \/><br \/>\nAv. C\u00f4nego Ant\u00f4nio Carlos, 109<br \/><br \/>\nTel.: (32) 3357-1361<\/p><br \/>\n<p>&nbsp;<\/p><br \/>\n<p><b>DROGARIA DO POVO<\/b><br \/><br \/>\nRua Padre Reis, N 21<br \/><br \/>\nTel.: (32) 3357-1593<\/p><br \/>\n<p>&nbsp;<\/p><br \/>\n<p><b>GELS &#8211; GRUPO ELBER DE LOJAS E SERVI\u00c7OS<\/b><br \/><br \/>\nRua Coronel Milit\u00e3o, N 86<br \/><br \/>\n<a href=\"http:\/\/www.gels.iminas.com\/\" target=\"_blank\" rel=\"noopener\">www.gels.iminas.com<\/a><\/p><br \/>\n<p>&nbsp;<\/p><br \/>\n<p><b>HENRIQUE ELETRO<\/b><br \/><br \/>\nRua Coronel Milit\u00e3o, N 86<\/p><br \/>\n<p>&nbsp;<\/p><br \/>\n<p><b>LOJA PRINCESA<\/b><br \/><br \/>\nAv. C\u00f4nego Ant\u00f4nio Carlos, N 197<br \/><br \/>\nTel.: (32) 3357-1276<\/p><br \/>\n<p>&nbsp;<\/p><br \/>\n<p><b>SUPERMERCADO GENO<\/b><br \/><br \/>\nRua Coronel Milit\u00e3o, N 8<br \/><br \/>\nTel.: (32) 3357-1492<\/p><br \/>\n<p>&nbsp;<\/p><br \/>\n<p><b>SUPERMERCADO HELBER<\/b><br \/><br \/>\nRua Coronel Milit\u00e3o, N 95<br \/><br \/>\nTel.: (32) 3357-1292<\/p><br \/>\n<p>&nbsp;<\/p><br \/>\n<p><b>ZEZINHO REPRESENTA\u00c7\u00d5ES AGROPECU\u00c1RIA<\/b><br \/><br \/>\nLargo Dom Lara, N 80<br \/><br \/>\nTel.: (32) 3357-1356<\/p><br \/>\n<\/p><\/div><\/div>\n<div class=\"otw-sc-toggle\"><h3 class=\"toggle-trigger widget-title closed\">ARTESANATO<span class=\"icon\"><\/span><\/h3><div class=\"toggle-content\"><p><br \/>\n<p><a href=\".\/artesanato-e-esculturas\/\">Confira a p\u00e1gina ARTESANATO E ESCULTURAS<\/a><\/p><br \/>\n<\/p><\/div><\/div>\n<div class=\"otw-sc-toggle\"><h3 class=\"toggle-trigger widget-title closed\">COMO CHEGAR<span class=\"icon\"><\/span><\/h3><div class=\"toggle-content\"><p><br \/>\n<p><a href=\".\/como-chegar\/\">Confira a p\u00e1gina\u00a0COMO CHEGAR<\/a><\/p><br \/>\n<\/p><\/div><\/div>\n","protected":false},"excerpt":{"rendered":"","protected":false},"author":1,"featured_media":0,"parent":0,"menu_order":0,"comment_status":"closed","ping_status":"closed","template":"","meta":{"footnotes":"","_links_to":"","_links_to_target":""},"class_list":["post-660","page","type-page","status-publish"],"_links":{"self":[{"href":"https:\/\/coronelxavierchaves.mg.gov.br\/prefeitura\/wp-json\/wp\/v2\/pages\/660","targetHints":{"allow":["GET"]}}],"collection":[{"href":"https:\/\/coronelxavierchaves.mg.gov.br\/prefeitura\/wp-json\/wp\/v2\/pages"}],"about":[{"href":"https:\/\/coronelxavierchaves.mg.gov.br\/prefeitura\/wp-json\/wp\/v2\/types\/page"}],"author":[{"embeddable":true,"href":"https:\/\/coronelxavierchaves.mg.gov.br\/prefeitura\/wp-json\/wp\/v2\/users\/1"}],"replies":[{"embeddable":true,"href":"https:\/\/coronelxavierchaves.mg.gov.br\/prefeitura\/wp-json\/wp\/v2\/comments?post=660"}],"version-history":[{"count":4,"href":"https:\/\/coronelxavierchaves.mg.gov.br\/prefeitura\/wp-json\/wp\/v2\/pages\/660\/revisions"}],"predecessor-version":[{"id":20104,"href":"https:\/\/coronelxavierchaves.mg.gov.br\/prefeitura\/wp-json\/wp\/v2\/pages\/660\/revisions\/20104"}],"wp:attachment":[{"href":"https:\/\/coronelxavierchaves.mg.gov.br\/prefeitura\/wp-json\/wp\/v2\/media?parent=660"}],"curies":[{"name":"wp","href":"https:\/\/api.w.org\/{rel}","templated":true}]}}