{"id":7834,"date":"2020-09-09T13:11:29","date_gmt":"2020-09-09T16:11:29","guid":{"rendered":"http:\/\/coronelxavierchaves.mg.gov.br\/prefeitura\/?page_id=7834"},"modified":"2021-04-15T11:02:35","modified_gmt":"2021-04-15T14:02:35","slug":"cultura","status":"publish","type":"page","link":"https:\/\/coronelxavierchaves.mg.gov.br\/prefeitura\/cultura\/","title":{"rendered":"CADASTRAMENTO DA CULTURA"},"content":{"rendered":"<p><img loading=\"lazy\" decoding=\"async\" class=\"aligncenter wp-image-7847 size-large\" src=\"http:\/\/coronelxavierchaves.mg.gov.br\/prefeitura\/wp-content\/uploads\/2020\/09\/Cartilha-de-Orientacao-Coroas-3-1024x759.jpg\" alt=\"\" width=\"696\" height=\"516\" srcset=\"https:\/\/coronelxavierchaves.mg.gov.br\/prefeitura\/wp-content\/uploads\/2020\/09\/Cartilha-de-Orientacao-Coroas-3-1024x759.jpg 1024w, https:\/\/coronelxavierchaves.mg.gov.br\/prefeitura\/wp-content\/uploads\/2020\/09\/Cartilha-de-Orientacao-Coroas-3-300x222.jpg 300w, https:\/\/coronelxavierchaves.mg.gov.br\/prefeitura\/wp-content\/uploads\/2020\/09\/Cartilha-de-Orientacao-Coroas-3-768x570.jpg 768w, https:\/\/coronelxavierchaves.mg.gov.br\/prefeitura\/wp-content\/uploads\/2020\/09\/Cartilha-de-Orientacao-Coroas-3-1536x1139.jpg 1536w, https:\/\/coronelxavierchaves.mg.gov.br\/prefeitura\/wp-content\/uploads\/2020\/09\/Cartilha-de-Orientacao-Coroas-3-80x60.jpg 80w, https:\/\/coronelxavierchaves.mg.gov.br\/prefeitura\/wp-content\/uploads\/2020\/09\/Cartilha-de-Orientacao-Coroas-3-485x360.jpg 485w, https:\/\/coronelxavierchaves.mg.gov.br\/prefeitura\/wp-content\/uploads\/2020\/09\/Cartilha-de-Orientacao-Coroas-3-696x516.jpg 696w, https:\/\/coronelxavierchaves.mg.gov.br\/prefeitura\/wp-content\/uploads\/2020\/09\/Cartilha-de-Orientacao-Coroas-3-1068x792.jpg 1068w, https:\/\/coronelxavierchaves.mg.gov.br\/prefeitura\/wp-content\/uploads\/2020\/09\/Cartilha-de-Orientacao-Coroas-3-566x420.jpg 566w, https:\/\/coronelxavierchaves.mg.gov.br\/prefeitura\/wp-content\/uploads\/2020\/09\/Cartilha-de-Orientacao-Coroas-3.jpg 1036w\" sizes=\"auto, (max-width: 696px) 100vw, 696px\" \/><\/p>\n<p style=\"text-align: justify;\"><span style=\"font-family: 'times new roman', times, serif; font-size: 14pt;\">A Prefeitura Municipal de Coronel Xavier Chaves, por meio da Secretaria de Municipal de Cultural, Turismo, Esporte e Lazer torna p\u00fablico o presente chamamento para realiza\u00e7\u00e3o do Cadastro Municipal de Informa\u00e7\u00f5es e Indicadores Culturais.<\/span><\/p>\n<p style=\"text-align: justify;\"><span style=\"font-family: 'times new roman', times, serif; font-size: 14pt;\">O presente chamamento tem como objetivo coletar e sistematizar dados para mapear a cadeia produtiva da cultura no munic\u00edpio, interpretar esses dados para melhor estabelecer pol\u00edticas p\u00fablicas, metodologias e a\u00e7\u00f5es de fomento.<\/span><\/p>\n<p style=\"text-align: justify;\"><span style=\"font-family: 'times new roman', times, serif; font-size: 14pt;\"><span style=\"font-family: times new roman, times, serif;\"><span style=\"font-size: 14pt;\">O cadastro \u00e9 uma a\u00e7\u00e3o muito importante para o setor cultural do munic\u00edpio e tamb\u00e9m uma exig\u00eancia da Lei 14.017\/20, conhecida como Lei Aldir Blanc. Para que o munic\u00edpio participe das a\u00e7\u00f5es emergenciais previstas na lei deve manter essa ferramenta atualizada. Por isso \u00e9 t\u00e3o importante a participa\u00e7\u00e3o de todo o setor. <\/span><\/span><b style=\"font-family: 'times new roman', times, serif; font-size: 14pt;\">O formul\u00e1rio estar\u00e1 dispon\u00edvel de forma cont\u00ednua, cabendo aos interessados <\/b><span style=\"font-family: times new roman, times, serif;\"><span style=\"font-size: 18.6667px;\"><b>manter o cadastro<\/b><\/span><\/span><b style=\"font-family: 'times new roman', times, serif; font-size: 14pt;\"> atualizado.<\/b><\/span><\/p>\n<p style=\"text-align: justify;\"><span style=\"font-family: 'times new roman', times, serif; font-size: 14pt;\">Al\u00e9m de preencher seu cadastro \u00e9 preciso que tamb\u00e9m ajude a divulgar, precisamos que essa a\u00e7\u00e3o alcance TODOS os fazedores de cultura do munic\u00edpio de coronel Xavier Chaves.<\/span><\/p>\n<p style=\"text-align: justify;\"><span style=\"font-family: 'times new roman', times, serif; font-size: 14pt;\">O Cadastramento \u00e9 gratuito e volunt\u00e1rio!<\/span><\/p>\n<p style=\"text-align: center; background-color: blue;\"><span style=\"color: #ffffff;\"><strong><span style=\"text-decoration: underline; font-size: 14pt;\"><a style=\"color: #ffffff; text-decoration: underline;\" href=\"https:\/\/forms.gle\/rhJGSS3JJbo6LhHN9\" target=\"_blank\" rel=\"noopener noreferrer\">CLIQUE AQUI PARA PREENCHER O FORMUL\u00c1RIO<\/a><\/span><\/strong><\/span><\/p>\n<p style=\"text-align: justify;\"><span style=\"font-family: 'times new roman', times, serif; font-size: 14pt;\"><strong>Os benefici\u00e1rios<\/strong><\/span><\/p>\n<p style=\"text-align: justify;\"><span style=\"font-family: 'times new roman', times, serif; font-size: 14pt;\">A Lei prev\u00ea tr\u00eas linhas de a\u00e7\u00f5es emergenciais, cujos benefici\u00e1rios dividem-se em artistas e espa\u00e7os art\u00edsticos.<\/span><\/p>\n<p style=\"text-align: justify;\"><span style=\"font-family: 'times new roman', times, serif; font-size: 14pt;\"><strong>Linha 1<\/strong> \u2013\u00a0Aux\u00edlio emergencial: tr\u00eas parcelas mensais de R$ 600.<\/span><\/p>\n<p style=\"text-align: justify;\"><span style=\"font-family: 'times new roman', times, serif; font-size: 14pt;\">Essa linha \u00e9 destinada a pessoas f\u00edsicas que comprovem atividades culturais nos 24 meses anteriores \u00e0 data de publica\u00e7\u00e3o da Lei. M\u00e3es solo recebem R$ 1.200.<\/span><\/p>\n<p style=\"text-align: justify;\"><span style=\"font-family: 'times new roman', times, serif; font-size: 14pt;\">O aux\u00edlio emergencial, no entanto, n\u00e3o pode ser pago a:<\/span><\/p>\n<p><span style=\"font-family: 'times new roman', times, serif; font-size: 14pt;\">a)\u00a0Quem tem emprego formal ativo;<\/span><br \/>\n<span style=\"font-family: 'times new roman', times, serif; font-size: 14pt;\">b) Quem recebe um benef\u00edcio previdenci\u00e1rio ou assistencial (com exce\u00e7\u00e3o do Bolsa Fam\u00edlia);<\/span><br \/>\n<span style=\"font-family: 'times new roman', times, serif; font-size: 14pt;\">c) Quem recebe parcelas de seguro-desemprego;<\/span><br \/>\n<span style=\"font-family: 'times new roman', times, serif; font-size: 14pt;\">d) Quem recebeu o aux\u00edlio emergencial geral previsto na Lei n\u00ba 13.982, de 2 de abril de 2020;<\/span><br \/>\n<span style=\"font-family: 'times new roman', times, serif; font-size: 14pt;\">e) Quem tem renda familiar mensal per capita de at\u00e9 meio sal\u00e1rio m\u00ednimo (R$ 522,50) ou quem tem renda familiar mensal total de at\u00e9 tr\u00eas sal\u00e1rios m\u00ednimos (R$ 3.135), o que for <\/span>maior;<br \/>\n<span style=\"font-size: 14pt; font-family: 'times new roman', times, serif;\">f) Quem teve rendimentos tribut\u00e1veis acima de R$ 28.559,70 no ano de 2018.<\/span><br \/>\n<span style=\"font-size: 14pt; font-family: 'times new roman', times, serif;\">Importante: Os R$ 600 podem ser pagos a at\u00e9 duas pessoas da unidade familiar.<\/span><\/p>\n<p style=\"text-align: justify;\"><span style=\"font-family: 'times new roman', times, serif; font-size: 14pt;\"><strong>O cadastramento para essa linha \u00e9 de responsabilidade do Estado e poder\u00e1 ser feito acessando o site \u201chttp:\/\/www.cultura.mg.gov.br\/leialdirblanc\u201d.<\/strong><\/span><\/p>\n<p style=\"text-align: justify;\"><span style=\"font-family: 'times new roman', times, serif; font-size: 14pt;\"><strong>Linha 2<\/strong> \u2013\u00a0Subs\u00eddio a espa\u00e7os art\u00edsticos e culturais: entre R$ 3 mil e R$ 10 mil, regulamentado pelos estados, munic\u00edpios e pelo DF.<\/span><\/p>\n<p style=\"text-align: justify;\"><span style=\"font-family: 'times new roman', times, serif; font-size: 14pt;\">Essa linha foi criada em aten\u00e7\u00e3o aos espa\u00e7os culturais, microempresas, coletivos, pontos de cultura, cooperativas, teatros, livrarias, sebos, ateli\u00eas, feiras, circos, produtoras de cinema, e v\u00e1rias outras categorias.<\/span><\/p>\n<p style=\"text-align: justify;\"><span style=\"font-family: 'times new roman', times, serif; font-size: 14pt;\">Para poder receber o valor, os benefici\u00e1rios precisam estar inscritos em pelo menos um cadastro de projetos culturais do Distrito Federal.<\/span><\/p>\n<p style=\"text-align: justify;\"><span style=\"font-family: 'times new roman', times, serif; font-size: 14pt;\">Os benefici\u00e1rios desta iniciativa precisam oferecer contrapartidas com atividades gratuitas. Ser\u00e1 necess\u00e1rio presta\u00e7\u00e3o de contas do aux\u00edlio recebido em at\u00e9 120 dias ap\u00f3s a \u00faltima parcela paga.<\/span><\/p>\n<p style=\"text-align: justify;\"><span style=\"font-family: 'times new roman', times, serif; font-size: 14pt;\"><strong>Linha 3<\/strong> \u2013\u00a0Editais, chamamentos p\u00fablicos e pr\u00eamios: destinados a atividades, produ\u00e7\u00f5es e capacita\u00e7\u00f5es culturais<\/span><\/p>\n<p style=\"text-align: justify;\"><span style=\"font-family: 'times new roman', times, serif; font-size: 14pt;\">A Lei exige que, no m\u00ednimo, 20% dos recursos recebidos sejam usados em a\u00e7\u00f5es como custeio de editais, chamadas p\u00fablicas, cursos, pr\u00eamios e aquisi\u00e7\u00e3o de bens e servi\u00e7os vinculados ao setor cultural, entre outras atividades.<\/span><\/p>\n<p style=\"text-align: justify;\"><span style=\"font-family: 'times new roman', times, serif; font-size: 14pt;\">ACESSE AS LEGISLA\u00c7\u00d5ES<\/span><\/p>\n<ul>\n<li><span style=\"font-family: 'times new roman', times, serif; font-size: 14pt;\"><a href=\"http:\/\/coronelxavierchaves.mg.gov.br\/prefeitura\/wp-content\/uploads\/2021\/04\/Lei-1.305.pdf\">Lei 1.305<\/a>, publicado em 18\/12\/2020 \u00e0s 13:47h.<\/span><\/li>\n<li style=\"text-align: justify;\"><span style=\"font-family: 'times new roman', times, serif; font-size: 14pt;\"><a href=\"http:\/\/www.cultura.df.gov.br\/wp-conteudo\/uploads\/2020\/07\/L14017.pdf\" target=\"_blank\" rel=\"noopener noreferrer\">Lei 14.017<\/a><\/span><\/li>\n<li style=\"text-align: justify;\"><span style=\"font-family: 'times new roman', times, serif; font-size: 14pt;\"><a href=\"http:\/\/www.cultura.df.gov.br\/wp-conteudo\/uploads\/2020\/07\/DECRETO-N%C2%BA-10.464-DE-17-DE-AGOSTO-DE-2020-Regulamenta-a-Aldir-Blanc.pdf\" target=\"_blank\" rel=\"noopener noreferrer\">DECRETO N\u00ba 10.464, DE 17 DE AGOSTO DE 2020 \u2013 Regulamenta a Lei Aldir Blanc<\/a><\/span><\/li>\n<\/ul>\n<ul>\n<li><a href=\"http:\/\/coronelxavierchaves.mg.gov.br\/prefeitura\/wp-content\/uploads\/2020\/10\/Decreto-3.376.pdf\" target=\"_blank\" rel=\"noopener noreferrer\">DECRETO N\u00ba 3.376<\/a><\/li>\n<li><a href=\"http:\/\/coronelxavierchaves.mg.gov.br\/prefeitura\/wp-content\/uploads\/2020\/10\/Portaria-de-Nomeacao.pdf\" target=\"_blank\" rel=\"noopener noreferrer\">PORTARIA DE NOMEA\u00c7\u00c3O: N\u00ba3122<\/a><\/li>\n<li><a href=\"http:\/\/coronelxavierchaves.mg.gov.br\/prefeitura\/wp-content\/uploads\/2020\/10\/Portaria-de-homologacao.pdf\" target=\"_blank\" rel=\"noopener noreferrer\">PORTARIA DE HOMOLOGA\u00c7\u00c3O<\/a><\/li>\n<li><a href=\"http:\/\/coronelxavierchaves.mg.gov.br\/prefeitura\/wp-content\/uploads\/2020\/10\/Ata-01.pdf\" target=\"_blank\" rel=\"noopener noreferrer\">ATA DE REUNI\u00c3O 01<\/a><\/li>\n<li><a href=\"http:\/\/coronelxavierchaves.mg.gov.br\/prefeitura\/wp-content\/uploads\/2020\/10\/Ata-02.pdf\" target=\"_blank\" rel=\"noopener noreferrer\">ATA DE REUNI\u00c3O 02<\/a><\/li>\n<li><a href=\"http:\/\/coronelxavierchaves.mg.gov.br\/prefeitura\/wp-content\/uploads\/2020\/11\/Plano-de-Acao-Ajustado.pdf\" target=\"_blank\" rel=\"noopener noreferrer\">PLANO DE A\u00c7\u00c3O AJUSTADO<\/a><\/li>\n<li><a href=\"http:\/\/coronelxavierchaves.mg.gov.br\/prefeitura\/wp-content\/uploads\/2021\/04\/Anexo-I-1.pdf\">ANEXO I: RELAT\u00d3RIO DE GEST\u00c3O FINAL<\/a><\/li>\n<\/ul>\n","protected":false},"excerpt":{"rendered":"<p>A Prefeitura Municipal de Coronel Xavier Chaves, por meio da Secretaria de Municipal de Cultural, Turismo, Esporte e Lazer torna p\u00fablico o presente chamamento para realiza\u00e7\u00e3o do Cadastro Municipal de Informa\u00e7\u00f5es e Indicadores Culturais. O presente chamamento tem como objetivo coletar e sistematizar dados para mapear a cadeia produtiva da cultura no munic\u00edpio, interpretar esses [&hellip;]<\/p>\n","protected":false},"author":3,"featured_media":0,"parent":0,"menu_order":0,"comment_status":"closed","ping_status":"closed","template":"","meta":{"footnotes":"","_links_to":"","_links_to_target":""},"class_list":["post-7834","page","type-page","status-publish"],"_links":{"self":[{"href":"https:\/\/coronelxavierchaves.mg.gov.br\/prefeitura\/wp-json\/wp\/v2\/pages\/7834","targetHints":{"allow":["GET"]}}],"collection":[{"href":"https:\/\/coronelxavierchaves.mg.gov.br\/prefeitura\/wp-json\/wp\/v2\/pages"}],"about":[{"href":"https:\/\/coronelxavierchaves.mg.gov.br\/prefeitura\/wp-json\/wp\/v2\/types\/page"}],"author":[{"embeddable":true,"href":"https:\/\/coronelxavierchaves.mg.gov.br\/prefeitura\/wp-json\/wp\/v2\/users\/3"}],"replies":[{"embeddable":true,"href":"https:\/\/coronelxavierchaves.mg.gov.br\/prefeitura\/wp-json\/wp\/v2\/comments?post=7834"}],"version-history":[{"count":27,"href":"https:\/\/coronelxavierchaves.mg.gov.br\/prefeitura\/wp-json\/wp\/v2\/pages\/7834\/revisions"}],"predecessor-version":[{"id":9935,"href":"https:\/\/coronelxavierchaves.mg.gov.br\/prefeitura\/wp-json\/wp\/v2\/pages\/7834\/revisions\/9935"}],"wp:attachment":[{"href":"https:\/\/coronelxavierchaves.mg.gov.br\/prefeitura\/wp-json\/wp\/v2\/media?parent=7834"}],"curies":[{"name":"wp","href":"https:\/\/api.w.org\/{rel}","templated":true}]}}