{"id":8298,"date":"2020-11-09T16:14:51","date_gmt":"2020-11-09T19:14:51","guid":{"rendered":"http:\/\/coronelxavierchaves.mg.gov.br\/prefeitura\/?page_id=8298"},"modified":"2025-03-25T13:49:17","modified_gmt":"2025-03-25T16:49:17","slug":"chamada-publica-lei-aldir-blanc","status":"publish","type":"page","link":"https:\/\/coronelxavierchaves.mg.gov.br\/prefeitura\/chamada-publica-lei-aldir-blanc\/","title":{"rendered":"CHAMADA P\u00daBLICA LEI ALDIR BLANC"},"content":{"rendered":"<ul>\n<li>Essa p\u00e1gina possui publica\u00e7\u00f5es referentes a Lei Aldir Blanc.<\/li>\n<li>Para acesso aos editais de licita\u00e7\u00e3o, concursos e de convoca\u00e7\u00f5es, acesse a p\u00e1gina <a href=\"http:\/\/coronelxavierchaves.mg.gov.br\/prefeitura\/editais-e-licitacoes\/\">EDITAIS E LICITA\u00c7\u00d5ES<\/a>.<\/li>\n<li>Contratos e atas de registro de pre\u00e7os de editais publicados no site est\u00e3o dentro\u00a0<a href=\"http:\/\/coronelxavierchaves.mg.gov.br\/prefeitura\/editais-e-licitacoes\/\">EDITAIS E LICITA\u00c7\u00d5ES<\/a>.<\/li>\n<\/ul>\n<div class=\"otw-sc-toggle\"><h3 class=\"toggle-trigger widget-title closed\">EDITAIS - 2025<span class=\"icon\"><\/span><\/h3><div class=\"toggle-content\"><p><br \/>\n<div class=\"pt-cv-wrapper\"><div class=\"pt-cv-view pt-cv-collapsible\" id=\"pt-cv-view-5f7c96eebw\"><div data-id=\"pt-cv-page-1\" class=\"pt-cv-page\" data-cvc=\"1\"><div class=\"panel-group\" id=\"7a74287t9i\"><div class=\"panel panel-default pt-cv-content-item pt-cv-1-col\" >\r\n<div class=\"panel-heading pt-cv-title\">\r\n    <a class=\"panel-title\" data-toggle=\"cvcollapse\" data-parent=\"#7a74287t9i\" data-target=\"#c67e7b8grc\" href='https:\/\/coronelxavierchaves.mg.gov.br\/prefeitura\/2025\/04\/08\/resultado-final-do-edital-de-chamamento-publico-no-02-2025-lei-aldir-blanc\/' onclick='event.preventDefault()'>\r\n\t\tResultado Final do Edital de Chamamento p\u00fablico N\u00ba 02\/2025 &#8211; Lei Aldir Blanc\t<\/a>\r\n\t<\/div>\r\n<div id=\"c67e7b8grc\" class=\"panel-collapse collapse \">\r\n\t<div class=\"panel-body\">\r\n\t\t<div class=\"pt-cv-content\"><ul>\n<li><a href=\"https:\/\/coronelxavierchaves.mg.gov.br\/prefeitura\/wp-content\/uploads\/2025\/04\/RESULTADO-FINAL-LEI-ALDIR-BLANC-II.pdf\">RESULTADO FINAL<\/a>, publicado em 08\/04\/2025 \u00e0s 15:37h.<\/li>\n<\/ul>\n<\/div>\t<\/div>\r\n<\/div><\/div>\n<div class=\"panel panel-default pt-cv-content-item pt-cv-1-col\" >\r\n<div class=\"panel-heading pt-cv-title\">\r\n    <a class=\"panel-title\" data-toggle=\"cvcollapse\" data-parent=\"#7a74287t9i\" data-target=\"#1b5a700e6p\" href='https:\/\/coronelxavierchaves.mg.gov.br\/prefeitura\/2025\/04\/08\/respostas-apos-analises-de-recursos-do-edital-de-chamamento-publico-no-02-2025-lei-aldir-blanc\/' onclick='event.preventDefault()'>\r\n\t\tRespostas ap\u00f3s An\u00e1lises de Recursos do Edital de Chamamento p\u00fablico N\u00ba 02\/2025 &#8211; Lei Aldir Blanc\t<\/a>\r\n\t<\/div>\r\n<div id=\"1b5a700e6p\" class=\"panel-collapse collapse \">\r\n\t<div class=\"panel-body\">\r\n\t\t<div class=\"pt-cv-content\"><ul>\n<li><a href=\"https:\/\/coronelxavierchaves.mg.gov.br\/prefeitura\/wp-content\/uploads\/2025\/04\/Analise-de-Recursos.pdf\">RESPOSTAS AP\u00d3S RECURSOS<\/a>, publicado em 08\/04\/2025 \u00e0s 15:36h.<\/li>\n<\/ul>\n<\/div>\t<\/div>\r\n<\/div><\/div>\n<div class=\"panel panel-default pt-cv-content-item pt-cv-1-col\" >\r\n<div class=\"panel-heading pt-cv-title\">\r\n    <a class=\"panel-title\" data-toggle=\"cvcollapse\" data-parent=\"#7a74287t9i\" data-target=\"#222a1e9ord\" href='https:\/\/coronelxavierchaves.mg.gov.br\/prefeitura\/2025\/04\/01\/resultado-preliminar-do-edital-de-chamamento-publico-no-02-2025-lei-aldir-blanc\/' onclick='event.preventDefault()'>\r\n\t\tResultado Preliminar do Edital de Chamamento p\u00fablico N\u00ba 02\/2025 &#8211; Lei Aldir Blanc\t<\/a>\r\n\t<\/div>\r\n<div id=\"222a1e9ord\" class=\"panel-collapse collapse \">\r\n\t<div class=\"panel-body\">\r\n\t\t<div class=\"pt-cv-content\"><ul>\n<li><a href=\"https:\/\/coronelxavierchaves.mg.gov.br\/prefeitura\/wp-content\/uploads\/2025\/04\/RESULTADO-PRELIMINAR-LEI-ALDIR-BLANC-II.pdf\">RESULTADO PRELIMINAR<\/a>, publicado em 01\/04\/2025 \u00e0s 15:52h.<\/li>\n<li><a href=\"https:\/\/coronelxavierchaves.mg.gov.br\/prefeitura\/wp-content\/uploads\/2025\/03\/FORMULARIO-DE-RECURSO-DA-ETAPA-DE-SELECAO.docx\">FORMUL\u00c1RIO DE APRESENTA\u00c7\u00c3O DE RECURSO &#8211; WORD<\/a> (Preencher e enviar no e-mail da Secretaria de Cultura: cultura@coronelxavierchaves.mg.gov.br)<\/li>\n<\/ul>\n<\/div>\t<\/div>\r\n<\/div><\/div>\n<div class=\"panel panel-default pt-cv-content-item pt-cv-1-col\" >\r\n<div class=\"panel-heading pt-cv-title\">\r\n    <a class=\"panel-title\" data-toggle=\"cvcollapse\" data-parent=\"#7a74287t9i\" data-target=\"#1ebd7a763q\" href='https:\/\/coronelxavierchaves.mg.gov.br\/prefeitura\/2025\/03\/14\/edital-de-chamamento-publico-no-02-2025-aldir-blanc-ii\/' onclick='event.preventDefault()'>\r\n\t\tEDITAL DE CHAMAMENTO P\u00daBLICO N\u00ba 02\/2025  &#8211; ALDIR BLANC II\t<\/a>\r\n\t<\/div>\r\n<div id=\"1ebd7a763q\" class=\"panel-collapse collapse \">\r\n\t<div class=\"panel-body\">\r\n\t\t<div class=\"pt-cv-content\"><blockquote><p>DOWNLOADS<\/p><\/blockquote>\n<ul>\n<li><a href=\"https:\/\/coronelxavierchaves.mg.gov.br\/prefeitura\/wp-content\/uploads\/2025\/03\/EDITAL-LEI-ALDIR-BLANC-2025.pdf\">EDITAL<\/a>, publicado em 13\/03\/2025 \u00e0s 20:30h.<\/li>\n<li><a href=\"https:\/\/docs.google.com\/forms\/d\/e\/1FAIpQLScQTIaToB3ySJcVHox4SXbAVj3nlnKRhN8hhXauhu2fH_y3jA\/viewform\" target=\"_blank\" rel=\"noopener\">LINK DE INSCRI\u00c7\u00c3O<\/a><\/li>\n<li><a href=\"https:\/\/coronelxavierchaves.mg.gov.br\/prefeitura\/wp-content\/uploads\/2025\/04\/RESULTADO-PRELIMINAR-LEI-ALDIR-BLANC-II.pdf\">RESULTADO PRELIMINAR<\/a>, publicado em 01\/04\/2025 \u00e0s 15:52h.<\/li>\n<li><a href=\"https:\/\/coronelxavierchaves.mg.gov.br\/prefeitura\/wp-content\/uploads\/2025\/03\/FORMULARIO-DE-RECURSO-DA-ETAPA-DE-SELECAO.pdf\">FORMUL\u00c1RIO DE APRESENTA\u00c7\u00c3O DE RECURSO &#8211; PDF<\/a><\/li>\n<li><a href=\"https:\/\/coronelxavierchaves.mg.gov.br\/prefeitura\/wp-content\/uploads\/2025\/03\/FORMULARIO-DE-RECURSO-DA-ETAPA-DE-SELECAO.docx\">FORMUL\u00c1RIO DE APRESENTA\u00c7\u00c3O DE RECURSO &#8211; WORD<\/a> (Preencher e enviar no e-mail da Secretaria de Cultura: cultura@coronelxavierchaves.mg.gov.br)<\/li>\n<li><a href=\"https:\/\/coronelxavierchaves.mg.gov.br\/prefeitura\/wp-content\/uploads\/2025\/04\/Analise-de-Recursos.pdf\">RESPOSTAS AP\u00d3S RECURSOS<\/a>, publicado em 08\/04\/2025 \u00e0s 15:36h.<\/li>\n<li><a href=\"https:\/\/coronelxavierchaves.mg.gov.br\/prefeitura\/wp-content\/uploads\/2025\/04\/RESULTADO-FINAL-LEI-ALDIR-BLANC-II.pdf\">RESULTADO FINAL<\/a>, publicado em 08\/04\/2025 \u00e0s 15:37h.<\/li>\n<li><a href=\"https:\/\/coronelxavierchaves.mg.gov.br\/prefeitura\/others\/TERMOS_DE_EXECUCAO.rar\">TERMOS DE EXECU\u00c7\u00c3O<\/a><\/li>\n<\/ul>\n<div>\n<div style=\"text-align: justify;\">\n<div style=\"text-align: justify;\"><\/div>\n<\/div>\n<\/div>\n<div><\/div>\n<div class=\"printshowonly\">\n<p>*<b>PUBLICA\u00c7\u00c3O<\/b><\/p>\n<ul>\n<li>Um destaque desta publica\u00e7\u00e3o foi gerado na p\u00e1gina inicial do site, dispon\u00edvel at\u00e9 que demais publica\u00e7\u00f5es sejam realizadas.<\/li>\n<li>Uma publica\u00e7\u00e3o permanente foi feita na p\u00e1gina de Editais e Licita\u00e7\u00f5es.<\/li>\n<li>Link para acesso:\u00a0http:\/\/coronelxavierchaves.mg.gov.br\/prefeitura\/wp-json\/wp\/v2\/pages\/8298<\/li>\n<\/ul>\n<\/div>\n<\/div>\t<\/div>\r\n<\/div><\/div><\/div><\/div><\/div><\/div><br \/>\n<\/p><\/div><\/div>\n<div class=\"otw-sc-toggle\"><h3 class=\"toggle-trigger widget-title closed\">EDITAIS - 2024<span class=\"icon\"><\/span><\/h3><div class=\"toggle-content\"><p><br \/>\n<div class=\"pt-cv-wrapper\"><div class=\"pt-cv-view pt-cv-collapsible\" id=\"pt-cv-view-21be779u5f\"><div data-id=\"pt-cv-page-1\" class=\"pt-cv-page\" data-cvc=\"1\"><div class=\"panel-group\" id=\"e5ee05en1b\"><div class=\"panel panel-default pt-cv-content-item pt-cv-1-col\" >\r\n<div class=\"panel-heading pt-cv-title\">\r\n    <a class=\"panel-title\" data-toggle=\"cvcollapse\" data-parent=\"#e5ee05en1b\" data-target=\"#5158814dvp\" href='https:\/\/coronelxavierchaves.mg.gov.br\/prefeitura\/2024\/10\/29\/edital-de-chamamento-publico-no-05-2024-aldir-blanc\/' onclick='event.preventDefault()'>\r\n\t\tEDITAL DE CHAMAMENTO P\u00daBLICO N\u00ba 05\/2024  &#8211; ALDIR BLANC\t<\/a>\r\n\t<\/div>\r\n<div id=\"5158814dvp\" class=\"panel-collapse collapse \">\r\n\t<div class=\"panel-body\">\r\n\t\t<div class=\"pt-cv-content\"><blockquote><p>DOWNLOADS<\/p><\/blockquote>\n<ul>\n<li><a href=\"https:\/\/coronelxavierchaves.mg.gov.br\/prefeitura\/wp-content\/uploads\/2024\/10\/EDITAL_LEI_ALDIR_BLANC_29_assinado.pdf\">EDITAL<\/a>, publicado em 29\/10\/2024 \u00e0s 15:50h.<\/li>\n<li><a href=\"https:\/\/docs.google.com\/forms\/d\/1KWf_y7cZYzXZkB86g6JHG5HHLcUzdtcC6sZyzaIvJvU\" target=\"_blank\" rel=\"noopener\">LINK DE INSCRI\u00c7\u00c3O<\/a><\/li>\n<\/ul>\n<div>\n<div style=\"text-align: justify;\">\n<div style=\"text-align: justify;\">\n<div style=\"text-align: justify;\">\n<p style=\"font-weight: 400;\">\n<\/p><\/div>\n<div><\/div>\n<\/div>\n<\/div>\n<\/div>\n<div><\/div>\n<div class=\"printshowonly\">\n<p>*<b>PUBLICA\u00c7\u00c3O<\/b><\/p>\n<ul>\n<li>Um destaque desta publica\u00e7\u00e3o foi gerado na p\u00e1gina inicial do site, dispon\u00edvel at\u00e9 que demais publica\u00e7\u00f5es sejam realizadas.<\/li>\n<li>Uma publica\u00e7\u00e3o permanente foi feita na p\u00e1gina de Editais e Licita\u00e7\u00f5es.<\/li>\n<li>Link para acesso:\u00a0http:\/\/coronelxavierchaves.mg.gov.br\/prefeitura\/wp-json\/wp\/v2\/pages\/8298<\/li>\n<\/ul>\n<\/div>\n<\/div>\t<\/div>\r\n<\/div><\/div><\/div><\/div><\/div><\/div><br \/>\n<\/p><\/div><\/div>\n<div class=\"otw-sc-toggle\"><h3 class=\"toggle-trigger widget-title closed\">EDITAIS - 2020<span class=\"icon\"><\/span><\/h3><div class=\"toggle-content\"><p><br \/>\n<div class=\"pt-cv-wrapper\"><div class=\"pt-cv-view pt-cv-collapsible\" id=\"pt-cv-view-70fca4dt2c\"><div data-id=\"pt-cv-page-1\" class=\"pt-cv-page\" data-cvc=\"1\"><div class=\"panel-group\" id=\"6835de9ivr\"><div class=\"panel panel-default pt-cv-content-item pt-cv-1-col\" >\r\n<div class=\"panel-heading pt-cv-title\">\r\n    <a class=\"panel-title\" data-toggle=\"cvcollapse\" data-parent=\"#6835de9ivr\" data-target=\"#aed27abuj5\" href='https:\/\/coronelxavierchaves.mg.gov.br\/prefeitura\/2020\/12\/17\/aviso-de-prorrogacao-para-envio-de-comprovacao-dos-editais-da-chamada-publica-lei-aldir-blanc\/' onclick='event.preventDefault()'>\r\n\t\tAviso de prorroga\u00e7\u00e3o para envio de comprova\u00e7\u00e3o dos Editais da Chamada P\u00fablica Lei Aldir Blanc\t<\/a>\r\n\t<\/div>\r\n<div id=\"aed27abuj5\" class=\"panel-collapse collapse \">\r\n\t<div class=\"panel-body\">\r\n\t\t<div class=\"pt-cv-content\"><ul>\n<li><a href=\"http:\/\/coronelxavierchaves.mg.gov.br\/prefeitura\/wp-content\/uploads\/2020\/11\/ALTERACAO-DE-PRAZO-DE-ENTREGA.pdf\">AVISO DE PRORROGA\u00c7\u00c3O<\/a>, Publicado em 17\/12\/2020, \u00e0s 17:03h.<\/li>\n<\/ul>\n<\/div>\t<\/div>\r\n<\/div><\/div>\n<div class=\"panel panel-default pt-cv-content-item pt-cv-1-col\" >\r\n<div class=\"panel-heading pt-cv-title\">\r\n    <a class=\"panel-title\" data-toggle=\"cvcollapse\" data-parent=\"#6835de9ivr\" data-target=\"#d5554c7qv2\" href='https:\/\/coronelxavierchaves.mg.gov.br\/prefeitura\/2020\/12\/04\/convocacao-para-assinatura-do-termo-de-concessao-da-chamada-publica-lei-aldir-blanc\/' onclick='event.preventDefault()'>\r\n\t\tConvoca\u00e7\u00e3o para assinatura do Termo de Concess\u00e3o da Chamada P\u00fablica Lei Aldir Blanc\t<\/a>\r\n\t<\/div>\r\n<div id=\"d5554c7qv2\" class=\"panel-collapse collapse \">\r\n\t<div class=\"panel-body\">\r\n\t\t<div class=\"pt-cv-content\"><ul>\n<li><a href=\"http:\/\/coronelxavierchaves.mg.gov.br\/prefeitura\/wp-content\/uploads\/2020\/12\/CONVOCACAO.pdf\">CONVOCA\u00c7\u00c3O<\/a>, Publicado em 04\/12\/2020, \u00e0s 16:35h.<\/li>\n<\/ul>\n<\/div>\t<\/div>\r\n<\/div><\/div>\n<div class=\"panel panel-default pt-cv-content-item pt-cv-1-col\" >\r\n<div class=\"panel-heading pt-cv-title\">\r\n    <a class=\"panel-title\" data-toggle=\"cvcollapse\" data-parent=\"#6835de9ivr\" data-target=\"#3a9e3fea5n\" href='https:\/\/coronelxavierchaves.mg.gov.br\/prefeitura\/2020\/12\/04\/homologacao-e-resultado-final-dos-editais-da-chamada-publica-lei-aldir-blanc\/' onclick='event.preventDefault()'>\r\n\t\tHomologa\u00e7\u00e3o e Resultado Final dos Editais da Chamada P\u00fablica Lei Aldir Blanc\t<\/a>\r\n\t<\/div>\r\n<div id=\"3a9e3fea5n\" class=\"panel-collapse collapse \">\r\n\t<div class=\"panel-body\">\r\n\t\t<div class=\"pt-cv-content\"><ul>\n<li><a href=\"http:\/\/coronelxavierchaves.mg.gov.br\/prefeitura\/wp-content\/uploads\/2020\/12\/HOMOLOGACAO-E-RESULTADO-FINAL-LEI-ALDIR-BLANC.pdf\">HOMOLOGA\u00c7\u00c3O E RESULTADO FINAL<\/a>, Publicado em 04\/12\/2020, \u00e0s 16:32h.<\/li>\n<\/ul>\n<\/div>\t<\/div>\r\n<\/div><\/div>\n<div class=\"panel panel-default pt-cv-content-item pt-cv-1-col\" >\r\n<div class=\"panel-heading pt-cv-title\">\r\n    <a class=\"panel-title\" data-toggle=\"cvcollapse\" data-parent=\"#6835de9ivr\" data-target=\"#fb6748691o\" href='https:\/\/coronelxavierchaves.mg.gov.br\/prefeitura\/2020\/11\/30\/resultado-parcial-dos-editais-da-chamada-publica-lei-aldir-blanc\/' onclick='event.preventDefault()'>\r\n\t\tResultado parcial dos Editais da Chamada P\u00fablica Lei Aldir Blanc\t<\/a>\r\n\t<\/div>\r\n<div id=\"fb6748691o\" class=\"panel-collapse collapse \">\r\n\t<div class=\"panel-body\">\r\n\t\t<div class=\"pt-cv-content\"><ul>\n<li><a href=\"http:\/\/coronelxavierchaves.mg.gov.br\/prefeitura\/wp-content\/uploads\/2020\/11\/RESULTADO-PARCIAL-LEI-ALDIR-BLANC.pdf\">RESULTADO PARCIAL<\/a>, Publicado em 30\/11\/2020, \u00e0s 16:20h.<\/li>\n<\/ul>\n<\/div>\t<\/div>\r\n<\/div><\/div>\n<div class=\"panel panel-default pt-cv-content-item pt-cv-1-col\" >\r\n<div class=\"panel-heading pt-cv-title\">\r\n    <a class=\"panel-title\" data-toggle=\"cvcollapse\" data-parent=\"#6835de9ivr\" data-target=\"#04cbaa5e6y\" href='https:\/\/coronelxavierchaves.mg.gov.br\/prefeitura\/2020\/11\/23\/nova-errata-e-editais-retificados-chamada-publica-lei-aldir-blanc\/' onclick='event.preventDefault()'>\r\n\t\tNova Errata e Editais Retificados Chamada P\u00fablica Lei Aldir Blanc\t<\/a>\r\n\t<\/div>\r\n<div id=\"04cbaa5e6y\" class=\"panel-collapse collapse \">\r\n\t<div class=\"panel-body\">\r\n\t\t<div class=\"pt-cv-content\"><ul>\n<li><a href=\"http:\/\/coronelxavierchaves.mg.gov.br\/prefeitura\/wp-content\/uploads\/2020\/11\/ERRATA-2-CHAMADA-PUBLICA-LEI-ALDIR-BLANC.pdf\">ERRATA<\/a>, Publicado em 23\/11\/2020<\/li>\n<\/ul>\n<p>Editais Retificados<\/p>\n<ul>\n<li><a href=\"http:\/\/coronelxavierchaves.mg.gov.br\/prefeitura\/wp-content\/uploads\/2020\/11\/01-CHAMADA-PUBLICA-MANIFESTACOES-POPULARES-01.2020-NOVA-RETIFICACAO.docx\">01 CHAMADA PUBLICA MANIFESTA\u00c7\u00d5ES POPULARES 01.2020 NOVA RETIFICA\u00c7\u00c3O<\/a><\/li>\n<li><a href=\"http:\/\/coronelxavierchaves.mg.gov.br\/prefeitura\/wp-content\/uploads\/2020\/11\/02-CHAMADA-PUBLICA-ARTESANATO-02.2020-NOVA-RETIFICACAO.doc\">02 CHAMADA PUBLICA ARTESANATO 02.2020 NOVA RETIFICA\u00c7\u00c3O<\/a><\/li>\n<li><a href=\"http:\/\/coronelxavierchaves.mg.gov.br\/prefeitura\/wp-content\/uploads\/2020\/11\/03-CHAMADA-PUBLICA-FOTOGRAFIA-03.2020-NOVA-RETIFICACAO.docx\">03 CHAMADA PUBLICA FOTOGRAFIA 03.2020 NOVA RETIFICA\u00c7\u00c3O<\/a><\/li>\n<li><a href=\"http:\/\/coronelxavierchaves.mg.gov.br\/prefeitura\/wp-content\/uploads\/2020\/11\/04-CHAMADA-PUBLICA-MUSICA-04.2020-NOVA-RETIFICACAO.docx\">04 CHAMADA PUBLICA MUSICA 04.2020 NOVA RETIFICA\u00c7\u00c3O<\/a><\/li>\n<li><a href=\"http:\/\/coronelxavierchaves.mg.gov.br\/prefeitura\/wp-content\/uploads\/2020\/11\/05-CHAMADA-PUBLICA-PROMOCAO-DE-EVENTOS-05.2020-NOVA-RETIFICACAO.doc\">05 CHAMADA PUBLICA PROMO\u00c7\u00c3O DE EVENTOS 05.2020 NOVA RETIFICA\u00c7\u00c3O<\/a><\/li>\n<\/ul>\n<\/div>\t<\/div>\r\n<\/div><\/div>\n<div class=\"panel panel-default pt-cv-content-item pt-cv-1-col\" >\r\n<div class=\"panel-heading pt-cv-title\">\r\n    <a class=\"panel-title\" data-toggle=\"cvcollapse\" data-parent=\"#6835de9ivr\" data-target=\"#73594ba6a8\" href='https:\/\/coronelxavierchaves.mg.gov.br\/prefeitura\/2020\/11\/17\/errata-e-editais-retificados-chamada-publica-lei-aldir-blanc\/' onclick='event.preventDefault()'>\r\n\t\tErrata e Editais Retificados Chamada P\u00fablica Lei Aldir Blanc\t<\/a>\r\n\t<\/div>\r\n<div id=\"73594ba6a8\" class=\"panel-collapse collapse \">\r\n\t<div class=\"panel-body\">\r\n\t\t<div class=\"pt-cv-content\"><ul>\n<li><a href=\"http:\/\/coronelxavierchaves.mg.gov.br\/prefeitura\/wp-content\/uploads\/2020\/11\/ERRATA-CHAMADA-PUBLICA-LEI-ALDIR-BLANC.pdf\">ERRATA CHAMADA P\u00daBLICA LEI ALDIR BLANC<\/a><\/li>\n<\/ul>\n<p>Editais Retificados<\/p>\n<ul>\n<li><a href=\"http:\/\/coronelxavierchaves.mg.gov.br\/prefeitura\/wp-content\/uploads\/2020\/11\/CHAMADA-PUBLICA-MANIFESTACOES-POPULARES-01.2020-RETIFICACAO.docx\">CHAMADA PUBLICA MANIFESTA\u00c7\u00d5ES POPULARES 01.2020 RETIFICA\u00c7\u00c3O<\/a><\/li>\n<li><a href=\"http:\/\/coronelxavierchaves.mg.gov.br\/prefeitura\/wp-content\/uploads\/2020\/11\/CHAMADA-PUBLICA-ARTESANATO-02.2020-RETIFICACAO.doc\">CHAMADA PUBLICA ARTESANATO 02.2020 RETIFICA\u00c7\u00c3O<\/a><\/li>\n<li><a href=\"http:\/\/coronelxavierchaves.mg.gov.br\/prefeitura\/wp-content\/uploads\/2020\/11\/CHAMADA-PUBLICA-FOTOGRAFIA-03.2020-RETIFICACAO.docx\">CHAMADA PUBLICA FOTOGRAFIA 03.2020 RETIFICA\u00c7\u00c3O<\/a><\/li>\n<li><a href=\"http:\/\/coronelxavierchaves.mg.gov.br\/prefeitura\/wp-content\/uploads\/2020\/11\/CHAMADA-PUBLICA-MUSICA-04.2020-RETIFICACAO.docx\">CHAMADA PUBLICA MUSICA 04.2020 RETIFICA\u00c7\u00c3O<\/a><\/li>\n<li><a href=\"http:\/\/coronelxavierchaves.mg.gov.br\/prefeitura\/wp-content\/uploads\/2020\/11\/CHAMADA-PUBLICA-PROMOCAO-DE-EVENTOS-05.2020-RETIFICACAO.doc\">CHAMADA PUBLICA PROMO\u00c7\u00c3O DE EVENTOS 05.2020 RETIFICA\u00c7\u00c3O<\/a><\/li>\n<\/ul>\n<\/div>\t<\/div>\r\n<\/div><\/div>\n<div class=\"panel panel-default pt-cv-content-item pt-cv-1-col\" >\r\n<div class=\"panel-heading pt-cv-title\">\r\n    <a class=\"panel-title\" data-toggle=\"cvcollapse\" data-parent=\"#6835de9ivr\" data-target=\"#1bad322ti9\" href='https:\/\/coronelxavierchaves.mg.gov.br\/prefeitura\/2020\/11\/09\/editais-chamada-publica-lei-aldir-blanc\/' onclick='event.preventDefault()'>\r\n\t\tEditais Chamada P\u00fablica Lei Aldir Blanc\t<\/a>\r\n\t<\/div>\r\n<div id=\"1bad322ti9\" class=\"panel-collapse collapse \">\r\n\t<div class=\"panel-body\">\r\n\t\t<div class=\"pt-cv-content\"><ul>\n<li><a href=\"http:\/\/coronelxavierchaves.mg.gov.br\/prefeitura\/wp-content\/uploads\/2020\/11\/ALTERACAO-DE-PRAZO-DE-ENTREGA.pdf\">AVISO DE PRORROGA\u00c7\u00c3O<\/a>, Publicado em 17\/12\/2020, \u00e0s 17:03h.<\/li>\n<\/ul>\n<p>Resultados:<\/p>\n<ul>\n<li><a href=\"http:\/\/coronelxavierchaves.mg.gov.br\/prefeitura\/wp-content\/uploads\/2020\/11\/RESULTADO-PARCIAL-LEI-ALDIR-BLANC.pdf\">RESULTADO PARCIAL<\/a>, Publicado em 30\/11\/2020, \u00e0s 16:20h.<\/li>\n<li><a href=\"http:\/\/coronelxavierchaves.mg.gov.br\/prefeitura\/wp-content\/uploads\/2020\/12\/HOMOLOGACAO-E-RESULTADO-FINAL-LEI-ALDIR-BLANC.pdf\">HOMOLOGA\u00c7\u00c3O E RESULTADO FINAL<\/a>, Publicado em 04\/12\/2020, \u00e0s 16:32h.<\/li>\n<\/ul>\n<p>&nbsp;<\/p>\n<ul>\n<li><a href=\"http:\/\/coronelxavierchaves.mg.gov.br\/prefeitura\/wp-content\/uploads\/2020\/11\/ERRATA-2-CHAMADA-PUBLICA-LEI-ALDIR-BLANC.pdf\">ERRATA CHAMADA P\u00daBLICA LEI ALDIR BLANC<\/a>, Publicado em 23\/11\/2020<\/li>\n<li><a href=\"http:\/\/coronelxavierchaves.mg.gov.br\/prefeitura\/wp-content\/uploads\/2020\/11\/ERRATA-CHAMADA-PUBLICA-LEI-ALDIR-BLANC.pdf\">ERRATA CHAMADA P\u00daBLICA LEI ALDIR BLANC<\/a>, Publicado em 17\/11\/2020<\/li>\n<\/ul>\n<ul>\n<li><del><a href=\"http:\/\/coronelxavierchaves.mg.gov.br\/prefeitura\/wp-content\/uploads\/2020\/11\/CHAMADA-PUBLICA-MANIFESTACOES-POPULARES-01.2020.docx\">CHAMADA PUBLICA MANIFESTA\u00c7\u00d5ES POPULARES 01.2020<\/a><\/del><\/li>\n<li><del><a href=\"http:\/\/coronelxavierchaves.mg.gov.br\/prefeitura\/wp-content\/uploads\/2020\/11\/CHAMADA-PUBLICA-ARTESANATO-02.2020.doc\">CHAMADA PUBLICA ARTESANATO 02.2020<\/a><\/del><\/li>\n<li><del><a href=\"http:\/\/coronelxavierchaves.mg.gov.br\/prefeitura\/wp-content\/uploads\/2020\/11\/CHAMADA-PUBLICA-FOTOGRAFIA-03.2020.docx\">CHAMADA PUBLICA FOTOGRAFIA 03.2020<\/a><\/del><\/li>\n<li><del><a href=\"http:\/\/coronelxavierchaves.mg.gov.br\/prefeitura\/wp-content\/uploads\/2020\/11\/CHAMADA-PUBLICA-MUSICA-04.2020.docx\">CHAMADA PUBLICA MUSICA 04.2020<\/a><\/del><\/li>\n<li><del><a href=\"http:\/\/coronelxavierchaves.mg.gov.br\/prefeitura\/wp-content\/uploads\/2020\/11\/CHAMADA-PUBLICA-PROMOCAO-DE-EVENTOS-05.2020.doc\">CHAMADA PUBLICA PROMO\u00c7\u00c3O DE EVENTOS 05.2020<\/a><\/del><\/li>\n<\/ul>\n<p>Editais Retificados em 17\/11\/2020<\/p>\n<ul>\n<li><del><a href=\"http:\/\/coronelxavierchaves.mg.gov.br\/prefeitura\/wp-content\/uploads\/2020\/11\/CHAMADA-PUBLICA-MANIFESTACOES-POPULARES-01.2020-RETIFICACAO.docx\">CHAMADA PUBLICA MANIFESTA\u00c7\u00d5ES POPULARES 01.2020 RETIFICA\u00c7\u00c3O<\/a><\/del><\/li>\n<li><del><a href=\"http:\/\/coronelxavierchaves.mg.gov.br\/prefeitura\/wp-content\/uploads\/2020\/11\/CHAMADA-PUBLICA-ARTESANATO-02.2020-RETIFICACAO.doc\">CHAMADA PUBLICA ARTESANATO 02.2020 RETIFICA\u00c7\u00c3O<\/a><\/del><\/li>\n<li><del><a href=\"http:\/\/coronelxavierchaves.mg.gov.br\/prefeitura\/wp-content\/uploads\/2020\/11\/CHAMADA-PUBLICA-FOTOGRAFIA-03.2020-RETIFICACAO.docx\">CHAMADA PUBLICA FOTOGRAFIA 03.2020 RETIFICA\u00c7\u00c3O<\/a><\/del><\/li>\n<li><del><a href=\"http:\/\/coronelxavierchaves.mg.gov.br\/prefeitura\/wp-content\/uploads\/2020\/11\/CHAMADA-PUBLICA-MUSICA-04.2020-RETIFICACAO.docx\">CHAMADA PUBLICA MUSICA 04.2020 RETIFICA\u00c7\u00c3O<\/a><\/del><\/li>\n<li><del><a href=\"http:\/\/coronelxavierchaves.mg.gov.br\/prefeitura\/wp-content\/uploads\/2020\/11\/CHAMADA-PUBLICA-PROMOCAO-DE-EVENTOS-05.2020-RETIFICACAO.doc\">CHAMADA PUBLICA PROMO\u00c7\u00c3O DE EVENTOS 05.2020 RETIFICA\u00c7\u00c3O<\/a><\/del><\/li>\n<\/ul>\n<p>Editais Retificados 23\/11\/2020<\/p>\n<ul>\n<li><a href=\"http:\/\/coronelxavierchaves.mg.gov.br\/prefeitura\/wp-content\/uploads\/2020\/11\/01-CHAMADA-PUBLICA-MANIFESTACOES-POPULARES-01.2020-NOVA-RETIFICACAO.docx\">01 CHAMADA PUBLICA MANIFESTA\u00c7\u00d5ES POPULARES 01.2020 NOVA RETIFICA\u00c7\u00c3O<\/a><\/li>\n<li><a href=\"http:\/\/coronelxavierchaves.mg.gov.br\/prefeitura\/wp-content\/uploads\/2020\/11\/02-CHAMADA-PUBLICA-ARTESANATO-02.2020-NOVA-RETIFICACAO.doc\">02 CHAMADA PUBLICA ARTESANATO 02.2020 NOVA RETIFICA\u00c7\u00c3O<\/a><\/li>\n<li><a href=\"http:\/\/coronelxavierchaves.mg.gov.br\/prefeitura\/wp-content\/uploads\/2020\/11\/03-CHAMADA-PUBLICA-FOTOGRAFIA-03.2020-NOVA-RETIFICACAO.docx\">03 CHAMADA PUBLICA FOTOGRAFIA 03.2020 NOVA RETIFICA\u00c7\u00c3O<\/a><\/li>\n<li><a href=\"http:\/\/coronelxavierchaves.mg.gov.br\/prefeitura\/wp-content\/uploads\/2020\/11\/04-CHAMADA-PUBLICA-MUSICA-04.2020-NOVA-RETIFICACAO.docx\">04 CHAMADA PUBLICA MUSICA 04.2020 NOVA RETIFICA\u00c7\u00c3O<\/a><\/li>\n<li><a href=\"http:\/\/coronelxavierchaves.mg.gov.br\/prefeitura\/wp-content\/uploads\/2020\/11\/05-CHAMADA-PUBLICA-PROMOCAO-DE-EVENTOS-05.2020-NOVA-RETIFICACAO.doc\">05 CHAMADA PUBLICA PROMO\u00c7\u00c3O DE EVENTOS 05.2020 NOVA RETIFICA\u00c7\u00c3O<\/a><\/li>\n<\/ul>\n<\/div>\t<\/div>\r\n<\/div><\/div><\/div><\/div><\/div><\/div><br \/>\n<\/p><\/div><\/div>\n","protected":false},"excerpt":{"rendered":"<p>Essa p\u00e1gina possui publica\u00e7\u00f5es referentes a Lei Aldir Blanc. Para acesso aos editais de licita\u00e7\u00e3o, concursos e de convoca\u00e7\u00f5es, acesse a p\u00e1gina EDITAIS E LICITA\u00c7\u00d5ES. Contratos e atas de registro de pre\u00e7os de editais publicados no site est\u00e3o dentro\u00a0EDITAIS E LICITA\u00c7\u00d5ES.<\/p>\n","protected":false},"author":3,"featured_media":0,"parent":0,"menu_order":0,"comment_status":"closed","ping_status":"closed","template":"","meta":{"footnotes":"","_links_to":"","_links_to_target":""},"class_list":["post-8298","page","type-page","status-publish"],"_links":{"self":[{"href":"https:\/\/coronelxavierchaves.mg.gov.br\/prefeitura\/wp-json\/wp\/v2\/pages\/8298","targetHints":{"allow":["GET"]}}],"collection":[{"href":"https:\/\/coronelxavierchaves.mg.gov.br\/prefeitura\/wp-json\/wp\/v2\/pages"}],"about":[{"href":"https:\/\/coronelxavierchaves.mg.gov.br\/prefeitura\/wp-json\/wp\/v2\/types\/page"}],"author":[{"embeddable":true,"href":"https:\/\/coronelxavierchaves.mg.gov.br\/prefeitura\/wp-json\/wp\/v2\/users\/3"}],"replies":[{"embeddable":true,"href":"https:\/\/coronelxavierchaves.mg.gov.br\/prefeitura\/wp-json\/wp\/v2\/comments?post=8298"}],"version-history":[{"count":20,"href":"https:\/\/coronelxavierchaves.mg.gov.br\/prefeitura\/wp-json\/wp\/v2\/pages\/8298\/revisions"}],"predecessor-version":[{"id":23148,"href":"https:\/\/coronelxavierchaves.mg.gov.br\/prefeitura\/wp-json\/wp\/v2\/pages\/8298\/revisions\/23148"}],"wp:attachment":[{"href":"https:\/\/coronelxavierchaves.mg.gov.br\/prefeitura\/wp-json\/wp\/v2\/media?parent=8298"}],"curies":[{"name":"wp","href":"https:\/\/api.w.org\/{rel}","templated":true}]}}