{"id":9972,"date":"2021-04-20T10:38:29","date_gmt":"2021-04-20T13:38:29","guid":{"rendered":"http:\/\/coronelxavierchaves.mg.gov.br\/prefeitura\/?page_id=9972"},"modified":"2021-11-10T16:07:15","modified_gmt":"2021-11-10T19:07:15","slug":"regularizacao-fundiaria","status":"publish","type":"page","link":"https:\/\/coronelxavierchaves.mg.gov.br\/prefeitura\/regularizacao-fundiaria\/","title":{"rendered":"REGULARIZA\u00c7\u00c3O FUNDI\u00c1RIA"},"content":{"rendered":"<div class=\"otw-sc-toggle\"><h3 class=\"toggle-trigger widget-title closed\">Processo 001\/2021 - Regulariza\u00e7\u00e3o Fundi\u00e1ria Urbana do Munic\u00edpio de Coronel Xavier Chaves - RERUB<span class=\"icon\"><\/span><\/h3><div class=\"toggle-content\"><p><br \/>\n<ul><br \/>\n<li><a href=\"http:\/\/coronelxavierchaves.mg.gov.br\/prefeitura\/wp-content\/uploads\/2021\/04\/Processo-01-2021-Regularizacao-Fundiaria-Urbana-do-Municipio-de-Cel.-X.-Chaves-REURB..pdf\" target=\"_blank\" rel=\"noopener\">Processo 01-2021 &#8211; Regulariza\u00e7\u00e3o Fundi\u00e1ria Urbana do Munic\u00edpio de Cel. X. Chaves &#8211; REURB.<\/a><\/li><br \/>\n<li><a href=\"http:\/\/coronelxavierchaves.mg.gov.br\/prefeitura\/wp-content\/uploads\/2021\/04\/Termo-de-Cooperacao-Tecnica-de-16-04-21-COAHB-PREFEITURA.pdf\" target=\"_blank\" rel=\"noopener\">Termo de Coopera\u00e7\u00e3o T\u00e9cnica de 16-04-21 COAHB-PREFEITURA<\/a><\/li><br \/>\n<li><a href=\"http:\/\/coronelxavierchaves.mg.gov.br\/prefeitura\/wp-content\/uploads\/2021\/04\/ANEXO-VII-Instauracao-da-Reurb.pdf\" target=\"_blank\" rel=\"noopener\">ANEXO VII &#8211; Instaura\u00e7\u00e3o da Reurb<\/a>, publicado em 22\/04\/2021.<\/li><br \/>\n<li><a href=\"http:\/\/coronelxavierchaves.mg.gov.br\/prefeitura\/wp-content\/uploads\/2021\/07\/Extrato-do-Termo-de-Cooperacao-Tecnica-N.-277-2021.pdf\">Extrato do Termo de Coopera\u00e7\u00e3o T\u00e9cnica n\u00ba 277\/2021<\/a><\/li><br \/>\n<li><a href=\"http:\/\/coronelxavierchaves.mg.gov.br\/prefeitura\/wp-content\/uploads\/2021\/08\/Anexo-VIII-Classificacao-Reurb-S.pdf\">ANEXO VIII Classifica\u00e7\u00e3o da REURB na Modalidade REURB-S<\/a><\/li><br \/>\n<\/ul><br \/>\n<\/p><\/div><\/div>\n<div class=\"otw-sc-toggle\"><h3 class=\"toggle-trigger widget-title closed\">Processo 002\/2021 - Regulariza\u00e7\u00e3o Fundi\u00e1ria Urbana do Munic\u00edpio de Coronel Xavier Chaves - RERUB<span class=\"icon\"><\/span><\/h3><div class=\"toggle-content\"><p><br \/>\n<ul><br \/>\n<li><a href=\"http:\/\/coronelxavierchaves.mg.gov.br\/prefeitura\/wp-content\/uploads\/2021\/08\/Processo-02-2021-Regularizacao-Fundiaria.pdf\" target=\"_blank\" rel=\"noopener\">Processo 02-2021 &#8211; Regulariza\u00e7\u00e3o Fundi\u00e1ria Urbana do Munic\u00edpio de Cel. X. Chaves &#8211; REURB.<\/a><\/li><br \/>\n<li><a href=\"http:\/\/coronelxavierchaves.mg.gov.br\/prefeitura\/wp-content\/uploads\/2021\/08\/ANEXO-I-Requerimentos-dos-Legitimados.pdf\" target=\"_blank\" rel=\"noopener\">ANEXO I &#8211; Requerimentos dos Legitimados<\/a><\/li><br \/>\n<li><a href=\"http:\/\/coronelxavierchaves.mg.gov.br\/prefeitura\/wp-content\/uploads\/2021\/08\/ANEXO-II-Instauracao-da-Reurb.pdf\" target=\"_blank\" rel=\"noopener\">ANEXO II &#8211; Instaura\u00e7\u00e3o da Reurb<\/a>, publicado em 16\/08\/2021.<\/li><br \/>\n<li><a href=\"http:\/\/coronelxavierchaves.mg.gov.br\/prefeitura\/wp-content\/uploads\/2021\/08\/Anexo-III-Classificacao-da-REURB-na-Modalidade-REURB-S.pdf\">ANEXO III &#8211; Classifica\u00e7\u00e3o da REURB na Modalidade REURB-S<\/a>, publicado em 26\/08\/2021.<\/li><br \/>\n<li><a href=\"http:\/\/coronelxavierchaves.mg.gov.br\/prefeitura\/wp-content\/uploads\/2021\/11\/Edital-de-Notificacao.pdf\">Edital de Notifica\u00e7\u00e3o<\/a>, publicado em 10\/11\/2021.<\/li><br \/>\n<\/ul><br \/>\n<\/p><\/div><\/div>\n","protected":false},"excerpt":{"rendered":"","protected":false},"author":3,"featured_media":0,"parent":0,"menu_order":0,"comment_status":"closed","ping_status":"closed","template":"","meta":{"footnotes":"","_links_to":"","_links_to_target":""},"class_list":["post-9972","page","type-page","status-publish"],"_links":{"self":[{"href":"https:\/\/coronelxavierchaves.mg.gov.br\/prefeitura\/wp-json\/wp\/v2\/pages\/9972","targetHints":{"allow":["GET"]}}],"collection":[{"href":"https:\/\/coronelxavierchaves.mg.gov.br\/prefeitura\/wp-json\/wp\/v2\/pages"}],"about":[{"href":"https:\/\/coronelxavierchaves.mg.gov.br\/prefeitura\/wp-json\/wp\/v2\/types\/page"}],"author":[{"embeddable":true,"href":"https:\/\/coronelxavierchaves.mg.gov.br\/prefeitura\/wp-json\/wp\/v2\/users\/3"}],"replies":[{"embeddable":true,"href":"https:\/\/coronelxavierchaves.mg.gov.br\/prefeitura\/wp-json\/wp\/v2\/comments?post=9972"}],"version-history":[{"count":16,"href":"https:\/\/coronelxavierchaves.mg.gov.br\/prefeitura\/wp-json\/wp\/v2\/pages\/9972\/revisions"}],"predecessor-version":[{"id":12750,"href":"https:\/\/coronelxavierchaves.mg.gov.br\/prefeitura\/wp-json\/wp\/v2\/pages\/9972\/revisions\/12750"}],"wp:attachment":[{"href":"https:\/\/coronelxavierchaves.mg.gov.br\/prefeitura\/wp-json\/wp\/v2\/media?parent=9972"}],"curies":[{"name":"wp","href":"https:\/\/api.w.org\/{rel}","templated":true}]}}